{"id":63585,"date":"2025-06-09T08:57:40","date_gmt":"2025-06-09T06:57:40","guid":{"rendered":"https:\/\/www.cryptvice.com\/shop\/google-pixel-9-pro-grapheneos-vpn-encrypted\/"},"modified":"2026-04-02T10:44:23","modified_gmt":"2026-04-02T08:44:23","slug":"google-pixel-9-pro-grapheneos-vpn-encrypted","status":"publish","type":"product","link":"https:\/\/www.cryptvice.com\/fr\/shop\/google-pixel-9-pro-grapheneos-vpn-encrypted\/","title":{"rendered":"Google Pixel 9 Pro GrapheneOS VPN crypt\u00e9"},"content":{"rendered":"\t\t<div data-elementor-type=\"product-post\" data-elementor-id=\"63585\" class=\"elementor elementor-63585 elementor-42913\" data-elementor-post-type=\"product\">\n\t\t\t\t<div class=\"wd-negative-gap elementor-element elementor-element-1699cf26 e-flex e-con-boxed e-con e-parent\" data-id=\"1699cf26\" data-element_type=\"container\" data-e-type=\"container\">\n\t\t\t\t\t<div class=\"e-con-inner\">\n\t\t\t\t\t\t\t<h2 \n\t\tdata-interaction-id=\"2af3da93\" \n\t\tclass=\"text-balance e-2af3da93-1e0f6dd e-heading-base\" \n\t\t \n\t\tdata-e-type=\"widget\" data-id=\"2af3da93\"\n\t>\n\t\n\t\t\t\u00c0 qui s'adresse le Google Pixel 9 Pro GrapheneOS ?\n\t\t<\/h2>\n\t\t\t\t\t\t\t\t<p class=\"paragraph-small e-paragraph-base\" data-interaction-id=\"c38bf93\"  data-e-type=\"widget\" data-id=\"c38bf93\">\n\t\t\t\t\t\t\t\tLe Google Pixel 9 Pro GrapheneOS VPN Encrypted est configur\u00e9 pour les utilisateurs qui exigent des performances phares \u00e0 c\u00f4t\u00e9 d'une confidentialit\u00e9 sans compromis :<br><br>- Journalistes prot\u00e9geant leurs sources et leurs communications sensibles<br>- Cadres sup\u00e9rieurs traitant des informations commerciales confidentielles<br>- Militants op\u00e9rant dans des environnements de haute surveillance<br>- Professionnels du droit exigeant la confidentialit\u00e9 des clients<br>- Chercheurs en s\u00e9curit\u00e9 ayant besoin d'une plateforme mobile de confiance<br><br>Le Pixel 9 Pro combine le dernier processeur Tensor G4 avec la s\u00e9curit\u00e9 Titan M2, offrant des performances haut de gamme sans compromis sur la confidentialit\u00e9.\n\t\t\t\t\t<\/p>\n\t\t\t\t\t\t\t<h2 \n\t\tdata-interaction-id=\"29431187\" \n\t\tclass=\"text-balance e-29431187-a8ba576 e-heading-base\" \n\t\t \n\t\tdata-e-type=\"widget\" data-id=\"29431187\"\n\t>\n\t\n\t\t\tGrapheneOS sur le Pixel 9 Pro\n\t\t<\/h2>\n\t\t\t\t\t\t\t\t<p class=\"paragraph-small e-paragraph-base\" data-interaction-id=\"770fcff7\"  data-e-type=\"widget\" data-id=\"770fcff7\">\n\t\t\t\t\t\t\t\tChaque Pixel 9 Pro est pr\u00e9par\u00e9 avec une installation GrapheneOS v\u00e9rifi\u00e9e :<br><br>- Installation fra\u00eeche avec v\u00e9rifications de l'int\u00e9grit\u00e9 cryptographique<br>- Bootloader s\u00e9curis\u00e9 pour une op\u00e9ration de d\u00e9marrage v\u00e9rifi\u00e9e<br>- Tous les services et t\u00e9l\u00e9m\u00e9tries Google supprim\u00e9s<br>- Syst\u00e8me durci contre les vecteurs d'attaque connus<br>- Performances r\u00e9gl\u00e9es pour les capacit\u00e9s du mat\u00e9riel phare<br><br>GrapheneOS re\u00e7oit des mises \u00e0 jour continues, les Pixel 9 Pro \u00e9tant pris en charge jusqu'en 2031.\n\t\t\t\t\t<\/p>\n\t\t\t\t\t\t\t<h2 \n\t\tdata-interaction-id=\"33f01f74\" \n\t\tclass=\"text-balance e-33f01f74-326a4e7 e-heading-base\" \n\t\t \n\t\tdata-e-type=\"widget\" data-id=\"33f01f74\"\n\t>\n\t\n\t\t\tDurcissement de l'application sur le Pixel 9 Pro\n\t\t<\/h2>\n\t\t\t\t\t\t\t\t<p class=\"paragraph-small e-paragraph-base\" data-interaction-id=\"61a6d5ba\"  data-e-type=\"widget\" data-id=\"61a6d5ba\">\n\t\t\t\t\t\t\t\tLes applications de confidentialit\u00e9 font l'objet d'une configuration individuelle sur chaque appareil :<br><br>- Structures de permissions minimis\u00e9es par application<br>- Processus en arri\u00e8re-plan restreints pour \u00e9viter les fuites de donn\u00e9es<br>- Comportement du r\u00e9seau contr\u00f4l\u00e9 au niveau de l'appli<br>- Sandboxing appliqu\u00e9 entre les applications<br>- Acc\u00e8s au stockage isol\u00e9 pour la protection des donn\u00e9es sensibles<br><br>Cette approche pratique permet de s'assurer que chaque Pixel 9 Pro r\u00e9pond aux exigences professionnelles en mati\u00e8re de s\u00e9curit\u00e9.\n\t\t\t\t\t<\/p>\n\t\t\t\t\t\t\t<h2 \n\t\tdata-interaction-id=\"1c2e0f9e\" \n\t\tclass=\"text-balance e-1c2e0f9e-2dc8eb1 e-heading-base\" \n\t\t \n\t\tdata-e-type=\"widget\" data-id=\"1c2e0f9e\"\n\t>\n\t\n\t\t\tConnectivit\u00e9 VPN crypt\u00e9e\n\t\t<\/h2>\n\t\t\t\t\t\t\t\t<p class=\"paragraph-small e-paragraph-base\" data-interaction-id=\"447c11ae\"  data-e-type=\"widget\" data-id=\"447c11ae\">\n\t\t\t\t\t\t\t\tS\u00e9lectionne ton fournisseur pr\u00e9f\u00e9r\u00e9 lors de la commande :<br><br>- Mullvad - comptes anonymes, pas d'enregistrement d'email, juridiction su\u00e9doise<br>- iVPN - routage multi-sauts, client open-source audit\u00e9, bas\u00e9 \u00e0 Gibraltar<br>- ProtonVPN - protection juridique suisse, routage Secure Core network.<br><br>Ton VPN est install\u00e9, configur\u00e9 et v\u00e9rifi\u00e9 avant d'\u00eatre exp\u00e9di\u00e9. Le cryptage s'active automatiquement sur toutes les connexions r\u00e9seau. \n\t\t\t\t\t<\/p>\n\t\t\t\t\t\t\t<h2 \n\t\tdata-interaction-id=\"6d18f55\" \n\t\tclass=\"text-balance e-6d18f55-223e341 e-heading-base\" \n\t\t \n\t\tdata-e-type=\"widget\" data-id=\"6d18f55\"\n\t>\n\t\n\t\t\tOutils de protection de la vie priv\u00e9e pr\u00e9install\u00e9s sur Google Pixel 9 Pro\n\t\t<\/h2>\n\t\t\t\t\t\t\t\t<p class=\"paragraph-small e-paragraph-base\" data-interaction-id=\"3e8ff1\"  data-e-type=\"widget\" data-id=\"3e8ff1\">\n\t\t\t\t\t\t\t\tR\u00e9seau s\u00e9curis\u00e9<br>- Orbot - achemine le trafic via le r\u00e9seau Tor lorsque l'anonymat est requis<br>- Premium VPN - le fournisseur de ton choix, configur\u00e9 et test\u00e9<br><br>Navigation priv\u00e9e<br>- Firefox Focus - bloque les traqueurs par d\u00e9faut, efface automatiquement les donn\u00e9es de la session<br><br>Acc\u00e8s aux applications<br>- Aurora Store - t\u00e9l\u00e9charger des applications Play Store sans compte Google<br>- F-Droid - r\u00e9f\u00e9rentiel d'applications libres<br><br>Communication s\u00e9curis\u00e9e<br>- Molly - fork de Signal durci avec des fonctions de s\u00e9curit\u00e9 am\u00e9lior\u00e9es<br>- Threema - messagerie d\u00e9velopp\u00e9e en Suisse et conforme au GDPR<br>- SimpleX - messagerie d\u00e9centralis\u00e9e sans num\u00e9ro de t\u00e9l\u00e9phone ni identifiant d'utilisateur.<br><br>Productivit\u00e9<br>- Standard Notes - prise de notes chiffr\u00e9e de bout en bout<br>- eM Client - gestion des courriels sans suivi de plateforme.\n\t\t\t\t\t<\/p>\n\t\t\t\t\t\t\t<h2 \n\t\tdata-interaction-id=\"3ff338e7\" \n\t\tclass=\"text-balance e-3ff338e7-7cdda18 e-heading-base\" \n\t\t \n\t\tdata-e-type=\"widget\" data-id=\"3ff338e7\"\n\t>\n\t\n\t\t\tCe qui fait la diff\u00e9rence de Cryptvice\n\t\t<\/h2>\n\t\t\t\t\t\t\t\t<p class=\"paragraph-small e-paragraph-base\" data-interaction-id=\"71d3584c\"  data-e-type=\"widget\" data-id=\"71d3584c\">\n\t\t\t\t\t\t\t\t- Configuration individuelle des appareils - chaque t\u00e9l\u00e9phone pr\u00e9par\u00e9 \u00e0 la main<br>- V\u00e9rification de la s\u00e9curit\u00e9 - test\u00e9 avant chaque envoi<br>- Emballage discret - aucune marque visible \u00e0 la livraison<br>- Paiements en crypto-monnaies - options d'achat anonymes disponibles<br>- Op\u00e9rations bas\u00e9es dans l'UE - exp\u00e9di\u00e9 depuis l'Espagne avec suivi<br>- Assistance d'experts - 30 jours d'assistance de la part d'utilisateurs quotidiens de GrapheneOS.\n\t\t\t\t\t<\/p>\n\t\t\t\t\t\t\t<h2 \n\t\tdata-interaction-id=\"3e84da4f\" \n\t\tclass=\"text-balance e-3e84da4f-4ea571e e-heading-base\" \n\t\t \n\t\tdata-e-type=\"widget\" data-id=\"3e84da4f\"\n\t>\n\t\n\t\t\tExp\u00e9dition et garantie\n\t\t<\/h2>\n\t\t\t\t\t\t\t\t<p class=\"paragraph-small e-paragraph-base\" data-interaction-id=\"5c59526a\"  data-e-type=\"widget\" data-id=\"5c59526a\">\n\t\t\t\t\t\t\t\tLes commandes sont exp\u00e9di\u00e9es dans un d\u00e9lai d'un jour ouvrable. Les d\u00e9tails de suivi sont fournis par e-mail. <br><br>Les retours sont accept\u00e9s pour les appareils d\u00e9fectueux en Espagne. Les retours non d\u00e9fectueux sont soumis aux frais de retour. La garantie standard de Google sur le mat\u00e9riel s'applique. La configuration du logiciel est incluse dans le service professionnel.   \n\t\t\t\t\t<\/p>\n\t\t\t\t\t\t\t\t<p class=\"paragraph-small button-dark-icon e-52cb4785-8979a70 e-paragraph-base\" data-interaction-id=\"52cb4785\"  data-e-type=\"widget\" data-id=\"52cb4785\">\n\t\t\t\t\t\t\t<a\n\t\t\t\t\t\t\t\t\t\thref=\"https:\/\/www.cryptvice.com\/fr\/help-and-support\/\"\n\t\t\t\t\ttarget=\"_self\"\n\t\t\t\t\tclass=\"e-paragraph-link-base\"\n\t\t\t\t>\n\t\t\t\t\t\tTu as des questions ? Voir notre FAQ sur l'aide et le soutien \n\t\t\t\t<\/a>\n\t\t\t\t\t<\/p>\n\t\t\t\t\t<\/div>\n\t\t\t\t<\/div>\n\t\t\t\t<\/div>\n\t\t","protected":false},"excerpt":{"rendered":"<p>Le Google Pixel 9 Pro GrapheneOS est notre construction de Pixel 9 la plus compl\u00e8te. Tensor G4, 16 Go de RAM, triple appareil photo &#8211; et la m\u00eame pile de s\u00e9curit\u00e9 sur toute la ligne. Si tu veux le package complet de la g\u00e9n\u00e9ration Pixel 9, c&#8217;est celui-ci.  <\/p>\n<p>\u2713 Pr\u00e9install\u00e9 avec GrapheneOS &#8211; pas de Google, pas de suivi<br \/>\n\u2713 Signal, Molly &amp; Threema activ\u00e9s avec num\u00e9ro virtuel<br \/>\n\u2713 VPN Premium + double profil avec durcissement complet<br \/>\n\u2713 Blocage des donn\u00e9es USB &amp; effacement sous contrainte activ\u00e9s.<\/p>\n","protected":false},"featured_media":63590,"comment_status":"closed","ping_status":"closed","template":"","meta":[],"product_brand":[],"product_cat":[108],"product_tag":[],"class_list":{"0":"post-63585","1":"product","2":"type-product","3":"status-publish","4":"has-post-thumbnail","6":"product_cat-accessoires","8":"first","9":"instock","10":"featured","11":"taxable","12":"shipping-taxable","13":"purchasable","14":"product-type-variable"},"_links":{"self":[{"href":"https:\/\/www.cryptvice.com\/fr\/wp-json\/wp\/v2\/product\/63585","targetHints":{"allow":["GET"]}}],"collection":[{"href":"https:\/\/www.cryptvice.com\/fr\/wp-json\/wp\/v2\/product"}],"about":[{"href":"https:\/\/www.cryptvice.com\/fr\/wp-json\/wp\/v2\/types\/product"}],"replies":[{"embeddable":true,"href":"https:\/\/www.cryptvice.com\/fr\/wp-json\/wp\/v2\/comments?post=63585"}],"version-history":[{"count":2,"href":"https:\/\/www.cryptvice.com\/fr\/wp-json\/wp\/v2\/product\/63585\/revisions"}],"predecessor-version":[{"id":71413,"href":"https:\/\/www.cryptvice.com\/fr\/wp-json\/wp\/v2\/product\/63585\/revisions\/71413"}],"wp:featuredmedia":[{"embeddable":true,"href":"https:\/\/www.cryptvice.com\/fr\/wp-json\/wp\/v2\/media\/63590"}],"wp:attachment":[{"href":"https:\/\/www.cryptvice.com\/fr\/wp-json\/wp\/v2\/media?parent=63585"}],"wp:term":[{"taxonomy":"product_brand","embeddable":true,"href":"https:\/\/www.cryptvice.com\/fr\/wp-json\/wp\/v2\/product_brand?post=63585"},{"taxonomy":"product_cat","embeddable":true,"href":"https:\/\/www.cryptvice.com\/fr\/wp-json\/wp\/v2\/product_cat?post=63585"},{"taxonomy":"product_tag","embeddable":true,"href":"https:\/\/www.cryptvice.com\/fr\/wp-json\/wp\/v2\/product_tag?post=63585"}],"curies":[{"name":"wp","href":"https:\/\/api.w.org\/{rel}","templated":true}]}}