{"id":64034,"date":"2025-08-07T15:16:13","date_gmt":"2025-08-07T13:16:13","guid":{"rendered":"https:\/\/www.cryptvice.com\/shop\/iphone-14-case-nillkin-camshield-camera-slider\/"},"modified":"2026-03-13T10:40:17","modified_gmt":"2026-03-13T08:40:17","slug":"iphone-14-case-nillkin-camshield-camera-slider","status":"publish","type":"product","link":"https:\/\/www.cryptvice.com\/fr\/shop\/iphone-14-case-nillkin-camshield-camera-slider\/","title":{"rendered":"\u00c9tui pour iPhone 14 - Nillkin CamShield Camera Slider"},"content":{"rendered":"\t\t<div data-elementor-type=\"product-post\" data-elementor-id=\"64034\" class=\"elementor elementor-64034 elementor-48357\" data-elementor-post-type=\"product\">\n\t\t\t\t<div class=\"wd-negative-gap elementor-element elementor-element-13bea9be e-flex e-con-boxed e-con e-parent\" data-id=\"13bea9be\" data-element_type=\"container\" data-e-type=\"container\">\n\t\t\t\t\t<div class=\"e-con-inner\">\n\t\t\t\t\t<\/div>\n\t\t\t\t<\/div>\n\t\t\t\t<\/div>\n\t\t","protected":false},"excerpt":{"rendered":"<p>\u00c9tui pour iPhone 14 \u00c9tui Nillkin avec couvercle coulissant int\u00e9gr\u00e9 qui bloque physiquement les deux lentilles arri\u00e8re lorsqu&rsquo;il est ferm\u00e9. Le dos en polycarbonate et le pare-chocs en TPU g\u00e8rent les impacts quotidiens et les rayures. <\/p>\n<p>\u2713 Couvercle coulissant int\u00e9gr\u00e9 pour la protection du double appareil photo<br \/>\n\u2713 Panneau arri\u00e8re en PC avec bords TPU absorbant les chocs<br \/>\n\u2713 Cadres sur\u00e9lev\u00e9s de l&rsquo;appareil photo et de l&rsquo;\u00e9cran<br \/>\n\u2713 Finition lisse et mate - r\u00e9sistante \u00e0 l&rsquo;huile et aux empreintes digitales<br \/>\n\u2713 Ajustement personnalis\u00e9 pour l&rsquo;iPhone 14.<\/p>\n","protected":false},"featured_media":11145,"comment_status":"closed","ping_status":"closed","template":"","meta":[],"product_brand":[],"product_cat":[1828],"product_tag":[],"class_list":{"0":"post-64034","1":"product","2":"type-product","3":"status-publish","4":"has-post-thumbnail","6":"product_cat-cas","7":"product_shipping_class-boite-aux-lettres-outils-de-protection-de-la-vie-privee","9":"first","10":"instock","11":"taxable","12":"shipping-taxable","13":"purchasable","14":"product-type-simple"},"_links":{"self":[{"href":"https:\/\/www.cryptvice.com\/fr\/wp-json\/wp\/v2\/product\/64034","targetHints":{"allow":["GET"]}}],"collection":[{"href":"https:\/\/www.cryptvice.com\/fr\/wp-json\/wp\/v2\/product"}],"about":[{"href":"https:\/\/www.cryptvice.com\/fr\/wp-json\/wp\/v2\/types\/product"}],"replies":[{"embeddable":true,"href":"https:\/\/www.cryptvice.com\/fr\/wp-json\/wp\/v2\/comments?post=64034"}],"version-history":[{"count":0,"href":"https:\/\/www.cryptvice.com\/fr\/wp-json\/wp\/v2\/product\/64034\/revisions"}],"wp:featuredmedia":[{"embeddable":true,"href":"https:\/\/www.cryptvice.com\/fr\/wp-json\/wp\/v2\/media\/11145"}],"wp:attachment":[{"href":"https:\/\/www.cryptvice.com\/fr\/wp-json\/wp\/v2\/media?parent=64034"}],"wp:term":[{"taxonomy":"product_brand","embeddable":true,"href":"https:\/\/www.cryptvice.com\/fr\/wp-json\/wp\/v2\/product_brand?post=64034"},{"taxonomy":"product_cat","embeddable":true,"href":"https:\/\/www.cryptvice.com\/fr\/wp-json\/wp\/v2\/product_cat?post=64034"},{"taxonomy":"product_tag","embeddable":true,"href":"https:\/\/www.cryptvice.com\/fr\/wp-json\/wp\/v2\/product_tag?post=64034"}],"curies":[{"name":"wp","href":"https:\/\/api.w.org\/{rel}","templated":true}]}}