{"id":64319,"date":"2025-08-08T10:09:59","date_gmt":"2025-08-08T08:09:59","guid":{"rendered":"https:\/\/www.cryptvice.com\/shop\/phone-faraday-pouch-signal-blocking\/"},"modified":"2026-03-13T10:42:30","modified_gmt":"2026-03-13T08:42:30","slug":"phone-faraday-pouch-signal-blocking","status":"publish","type":"product","link":"https:\/\/www.cryptvice.com\/fr\/shop\/phone-faraday-pouch-signal-blocking\/","title":{"rendered":"Pochette Faraday pour t\u00e9l\u00e9phone &#8211; Blocage du signal"},"content":{"rendered":"\t\t<div data-elementor-type=\"product-post\" data-elementor-id=\"64319\" class=\"elementor elementor-64319 elementor-48508\" data-elementor-post-type=\"product\">\n\t\t\t\t<div class=\"wd-negative-gap elementor-element elementor-element-7386f48f e-flex e-con-boxed e-con e-parent\" data-id=\"7386f48f\" data-element_type=\"container\" data-e-type=\"container\">\n\t\t\t\t\t<div class=\"e-con-inner\">\n\t\t\t\t\t<\/div>\n\t\t\t\t<\/div>\n\t\t\t\t<\/div>\n\t\t","protected":false},"excerpt":{"rendered":"<p>Cette pochette Faraday pour t\u00e9l\u00e9phone coupe tous les signaux instantan\u00e9ment : GPS, WiFi, Bluetooth, NFC, 4G, 5G. Aucune application, aucun r\u00e9glage, aucune confiance n&#8217;est n\u00e9cessaire. Ton t\u00e9l\u00e9phone diffuse ta position toutes les quelques secondes &#8211; m\u00eame lorsque tu penses qu&#8217;il est \u00e9teint.  <\/p>\n<p>Mets ton t\u00e9l\u00e9phone \u00e0 l&#8217;int\u00e9rieur. Ferme le rabat. Tu es invisible.  <\/p>\n<p>\u2713 Bloque le suivi GPS et la surveillance de l&#8217;emplacement<br \/>\n\u2713 Stoppe le piratage \u00e0 distance via cellulaire\/WiFi<br \/>\n\u2713 Emp\u00eache le vol de voiture sans cl\u00e9 (protection du porte-cl\u00e9s)<br \/>\n\u2713 Coupe l&#8217;espionnage Bluetooth et l&#8217;\u00e9cr\u00e9mage RFID<br \/>\n\u2713 Efficacit\u00e9 du blindage de 85 dB &#8211; test\u00e9, non revendiqu\u00e9.<\/p>\n","protected":false},"featured_media":48784,"comment_status":"closed","ping_status":"closed","template":"","meta":[],"product_brand":[],"product_cat":[937],"product_tag":[],"class_list":{"0":"post-64319","1":"product","2":"type-product","3":"status-publish","4":"has-post-thumbnail","6":"product_cat-non-classe","7":"product_shipping_class-boite-aux-lettres-outils-de-protection-de-la-vie-privee","9":"first","10":"instock","11":"taxable","12":"shipping-taxable","13":"purchasable","14":"product-type-simple"},"_links":{"self":[{"href":"https:\/\/www.cryptvice.com\/fr\/wp-json\/wp\/v2\/product\/64319","targetHints":{"allow":["GET"]}}],"collection":[{"href":"https:\/\/www.cryptvice.com\/fr\/wp-json\/wp\/v2\/product"}],"about":[{"href":"https:\/\/www.cryptvice.com\/fr\/wp-json\/wp\/v2\/types\/product"}],"replies":[{"embeddable":true,"href":"https:\/\/www.cryptvice.com\/fr\/wp-json\/wp\/v2\/comments?post=64319"}],"version-history":[{"count":0,"href":"https:\/\/www.cryptvice.com\/fr\/wp-json\/wp\/v2\/product\/64319\/revisions"}],"wp:featuredmedia":[{"embeddable":true,"href":"https:\/\/www.cryptvice.com\/fr\/wp-json\/wp\/v2\/media\/48784"}],"wp:attachment":[{"href":"https:\/\/www.cryptvice.com\/fr\/wp-json\/wp\/v2\/media?parent=64319"}],"wp:term":[{"taxonomy":"product_brand","embeddable":true,"href":"https:\/\/www.cryptvice.com\/fr\/wp-json\/wp\/v2\/product_brand?post=64319"},{"taxonomy":"product_cat","embeddable":true,"href":"https:\/\/www.cryptvice.com\/fr\/wp-json\/wp\/v2\/product_cat?post=64319"},{"taxonomy":"product_tag","embeddable":true,"href":"https:\/\/www.cryptvice.com\/fr\/wp-json\/wp\/v2\/product_tag?post=64319"}],"curies":[{"name":"wp","href":"https:\/\/api.w.org\/{rel}","templated":true}]}}