{"id":64998,"date":"2025-03-25T11:16:56","date_gmt":"2025-03-25T09:16:56","guid":{"rendered":"https:\/\/www.cryptvice.com\/shop\/pixel-9-pro-privacy-screen-protector\/"},"modified":"2026-03-13T10:44:51","modified_gmt":"2026-03-13T08:44:51","slug":"pixel-9-pro-privacy-screen-protector","status":"publish","type":"product","link":"https:\/\/www.cryptvice.com\/fr\/shop\/pixel-9-pro-privacy-screen-protector\/","title":{"rendered":"Pixel 9 Pro &#8211; Protection de l&#8217;\u00e9cran contre les regards indiscrets"},"content":{"rendered":"\t\t<div data-elementor-type=\"product-post\" data-elementor-id=\"64998\" class=\"elementor elementor-64998 elementor-42255\" data-elementor-post-type=\"product\">\n\t\t\t\t<div class=\"wd-negative-gap elementor-element elementor-element-65b2c358 e-flex e-con-boxed e-con e-parent\" data-id=\"65b2c358\" data-element_type=\"container\" data-e-type=\"container\">\n\t\t\t\t\t<div class=\"e-con-inner\">\n\t\t\t\t\t<\/div>\n\t\t\t\t<\/div>\n\t\t\t\t<\/div>\n\t\t","protected":false},"excerpt":{"rendered":"<p>La protection d&#8217;\u00e9cran priv\u00e9e Google Pixel 9 Pro bloque les angles de vue lat\u00e9raux sur l&#8217;\u00e9cran Super Actua. La luminosit\u00e9 de plus de 2 000 nits reste enti\u00e8rement visible pour toi &#8211; compl\u00e8tement sombre pour tous les autres. Le capteur d&#8217;empreintes digitales ultrasonique et le d\u00e9verrouillage du visage fonctionnent sans probl\u00e8me.  <\/p>\n<p>\u2713 Verre tremp\u00e9 9H avec film anti-espion coll\u00e9<br \/>\n\u2713 Lecteur d&#8217;empreintes digitales \u00e0 ultrasons et compatible avec Face Unlock<br \/>\n\u2713 Surface ol\u00e9ophobe r\u00e9sistant aux empreintes digitales<br \/>\n\u2713 Pas de bulles d&#8217;air &#8211; alignement de pr\u00e9cision<br \/>\n\u2713 Con\u00e7u sp\u00e9cialement pour le Google Pixel 9 Pro.<\/p>\n","protected":false},"featured_media":45904,"comment_status":"open","ping_status":"closed","template":"","meta":[],"product_brand":[],"product_cat":[2420],"product_tag":[],"class_list":{"0":"post-64998","1":"product","2":"type-product","3":"status-publish","4":"has-post-thumbnail","6":"product_cat-protecteurs-decran","7":"product_shipping_class-boite-aux-lettres-outils-de-protection-de-la-vie-privee","9":"first","10":"onbackorder","11":"taxable","12":"shipping-taxable","13":"purchasable","14":"product-type-simple"},"_links":{"self":[{"href":"https:\/\/www.cryptvice.com\/fr\/wp-json\/wp\/v2\/product\/64998","targetHints":{"allow":["GET"]}}],"collection":[{"href":"https:\/\/www.cryptvice.com\/fr\/wp-json\/wp\/v2\/product"}],"about":[{"href":"https:\/\/www.cryptvice.com\/fr\/wp-json\/wp\/v2\/types\/product"}],"replies":[{"embeddable":true,"href":"https:\/\/www.cryptvice.com\/fr\/wp-json\/wp\/v2\/comments?post=64998"}],"version-history":[{"count":0,"href":"https:\/\/www.cryptvice.com\/fr\/wp-json\/wp\/v2\/product\/64998\/revisions"}],"wp:featuredmedia":[{"embeddable":true,"href":"https:\/\/www.cryptvice.com\/fr\/wp-json\/wp\/v2\/media\/45904"}],"wp:attachment":[{"href":"https:\/\/www.cryptvice.com\/fr\/wp-json\/wp\/v2\/media?parent=64998"}],"wp:term":[{"taxonomy":"product_brand","embeddable":true,"href":"https:\/\/www.cryptvice.com\/fr\/wp-json\/wp\/v2\/product_brand?post=64998"},{"taxonomy":"product_cat","embeddable":true,"href":"https:\/\/www.cryptvice.com\/fr\/wp-json\/wp\/v2\/product_cat?post=64998"},{"taxonomy":"product_tag","embeddable":true,"href":"https:\/\/www.cryptvice.com\/fr\/wp-json\/wp\/v2\/product_tag?post=64998"}],"curies":[{"name":"wp","href":"https:\/\/api.w.org\/{rel}","templated":true}]}}