{"id":65060,"date":"2025-03-25T11:15:56","date_gmt":"2025-03-25T09:15:56","guid":{"rendered":"https:\/\/www.cryptvice.com\/shop\/pixel-9-privacy-screen-protector\/"},"modified":"2026-03-13T10:45:15","modified_gmt":"2026-03-13T08:45:15","slug":"pixel-9-privacy-screen-protector","status":"publish","type":"product","link":"https:\/\/www.cryptvice.com\/fr\/shop\/pixel-9-privacy-screen-protector\/","title":{"rendered":"Pixel 9 &#8211; Protection de l&#8217;\u00e9cran contre les regards indiscrets"},"content":{"rendered":"\t\t<div data-elementor-type=\"product-post\" data-elementor-id=\"65060\" class=\"elementor elementor-65060 elementor-42253\" data-elementor-post-type=\"product\">\n\t\t\t\t<div class=\"wd-negative-gap elementor-element elementor-element-405438c1 e-flex e-con-boxed e-con e-parent\" data-id=\"405438c1\" data-element_type=\"container\" data-e-type=\"container\">\n\t\t\t\t\t<div class=\"e-con-inner\">\n\t\t\t\t\t<\/div>\n\t\t\t\t<\/div>\n\t\t\t\t<\/div>\n\t\t","protected":false},"excerpt":{"rendered":"<p>Le protecteur d&#8217;\u00e9cran priv\u00e9 Google Pixel 9 limite la visibilit\u00e9 de l&#8217;\u00e9cran \u00e0 environ 28 degr\u00e9s. Ton \u00e9cran a l&#8217;air normal depuis l&#8217;avant et s&#8217;assombrit sur les c\u00f4t\u00e9s. Fonctionne avec le capteur d&#8217;empreintes digitales \u00e0 ultrasons et le d\u00e9verrouillage du visage &#8211; aucune interf\u00e9rence avec la biom\u00e9trie.  <\/p>\n<p>\u2713 Verre tremp\u00e9 9H avec filtre de confidentialit\u00e9 micro-louverture<br \/>\n\u2713 Prise en charge des empreintes digitales ultrasoniques et du d\u00e9verrouillage du visage<br \/>\n\u2713 Rev\u00eatement ol\u00e9ophobe anti-boues<br \/>\n\u2713 Installation propre sans bulles<br \/>\n\u2713 Adaptation de pr\u00e9cision au Google Pixel 9.<\/p>\n","protected":false},"featured_media":45908,"comment_status":"open","ping_status":"closed","template":"","meta":[],"product_brand":[],"product_cat":[2420],"product_tag":[],"class_list":{"0":"post-65060","1":"product","2":"type-product","3":"status-publish","4":"has-post-thumbnail","6":"product_cat-protecteurs-decran","7":"product_shipping_class-boite-aux-lettres-outils-de-protection-de-la-vie-privee","9":"first","10":"onbackorder","11":"taxable","12":"shipping-taxable","13":"purchasable","14":"product-type-simple"},"_links":{"self":[{"href":"https:\/\/www.cryptvice.com\/fr\/wp-json\/wp\/v2\/product\/65060","targetHints":{"allow":["GET"]}}],"collection":[{"href":"https:\/\/www.cryptvice.com\/fr\/wp-json\/wp\/v2\/product"}],"about":[{"href":"https:\/\/www.cryptvice.com\/fr\/wp-json\/wp\/v2\/types\/product"}],"replies":[{"embeddable":true,"href":"https:\/\/www.cryptvice.com\/fr\/wp-json\/wp\/v2\/comments?post=65060"}],"version-history":[{"count":0,"href":"https:\/\/www.cryptvice.com\/fr\/wp-json\/wp\/v2\/product\/65060\/revisions"}],"wp:featuredmedia":[{"embeddable":true,"href":"https:\/\/www.cryptvice.com\/fr\/wp-json\/wp\/v2\/media\/45908"}],"wp:attachment":[{"href":"https:\/\/www.cryptvice.com\/fr\/wp-json\/wp\/v2\/media?parent=65060"}],"wp:term":[{"taxonomy":"product_brand","embeddable":true,"href":"https:\/\/www.cryptvice.com\/fr\/wp-json\/wp\/v2\/product_brand?post=65060"},{"taxonomy":"product_cat","embeddable":true,"href":"https:\/\/www.cryptvice.com\/fr\/wp-json\/wp\/v2\/product_cat?post=65060"},{"taxonomy":"product_tag","embeddable":true,"href":"https:\/\/www.cryptvice.com\/fr\/wp-json\/wp\/v2\/product_tag?post=65060"}],"curies":[{"name":"wp","href":"https:\/\/api.w.org\/{rel}","templated":true}]}}