{"id":65125,"date":"2025-03-25T11:13:08","date_gmt":"2025-03-25T09:13:08","guid":{"rendered":"https:\/\/www.cryptvice.com\/shop\/pixel-9a-privacy-screen-protector\/"},"modified":"2026-03-13T10:46:17","modified_gmt":"2026-03-13T08:46:17","slug":"pixel-9a-privacy-screen-protector","status":"publish","type":"product","link":"https:\/\/www.cryptvice.com\/fr\/shop\/pixel-9a-privacy-screen-protector\/","title":{"rendered":"Pixel 9a &#8211; Protection de l&#8217;\u00e9cran contre les regards indiscrets"},"content":{"rendered":"\t\t<div data-elementor-type=\"product-post\" data-elementor-id=\"65125\" class=\"elementor elementor-65125 elementor-42246\" data-elementor-post-type=\"product\">\n\t\t\t\t<div class=\"wd-negative-gap elementor-element elementor-element-2dda6ce e-flex e-con-boxed e-con e-parent\" data-id=\"2dda6ce\" data-element_type=\"container\" data-e-type=\"container\">\n\t\t\t\t\t<div class=\"e-con-inner\">\n\t\t\t\t\t<\/div>\n\t\t\t\t<\/div>\n\t\t\t\t<\/div>\n\t\t","protected":false},"excerpt":{"rendered":"<p>La protection d&#8217;\u00e9cran priv\u00e9e Google Pixel 9a rend ton \u00e9cran illisible sur les c\u00f4t\u00e9s \u00e0 l&#8217;aide de la technologie micro-louverture. La clart\u00e9 de la t\u00eate est enti\u00e8rement pr\u00e9serv\u00e9e. Toutes les fonctionnalit\u00e9s biom\u00e9triques, y compris le lecteur d&#8217;empreintes digitales et le d\u00e9verrouillage du visage, fonctionnent \u00e0 travers le verre sans d\u00e9lai.  <\/p>\n<p>\u2713 Verre tremp\u00e9 9H avec filtre anti-espion ~28\u00b0<br \/>\n\u2713 Capteur d&#8217;empreintes digitales et Face Unlock enti\u00e8rement compatibles<br \/>\n\u2713 Surface ol\u00e9ophobe r\u00e9sistante aux empreintes digitales<br \/>\n\u2713 Installation pr\u00eate \u00e0 l&#8217;emploi sans bulles<br \/>\n\u2713 Con\u00e7ue pour le Google Pixel 9a.<\/p>\n","protected":false},"featured_media":45882,"comment_status":"open","ping_status":"closed","template":"","meta":[],"product_brand":[],"product_cat":[2420],"product_tag":[],"class_list":{"0":"post-65125","1":"product","2":"type-product","3":"status-publish","4":"has-post-thumbnail","6":"product_cat-protecteurs-decran","7":"product_shipping_class-boite-aux-lettres-outils-de-protection-de-la-vie-privee","9":"first","10":"onbackorder","11":"taxable","12":"shipping-taxable","13":"purchasable","14":"product-type-simple"},"_links":{"self":[{"href":"https:\/\/www.cryptvice.com\/fr\/wp-json\/wp\/v2\/product\/65125","targetHints":{"allow":["GET"]}}],"collection":[{"href":"https:\/\/www.cryptvice.com\/fr\/wp-json\/wp\/v2\/product"}],"about":[{"href":"https:\/\/www.cryptvice.com\/fr\/wp-json\/wp\/v2\/types\/product"}],"replies":[{"embeddable":true,"href":"https:\/\/www.cryptvice.com\/fr\/wp-json\/wp\/v2\/comments?post=65125"}],"version-history":[{"count":0,"href":"https:\/\/www.cryptvice.com\/fr\/wp-json\/wp\/v2\/product\/65125\/revisions"}],"wp:featuredmedia":[{"embeddable":true,"href":"https:\/\/www.cryptvice.com\/fr\/wp-json\/wp\/v2\/media\/45882"}],"wp:attachment":[{"href":"https:\/\/www.cryptvice.com\/fr\/wp-json\/wp\/v2\/media?parent=65125"}],"wp:term":[{"taxonomy":"product_brand","embeddable":true,"href":"https:\/\/www.cryptvice.com\/fr\/wp-json\/wp\/v2\/product_brand?post=65125"},{"taxonomy":"product_cat","embeddable":true,"href":"https:\/\/www.cryptvice.com\/fr\/wp-json\/wp\/v2\/product_cat?post=65125"},{"taxonomy":"product_tag","embeddable":true,"href":"https:\/\/www.cryptvice.com\/fr\/wp-json\/wp\/v2\/product_tag?post=65125"}],"curies":[{"name":"wp","href":"https:\/\/api.w.org\/{rel}","templated":true}]}}