{"id":65221,"date":"2024-08-05T23:11:27","date_gmt":"2024-08-05T21:11:27","guid":{"rendered":"https:\/\/www.cryptvice.com\/shop\/google-pixel-8-pro-grapheneos-vpn-encrypted\/"},"modified":"2026-03-13T10:46:59","modified_gmt":"2026-03-13T08:46:59","slug":"google-pixel-8-pro-grapheneos-vpn-encrypted","status":"publish","type":"product","link":"https:\/\/www.cryptvice.com\/fr\/shop\/google-pixel-8-pro-grapheneos-vpn-encrypted\/","title":{"rendered":"Google Pixel 8 Pro GrapheneOS VPN Chiffr\u00e9"},"content":{"rendered":"\t\t<div data-elementor-type=\"product-post\" data-elementor-id=\"65221\" class=\"elementor elementor-65221 elementor-20936\" data-elementor-post-type=\"product\">\n\t\t\t\t<div class=\"wd-negative-gap elementor-element elementor-element-3ce95c01 e-flex e-con-boxed e-con e-parent\" data-id=\"3ce95c01\" data-element_type=\"container\" data-e-type=\"container\">\n\t\t\t\t\t<div class=\"e-con-inner\">\n\t\t\t\t\t<\/div>\n\t\t\t\t<\/div>\n\t\t\t\t<\/div>\n\t\t","protected":false},"excerpt":{"rendered":"<p><em>Smartphone de confidentialit\u00e9 configur\u00e9 par des professionnels.<\/em><\/p>\n<p>Le Google Pixel 8 Pro avec GrapheneOS offrait des performances phares associ\u00e9es \u00e0 un syst\u00e8me d&#8217;exploitation respectueux de la vie priv\u00e9e. Ce mod\u00e8le a \u00e9t\u00e9 remplac\u00e9 par le Pixel 9 Pro dans notre gamme actuelle. <\/p>\n<p>\u2713 Mat\u00e9riel Google Pixel 8 Pro<br \/>\n\u2713 GrapheneOS pr\u00e9install\u00e9 et configur\u00e9<br \/>\n\u2713 Abonnement VPN activ\u00e9 et pr\u00eat<br \/>\n\u2713 Durcissement de la s\u00e9curit\u00e9 appliqu\u00e9<br \/>\n\u2713 Mises \u00e0 jour de s\u00e9curit\u00e9 jusqu&#8217;en 2030.<\/p>\n<p><a href=\"https:\/\/www.cryptvice.com\/fr\/shop\/google-pixel-9-pro-grapheneos-vpn-encrypted\/\"><button>Google Pixel 9 Pro  <i class=\"fa-sharp fa-regular fa-arrow-right-long\"><\/i><\/button><\/a><\/p>\n<p>Tu es \u00e0 la recherche d&#8217;une option \u00e9conomique ? Le Pixel 9a offre une s\u00e9curit\u00e9 identique \u00e0 un prix inf\u00e9rieur. <\/p>\n<p><a href=\"https:\/\/www.cryptvice.com\/shop\/google-pixel-9-a-grapheneos-vpn-encrypted\/\"><button>Google Pixel 9a  <i class=\"fa-sharp fa-regular fa-arrow-right-long\"><\/i><\/button><\/a><\/p>\n","protected":false},"featured_media":43918,"comment_status":"closed","ping_status":"closed","template":"","meta":[],"product_brand":[],"product_cat":[1138],"product_tag":[],"class_list":{"0":"post-65221","1":"product","2":"type-product","3":"status-publish","4":"has-post-thumbnail","6":"product_cat-cryptphone","7":"product_shipping_class-petit-paquet-telephone-routeur","9":"first","10":"outofstock","11":"taxable","12":"shipping-taxable","13":"purchasable","14":"product-type-variable","15":"has-default-attributes"},"_links":{"self":[{"href":"https:\/\/www.cryptvice.com\/fr\/wp-json\/wp\/v2\/product\/65221","targetHints":{"allow":["GET"]}}],"collection":[{"href":"https:\/\/www.cryptvice.com\/fr\/wp-json\/wp\/v2\/product"}],"about":[{"href":"https:\/\/www.cryptvice.com\/fr\/wp-json\/wp\/v2\/types\/product"}],"replies":[{"embeddable":true,"href":"https:\/\/www.cryptvice.com\/fr\/wp-json\/wp\/v2\/comments?post=65221"}],"version-history":[{"count":0,"href":"https:\/\/www.cryptvice.com\/fr\/wp-json\/wp\/v2\/product\/65221\/revisions"}],"wp:featuredmedia":[{"embeddable":true,"href":"https:\/\/www.cryptvice.com\/fr\/wp-json\/wp\/v2\/media\/43918"}],"wp:attachment":[{"href":"https:\/\/www.cryptvice.com\/fr\/wp-json\/wp\/v2\/media?parent=65221"}],"wp:term":[{"taxonomy":"product_brand","embeddable":true,"href":"https:\/\/www.cryptvice.com\/fr\/wp-json\/wp\/v2\/product_brand?post=65221"},{"taxonomy":"product_cat","embeddable":true,"href":"https:\/\/www.cryptvice.com\/fr\/wp-json\/wp\/v2\/product_cat?post=65221"},{"taxonomy":"product_tag","embeddable":true,"href":"https:\/\/www.cryptvice.com\/fr\/wp-json\/wp\/v2\/product_tag?post=65221"}],"curies":[{"name":"wp","href":"https:\/\/api.w.org\/{rel}","templated":true}]}}