{"id":66085,"date":"2024-06-23T15:35:36","date_gmt":"2024-06-23T13:35:36","guid":{"rendered":"https:\/\/www.cryptvice.com\/shop\/google-pixel-8a-grapheneos-vpn-encrypted\/"},"modified":"2026-04-02T10:43:48","modified_gmt":"2026-04-02T08:43:48","slug":"google-pixel-8a-grapheneos-vpn-encrypted","status":"publish","type":"product","link":"https:\/\/www.cryptvice.com\/fr\/shop\/google-pixel-8a-grapheneos-vpn-encrypted\/","title":{"rendered":"Google Pixel 8a GrapheneOS VPN crypt\u00e9"},"content":{"rendered":"\t\t<div data-elementor-type=\"product-post\" data-elementor-id=\"66085\" class=\"elementor elementor-66085 elementor-15498\" data-elementor-post-type=\"product\">\n\t\t\t\t<div class=\"wd-negative-gap elementor-element elementor-element-29d8395f e-flex e-con-boxed e-con e-parent\" data-id=\"29d8395f\" data-element_type=\"container\" data-e-type=\"container\">\n\t\t\t\t\t<div class=\"e-con-inner\">\n\t\t\t\t\t\t\t<h2 \n\t\tdata-interaction-id=\"7b7cb306\" \n\t\tclass=\"e-7b7cb306-9ef19fc e-heading-base\" \n\t\t \n\t\tdata-e-type=\"widget\" data-id=\"7b7cb306\"\n\t>\n\t\n\t\t\tGoogle Pixel 8a GrapheneOS vue d'ensemble\n\t\t<\/h2>\n\t\t\t\t\t\t\t\t<p class=\"paragraph-small e-paragraph-base\" data-interaction-id=\"56d48f24\"  data-e-type=\"widget\" data-id=\"56d48f24\">\n\t\t\t\t\t\t\t\tLe Google Pixel 8a GrapheneOS VPN crypt\u00e9 offre une s\u00e9curit\u00e9 de g\u00e9n\u00e9ration actuelle \u00e0 un prix accessible. Configur\u00e9 pour : <br><br>- Utilisateurs soucieux de leur budget et n\u00e9cessitant une v\u00e9ritable protection de la vie priv\u00e9e<br>- Organisations d\u00e9ployant plusieurs appareils s\u00e9curis\u00e9s<br>- Utilisateurs d\u00e9butants de GrapheneOS explorant des alternatives priv\u00e9es<br>- \u00c9tudiants et chercheurs manipulant des donn\u00e9es sensibles<br>- Utilisateurs d'appareils secondaires ayant besoin d'une communication s\u00e9curis\u00e9e d\u00e9di\u00e9e.<br><br>Le Pixel 8a est dot\u00e9 de la m\u00eame puce de s\u00e9curit\u00e9 Titan M2 que l'on trouve dans les mod\u00e8les phares, avec une prise en charge qui s'\u00e9tend jusqu'en 2031.\n\t\t\t\t\t<\/p>\n\t\t\t\t\t\t\t<h2 \n\t\tdata-interaction-id=\"2f6eb22c\" \n\t\tclass=\"e-2f6eb22c-a765c05 e-heading-base\" \n\t\t \n\t\tdata-e-type=\"widget\" data-id=\"2f6eb22c\"\n\t>\n\t\n\t\t\tEx\u00e9cuter GrapheneOS sur le Pixel 8a\n\t\t<\/h2>\n\t\t\t\t\t\t\t\t<p class=\"paragraph-small e-paragraph-base\" data-interaction-id=\"20b6359b\"  data-e-type=\"widget\" data-id=\"20b6359b\">\n\t\t\t\t\t\t\t\tChaque Pixel 8a est pr\u00e9par\u00e9 avec une installation GrapheneOS v\u00e9rifi\u00e9e :<br><br>- Installation syst\u00e8me fra\u00eeche avec v\u00e9rification de l'int\u00e9grit\u00e9<br>- Chargeur de d\u00e9marrage verrouill\u00e9 pour une protection de d\u00e9marrage v\u00e9rifi\u00e9e<br>- T\u00e9l\u00e9m\u00e9trie et services Google enti\u00e8rement supprim\u00e9s<br>- Durcissement du syst\u00e8me configur\u00e9 pour une fiabilit\u00e9 quotidienne<br>- Optimisation de la batterie \u00e9quilibr\u00e9e avec les exigences de s\u00e9curit\u00e9<br><br>Les mises \u00e0 jour de GrapheneOS se poursuivent jusqu'en 2031, ce qui correspond aux calendriers de prise en charge des vaisseaux amiraux.\n\t\t\t\t\t<\/p>\n\t\t\t\t\t\t\t<h2 \n\t\tdata-interaction-id=\"a6d0ed\" \n\t\tclass=\"e-a6d0ed-e5d2193 e-heading-base\" \n\t\t \n\t\tdata-e-type=\"widget\" data-id=\"a6d0ed\"\n\t>\n\t\n\t\t\tPermissions d'applications sur Pixel 8a\n\t\t<\/h2>\n\t\t\t\t\t\t\t\t<p class=\"paragraph-small e-paragraph-base\" data-interaction-id=\"174a2f6f\"  data-e-type=\"widget\" data-id=\"174a2f6f\">\n\t\t\t\t\t\t\t\tLes applications de confidentialit\u00e9 font l'objet d'une configuration individuelle sur chaque appareil :<br><br>- Permissions analys\u00e9es et limit\u00e9es aux exigences minimales<br>- Processus en arri\u00e8re-plan contr\u00f4l\u00e9s pour emp\u00eacher la collecte silencieuse de donn\u00e9es<br>- Acc\u00e8s au r\u00e9seau limit\u00e9 par application<br>- Application sandboxing appliqu\u00e9e pour emp\u00eacher le partage de donn\u00e9es<br>- Permissions de stockage isol\u00e9es pour les informations sensibles<br><br>Cette approche appareil par appareil permet de garantir des normes de protection coh\u00e9rentes.\n\t\t\t\t\t<\/p>\n\t\t\t\t\t\t\t<h2 \n\t\tdata-interaction-id=\"276b4aef\" \n\t\tclass=\"e-276b4aef-e492a06 e-heading-base\" \n\t\t \n\t\tdata-e-type=\"widget\" data-id=\"276b4aef\"\n\t>\n\t\n\t\t\tConfiguration du VPN sur le Pixel 8a\n\t\t<\/h2>\n\t\t\t\t\t\t\t\t<p class=\"paragraph-small e-paragraph-base\" data-interaction-id=\"47f7feef\"  data-e-type=\"widget\" data-id=\"47f7feef\">\n\t\t\t\t\t\t\t\tChoisis ton fournisseur lors de la commande :<br><br>- Mullvad - inscription anonyme, pas d'email n\u00e9cessaire, juridiction su\u00e9doise<br>- iVPN - multi-sauts disponibles, client open-source audit\u00e9, bas\u00e9 \u00e0 Gibraltar<br>- ProtonVPN - protection de la vie priv\u00e9e suisse, serveurs Secure Core.<br><br>Ton VPN est install\u00e9, configur\u00e9 et test\u00e9 avant d'\u00eatre exp\u00e9di\u00e9. Le cryptage s'active automatiquement au d\u00e9marrage. \n\t\t\t\t\t<\/p>\n\t\t\t\t\t\t\t<h2 \n\t\tdata-interaction-id=\"4260d906\" \n\t\tclass=\"e-4260d906-18fcfc2 e-heading-base\" \n\t\t \n\t\tdata-e-type=\"widget\" data-id=\"4260d906\"\n\t>\n\t\n\t\t\tApplications de protection de la vie priv\u00e9e sur Google Pixel 8a\n\t\t<\/h2>\n\t\t\t\t\t\t\t\t<p class=\"paragraph-small e-paragraph-base\" data-interaction-id=\"2c30fb55\"  data-e-type=\"widget\" data-id=\"2c30fb55\">\n\t\t\t\t\t\t\t\tR\u00e9seau s\u00e9curis\u00e9<br>- Orbot - achemine le trafic via Tor lorsque l'anonymat est n\u00e9cessaire<br>- Premium VPN - ton fournisseur configur\u00e9 et v\u00e9rifi\u00e9<br><br>Navigation priv\u00e9e<br>- Firefox Focus - bloque les traqueurs, efface les donn\u00e9es automatiquement<br><br>Acc\u00e8s aux applications<br>- Aurora Store - t\u00e9l\u00e9charger des applications sans compte Google<br>- F-Droid - d\u00e9p\u00f4t d'applications de protection de la vie priv\u00e9e open-source<br><br>Communication s\u00e9curis\u00e9e<br>- Molly - fourchette de signal durcie avec protection renforc\u00e9e<br>- Threema - messagerie d\u00e9velopp\u00e9e en Suisse et conforme au GDPR<br>- SimpleX - pas de num\u00e9ros de t\u00e9l\u00e9phone ni d'identifiants n\u00e9cessaires.<br><br>Productivit\u00e9<br>- Standard Notes - notes crypt\u00e9es de bout en bout<br>- eM Client - courrier \u00e9lectronique sans suivi de plateforme.\n\t\t\t\t\t<\/p>\n\t\t\t\t\t\t\t<h2 \n\t\tdata-interaction-id=\"2c830d78\" \n\t\tclass=\"e-2c830d78-7c2828d e-heading-base\" \n\t\t \n\t\tdata-e-type=\"widget\" data-id=\"2c830d78\"\n\t>\n\t\n\t\t\tService de configuration de la Cryptvice\n\t\t<\/h2>\n\t\t\t\t\t\t\t\t<p class=\"paragraph-small e-paragraph-base\" data-interaction-id=\"5c4b5287\"  data-e-type=\"widget\" data-id=\"5c4b5287\">\n\t\t\t\t\t\t\t\t- Chaque appareil configur\u00e9 \u00e0 la main<br>- S\u00e9curit\u00e9 test\u00e9e avant exp\u00e9dition<br>- Emballage discret sans marque<br>- Paiements en crypto-monnaies accept\u00e9s<br>- Exp\u00e9di\u00e9 depuis l'Espagne avec suivi<br>- 30 jours d'assistance de la part des utilisateurs de GrapheneOS.\n\t\t\t\t\t<\/p>\n\t\t\t\t\t\t\t<h2 \n\t\tdata-interaction-id=\"46c9fb0a\" \n\t\tclass=\"e-46c9fb0a-52371a9 e-heading-base\" \n\t\t \n\t\tdata-e-type=\"widget\" data-id=\"46c9fb0a\"\n\t>\n\t\n\t\t\tCommandes et garantie\n\t\t<\/h2>\n\t\t\t\t\t\t\t\t<p class=\"paragraph-small e-paragraph-base\" data-interaction-id=\"11067dd9\"  data-e-type=\"widget\" data-id=\"11067dd9\">\n\t\t\t\t\t\t\t\tEnvoi dans un d\u00e9lai d'un jour ouvrable. Le suivi est assur\u00e9 par courriel. <br><br>Les retours d'appareils d\u00e9fectueux sont accept\u00e9s en Espagne. Les frais de retour s'appliquent aux articles non d\u00e9fectueux. La garantie du mat\u00e9riel Google est incluse. Configuration fournie en tant que service professionnel.   \n\t\t\t\t\t<\/p>\n\t\t\t\t\t\t\t\t<p class=\"paragraph-small button-dark-icon e-1c7a008e-43c6eff e-paragraph-base\" data-interaction-id=\"1c7a008e\"  data-e-type=\"widget\" data-id=\"1c7a008e\">\n\t\t\t\t\t\t\t<a\n\t\t\t\t\thref=\"https:\/\/www.cryptvice.com\/fr\/help-and-support\/\" target=\"_self\"\n\t\t\t\t\tclass=\"e-paragraph-link-base\"\n\t\t\t\t>\n\t\t\t\t\t\tTu as des questions ? Voir notre FAQ sur l'aide et le soutien \n\t\t\t\t<\/a>\n\t\t\t\t\t<\/p>\n\t\t\t\t\t<\/div>\n\t\t\t\t<\/div>\n\t\t\t\t<\/div>\n\t\t","protected":false},"excerpt":{"rendered":"<p>Le Google Pixel 8a GrapheneOS fonctionne sur le processeur Tensor G3 avec la puce de s\u00e9curit\u00e9 Titan M2 &#8211; la m\u00eame base de s\u00e9curit\u00e9 mat\u00e9rielle que la gamme Pixel 9. Une g\u00e9n\u00e9ration de retard sur le processeur principal, mais identique sur ce qui compte pour la vie priv\u00e9e : d\u00e9marrage v\u00e9rifi\u00e9, enclave s\u00e9curis\u00e9e, prise en charge compl\u00e8te de GrapheneOS. <\/p>\n<p>\u2713 Pr\u00e9install\u00e9 avec GrapheneOS &#8211; pas de Google, pas de suivi<br \/>\n\u2713 Signal, Molly &amp; Threema activ\u00e9s avec num\u00e9ro virtuel<br \/>\n\u2713 VPN Premium + double profil avec durcissement complet<br \/>\n\u2713 Blocage des donn\u00e9es USB &amp; effacement sous contrainte activ\u00e9s.<\/p>\n","protected":false},"featured_media":66096,"comment_status":"closed","ping_status":"closed","template":"","meta":[],"product_brand":[],"product_cat":[6653,6573],"product_tag":[],"class_list":{"0":"post-66085","1":"product","2":"type-product","3":"status-publish","4":"has-post-thumbnail","6":"product_cat-cryptphones","7":"product_cat-accessoires","8":"pa_audio-connection-usb-c","9":"pa_battery-capacity-4492-mah","10":"pa_bluetooth-5-3","11":"pa_brand-google","12":"pa_camera-back-13-mp-f-2-2-120-ultrawide","13":"pa_camera-back-64-mp-f-1-9-26mm-wide-pdaf-ois","14":"pa_camera-front-13-mp-f-2-2-20-mm-ultra-large","15":"pa_color-noir-2","16":"pa_graphics-series-immortalis-g715s-mc10","17":"pa_guaranteed-security-updates-01-may-2031","18":"pa_manufacturer-guarantee-24-months","19":"pa_model-pixel-8a","20":"pa_operating-system-grapheneos","21":"pa_processor-4x-2-15ghz-cortex-a510","22":"pa_processor-4x-2-45ghz-cortex-a715","23":"pa_processor-nona-core-1x-3-0ghz-cortex-x3","24":"pa_ram-size-8-go-2","25":"pa_ram-type-lpddr5x","26":"pa_release-years-14-may-2024","27":"pa_resolution-1080-x-2400-pixels","28":"pa_screen-diagonal-6-1","29":"pa_screen-ppi-430-ppi","30":"pa_screen-ratio-rapport-209-2","31":"pa_screen-refresh-rate-120hz","32":"pa_screen-type-oled","33":"pa_security-features-deverrouillage-oem-2","34":"pa_security-features-vpn-crypte-2","35":"pa_storage-128-go-2","36":"pa_system-chip-google-tensor-g3-4-nm","37":"pa_vpn-cover-ivpn-12m","38":"pa_vpn-cover-ivpn-6m","39":"pa_vpn-cover-mullvad-12m","40":"pa_vpn-cover-mullvad-6m","41":"pa_vpn-cover-protonvpn-12m","43":"first","44":"instock","45":"taxable","46":"shipping-taxable","47":"purchasable","48":"product-type-variable"},"_links":{"self":[{"href":"https:\/\/www.cryptvice.com\/fr\/wp-json\/wp\/v2\/product\/66085","targetHints":{"allow":["GET"]}}],"collection":[{"href":"https:\/\/www.cryptvice.com\/fr\/wp-json\/wp\/v2\/product"}],"about":[{"href":"https:\/\/www.cryptvice.com\/fr\/wp-json\/wp\/v2\/types\/product"}],"replies":[{"embeddable":true,"href":"https:\/\/www.cryptvice.com\/fr\/wp-json\/wp\/v2\/comments?post=66085"}],"version-history":[{"count":2,"href":"https:\/\/www.cryptvice.com\/fr\/wp-json\/wp\/v2\/product\/66085\/revisions"}],"predecessor-version":[{"id":71374,"href":"https:\/\/www.cryptvice.com\/fr\/wp-json\/wp\/v2\/product\/66085\/revisions\/71374"}],"wp:featuredmedia":[{"embeddable":true,"href":"https:\/\/www.cryptvice.com\/fr\/wp-json\/wp\/v2\/media\/66096"}],"wp:attachment":[{"href":"https:\/\/www.cryptvice.com\/fr\/wp-json\/wp\/v2\/media?parent=66085"}],"wp:term":[{"taxonomy":"product_brand","embeddable":true,"href":"https:\/\/www.cryptvice.com\/fr\/wp-json\/wp\/v2\/product_brand?post=66085"},{"taxonomy":"product_cat","embeddable":true,"href":"https:\/\/www.cryptvice.com\/fr\/wp-json\/wp\/v2\/product_cat?post=66085"},{"taxonomy":"product_tag","embeddable":true,"href":"https:\/\/www.cryptvice.com\/fr\/wp-json\/wp\/v2\/product_tag?post=66085"}],"curies":[{"name":"wp","href":"https:\/\/api.w.org\/{rel}","templated":true}]}}