{"id":66482,"date":"2024-06-25T18:08:24","date_gmt":"2024-06-25T16:08:24","guid":{"rendered":"https:\/\/www.cryptvice.com\/shop\/pixel-6-privacy-screen-protector\/"},"modified":"2026-03-13T13:01:14","modified_gmt":"2026-03-13T11:01:14","slug":"pixel-6-privacy-screen-protector","status":"publish","type":"product","link":"https:\/\/www.cryptvice.com\/fr\/shop\/pixel-6-privacy-screen-protector\/","title":{"rendered":"Pixel 6 &#8211; Protection de l&#8217;\u00e9cran contre les regards indiscrets"},"content":{"rendered":"\t\t<div data-elementor-type=\"product-post\" data-elementor-id=\"66482\" class=\"elementor elementor-66482 elementor-15880\" data-elementor-post-type=\"product\">\n\t\t\t\t<div class=\"wd-negative-gap elementor-element elementor-element-53e0e41a e-flex e-con-boxed e-con e-parent\" data-id=\"53e0e41a\" data-element_type=\"container\" data-e-type=\"container\">\n\t\t\t\t\t<div class=\"e-con-inner\">\n\t\t\t\t\t<\/div>\n\t\t\t\t<\/div>\n\t\t\t\t<\/div>\n\t\t","protected":false},"excerpt":{"rendered":"<p>Le protecteur d&#8217;\u00e9cran priv\u00e9 Google Pixel 6 restreint la visualisation des angles lat\u00e9raux gr\u00e2ce \u00e0 un filtre micro-louverture. Affichage clair de face, sombre sur les c\u00f4t\u00e9s. Le lecteur d&#8217;empreintes digitales et le d\u00e9verrouillage du visage fonctionnent \u00e0 travers le verre sans interf\u00e9rence.  <\/p>\n<p>\u2713 Verre tremp\u00e9 9H avec angle de vision anti-espion de ~28\u00b0<br \/>\n\u2713 Lecteur d&#8217;empreintes digitales sous l&#8217;\u00e9cran enti\u00e8rement compatible<br \/>\n\u2713 Face Unlock fonctionne normalement \u00e0 travers le verre<br \/>\n\u2713 Rev\u00eatement ol\u00e9ophobe anti-empreintes digitales<br \/>\n\u2713 Coupe de pr\u00e9cision pour le Google Pixel 6.<\/p>\n","protected":false},"featured_media":45912,"comment_status":"closed","ping_status":"closed","template":"","meta":[],"product_brand":[],"product_cat":[2420],"product_tag":[],"class_list":{"0":"post-66482","1":"product","2":"type-product","3":"status-publish","4":"has-post-thumbnail","6":"product_cat-protecteurs-decran","7":"product_shipping_class-boite-aux-lettres-outils-de-protection-de-la-vie-privee","9":"first","10":"instock","11":"taxable","12":"shipping-taxable","13":"purchasable","14":"product-type-simple"},"_links":{"self":[{"href":"https:\/\/www.cryptvice.com\/fr\/wp-json\/wp\/v2\/product\/66482","targetHints":{"allow":["GET"]}}],"collection":[{"href":"https:\/\/www.cryptvice.com\/fr\/wp-json\/wp\/v2\/product"}],"about":[{"href":"https:\/\/www.cryptvice.com\/fr\/wp-json\/wp\/v2\/types\/product"}],"replies":[{"embeddable":true,"href":"https:\/\/www.cryptvice.com\/fr\/wp-json\/wp\/v2\/comments?post=66482"}],"version-history":[{"count":0,"href":"https:\/\/www.cryptvice.com\/fr\/wp-json\/wp\/v2\/product\/66482\/revisions"}],"wp:featuredmedia":[{"embeddable":true,"href":"https:\/\/www.cryptvice.com\/fr\/wp-json\/wp\/v2\/media\/45912"}],"wp:attachment":[{"href":"https:\/\/www.cryptvice.com\/fr\/wp-json\/wp\/v2\/media?parent=66482"}],"wp:term":[{"taxonomy":"product_brand","embeddable":true,"href":"https:\/\/www.cryptvice.com\/fr\/wp-json\/wp\/v2\/product_brand?post=66482"},{"taxonomy":"product_cat","embeddable":true,"href":"https:\/\/www.cryptvice.com\/fr\/wp-json\/wp\/v2\/product_cat?post=66482"},{"taxonomy":"product_tag","embeddable":true,"href":"https:\/\/www.cryptvice.com\/fr\/wp-json\/wp\/v2\/product_tag?post=66482"}],"curies":[{"name":"wp","href":"https:\/\/api.w.org\/{rel}","templated":true}]}}