{"id":66989,"date":"2024-06-25T18:14:47","date_gmt":"2024-06-25T16:14:47","guid":{"rendered":"https:\/\/www.cryptvice.com\/shop\/pixel-7-pro-privacy-screen-protector\/"},"modified":"2026-03-13T13:08:09","modified_gmt":"2026-03-13T11:08:09","slug":"pixel-7-pro-privacy-screen-protector","status":"publish","type":"product","link":"https:\/\/www.cryptvice.com\/fr\/shop\/pixel-7-pro-privacy-screen-protector\/","title":{"rendered":"Pixel 7 Pro &#8211; Protection de l&#8217;\u00e9cran contre les regards indiscrets"},"content":{"rendered":"\t\t<div data-elementor-type=\"product-post\" data-elementor-id=\"66989\" class=\"elementor elementor-66989 elementor-15900\" data-elementor-post-type=\"product\">\n\t\t\t\t<div class=\"wd-negative-gap elementor-element elementor-element-22e8e4e2 e-flex e-con-boxed e-con e-parent\" data-id=\"22e8e4e2\" data-element_type=\"container\" data-e-type=\"container\">\n\t\t\t\t\t<div class=\"e-con-inner\">\n\t\t\t\t\t<\/div>\n\t\t\t\t<\/div>\n\t\t\t\t<\/div>\n\t\t","protected":false},"excerpt":{"rendered":"<p>La protection d&#8217;\u00e9cran priv\u00e9e Google Pixel 7 Pro restreint la visibilit\u00e9 de l&#8217;\u00e9cran \u00e0 environ 28 degr\u00e9s. Clair de face, sombre sur les c\u00f4t\u00e9s. Con\u00e7u pour l&#8217;\u00e9cran QHD+ de 6,7 pouces avec une prise en charge biom\u00e9trique compl\u00e8te &#8211; l&#8217;empreinte digitale et le d\u00e9verrouillage du visage fonctionnent normalement.  <\/p>\n<p>\u2713 Verre tremp\u00e9 9H avec filtre anti-espion int\u00e9gr\u00e9<br \/>\n\u2713 Lecteur optique d&#8217;empreintes digitales et compatible avec le d\u00e9verrouillage du visage<br \/>\n\u2713 Rev\u00eatement ol\u00e9ophobe r\u00e9duisant les bavures et les empreintes digitales<br \/>\n\u2713 Installation lisse sans bulles d&#8217;air<br \/>\n\u2713 Construit sp\u00e9cifiquement pour le Google Pixel 7 Pro.<\/p>\n","protected":false},"featured_media":45896,"comment_status":"closed","ping_status":"closed","template":"","meta":[],"product_brand":[],"product_cat":[2420],"product_tag":[],"class_list":{"0":"post-66989","1":"product","2":"type-product","3":"status-publish","4":"has-post-thumbnail","6":"product_cat-protecteurs-decran","7":"product_shipping_class-boite-aux-lettres-outils-de-protection-de-la-vie-privee","9":"first","10":"instock","11":"taxable","12":"shipping-taxable","13":"purchasable","14":"product-type-simple"},"_links":{"self":[{"href":"https:\/\/www.cryptvice.com\/fr\/wp-json\/wp\/v2\/product\/66989","targetHints":{"allow":["GET"]}}],"collection":[{"href":"https:\/\/www.cryptvice.com\/fr\/wp-json\/wp\/v2\/product"}],"about":[{"href":"https:\/\/www.cryptvice.com\/fr\/wp-json\/wp\/v2\/types\/product"}],"replies":[{"embeddable":true,"href":"https:\/\/www.cryptvice.com\/fr\/wp-json\/wp\/v2\/comments?post=66989"}],"version-history":[{"count":0,"href":"https:\/\/www.cryptvice.com\/fr\/wp-json\/wp\/v2\/product\/66989\/revisions"}],"wp:featuredmedia":[{"embeddable":true,"href":"https:\/\/www.cryptvice.com\/fr\/wp-json\/wp\/v2\/media\/45896"}],"wp:attachment":[{"href":"https:\/\/www.cryptvice.com\/fr\/wp-json\/wp\/v2\/media?parent=66989"}],"wp:term":[{"taxonomy":"product_brand","embeddable":true,"href":"https:\/\/www.cryptvice.com\/fr\/wp-json\/wp\/v2\/product_brand?post=66989"},{"taxonomy":"product_cat","embeddable":true,"href":"https:\/\/www.cryptvice.com\/fr\/wp-json\/wp\/v2\/product_cat?post=66989"},{"taxonomy":"product_tag","embeddable":true,"href":"https:\/\/www.cryptvice.com\/fr\/wp-json\/wp\/v2\/product_tag?post=66989"}],"curies":[{"name":"wp","href":"https:\/\/api.w.org\/{rel}","templated":true}]}}