{"id":67034,"date":"2024-06-25T18:13:53","date_gmt":"2024-06-25T16:13:53","guid":{"rendered":"https:\/\/www.cryptvice.com\/shop\/pixel-8a-privacy-screen-protector\/"},"modified":"2026-03-13T13:08:33","modified_gmt":"2026-03-13T11:08:33","slug":"pixel-8a-privacy-screen-protector","status":"publish","type":"product","link":"https:\/\/www.cryptvice.com\/fr\/shop\/pixel-8a-privacy-screen-protector\/","title":{"rendered":"Pixel 8a &#8211; Protection de l&#8217;\u00e9cran contre les regards indiscrets"},"content":{"rendered":"\t\t<div data-elementor-type=\"product-post\" data-elementor-id=\"67034\" class=\"elementor elementor-67034 elementor-15896\" data-elementor-post-type=\"product\">\n\t\t\t\t<div class=\"wd-negative-gap elementor-element elementor-element-24367ace e-flex e-con-boxed e-con e-parent\" data-id=\"24367ace\" data-element_type=\"container\" data-e-type=\"container\">\n\t\t\t\t\t<div class=\"e-con-inner\">\n\t\t\t\t\t<\/div>\n\t\t\t\t<\/div>\n\t\t\t\t<\/div>\n\t\t","protected":false},"excerpt":{"rendered":"<p>Le protecteur d&#8217;\u00e9cran de confidentialit\u00e9 Google Pixel 8a assombrit ton \u00e9cran sous les angles lat\u00e9raux pour que tu sois le seul \u00e0 pouvoir le lire. Le filtre micro-louverture fonctionne de mani\u00e8re passive &#8211; pas de consommation de batterie, pas de r\u00e9glages. Le lecteur d&#8217;empreintes digitales et le d\u00e9verrouillage du visage fonctionnent normalement \u00e0 travers le verre.  <\/p>\n<p>\u2713 Verre tremp\u00e9 9H avec filtre anti-espion (angle de ~28\u00b0)<br \/>\n\u2713 Le lecteur d&#8217;empreintes digitales et le d\u00e9verrouillage du visage fonctionnent \u00e0 travers le verre<br \/>\n\u2713 Rev\u00eatement ol\u00e9ophobe r\u00e9sistant aux traces de doigts<br \/>\n\u2713 Installation sans bulles d&#8217;air adapt\u00e9e au bo\u00eetier<br \/>\n\u2713 D\u00e9coup\u00e9 pour s&#8217;adapter au Google Pixel 8a.<\/p>\n","protected":false},"featured_media":45877,"comment_status":"closed","ping_status":"closed","template":"","meta":[],"product_brand":[],"product_cat":[2420],"product_tag":[],"class_list":{"0":"post-67034","1":"product","2":"type-product","3":"status-publish","4":"has-post-thumbnail","6":"product_cat-protecteurs-decran","7":"product_shipping_class-boite-aux-lettres-outils-de-protection-de-la-vie-privee","9":"first","10":"onbackorder","11":"taxable","12":"shipping-taxable","13":"purchasable","14":"product-type-simple"},"_links":{"self":[{"href":"https:\/\/www.cryptvice.com\/fr\/wp-json\/wp\/v2\/product\/67034","targetHints":{"allow":["GET"]}}],"collection":[{"href":"https:\/\/www.cryptvice.com\/fr\/wp-json\/wp\/v2\/product"}],"about":[{"href":"https:\/\/www.cryptvice.com\/fr\/wp-json\/wp\/v2\/types\/product"}],"replies":[{"embeddable":true,"href":"https:\/\/www.cryptvice.com\/fr\/wp-json\/wp\/v2\/comments?post=67034"}],"version-history":[{"count":0,"href":"https:\/\/www.cryptvice.com\/fr\/wp-json\/wp\/v2\/product\/67034\/revisions"}],"wp:featuredmedia":[{"embeddable":true,"href":"https:\/\/www.cryptvice.com\/fr\/wp-json\/wp\/v2\/media\/45877"}],"wp:attachment":[{"href":"https:\/\/www.cryptvice.com\/fr\/wp-json\/wp\/v2\/media?parent=67034"}],"wp:term":[{"taxonomy":"product_brand","embeddable":true,"href":"https:\/\/www.cryptvice.com\/fr\/wp-json\/wp\/v2\/product_brand?post=67034"},{"taxonomy":"product_cat","embeddable":true,"href":"https:\/\/www.cryptvice.com\/fr\/wp-json\/wp\/v2\/product_cat?post=67034"},{"taxonomy":"product_tag","embeddable":true,"href":"https:\/\/www.cryptvice.com\/fr\/wp-json\/wp\/v2\/product_tag?post=67034"}],"curies":[{"name":"wp","href":"https:\/\/api.w.org\/{rel}","templated":true}]}}