{"id":67153,"date":"2024-08-05T19:58:49","date_gmt":"2024-08-05T17:58:49","guid":{"rendered":"https:\/\/www.cryptvice.com\/shop\/pixel-7a-privacy-screen-protector\/"},"modified":"2026-03-13T13:09:16","modified_gmt":"2026-03-13T11:09:16","slug":"pixel-7a-privacy-screen-protector","status":"publish","type":"product","link":"https:\/\/www.cryptvice.com\/fr\/shop\/pixel-7a-privacy-screen-protector\/","title":{"rendered":"Pixel 7a - Protection de l&rsquo;\u00e9cran contre les regards indiscrets"},"content":{"rendered":"\t\t<div data-elementor-type=\"product-post\" data-elementor-id=\"67153\" class=\"elementor elementor-67153 elementor-15887\" data-elementor-post-type=\"product\">\n\t\t\t\t<div class=\"wd-negative-gap elementor-element elementor-element-5f7ddfc7 e-flex e-con-boxed e-con e-parent\" data-id=\"5f7ddfc7\" data-element_type=\"container\" data-e-type=\"container\">\n\t\t\t\t\t<div class=\"e-con-inner\">\n\t\t\t\t\t\t\t<h2 \n\t\tdata-interaction-id=\"63bea70a\" \n\t\tclass=\"text-balance e-63bea70a-ccb9b1b e-heading-base\" \n\t\t \n\t\t\n\t>\n\t\n\t\t\tProtection de l'\u00e9cran Pixel 7a contre les regards indiscrets\n\t\t<\/h2>\n\t\t\t\t\t\t\t\t<p class=\"e-784a0f4c-df25b16 paragraph-small text-balance e-paragraph-base\" data-interaction-id=\"784a0f4c\"  >\n\t\t\t\t\t\t\t\tVerre tremp\u00e9 anti-espionnage pour le Google Pixel 7a. La technologie des micro-persiennes limite la visibilit\u00e9 de l'\u00e9cran \u00e0 environ 28 degr\u00e9s. Ton \u00e9cran reste enti\u00e8rement lisible de face et appara\u00eet compl\u00e8tement sombre sur les c\u00f4t\u00e9s. Le capteur d'empreintes digitales et le d\u00e9verrouillage du visage fonctionnent tous deux normalement \u00e0 travers le protecteur.   \n\t\t\t\t\t<\/p>\n\t\t\t\t\t\t\t<h2 \n\t\tdata-interaction-id=\"59b524d9\" \n\t\tclass=\"text-balance e-59b524d9-7497425 e-heading-base\" \n\t\t \n\t\t\n\t>\n\t\n\t\t\tSp\u00e9cifications du verre de protection de la vie priv\u00e9e du Pixel 7a\n\t\t<\/h2>\n\t\t\t\t\t\t\t\t<p class=\"e-56019da-04e635f paragraph-small text-balance e-paragraph-base\" data-interaction-id=\"56019da\"  >\n\t\t\t\t\t\t\t\tD\u00e9coup\u00e9 pour s'adapter \u00e0 l'\u00e9cran de 6,1 pouces du Pixel 7a avec un alignement pr\u00e9cis de l'appareil photo et des capteurs. Le verre tremp\u00e9 9H offre une r\u00e9sistance aux rayures et aux chocs. Le rev\u00eatement ol\u00e9ophobe r\u00e9duit les traces de doigts et permet \u00e0 la surface de rester r\u00e9active.  \n\t\t\t\t\t<\/p>\n\t\t\t\t\t\t\t\t<p class=\"e-3755ab05-6b8b626 paragraph-small text-balance e-paragraph-base\" data-interaction-id=\"3755ab05\"  >\n\t\t\t\t\t\t\t\t- Verre tremp\u00e9 d'une duret\u00e9 de 9H\n- Filtre anti-espion \u00e0 micro-ouverture (angle de vision de ~28\u00b0)\n- Prise en charge du capteur d'empreintes digitales sous l'\u00e9cran\n- Compatible avec le d\u00e9verrouillage du visage\n- Rev\u00eatement ol\u00e9ophobe r\u00e9sistant aux bavures\n- Dimensions adapt\u00e9es \u00e0 l'\u00e9tui\n\t\t\t\t\t<\/p>\n\t\t\t\t\t\t\t<h2 \n\t\tdata-interaction-id=\"3710d411\" \n\t\tclass=\"text-balance e-3710d411-5c9cb1e e-heading-base\" \n\t\t \n\t\t\n\t>\n\t\n\t\t\tPourquoi du verre privatif sur le Pixel 7a\n\t\t<\/h2>\n\t\t\t\t\t\t\t\t<p class=\"e-13475c3e-c26e854 paragraph-small text-balance e-paragraph-base\" data-interaction-id=\"13475c3e\"  >\n\t\t\t\t\t\t\t\tLe Pixel 7a est un conducteur quotidien - utilis\u00e9 dans les transports publics, au bureau et partout entre les deux. Un protecteur ordinaire laisse ton \u00e9cran enti\u00e8rement visible sous tous les angles. Le verre de confidentialit\u00e9 limite cela \u00e0 toi et \u00e0 personne d'autre.  \n\t\t\t\t\t<\/p>\n\t\t\t\t\t\t\t<h2 \n\t\tdata-interaction-id=\"5c13df52\" \n\t\tclass=\"text-balance e-5c13df52-79ca194 e-heading-base\" \n\t\t \n\t\t\n\t>\n\t\n\t\t\tAssocie-toi \u00e0 ton installation CryptPhone\n\t\t<\/h2>\n\t\t\t\t\t\t\t\t<p class=\"e-2028aadb-55b56b7 paragraph-small text-balance e-paragraph-base\" data-interaction-id=\"2028aadb\"  >\n\t\t\t\t\t\t\t\tL'ex\u00e9cution de GrapheneOS sur ton Pixel 7a s\u00e9curise le c\u00f4t\u00e9 logiciel. Ce protecteur de vie priv\u00e9e s\u00e9curise le c\u00f4t\u00e9 physique - en bloquant la forme la plus simple de vol de donn\u00e9es : quelqu'un qui lit ton \u00e9cran. \n\t\t\t\t\t<\/p>\n\t\t\t\t\t<\/div>\n\t\t\t\t<\/div>\n\t\t\t\t<\/div>\n\t\t","protected":false},"excerpt":{"rendered":"<p>La protection d&rsquo;\u00e9cran priv\u00e9e Google Pixel 7a bloque la visualisation des angles lat\u00e9raux \u00e0 l&rsquo;aide de la technologie micro-louverture. Ton \u00e9cran n&rsquo;est lisible que de face. Le capteur d&#8217;empreintes digitales et le d\u00e9verrouillage du visage fonctionnent tous deux \u00e0 travers le protecteur sans aucun retard.  <\/p>\n<p>\u2713 Verre tremp\u00e9 9H avec filtre anti-espion micro-louverture<br \/>\n\u2713 Prise en charge du capteur d&#8217;empreintes digitales et du d\u00e9verrouillage du visage<br \/>\n\u2713 Surface ol\u00e9ophobe r\u00e9sistante aux bavures<br \/>\n\u2713 Installation sans bulle, ajustement adapt\u00e9 \u00e0 l&rsquo;\u00e9tui<br \/>\n\u2713 Coupe personnalis\u00e9e pour le Google Pixel 7a.<\/p>\n","protected":false},"featured_media":45873,"comment_status":"closed","ping_status":"closed","template":"","meta":[],"product_brand":[],"product_cat":[6638],"product_tag":[],"class_list":{"0":"post-67153","1":"product","2":"type-product","3":"status-publish","4":"has-post-thumbnail","6":"product_cat-protecteurs-decran","7":"product_shipping_class-boite-aux-lettres-outils-de-protection-de-la-vie-privee","8":"pa_brand-cryptvice","10":"pa_color-transparant","11":"pa_color-transparent","12":"pa_material-tempered-glass","13":"pa_material-verre-trempe","14":"pa_model-protection-decran","15":"pa_model-screenprotector","16":"pa_type-protector-privacy","17":"pa_type-protector-vie-privee","19":"first","20":"onbackorder","21":"taxable","22":"shipping-taxable","23":"purchasable","24":"product-type-simple"},"_links":{"self":[{"href":"https:\/\/www.cryptvice.com\/fr\/wp-json\/wp\/v2\/product\/67153","targetHints":{"allow":["GET"]}}],"collection":[{"href":"https:\/\/www.cryptvice.com\/fr\/wp-json\/wp\/v2\/product"}],"about":[{"href":"https:\/\/www.cryptvice.com\/fr\/wp-json\/wp\/v2\/types\/product"}],"replies":[{"embeddable":true,"href":"https:\/\/www.cryptvice.com\/fr\/wp-json\/wp\/v2\/comments?post=67153"}],"version-history":[{"count":0,"href":"https:\/\/www.cryptvice.com\/fr\/wp-json\/wp\/v2\/product\/67153\/revisions"}],"wp:featuredmedia":[{"embeddable":true,"href":"https:\/\/www.cryptvice.com\/fr\/wp-json\/wp\/v2\/media\/45873"}],"wp:attachment":[{"href":"https:\/\/www.cryptvice.com\/fr\/wp-json\/wp\/v2\/media?parent=67153"}],"wp:term":[{"taxonomy":"product_brand","embeddable":true,"href":"https:\/\/www.cryptvice.com\/fr\/wp-json\/wp\/v2\/product_brand?post=67153"},{"taxonomy":"product_cat","embeddable":true,"href":"https:\/\/www.cryptvice.com\/fr\/wp-json\/wp\/v2\/product_cat?post=67153"},{"taxonomy":"product_tag","embeddable":true,"href":"https:\/\/www.cryptvice.com\/fr\/wp-json\/wp\/v2\/product_tag?post=67153"}],"curies":[{"name":"wp","href":"https:\/\/api.w.org\/{rel}","templated":true}]}}