{"id":67215,"date":"2024-06-25T18:09:21","date_gmt":"2024-06-25T16:09:21","guid":{"rendered":"https:\/\/www.cryptvice.com\/shop\/pixel-7-privacy-screen-protector\/"},"modified":"2026-03-13T13:09:38","modified_gmt":"2026-03-13T11:09:38","slug":"pixel-7-privacy-screen-protector","status":"publish","type":"product","link":"https:\/\/www.cryptvice.com\/fr\/shop\/pixel-7-privacy-screen-protector\/","title":{"rendered":"Pixel 7 &#8211; Protection de l&#8217;\u00e9cran contre les regards indiscrets"},"content":{"rendered":"\t\t<div data-elementor-type=\"product-post\" data-elementor-id=\"67215\" class=\"elementor elementor-67215 elementor-15884\" data-elementor-post-type=\"product\">\n\t\t\t\t<div class=\"wd-negative-gap elementor-element elementor-element-38fca0ba e-flex e-con-boxed e-con e-parent\" data-id=\"38fca0ba\" data-element_type=\"container\" data-e-type=\"container\">\n\t\t\t\t\t<div class=\"e-con-inner\">\n\t\t\t\t\t<\/div>\n\t\t\t\t<\/div>\n\t\t\t\t<\/div>\n\t\t","protected":false},"excerpt":{"rendered":"<p>Le protecteur d&#8217;\u00e9cran de confidentialit\u00e9 Google Pixel 7 permet \u00e0 ton \u00e9cran de rester invisible sous les angles lat\u00e9raux. Le filtre micro-louverture assombrit l&#8217;\u00e9cran pour toute personne qui n&#8217;est pas directement en face. Enti\u00e8rement compatible avec le capteur d&#8217;empreintes digitales du Pixel 7 et toutes les fonctionnalit\u00e9s biom\u00e9triques.  <\/p>\n<p>\u2713 Verre tremp\u00e9 9H avec couche de confidentialit\u00e9 micro-louverture<br \/>\n\u2713 Le lecteur d&#8217;empreintes digitales sous l&#8217;\u00e9cran fonctionne sans probl\u00e8me<br \/>\n\u2713 Surface ol\u00e9ophobe anti-traces de doigts<br \/>\n\u2713 Application facile &#8211; pas de bulles d&#8217;air<br \/>\n\u2713 Fabriqu\u00e9 pour s&#8217;adapter au Google Pixel 7.<\/p>\n","protected":false},"featured_media":45900,"comment_status":"closed","ping_status":"closed","template":"","meta":[],"product_brand":[],"product_cat":[2420],"product_tag":[],"class_list":{"0":"post-67215","1":"product","2":"type-product","3":"status-publish","4":"has-post-thumbnail","6":"product_cat-protecteurs-decran","7":"product_shipping_class-boite-aux-lettres-outils-de-protection-de-la-vie-privee","9":"first","10":"instock","11":"taxable","12":"shipping-taxable","13":"purchasable","14":"product-type-simple"},"_links":{"self":[{"href":"https:\/\/www.cryptvice.com\/fr\/wp-json\/wp\/v2\/product\/67215","targetHints":{"allow":["GET"]}}],"collection":[{"href":"https:\/\/www.cryptvice.com\/fr\/wp-json\/wp\/v2\/product"}],"about":[{"href":"https:\/\/www.cryptvice.com\/fr\/wp-json\/wp\/v2\/types\/product"}],"replies":[{"embeddable":true,"href":"https:\/\/www.cryptvice.com\/fr\/wp-json\/wp\/v2\/comments?post=67215"}],"version-history":[{"count":0,"href":"https:\/\/www.cryptvice.com\/fr\/wp-json\/wp\/v2\/product\/67215\/revisions"}],"wp:featuredmedia":[{"embeddable":true,"href":"https:\/\/www.cryptvice.com\/fr\/wp-json\/wp\/v2\/media\/45900"}],"wp:attachment":[{"href":"https:\/\/www.cryptvice.com\/fr\/wp-json\/wp\/v2\/media?parent=67215"}],"wp:term":[{"taxonomy":"product_brand","embeddable":true,"href":"https:\/\/www.cryptvice.com\/fr\/wp-json\/wp\/v2\/product_brand?post=67215"},{"taxonomy":"product_cat","embeddable":true,"href":"https:\/\/www.cryptvice.com\/fr\/wp-json\/wp\/v2\/product_cat?post=67215"},{"taxonomy":"product_tag","embeddable":true,"href":"https:\/\/www.cryptvice.com\/fr\/wp-json\/wp\/v2\/product_tag?post=67215"}],"curies":[{"name":"wp","href":"https:\/\/api.w.org\/{rel}","templated":true}]}}