{"id":68295,"date":"2024-06-25T18:07:00","date_gmt":"2024-06-25T16:07:00","guid":{"rendered":"https:\/\/www.cryptvice.com\/shop\/pixel-6a-protection-de-laffichage\/"},"modified":"2024-06-25T18:07:00","modified_gmt":"2024-06-25T16:07:00","slug":"pixel-6a-protection-de-laffichage","status":"publish","type":"product","link":"https:\/\/www.cryptvice.com\/fr\/shop\/pixel-6a-protection-de-laffichage\/","title":{"rendered":"Pixel 6a &#8211; Protection de l&#8217;affichage"},"content":{"rendered":"","protected":false},"excerpt":{"rendered":"<p>L&#8217;\u00e9cran de protection Google Pixel 6a bloque l&#8217;effet d&#8217;\u00e9clairage lat\u00e9ral \u00e0 l&#8217;aide de la technologie Mikro-Lamellen. Ton \u00e9cran est clair de l&#8217;int\u00e9rieur et il est mouill\u00e9 sur les c\u00f4t\u00e9s. Fonctionne avec le lecteur de doigts sous l&#8217;\u00e9cran &#8211; pas de probl\u00e8me avec le d\u00e9verrouillage du visage ou la fonction d&#8217;identification de l&#8217;utilisateur.    <\/p>\n<p>\u2713 9H geh\u00e4rtetes Glas mit Anti-Spion-Filter (~28\u00b0 Betrachtungswinkel)<br \/>\n\u2713 Fingerabdruckleser und Face Unlock kompatibel<br \/>\n\u2713 Oleophobe Beschichtung &#8211; widersteht Fingerabdr\u00fccken und Flecken<br \/>\n\u2713 Blasenfreie Installation, Case-freundliche Passform<br \/>\n\u2713 Pr\u00e4zisionsschnitt f\u00fcr das Google Pixel 6a.<\/p>\n","protected":false},"featured_media":0,"comment_status":"closed","ping_status":"closed","template":"","meta":[],"product_brand":[],"product_cat":[108],"product_tag":[],"class_list":{"0":"post-68295","1":"product","2":"type-product","3":"status-publish","5":"product_cat-accessoires","7":"first","8":"instock","9":"taxable","10":"shipping-taxable","11":"product-type-simple"},"_links":{"self":[{"href":"https:\/\/www.cryptvice.com\/fr\/wp-json\/wp\/v2\/product\/68295","targetHints":{"allow":["GET"]}}],"collection":[{"href":"https:\/\/www.cryptvice.com\/fr\/wp-json\/wp\/v2\/product"}],"about":[{"href":"https:\/\/www.cryptvice.com\/fr\/wp-json\/wp\/v2\/types\/product"}],"replies":[{"embeddable":true,"href":"https:\/\/www.cryptvice.com\/fr\/wp-json\/wp\/v2\/comments?post=68295"}],"version-history":[{"count":0,"href":"https:\/\/www.cryptvice.com\/fr\/wp-json\/wp\/v2\/product\/68295\/revisions"}],"wp:attachment":[{"href":"https:\/\/www.cryptvice.com\/fr\/wp-json\/wp\/v2\/media?parent=68295"}],"wp:term":[{"taxonomy":"product_brand","embeddable":true,"href":"https:\/\/www.cryptvice.com\/fr\/wp-json\/wp\/v2\/product_brand?post=68295"},{"taxonomy":"product_cat","embeddable":true,"href":"https:\/\/www.cryptvice.com\/fr\/wp-json\/wp\/v2\/product_cat?post=68295"},{"taxonomy":"product_tag","embeddable":true,"href":"https:\/\/www.cryptvice.com\/fr\/wp-json\/wp\/v2\/product_tag?post=68295"}],"curies":[{"name":"wp","href":"https:\/\/api.w.org\/{rel}","templated":true}]}}