{"id":68326,"date":"2026-03-16T13:32:15","date_gmt":"2026-03-16T11:32:15","guid":{"rendered":"https:\/\/www.cryptvice.com\/?post_type=product&#038;p=68326"},"modified":"2026-04-02T13:45:35","modified_gmt":"2026-04-02T11:45:35","slug":"google-pixel-9a-grapheneos-vpn-crypte","status":"publish","type":"product","link":"https:\/\/www.cryptvice.com\/fr\/shop\/google-pixel-9a-grapheneos-vpn-crypte\/","title":{"rendered":"Google Pixel 10a GrapheneOS VPN crypt\u00e9"},"content":{"rendered":"\t\t<div data-elementor-type=\"product-post\" data-elementor-id=\"68326\" class=\"elementor elementor-68326 elementor-68302\" data-elementor-post-type=\"product\">\n\t\t\t\t<div class=\"wd-negative-gap elementor-element elementor-element-3cda95f6 e-flex e-con-boxed e-con e-parent\" data-id=\"3cda95f6\" data-element_type=\"container\" data-e-type=\"container\">\n\t\t\t\t\t<div class=\"e-con-inner\">\n\t\t\t\t\t\t\t<h2 \n\t\tdata-interaction-id=\"65471633\" \n\t\tclass=\"text-balance e-65471633-a1dbfa1 e-heading-base\" \n\t\t \n\t\tdata-e-type=\"widget\" data-id=\"65471633\"\n\t>\n\t\n\t\t\t\u00c0 qui s'adresse le Google Pixel 10a GrapheneOS ?\n\t\t<\/h2>\n\t\t\t\t\t\t\t\t<p class=\"paragraph-small e-paragraph-base\" data-interaction-id=\"f7f7851\"  data-e-type=\"widget\" data-id=\"f7f7851\">\n\t\t\t\t\t\t\t\tLe Google Pixel 10a GrapheneOS VPN Encrypted est construit pour les utilisateurs qui veulent une confidentialit\u00e9 s\u00e9rieuse sans l'\u00e9tiquette de prix du vaisseau amiral :<br><br>- Les utilisateurs de GrapheneOS qui passent pour la premi\u00e8re fois d'Android stock \u00e0<br>- Les \u00e9tudiants, les freelances et les professionnels ind\u00e9pendants qui traitent des travaux sensibles<br>- Les personnes soucieuses de leur vie priv\u00e9e qui veulent le m\u00eame syst\u00e8me d'exploitation et la m\u00eame pile de s\u00e9curit\u00e9 que nos appareils de niveau sup\u00e9rieur<br>- Tous ceux qui comprennent que le niveau de mat\u00e9riel ne change pas ce que GrapheneOS prot\u00e8ge.<br><br>Le Pixel 10a embarque le m\u00eame processeur Tensor G5 et la m\u00eame puce de s\u00e9curit\u00e9 Titan M2 que le Pixel 10. Le durcissement que nous appliquons est identique. Le prix est plus bas parce que le syst\u00e8me de cam\u00e9ra est plus simple - pas parce que la s\u00e9curit\u00e9 l'est.  \n\t\t\t\t\t<\/p>\n\t\t\t\t\t\t\t<h2 \n\t\tdata-interaction-id=\"67c46f93\" \n\t\tclass=\"text-balance e-67c46f93-1bdd616 e-heading-base\" \n\t\t \n\t\tdata-e-type=\"widget\" data-id=\"67c46f93\"\n\t>\n\t\n\t\t\tGrapheneOS sur le Pixel 10a\n\t\t<\/h2>\n\t\t\t\t\t\t\t\t<p class=\"paragraph-small e-paragraph-base\" data-interaction-id=\"3169cfd2\"  data-e-type=\"widget\" data-id=\"3169cfd2\">\n\t\t\t\t\t\t\t\tL'installation est identique \u00e0 celle de tous les autres appareils de notre gamme :<br><br>- Construction GrapheneOS v\u00e9rifi\u00e9e \u00e0 partir de sources officielles sign\u00e9es cryptographiquement<br>- Bootloader verrouill\u00e9 apr\u00e8s l'installation pour un d\u00e9marrage v\u00e9rifi\u00e9 renforc\u00e9 par le mat\u00e9riel<br>- Tous les services Google supprim\u00e9s - pas de Play Services, pas de t\u00e9l\u00e9m\u00e9trie, pas d'exceptions<br>- Syst\u00e8me durci contre les vecteurs d'attaque mobiles document\u00e9s<br>- Configur\u00e9 pour des performances stables et efficaces sur le mat\u00e9riel Tensor G5<br><br>Pixel 10a est pris en charge avec des mises \u00e0 jour de s\u00e9curit\u00e9 jusqu'en 2032.\n\t\t\t\t\t<\/p>\n\t\t\t\t\t\t\t<h2 \n\t\tdata-interaction-id=\"7596d27f\" \n\t\tclass=\"text-balance e-7596d27f-841ab4e e-heading-base\" \n\t\t \n\t\tdata-e-type=\"widget\" data-id=\"7596d27f\"\n\t>\n\t\n\t\t\tDurcissement de l'application sur Pixel 10a\n\t\t<\/h2>\n\t\t\t\t\t\t\t\t<p class=\"paragraph-small e-paragraph-base\" data-interaction-id=\"29655ed6\"  data-e-type=\"widget\" data-id=\"29655ed6\">\n\t\t\t\t\t\t\t\tChaque application est configur\u00e9e individuellement - la m\u00eame norme appliqu\u00e9e \u00e0 notre appareil le plus cher :<br><br>- Permissions r\u00e9duites au minimum fonctionnel par application<br>- Processus d'arri\u00e8re-plan limit\u00e9s pour emp\u00eacher la transmission silencieuse de donn\u00e9es<br>- Acc\u00e8s au r\u00e9seau d\u00e9limit\u00e9 par application - non accord\u00e9 globalement<br>- Bac \u00e0 sable GrapheneOS appliqu\u00e9 entre toutes les applications install\u00e9es<br>- Acc\u00e8s au stockage isol\u00e9 pour emp\u00eacher l'exposition des donn\u00e9es entre applications.\n\t\t\t\t\t<\/p>\n\t\t\t\t\t\t\t<h2 \n\t\tdata-interaction-id=\"724c0e34\" \n\t\tclass=\"text-balance e-724c0e34-b526a74 e-heading-base\" \n\t\t \n\t\tdata-e-type=\"widget\" data-id=\"724c0e34\"\n\t>\n\t\n\t\t\tConnectivit\u00e9 VPN crypt\u00e9e\n\t\t<\/h2>\n\t\t\t\t\t\t\t\t<p class=\"paragraph-small e-paragraph-base\" data-interaction-id=\"3f3ebf6\"  data-e-type=\"widget\" data-id=\"3f3ebf6\">\n\t\t\t\t\t\t\t\tS\u00e9lectionne ton fournisseur lors de la commande - install\u00e9, configur\u00e9 et test\u00e9 avant l'exp\u00e9dition :<br><br>- Mullvad - pas de compte requis, paiement anonyme, juridiction su\u00e9doise<br>- iVPN - client audit\u00e9 open-source, routage multi-sauts, bas\u00e9 \u00e0 Gibraltar<br>- ProtonVPN - protection juridique suisse, routage serveur Secure Core.<br><br>Le VPN est actif d\u00e8s que tu l'allumes. Aucune installation n'est n\u00e9cessaire. \n\t\t\t\t\t<\/p>\n\t\t\t\t\t\t\t<h2 \n\t\tdata-interaction-id=\"11f53c5f\" \n\t\tclass=\"text-balance e-11f53c5f-af4afa2 e-heading-base\" \n\t\t \n\t\tdata-e-type=\"widget\" data-id=\"11f53c5f\"\n\t>\n\t\n\t\t\tOutils de protection de la vie priv\u00e9e pr\u00e9install\u00e9s sur Google Pixel 10a\n\t\t<\/h2>\n\t\t\t\t\t\t\t\t<p class=\"paragraph-small e-paragraph-base\" data-interaction-id=\"43be036f\"  data-e-type=\"widget\" data-id=\"43be036f\">\n\t\t\t\t\t\t\t\tR\u00e9seau s\u00e9curis\u00e9<br>- Orbot - routage du r\u00e9seau Tor pour les cas d'utilisation \u00e0 fort anonymat<br>- VPN Premium - le fournisseur de ton choix, pr\u00e9configur\u00e9 et test\u00e9<br><br>Navigation priv\u00e9e<br>- Firefox Focus - pas de traceurs, pas d'historique de session persistant<br><br>Acc\u00e8s aux applications<br>- Aurora Store - applications Play Store sans compte Google<br>- F-Droid - d\u00e9p\u00f4t d'applications open-source<br><br>Communication s\u00e9curis\u00e9e<br>- Molly - hardened Signal fork avec une architecture de s\u00e9curit\u00e9 renforc\u00e9e<br>- Threema - messagerie crypt\u00e9e de bout en bout d\u00e9velopp\u00e9e en Suisse, conforme au GDPR<br>- SimpleX - d\u00e9centralis\u00e9, pas de num\u00e9ro de t\u00e9l\u00e9phone, pas d'identifiant d'utilisateur.<br><br>Productivit\u00e9<br>- Standard Notes - chiffr\u00e9 de bout en bout, pas besoin de cloud<br>- eM Client - courrier \u00e9lectronique sans suivi ni mon\u00e9tisation des donn\u00e9es.\n\t\t\t\t\t<\/p>\n\t\t\t\t\t\t\t<h2 \n\t\tdata-interaction-id=\"474c4def\" \n\t\tclass=\"text-balance e-474c4def-b0b5a73 e-heading-base\" \n\t\t \n\t\tdata-e-type=\"widget\" data-id=\"474c4def\"\n\t>\n\t\n\t\t\tCe qui fait la diff\u00e9rence de Cryptvice\n\t\t<\/h2>\n\t\t\t\t\t\t\t\t<p class=\"paragraph-small e-paragraph-base\" data-interaction-id=\"529eb46\"  data-e-type=\"widget\" data-id=\"529eb46\">\n\t\t\t\t\t\t\t\t- Configuration individuelle - chaque appareil pr\u00e9par\u00e9 \u00e0 la main avant exp\u00e9dition<br>- V\u00e9rification avant exp\u00e9dition - s\u00e9curit\u00e9 v\u00e9rifi\u00e9e sur chaque commande<br>- Emballage discret - neutre, aucune marque visible \u00e0 la livraison<br>- Paiements en crypto-monnaies - options d'achat anonymes disponibles<br>- Op\u00e9rations bas\u00e9es dans l'UE - exp\u00e9dition depuis Marbella, en Espagne, avec suivi complet<br>- Assistance d'experts - 30 jours de la part d'utilisateurs quotidiens de GrapheneOS.\n\t\t\t\t\t<\/p>\n\t\t\t\t\t\t\t<h2 \n\t\tdata-interaction-id=\"5f61cf8a\" \n\t\tclass=\"text-balance e-5f61cf8a-28a75e6 e-heading-base\" \n\t\t \n\t\tdata-e-type=\"widget\" data-id=\"5f61cf8a\"\n\t>\n\t\n\t\t\tExp\u00e9dition et garantie\n\t\t<\/h2>\n\t\t\t\t\t\t\t\t<p class=\"paragraph-small e-paragraph-base\" data-interaction-id=\"79aa73cf\"  data-e-type=\"widget\" data-id=\"79aa73cf\">\n\t\t\t\t\t\t\t\tLes commandes sont exp\u00e9di\u00e9es dans un d\u00e9lai d'un jour ouvrable. Les d\u00e9tails de suivi sont fournis lors de l'exp\u00e9dition. <br><br>Les retours sont accept\u00e9s pour les appareils d\u00e9fectueux en Espagne. Les retours non d\u00e9fectueux sont soumis aux frais de retour. La garantie standard de Google sur le mat\u00e9riel s'applique. La configuration du logiciel est incluse dans le service professionnel.   \n\t\t\t\t\t<\/p>\n\t\t\t\t\t\t\t\t<p class=\"paragraph-small button-dark-icon e-12b64e54-10faba0 e-paragraph-base\" data-interaction-id=\"12b64e54\"  data-e-type=\"widget\" data-id=\"12b64e54\">\n\t\t\t\t\t\t\t<a\n\t\t\t\t\t\t\t\t\t\thref=\"https:\/\/www.cryptvice.com\/fr\/help-and-support\/\"\n\t\t\t\t\ttarget=\"_self\"\n\t\t\t\t\tclass=\"e-paragraph-link-base\"\n\t\t\t\t>\n\t\t\t\t\t\tTu as des questions ? Voir notre FAQ sur l'aide et le soutien \n\t\t\t\t<\/a>\n\t\t\t\t\t<\/p>\n\t\t\t\t\t<\/div>\n\t\t\t\t<\/div>\n\t\t\t\t<\/div>\n\t\t","protected":false},"excerpt":{"rendered":"<p>Le Google Pixel 10a GrapheneOS utilise le m\u00eame processeur Tensor G5 et la m\u00eame puce de s\u00e9curit\u00e9 Titan M2 que le Pixel 10 &#8211; \u00e0 un prix plus accessible, sans rogner sur la protection.<\/p>\n<p>\u2713 Pr\u00e9install\u00e9 avec GrapheneOS &#8211; pas de Google, pas de suivi<br \/>\n\u2713 Signal, Molly &amp; Threema activ\u00e9s avec un num\u00e9ro virtuel<br \/>\n\u2713 VPN Premium + double profil avec durcissement complet<br \/>\n\u2713 Bloqueur de donn\u00e9es USB &amp; effacement sous contrainte activ\u00e9s.<\/p>\n","protected":false},"featured_media":0,"comment_status":"closed","ping_status":"closed","template":"","meta":[],"product_brand":[],"product_cat":[108],"product_tag":[],"class_list":{"0":"post-68326","1":"product","2":"type-product","3":"status-publish","5":"product_cat-accessoires","7":"first","8":"instock","9":"featured","10":"taxable","11":"shipping-taxable","12":"purchasable","13":"product-type-variable"},"_links":{"self":[{"href":"https:\/\/www.cryptvice.com\/fr\/wp-json\/wp\/v2\/product\/68326","targetHints":{"allow":["GET"]}}],"collection":[{"href":"https:\/\/www.cryptvice.com\/fr\/wp-json\/wp\/v2\/product"}],"about":[{"href":"https:\/\/www.cryptvice.com\/fr\/wp-json\/wp\/v2\/types\/product"}],"replies":[{"embeddable":true,"href":"https:\/\/www.cryptvice.com\/fr\/wp-json\/wp\/v2\/comments?post=68326"}],"version-history":[{"count":2,"href":"https:\/\/www.cryptvice.com\/fr\/wp-json\/wp\/v2\/product\/68326\/revisions"}],"predecessor-version":[{"id":71817,"href":"https:\/\/www.cryptvice.com\/fr\/wp-json\/wp\/v2\/product\/68326\/revisions\/71817"}],"wp:attachment":[{"href":"https:\/\/www.cryptvice.com\/fr\/wp-json\/wp\/v2\/media?parent=68326"}],"wp:term":[{"taxonomy":"product_brand","embeddable":true,"href":"https:\/\/www.cryptvice.com\/fr\/wp-json\/wp\/v2\/product_brand?post=68326"},{"taxonomy":"product_cat","embeddable":true,"href":"https:\/\/www.cryptvice.com\/fr\/wp-json\/wp\/v2\/product_cat?post=68326"},{"taxonomy":"product_tag","embeddable":true,"href":"https:\/\/www.cryptvice.com\/fr\/wp-json\/wp\/v2\/product_tag?post=68326"}],"curies":[{"name":"wp","href":"https:\/\/api.w.org\/{rel}","templated":true}]}}