{"id":68975,"date":"2026-03-17T20:34:36","date_gmt":"2026-03-17T18:34:36","guid":{"rendered":"https:\/\/www.cryptvice.com\/?post_type=product&#038;p=68975"},"modified":"2026-04-26T11:36:20","modified_gmt":"2026-04-26T09:36:20","slug":"google-pixel-10-grapheneos-vpn-crypte","status":"publish","type":"product","link":"https:\/\/www.cryptvice.com\/fr\/shop\/google-pixel-10-grapheneos-vpn-crypte\/","title":{"rendered":"Google Pixel 10 Pro GrapheneOS VPN crypt\u00e9"},"content":{"rendered":"\t\t<div data-elementor-type=\"product-post\" data-elementor-id=\"68975\" class=\"elementor elementor-68975 elementor-68951\" data-elementor-post-type=\"product\">\n\t\t\t\t<div class=\"wd-negative-gap elementor-element elementor-element-e874f86 e-flex e-con-boxed e-con e-parent\" data-id=\"e874f86\" data-element_type=\"container\" data-e-type=\"container\">\n\t\t\t\t\t<div class=\"e-con-inner\">\n\t\t\t\t\t\t\t<h2 \n\t\tdata-interaction-id=\"30d21933\" \n\t\tclass=\"text-balance e-30d21933-6d90722 e-heading-base\" \n\t\t \n\t\tdata-e-type=\"widget\" data-id=\"30d21933\"\n\t>\n\t\n\t\t\t\u00c0 qui s'adresse le Google Pixel 10 Pro GrapheneOS ?\n\t\t<\/h2>\n\t\t\t\t\t\t\t\t<p class=\"paragraph-small e-paragraph-base\" data-interaction-id=\"5b35ff8d\"  data-e-type=\"widget\" data-id=\"5b35ff8d\">\n\t\t\t\t\t\t\t\tLe Google Pixel 10 Pro GrapheneOS VPN Encrypted est con\u00e7u pour les utilisateurs qui travaillent dans des environnements o\u00f9 la performance et la confidentialit\u00e9 ne sont pas n\u00e9gociables :<br><br>\u2713 Journalistes g\u00e9rant la protection des sources \u00e0 travers les fronti\u00e8res internationales<br>\u2713 Cadres sup\u00e9rieurs g\u00e9rant des communications confidentielles au niveau du conseil d'administration<br>\u2713 Activistes travaillant dans des conditions de surveillance active<br>\u2713 Professionnels du droit li\u00e9s par des obligations strictes de confidentialit\u00e9 des clients<br>\u2713 Chercheurs en s\u00e9curit\u00e9 n\u00e9cessitant une plateforme mobile enti\u00e8rement v\u00e9rifiable<br><br>Le Pixel 10 Pro apporte un traitement Tensor G5, 16 Go de RAM et un syst\u00e8me de triple cam\u00e9ra - le tout fonctionnant sur un syst\u00e8me d'exploitation compl\u00e8tement d\u00e9-Googled sans t\u00e9l\u00e9m\u00e9trie, sans connexions en arri\u00e8re-plan et sans exceptions.\n\t\t\t\t\t<\/p>\n\t\t\t\t\t\t\t<h2 \n\t\tdata-interaction-id=\"7ce4edfd\" \n\t\tclass=\"text-balance e-7ce4edfd-3f440f4 e-heading-base\" \n\t\t \n\t\tdata-e-type=\"widget\" data-id=\"7ce4edfd\"\n\t>\n\t\n\t\t\tGrapheneOS sur le Pixel 10 Pro\n\t\t<\/h2>\n\t\t\t\t\t\t\t\t<p class=\"paragraph-small e-paragraph-base\" data-interaction-id=\"7a221ae7\"  data-e-type=\"widget\" data-id=\"7a221ae7\">\n\t\t\t\t\t\t\t\tChaque Pixel 10 Pro quitte nos mains apr\u00e8s un processus d'installation v\u00e9rifi\u00e9 :<br><br>\u2713 Clean GrapheneOS build from official verified sources<br>\u2713 Bootloader locked after installation for verified boot enforcement<br>\u2713 All Google services and telemetry removed at the system level<br>\u2713 System hardened against current documented attack vectors<br>\u2713 Hardware performance tuned for the Tensor G5 architecture<br><br>Le Pixel 10 Pro est pris en charge par des mises \u00e0 jour de s\u00e9curit\u00e9 jusqu'en 2032 - l'un des plus longs engagements de mise \u00e0 jour disponibles sur n'importe quel mat\u00e9riel Android.\n\t\t\t\t\t<\/p>\n\t\t\t\t\t\t\t<h2 \n\t\tdata-interaction-id=\"7bbb740\" \n\t\tclass=\"text-balance e-7bbb740-c2203a8 e-heading-base\" \n\t\t \n\t\tdata-e-type=\"widget\" data-id=\"7bbb740\"\n\t>\n\t\n\t\t\tDurcissement de l'application sur Pixel 10 Pro\n\t\t<\/h2>\n\t\t\t\t\t\t\t\t<p class=\"paragraph-small e-paragraph-base\" data-interaction-id=\"4feafd63\"  data-e-type=\"widget\" data-id=\"4feafd63\">\n\t\t\t\t\t\t\t\tChaque application sur l'appareil est configur\u00e9e individuellement avant l'exp\u00e9dition :<br><br>\u2713 Permissions r\u00e9duites au minimum requis pour le fonctionnement<br>\u2713 Activit\u00e9 en arri\u00e8re-plan restreinte pour \u00e9viter les fuites de donn\u00e9es silencieuses<br>\u2713 Acc\u00e8s au r\u00e9seau contr\u00f4l\u00e9 par application - et non \u00e0 l'\u00e9chelle du syst\u00e8me<br>\u2713 App sandboxing enforced with GrapheneOS isolation architecture<br>\u2713 Storage access scoped and isolated per application<br><br>Aucune application sur un appareil Cryptvice n'a d'acc\u00e8s plus large que ce dont elle a besoin.\n\t\t\t\t\t<\/p>\n\t\t\t\t\t\t\t<h2 \n\t\tdata-interaction-id=\"367167d4\" \n\t\tclass=\"text-balance e-367167d4-e5c20ac e-heading-base\" \n\t\t \n\t\tdata-e-type=\"widget\" data-id=\"367167d4\"\n\t>\n\t\n\t\t\tConnectivit\u00e9 VPN crypt\u00e9e\n\t\t<\/h2>\n\t\t\t\t\t\t\t\t<p class=\"paragraph-small e-paragraph-base\" data-interaction-id=\"14f0d131\"  data-e-type=\"widget\" data-id=\"14f0d131\">\n\t\t\t\t\t\t\t\tS\u00e9lectionne ton fournisseur lors de la commande - install\u00e9 et test\u00e9 avant la livraison :<br><br>\u2713 Mullvad - pas de compte requis, recharge anonyme, juridiction su\u00e9doise<br>\u2713 iVPN - connexions multi-sauts, client audit\u00e9 open-source, bas\u00e9 \u00e0 Gibraltar<br>\u2713 ProtonVPN - juridiction l\u00e9gale suisse, routage de serveur Secure Core.<br><br>Le VPN s'active automatiquement. Aucune configuration n'est n\u00e9cessaire \u00e0 l'arriv\u00e9e. \n\t\t\t\t\t<\/p>\n\t\t\t\t\t\t\t<h2 \n\t\tdata-interaction-id=\"d8d589d\" \n\t\tclass=\"text-balance e-d8d589d-da325db e-heading-base\" \n\t\t \n\t\tdata-e-type=\"widget\" data-id=\"d8d589d\"\n\t>\n\t\n\t\t\tOutils de protection de la vie priv\u00e9e pr\u00e9install\u00e9s sur Google Pixel 10 Pro\n\t\t<\/h2>\n\t\t\t\t\t\t\t\t<p class=\"paragraph-small e-paragraph-base\" data-interaction-id=\"3656d9e5\"  data-e-type=\"widget\" data-id=\"3656d9e5\">\n\t\t\t\t\t\t\t\tR\u00e9seau s\u00e9curis\u00e9<br>\u2713 Orbot - routage du r\u00e9seau Tor pour les exigences d'anonymat \u00e9lev\u00e9<br>\u2713 VPN Premium - le fournisseur que tu as choisi, pr\u00e9configur\u00e9 et v\u00e9rifi\u00e9.<br><br>Navigation priv\u00e9e<br>\u2713 Firefox Focus - blocage des traceurs par d\u00e9faut, donn\u00e9es de session effac\u00e9es automatiquement.<br><br>Acc\u00e8s aux applications<br>\u2713 Aurora Store - biblioth\u00e8que d'applications Play Store sans compte Google<br>\u2713 F-Droid - d\u00e9p\u00f4t d'applications open-source.<br><br>Communication s\u00e9curis\u00e9e<br>\u2713 Molly - fork de Signal durci avec des couches de s\u00e9curit\u00e9 suppl\u00e9mentaires<br>\u2713 Threema - messagerie crypt\u00e9e d\u00e9velopp\u00e9e en Suisse et conforme au GDPR<br>\u2713 SimpleX - messagerie d\u00e9centralis\u00e9e sans num\u00e9ro de t\u00e9l\u00e9phone ni identifiant d'utilisateur requis.<br><br>Productivit\u00e9<br>\u2713 Standard Notes - notes chiffr\u00e9es de bout en bout sans d\u00e9pendance au cloud<br>\u2713 eM Client - courrier \u00e9lectronique sans suivi de plateforme ni r\u00e9colte de donn\u00e9es.\n\t\t\t\t\t<\/p>\n\t\t\t\t\t\t\t<h2 \n\t\tdata-interaction-id=\"2ad15cf1\" \n\t\tclass=\"text-balance e-2ad15cf1-5eea5bf e-heading-base\" \n\t\t \n\t\tdata-e-type=\"widget\" data-id=\"2ad15cf1\"\n\t>\n\t\n\t\t\tCe qui fait la diff\u00e9rence de Cryptvice\n\t\t<\/h2>\n\t\t\t\t\t\t\t\t<p class=\"paragraph-small e-paragraph-base\" data-interaction-id=\"66afd520\"  data-e-type=\"widget\" data-id=\"66afd520\">\n\t\t\t\t\t\t\t\t\u2713 Configuration individuelle - chaque appareil pr\u00e9par\u00e9 \u00e0 la main, et non par lots<br>\u2713 V\u00e9rification avant exp\u00e9dition - s\u00e9curit\u00e9 test\u00e9e avant le d\u00e9part de chaque commande<br>\u2713 Emballage discret - aucune marque visible \u00e0 l'ext\u00e9rieur<br>\u2713 Paiements en crypto-monnaies - options d'achat anonyme disponibles<br>\u2713 Op\u00e9rations bas\u00e9es dans l'UE - exp\u00e9ditions depuis Marbella, en Espagne, avec suivi complet<br>\u2713 Assistance d'experts - assistance pendant 30 jours par des personnes qui utilisent GrapheneOS au quotidien.\n\t\t\t\t\t<\/p>\n\t\t\t\t\t\t\t<h2 \n\t\tdata-interaction-id=\"101c5475\" \n\t\tclass=\"text-balance e-101c5475-6cbadb3 e-heading-base\" \n\t\t \n\t\tdata-e-type=\"widget\" data-id=\"101c5475\"\n\t>\n\t\n\t\t\tExp\u00e9dition et garantie\n\t\t<\/h2>\n\t\t\t\t\t\t\t\t<p class=\"paragraph-small e-paragraph-base\" data-interaction-id=\"490e5a92\"  data-e-type=\"widget\" data-id=\"490e5a92\">\n\t\t\t\t\t\t\t\tLes commandes sont exp\u00e9di\u00e9es dans un d\u00e9lai d'un jour ouvrable. Les d\u00e9tails de suivi sont fournis lors de l'exp\u00e9dition. <br><br>Les retours sont accept\u00e9s pour les appareils d\u00e9fectueux en Espagne. Les retours non d\u00e9fectueux sont soumis aux frais de retour. La garantie standard de Google sur le mat\u00e9riel s'applique. La configuration du logiciel est incluse dans le service professionnel.   \n\t\t\t\t\t<\/p>\n\t\t\t\t\t\t\t\t<p class=\"paragraph-small button-dark-icon e-eb54f00-152a24b e-paragraph-base\" data-interaction-id=\"eb54f00\"  data-e-type=\"widget\" data-id=\"eb54f00\">\n\t\t\t\t\t\t\t<a\n\t\t\t\t\thref=\"https:\/\/www.cryptvice.com\/fr\/help-and-support\/\" target=\"_self\"\n\t\t\t\t\tclass=\"e-paragraph-link-base\"\n\t\t\t\t>\n\t\t\t\t\t\tTu as des questions ? Voir notre FAQ sur l'aide et le soutien \n\t\t\t\t<\/a>\n\t\t\t\t\t<\/p>\n\t\t\t\t\t<\/div>\n\t\t\t\t<\/div>\n\t\t\t\t<\/div>\n\t\t","protected":false},"excerpt":{"rendered":"<p>La construction GrapheneOS du Google Pixel 10 Pro est notre configuration la plus puissante. Triple appareil photo, 16 Go de RAM, Tensor G5 &#8211; et la m\u00eame pile de durcissement compl\u00e8te que nous appliquons \u00e0 chaque appareil que nous exp\u00e9dions. Pour les utilisateurs qui ne veulent aucun plafond en mati\u00e8re de mat\u00e9riel ou de vie priv\u00e9e.  <\/p>\n<p>\u2713 Pr\u00e9install\u00e9 avec GrapheneOS &#8211; pas de Google, pas de suivi<br \/>\n\u2713 Signal, Molly &amp; Threema activ\u00e9s avec num\u00e9ro virtuel<br \/>\n\u2713 VPN Premium + double profil avec durcissement complet<br \/>\n\u2713 Blocage des donn\u00e9es USB &amp; effacement sous contrainte activ\u00e9s.<\/p>\n","protected":false},"featured_media":73614,"comment_status":"closed","ping_status":"closed","template":"","meta":[],"product_brand":[],"product_cat":[6653],"product_tag":[],"class_list":{"0":"post-68975","1":"product","2":"type-product","3":"status-publish","4":"has-post-thumbnail","6":"product_cat-cryptphones","7":"product_shipping_class-petit-paquet-telephone-routeur","8":"pa_audio-connection-non-2","9":"pa_battery-capacity-5100-mah","10":"pa_camera-back-13-mp-f-2-2-120-ultrawide","11":"pa_camera-back-48-mp-f-1-7-25-mm-large","12":"pa_camera-front-13-mp-f-2-2-20-mm-ultra-large","13":"pa_color-noir-2","14":"pa_graphics-series-arm-mali-g715-mp7","15":"pa_guaranteed-security-updates-01-avril-2032","16":"pa_manufacturer-guarantee-12-mois-2","17":"pa_model-pixel-9a","18":"pa_processor-octa-core-31-ghz","19":"pa_ram-size-8-go-2","20":"pa_release-years-10-avril-2025","21":"pa_resolution-1080-x-2424-pixels","22":"pa_screen-diagonal-6-3-2","23":"pa_screen-ppi-422-ppi","24":"pa_screen-ratio-rapport-209-2","25":"pa_screen-type-p-oled","26":"pa_security-features-deverrouillage-oem-2","27":"pa_security-features-vpn-crypte-2","28":"pa_storage-128-go-2","29":"pa_system-chip-google-tensor-g4","31":"first","32":"instock","33":"featured","34":"taxable","35":"shipping-taxable","36":"purchasable","37":"product-type-variable"},"_links":{"self":[{"href":"https:\/\/www.cryptvice.com\/fr\/wp-json\/wp\/v2\/product\/68975","targetHints":{"allow":["GET"]}}],"collection":[{"href":"https:\/\/www.cryptvice.com\/fr\/wp-json\/wp\/v2\/product"}],"about":[{"href":"https:\/\/www.cryptvice.com\/fr\/wp-json\/wp\/v2\/types\/product"}],"replies":[{"embeddable":true,"href":"https:\/\/www.cryptvice.com\/fr\/wp-json\/wp\/v2\/comments?post=68975"}],"version-history":[{"count":4,"href":"https:\/\/www.cryptvice.com\/fr\/wp-json\/wp\/v2\/product\/68975\/revisions"}],"predecessor-version":[{"id":73625,"href":"https:\/\/www.cryptvice.com\/fr\/wp-json\/wp\/v2\/product\/68975\/revisions\/73625"}],"wp:featuredmedia":[{"embeddable":true,"href":"https:\/\/www.cryptvice.com\/fr\/wp-json\/wp\/v2\/media\/73614"}],"wp:attachment":[{"href":"https:\/\/www.cryptvice.com\/fr\/wp-json\/wp\/v2\/media?parent=68975"}],"wp:term":[{"taxonomy":"product_brand","embeddable":true,"href":"https:\/\/www.cryptvice.com\/fr\/wp-json\/wp\/v2\/product_brand?post=68975"},{"taxonomy":"product_cat","embeddable":true,"href":"https:\/\/www.cryptvice.com\/fr\/wp-json\/wp\/v2\/product_cat?post=68975"},{"taxonomy":"product_tag","embeddable":true,"href":"https:\/\/www.cryptvice.com\/fr\/wp-json\/wp\/v2\/product_tag?post=68975"}],"curies":[{"name":"wp","href":"https:\/\/api.w.org\/{rel}","templated":true}]}}