{"id":64193,"date":"2025-11-17T21:14:25","date_gmt":"2025-11-17T19:14:25","guid":{"rendered":"https:\/\/www.cryptvice.com\/shop\/crypthub-v7-portable-5g-vpn-encrypted-router\/"},"modified":"2026-03-13T10:42:00","modified_gmt":"2026-03-13T08:42:00","slug":"crypthub-v7-portable-5g-vpn-encrypted-router","status":"publish","type":"product","link":"https:\/\/www.cryptvice.com\/it\/shop\/crypthub-v7-portable-5g-vpn-encrypted-router\/","title":{"rendered":"Router criptato CryptHub V7 Portable 5G VPN"},"content":{"rendered":"\t\t<div data-elementor-type=\"product-post\" data-elementor-id=\"64193\" class=\"elementor elementor-64193 elementor-51630\" data-elementor-post-type=\"product\">\n\t\t\t\t<div class=\"wd-negative-gap elementor-element elementor-element-4f63d147 e-flex e-con-boxed e-con e-parent\" data-id=\"4f63d147\" data-element_type=\"container\" data-e-type=\"container\">\n\t\t\t\t\t<div class=\"e-con-inner\">\n\t\t\t\t<div class=\"elementor-element elementor-element-2febbac elementor-widget elementor-widget-image\" data-id=\"2febbac\" data-element_type=\"widget\" data-e-type=\"widget\" data-widget_type=\"image.default\">\n\t\t\t\t\t\t\t\t\t\t\t\t\t\t\t<img decoding=\"async\" width=\"1650\" height=\"718\" src=\"https:\/\/www.cryptvice.com\/wp-content\/uploads\/CryptHub-V7-Portable-5G-VPN-Encrypted-router.jpg\" class=\"attachment-full size-full wp-image-64200\" alt=\"\" srcset=\"https:\/\/www.cryptvice.com\/wp-content\/uploads\/CryptHub-V7-Portable-5G-VPN-Encrypted-router.jpg 1650w, https:\/\/www.cryptvice.com\/wp-content\/uploads\/CryptHub-V7-Portable-5G-VPN-Encrypted-router-150x65.jpg 150w, https:\/\/www.cryptvice.com\/wp-content\/uploads\/CryptHub-V7-Portable-5G-VPN-Encrypted-router-1200x522.jpg 1200w, https:\/\/www.cryptvice.com\/wp-content\/uploads\/CryptHub-V7-Portable-5G-VPN-Encrypted-router-300x131.jpg 300w, https:\/\/www.cryptvice.com\/wp-content\/uploads\/CryptHub-V7-Portable-5G-VPN-Encrypted-router-1024x446.jpg 1024w, https:\/\/www.cryptvice.com\/wp-content\/uploads\/CryptHub-V7-Portable-5G-VPN-Encrypted-router-768x334.jpg 768w, https:\/\/www.cryptvice.com\/wp-content\/uploads\/CryptHub-V7-Portable-5G-VPN-Encrypted-router-1536x668.jpg 1536w, https:\/\/www.cryptvice.com\/wp-content\/uploads\/CryptHub-V7-Portable-5G-VPN-Encrypted-router-18x8.jpg 18w\" sizes=\"(max-width: 1650px) 100vw, 1650px\" title=\"\">\t\t\t\t\t\t\t\t\t\t\t\t\t\t\t<\/div>\n\t\t\t\t\t\t\t<h2 \n\t\tdata-interaction-id=\"3c00e867\" \n\t\tclass=\"e-3c00e867-d9646a3 e-heading-base\" \n\t\t \n\t\tdata-e-type=\"widget\" data-id=\"3c00e867\"\n\t>\n\t\n\t\t\tA chi \u00e8 rivolto il CryptHub V7\n\t\t<\/h2>\n\t\t\t\t\t\t\t\t<p class=\"paragraph-small e-paragraph-base\" data-interaction-id=\"3ff0c711\"  data-e-type=\"widget\" data-id=\"3ff0c711\">\n\t\t\t\t\t\t\t\tIl router criptato CryptHub V7 Portable 5G VPN offre una privacy a livello di rete per ambienti mobili e ad alto rischio. Configurato per: <br><br>- Viaggiatori e lavoratori remoti che richiedono una connettivit\u00e0 sicura<br>- Giornalisti e consulenti che gestiscono comunicazioni sensibili<br>- Persone attente alla privacy che cercano una protezione a livello di rete<br>- Uffici temporanei e implementazioni sul campo<br>- Aziende che richiedono un'infrastruttura mobile sicura<br><br>A differenza delle soluzioni basate su software, CryptHub V7 cripta il traffico internet direttamente sul router, proteggendo tutti i dispositivi collegati senza affidarsi a singole applicazioni.\n\t\t\t\t\t<\/p>\n\t\t\t\t\t\t\t<h2 \n\t\tdata-interaction-id=\"4ffb823a\" \n\t\tclass=\"e-4ffb823a-21b9783 e-heading-base\" \n\t\t \n\t\tdata-e-type=\"widget\" data-id=\"4ffb823a\"\n\t>\n\t\n\t\t\tPrivacy a livello di rete su CryptHub V7\n\t\t<\/h2>\n\t\t\t\t\t\t\t\t<p class=\"paragraph-small e-paragraph-base\" data-interaction-id=\"451c5686\"  data-e-type=\"widget\" data-id=\"451c5686\">\n\t\t\t\t\t\t\t\tIl CryptHub V7 viene fornito come dispositivo di rete completamente configurato e incentrato sulla privacy. Ogni unit\u00e0 viene preparata e testata individualmente da Cryptvice, con impostazioni di sicurezza e di routing adattate al caso d'uso previsto. <br><br>Tutti i dispositivi collegati ricevono protezione:<br><br>- Smartphone, laptop e tablet<br>- Dispositivi IoT e apparecchiature intelligenti<br>- Qualsiasi hardware compatibile con il Wi-Fi<br><br>La crittografia del traffico avviene a livello di rete, garantendo una protezione uniforme su tutte le connessioni.\n\t\t\t\t\t<\/p>\n\t\t\t\t\t\t\t<h2 \n\t\tdata-interaction-id=\"a5f03b\" \n\t\tclass=\"e-a5f03b-6f832a9 e-heading-base\" \n\t\t \n\t\tdata-e-type=\"widget\" data-id=\"a5f03b\"\n\t>\n\t\n\t\t\tConfigurazione della VPN su CryptHub V7\n\t\t<\/h2>\n\t\t\t\t\t\t\t\t<p class=\"paragraph-small e-paragraph-base\" data-interaction-id=\"433cc409\"  data-e-type=\"widget\" data-id=\"433cc409\">\n\t\t\t\t\t\t\t\tLa connettivit\u00e0 VPN criptata \u00e8 preinstallata, attivata e verificata prima della spedizione. CryptHub V7 supporta i moderni protocolli VPN ottimizzati per la sicurezza e le prestazioni: <br><br>- Modalit\u00e0 client VPN: cripta tutto il traffico in uscita<br>- Modalit\u00e0 server VPN: consente un accesso sicuro alla tua rete privata da qualsiasi luogo<br><br>Il traffico Internet rimane protetto anche su reti pubbliche o non affidabili come hotel, aeroporti, uffici condivisi o connessioni mobili.\n\t\t\t\t\t<\/p>\n\t\t\t\t\t\t\t<h2 \n\t\tdata-interaction-id=\"7ae11f5d\" \n\t\tclass=\"e-7ae11f5d-56085ef e-heading-base\" \n\t\t \n\t\tdata-e-type=\"widget\" data-id=\"7ae11f5d\"\n\t>\n\t\n\t\t\tControllo del traffico e crittografia DNS\n\t\t<\/h2>\n\t\t\t\t\t\t\t\t<p class=\"paragraph-small e-paragraph-base\" data-interaction-id=\"7f8851c6\"  data-e-type=\"widget\" data-id=\"7f8851c6\">\n\t\t\t\t\t\t\t\tPer ridurre l'esposizione al tracciamento e all'intercettazione, CryptHub V7 \u00e8 configurato con:<br><br>- Crittografia DNS - impedisce a terzi di monitorare o manipolare le richieste DNS<br>- Firewall rigido - controlla il traffico in entrata e in uscita<br>- Criteri di routing opzionali - separa il traffico sensibile dalle connessioni standard<br>- Supporto per il routing Tor - livello di anonimato aggiuntivo quando richiesto<br><br>Queste misure mantengono la privacy senza sacrificare la stabilit\u00e0 o l'usabilit\u00e0 della connessione.\n\t\t\t\t\t<\/p>\n\t\t\t\t\t\t\t<h2 \n\t\tdata-interaction-id=\"183be69c\" \n\t\tclass=\"e-183be69c-315f5d2 e-heading-base\" \n\t\t \n\t\tdata-e-type=\"widget\" data-id=\"183be69c\"\n\t>\n\t\n\t\t\tProtezione dell'identit\u00e0 dei dispositivi su CryptHub V7\n\t\t<\/h2>\n\t\t\t\t\t\t\t\t<p class=\"paragraph-small e-paragraph-base\" data-interaction-id=\"1b84bbc7\"  data-e-type=\"widget\" data-id=\"1b84bbc7\">\n\t\t\t\t\t\t\t\tIn quanto router mobile, il CryptHub V7 include una gestione consapevole della privacy degli identificatori di rete. Ove applicabile e legalmente consentito: <br><br>- Randomizzazione e clonazione dell'indirizzo MAC<br>- Modifica IMEI opzionale - riduce l'identificazione persistente del dispositivo sulle reti cellulari<br><br>Queste funzioni servono agli utenti che hanno bisogno di maggiore privacy quando viaggiano o operano in ambienti in cui il tracciamento dei dispositivi \u00e8 un problema. La configurazione mantiene la compatibilit\u00e0 e l'affidabilit\u00e0 della rete. \n\t\t\t\t\t<\/p>\n\t\t\t\t\t\t\t<h2 \n\t\tdata-interaction-id=\"26c3676d\" \n\t\tclass=\"e-26c3676d-840421a e-heading-base\" \n\t\t \n\t\tdata-e-type=\"widget\" data-id=\"26c3676d\"\n\t>\n\t\n\t\t\tConnettivit\u00e0 ad alta velocit\u00e0 su CryptHub V7\n\t\t<\/h2>\n\t\t\t\t\t\t\t\t<p class=\"paragraph-small e-paragraph-base\" data-interaction-id=\"241716e5\"  data-e-type=\"widget\" data-id=\"241716e5\">\n\t\t\t\t\t\t\t\tIl CryptHub V7 offre una connettivit\u00e0 affidabile e ad alta velocit\u00e0 in un formato portatile:<br><br>- Rete mobile 5G avanzata<br>- Moderni standard wireless per pi\u00f9 dispositivi simultanei<br>- Touchscreen LCD integrato per il monitoraggio dello stato in tempo reale<br>- Visibilit\u00e0 dell'intensit\u00e0 del segnale e del funzionamento del sistema<br><br>Una batteria rimovibile consente un utilizzo flessibile durante i viaggi, le interruzioni di corrente o le installazioni temporanee.\n\t\t\t\t\t<\/p>\n\t\t\t\t\t\t\t<h2 \n\t\tdata-interaction-id=\"326e1a19\" \n\t\tclass=\"e-326e1a19-b8b885a e-heading-base\" \n\t\t \n\t\tdata-e-type=\"widget\" data-id=\"326e1a19\"\n\t>\n\t\n\t\t\tPiattaforma OpenWRT personalizzabile\n\t\t<\/h2>\n\t\t\t\t\t\t\t\t<p class=\"paragraph-small e-paragraph-base\" data-interaction-id=\"15ff373d\"  data-e-type=\"widget\" data-id=\"15ff373d\">\n\t\t\t\t\t\t\t\tIl router funziona con OpenWRT, mantenuto e protetto da Cryptvice:<br><br>- Supporto e aggiornamenti software a lungo termine<br>- Configurazioni personalizzate di routing, firewall e VPN<br>- Integrazione in configurazioni di rete complesse<br>- Distribuzione ufficiale di Cryptvice<br><br>Il CryptHub V7 \u00e8 adatto a singoli professionisti e organizzazioni che necessitano di un'infrastruttura mobile scalabile e rispettosa della privacy.\n\t\t\t\t\t<\/p>\n\t\t\t\t\t\t\t<h2 \n\t\tdata-interaction-id=\"75bdfd39\" \n\t\tclass=\"e-75bdfd39-e3c7a83 e-heading-base\" \n\t\t \n\t\tdata-e-type=\"widget\" data-id=\"75bdfd39\"\n\t>\n\t\n\t\t\tPerch\u00e9 ordinare da Cryptvice\n\t\t<\/h2>\n\t\t\t\t\t\t\t\t<p class=\"paragraph-small e-paragraph-base\" data-interaction-id=\"3f44d0bb\"  data-e-type=\"widget\" data-id=\"3f44d0bb\">\n\t\t\t\t\t\t\t\t- Ogni dispositivo \u00e8 configurato individualmente<br>- Sicurezza verificata prima di ogni spedizione<br>- Imballaggio discreto senza marchio<br>- Pagamenti in criptovaluta accettati<br>- Spedizione dalla Spagna con tracciamento<br>- Supporto esperto da parte di specialisti della privacy\n\t\t\t\t\t<\/p>\n\t\t\t\t\t\t\t<h2 \n\t\tdata-interaction-id=\"1497f383\" \n\t\tclass=\"e-1497f383-79e0959 e-heading-base\" \n\t\t \n\t\tdata-e-type=\"widget\" data-id=\"1497f383\"\n\t>\n\t\n\t\t\tSpedizione e garanzia\n\t\t<\/h2>\n\t\t\t\t\t\t\t\t<p class=\"paragraph-small e-paragraph-base\" data-interaction-id=\"6360e780\"  data-e-type=\"widget\" data-id=\"6360e780\">\n\t\t\t\t\t\t\t\tGli ordini vengono spediti entro 1 giorno lavorativo. La tracciabilit\u00e0 viene fornita via e-mail. <br><br>Si accettano resi per dispositivi difettosi in Spagna. La spedizione di ritorno si applica agli articoli non difettosi. La configurazione viene fornita come servizio professionale.  \n\t\t\t\t\t<\/p>\n\t\t\t\t\t\t\t\t<p class=\"paragraph-small button-dark-icon e-72b2a1a4-7247f05 e-paragraph-base\" data-interaction-id=\"72b2a1a4\"  data-e-type=\"widget\" data-id=\"72b2a1a4\">\n\t\t\t\t\t\t\t<a\n\t\t\t\t\thref=\"https:\/\/www.cryptvice.com\/it\/help-and-support\/\" target=\"_self\"\n\t\t\t\t\tclass=\"e-paragraph-link-base\"\n\t\t\t\t>\n\t\t\t\t\t\tHai domande? Consulta le nostre FAQ di aiuto e supporto \n\t\t\t\t<\/a>\n\t\t\t\t\t<\/p>\n\t\t\t\t\t<\/div>\n\t\t\t\t<\/div>\n\t\t<div class=\"wd-negative-gap elementor-element elementor-element-375fb258 elementor-hidden-widescreen elementor-hidden-desktop elementor-hidden-laptop elementor-hidden-tablet elementor-hidden-mobile e-flex e-con-boxed e-con e-parent\" data-id=\"375fb258\" data-element_type=\"container\" data-e-type=\"container\">\n\t\t\t\t\t<div class=\"e-con-inner\">\n\t\t\t\t\t\t\t<h2 \n\t\tdata-interaction-id=\"137e4be5\" \n\t\tclass=\"e-137e4be5-edb9824 e-heading-base\" \n\t\t \n\t\tdata-e-type=\"widget\" data-id=\"137e4be5\"\n\t>\n\t\n\t\t\tInformazioni sull'hardware di GL.iNet Mudi 7\n\t\t<\/h2>\n\t\t\t\t\t\t\t\t<p class=\"paragraph-small e-paragraph-base\" data-interaction-id=\"3d4b1f0c\"  data-e-type=\"widget\" data-id=\"3d4b1f0c\">\n\t\t\t\t\t\t\t\tIl CryptHub V7 si basa sul GL.iNet Mudi 7 (GL-E5800), un router portatile 5G NR Wi-Fi 7 da viaggio prodotto da GL.iNet. Il GLiNet Mudi 7 \u00e8 riconosciuto come uno dei router 5G portatili pi\u00f9 avanzati sul mercato, in quanto combina una tecnologia cellulare all'avanguardia con prestazioni Wi-Fi 7 tri-band. \n\t\t\t\t\t<\/p>\n\t\t\t\t\t\t\t<h2 \n\t\tdata-interaction-id=\"42e4a144\" \n\t\tclass=\"e-42e4a144-da1b535 e-heading-base\" \n\t\t \n\t\tdata-e-type=\"widget\" data-id=\"42e4a144\"\n\t>\n\t\n\t\t\tSpecifiche GL.iNet GL-E5800 Mudi 7\n\t\t<\/h2>\n\t\t\t\t\t\t\t\t<p class=\"paragraph-small e-paragraph-base\" data-interaction-id=\"53c18555\"  data-e-type=\"widget\" data-id=\"53c18555\">\n\t\t\t\t\t\t\t\tProcessore e piattaforma<br>- CPU: Qualcomm Quad-core @ 2.2GHz<br>- Piattaforma 5G: Qualcomm Dragonwing MBB Gen 3 (X72)<br>- Velocit\u00e0 5G NR fino a 4,67 Gbps<br><br>Wi-Fi tri-band 7<br>- 2,4GHz: 688 Mbps<br>- 5GHz: 2882 Mbps<br>- 6GHz: 5764 Mbps<br>- Protocollo: 802.11a\/b\/g\/n\/ac\/ax\/be<br><br>Antenne<br>- 8 antenne interne (6 cellulari, 2 Wi-Fi)<br>- Doppia porta per antenna esterna TS-9\n\t\t\t\t\t<\/p>\n\t\t\t\t\t\t\t<h2 \n\t\tdata-interaction-id=\"3c168e9d\" \n\t\tclass=\"e-3c168e9d-10c8b09 e-heading-base\" \n\t\t \n\t\tdata-e-type=\"widget\" data-id=\"3c168e9d\"\n\t>\n\t\n\t\t\tConnettivit\u00e0 e batteria di Mudi 7 GL-E5800\n\t\t<\/h2>\n\t\t\t\t\t\t\t\t<p class=\"paragraph-small e-paragraph-base\" data-interaction-id=\"e0ba7cd\"  data-e-type=\"widget\" data-id=\"e0ba7cd\">\n\t\t\t\t\t\t\t\tPorte e interfacce<br>- 1 porta Ethernet 2.5G (LAN\/WAN)<br>- 2 porte USB-C (alimentazione, tethering, OTG)<br>- Schermo LCD touchscreen da 2,8\"<br>- Doppio slot nano-SIM + eSIM integrata<br><br>Batteria e alimentazione<br>- Batteria rimovibile da 5380 mAh<br>- Fino a 13,5 ore di autonomia<br>- Ricarica rapida PD da 24W<br>- Ingresso alimentazione: USB PD\/PPS 5-12V, 30W max<br><br>Dimensioni<br>- Dimensioni: 157 x 75 x 22.8mm<br>- Peso: 300g\n\t\t\t\t\t<\/p>\n\t\t\t\t\t\t\t<h2 \n\t\tdata-interaction-id=\"20762ac8\" \n\t\tclass=\"e-20762ac8-92ee564 e-heading-base\" \n\t\t \n\t\tdata-e-type=\"widget\" data-id=\"20762ac8\"\n\t>\n\t\n\t\t\tPrestazioni VPN su GLiNet Mudi 7\n\t\t<\/h2>\n\t\t\t\t\t\t\t\t<p class=\"paragraph-small e-paragraph-base\" data-interaction-id=\"4518ab74\"  data-e-type=\"widget\" data-id=\"4518ab74\">\n\t\t\t\t\t\t\t\tGL.iNet Mudi 7 offre prestazioni VPN accelerate dall'hardware:<br><br>- OpenVPN-DCO: fino a 700 Mbps<br>- WireGuard: fino a 600 Mbps<br>- Compatibile con pi\u00f9 di 30 fornitori di servizi VPN<br>- Funzionalit\u00e0 di client e server VPN<br><br>GL-E5800 Mudi 7 esegue il firmware basato su OpenWrt, consentendo il routing avanzato, la configurazione del firewall e la personalizzazione per le implementazioni incentrate sulla privacy.\n\t\t\t\t\t<\/p>\n\t\t\t\t\t\t\t<h2 \n\t\tdata-interaction-id=\"63498745\" \n\t\tclass=\"e-63498745-3c53135 e-heading-base\" \n\t\t \n\t\tdata-e-type=\"widget\" data-id=\"63498745\"\n\t>\n\t\n\t\t\tPerch\u00e9 acquistare un Mudi 7 GL.iNet preconfigurato?\n\t\t<\/h2>\n\t\t\t\t\t\t\t\t<p class=\"paragraph-small e-paragraph-base\" data-interaction-id=\"7ebe1093\"  data-e-type=\"widget\" data-id=\"7ebe1093\">\n\t\t\t\t\t\t\t\tL'acquisto diretto di un GLiNet Mudi 7 E5800 richiede la configurazione manuale di VPN, regole del firewall, crittografia DNS e impostazioni sulla privacy. Il CryptHub V7 fornisce il GL.iNet GL-E5800 pronto all'uso con una configurazione di sicurezza professionale gi\u00e0 applicata e testata. <br><br>Cryptvice si aggiunge a GL.iNet Mudi 7:<br><br>- Premium VPN preinstallata e attivata<br>- DNS over TLS configurato<br>- Randomizzazione degli indirizzi MAC attivata<br>- Regole firewall rinforzate applicate<br>- Configurazione degli identificatori privacy-aware<br>- Supporto Tor routing configurato<br>- Verifica della sicurezza prima della spedizione<br><br>Il GL.iNet Mudi 7 GL-E5800 combinato con la configurazione Cryptvice offre una soluzione completa per la privacy 5G portatile senza la configurazione tecnica richiesta dall'acquisto del router da viaggio GL.iNet Mudi 7 standard.\n\t\t\t\t\t<\/p>\n\t\t\t\t\t<\/div>\n\t\t\t\t<\/div>\n\t\t\t\t<\/div>\n\t\t","protected":false},"excerpt":{"rendered":"<p><em>Router 5G portatile configurato in modo professionale con il supporto di un esperto<\/em><\/p>\n<p>Connettivit\u00e0 mobile sicura - privacy tascabile per viaggi, lavoro a distanza e operazioni sul campo.<\/p>\n<p>Costruito su hardware 5G ad alta velocit\u00e0 con touchscreen LCD e batteria rimovibile. Preconfigurato con OpenWRT, VPN cifrato e funzioni avanzate per la privacy. La tua rete privata, ovunque.  <\/p>\n<p>\u2713 Connettivit\u00e0 5G con OpenWRT preinstallato<br \/>\n\u2713 VPN attivata e configurata<br \/>\n\u2713 Clone MAC e randomizzazione abilitati<br \/>\n\u2713 Crittografia DNS configurata<br \/>\n\u2713 Supporto Tor routing<br \/>\n\u2713 Opzione di cambio IMEI disponibile<br \/>\n\u2713 Distribuzione ufficiale Cryptvice<\/p>\n","protected":false},"featured_media":51638,"comment_status":"closed","ping_status":"closed","template":"","meta":[],"product_brand":[],"product_cat":[6604],"product_tag":[],"class_list":{"0":"post-64193","1":"product","2":"type-product","3":"status-publish","4":"has-post-thumbnail","6":"product_cat-crypthub","7":"product_shipping_class-pacchetto-piccolo-telefono-router","8":"pa_battery-capacity-7000-mah","10":"pa_brand-gl-inet","12":"pa_card-slot-1x-microsd-card-slot-max-1tb","13":"pa_card-slot-1x-nano-sim-card-slot","14":"pa_card-slot-1x-slot-per-scheda-nano-sim","15":"pa_card-slot-1x-slot-per-schede-microsd-max-1tb","16":"pa_color-black","17":"pa_color-nero","18":"pa_ethernet-port-1x-fe-lan-wan-port","19":"pa_ethernet-port-1x-porta-fe-lan-wan","20":"pa_manufacturer-guarantee-12-mesi","21":"pa_manufacturer-guarantee-12-months","22":"pa_model-e750v2","24":"pa_operating-system-openwrt","26":"pa_other-connections-1x-usb-2-0","28":"pa_processor-qualcomm-qca9531-650mhz","30":"pa_ram-size-128-mb","32":"pa_ram-type-ddr2","34":"pa_release-years-12-oct-2023","35":"pa_release-years-12-ottobre-2023","36":"pa_security-features-oem-unlock","37":"pa_security-features-sblocco-oem","38":"pa_security-features-vpn-criptata","39":"pa_security-features-vpn-encrypted","40":"pa_storage-nand-flash-128mb","42":"pa_storage-nor-flash-16mb-nand-flash-128mb","44":"pa_vpn-cover-ivpn-12m","46":"pa_vpn-cover-ivpn-6m","48":"pa_vpn-cover-mullvad-12m","50":"pa_vpn-cover-mullvad-6m","52":"pa_vpn-cover-protonvpn-12m","55":"first","56":"outofstock","57":"featured","58":"taxable","59":"shipping-taxable","60":"purchasable","61":"product-type-variable","62":"has-default-attributes"},"_links":{"self":[{"href":"https:\/\/www.cryptvice.com\/it\/wp-json\/wp\/v2\/product\/64193","targetHints":{"allow":["GET"]}}],"collection":[{"href":"https:\/\/www.cryptvice.com\/it\/wp-json\/wp\/v2\/product"}],"about":[{"href":"https:\/\/www.cryptvice.com\/it\/wp-json\/wp\/v2\/types\/product"}],"replies":[{"embeddable":true,"href":"https:\/\/www.cryptvice.com\/it\/wp-json\/wp\/v2\/comments?post=64193"}],"version-history":[{"count":0,"href":"https:\/\/www.cryptvice.com\/it\/wp-json\/wp\/v2\/product\/64193\/revisions"}],"wp:featuredmedia":[{"embeddable":true,"href":"https:\/\/www.cryptvice.com\/it\/wp-json\/wp\/v2\/media\/51638"}],"wp:attachment":[{"href":"https:\/\/www.cryptvice.com\/it\/wp-json\/wp\/v2\/media?parent=64193"}],"wp:term":[{"taxonomy":"product_brand","embeddable":true,"href":"https:\/\/www.cryptvice.com\/it\/wp-json\/wp\/v2\/product_brand?post=64193"},{"taxonomy":"product_cat","embeddable":true,"href":"https:\/\/www.cryptvice.com\/it\/wp-json\/wp\/v2\/product_cat?post=64193"},{"taxonomy":"product_tag","embeddable":true,"href":"https:\/\/www.cryptvice.com\/it\/wp-json\/wp\/v2\/product_tag?post=64193"}],"curies":[{"name":"wp","href":"https:\/\/api.w.org\/{rel}","templated":true}]}}