{"id":65675,"date":"2024-06-25T17:59:23","date_gmt":"2024-06-25T15:59:23","guid":{"rendered":"https:\/\/www.cryptvice.com\/shop\/pixel-8-pro-case-nillkin-camshield-camera-slider\/"},"modified":"2026-03-13T12:39:48","modified_gmt":"2026-03-13T10:39:48","slug":"pixel-8-pro-case-nillkin-camshield-camera-slider","status":"publish","type":"product","link":"https:\/\/www.cryptvice.com\/it\/shop\/pixel-8-pro-case-nillkin-camshield-camera-slider\/","title":{"rendered":"Custodia per Pixel 8 Pro &#8211; Cursore per fotocamera Nillkin CamShield"},"content":{"rendered":"\t\t<div data-elementor-type=\"product-post\" data-elementor-id=\"65675\" class=\"elementor elementor-65675 elementor-15868\" data-elementor-post-type=\"product\">\n\t\t\t\t<div class=\"wd-negative-gap elementor-element elementor-element-62c2d23b e-flex e-con-boxed e-con e-parent\" data-id=\"62c2d23b\" data-element_type=\"container\" data-e-type=\"container\">\n\t\t\t\t\t<div class=\"e-con-inner\">\n\t\t\t\t\t\t\t<h2 \n\t\tdata-interaction-id=\"16a110cd\" \n\t\tclass=\"text-balance e-16a110cd-2b6c5f9 e-heading-base\" \n\t\t \n\t\tdata-e-type=\"widget\" data-id=\"16a110cd\"\n\t>\n\t\n\t\t\tNillkin CamShield per Pixel 8 Pro\n\t\t<\/h2>\n\t\t\t\t\t\t\t\t<p class=\"e-3e4a4413-9608993 paragraph-small text-balance e-paragraph-base\" data-interaction-id=\"3e4a4413\"  data-e-type=\"widget\" data-id=\"3e4a4413\">\n\t\t\t\t\t\t\t\tIl Nillkin CamShield per Google Pixel 8 Pro ha una copertura scorrevole che protegge l'intera gamma di tre fotocamere - principale, ultrawide e teleobiettivo - con un unico movimento. Copre tutti e tre gli obiettivi e il flash quando \u00e8 chiuso. \n\t\t\t\t\t<\/p>\n\t\t\t\t\t\t\t<h2 \n\t\tdata-interaction-id=\"1c419c65\" \n\t\tclass=\"text-balance e-1c419c65-3e8e5d8 e-heading-base\" \n\t\t \n\t\tdata-e-type=\"widget\" data-id=\"1c419c65\"\n\t>\n\t\n\t\t\tSpecifiche del Pixel 8 Pro CamShield\n\t\t<\/h2>\n\t\t\t\t\t\t\t\t<p class=\"e-2328a95b-0d6cb34 paragraph-small text-balance e-paragraph-base\" data-interaction-id=\"2328a95b\"  data-e-type=\"widget\" data-id=\"2328a95b\">\n\t\t\t\t\t\t\t\tPannello posteriore in PC rigido collegato a un telaio perimetrale in TPU flessibile. Protezione contro le cadute su tutti e quattro gli angoli con un ulteriore rinforzo. La barra della fotocamera ha una lunetta rialzata che funziona con o senza il cursore. La superficie opaca antiolio rimane pulita per tutto il giorno.   \n\t\t\t\t\t<\/p>\n\t\t\t\t\t\t\t\t<p class=\"e-45f6c405-126c508 paragraph-small text-balance e-paragraph-base\" data-interaction-id=\"45f6c405\"  data-e-type=\"widget\" data-id=\"45f6c405\">\n\t\t\t\t\t\t\t\t- Cover scorrevole con tripla fotocamera\n- Guscio ibrido rinforzato in PC + TPU\n- Barra della fotocamera + bordo dello schermo rialzato\n- Finitura opaca anti-olio\n- Compatibile con la ricarica wireless\n- Tutti i sensori, le porte e i pulsanti accessibili\n\t\t\t\t\t<\/p>\n\t\t\t\t\t\t\t<h2 \n\t\tdata-interaction-id=\"8f65d06\" \n\t\tclass=\"text-balance e-8f65d06-5e7dda4 e-heading-base\" \n\t\t \n\t\tdata-e-type=\"widget\" data-id=\"8f65d06\"\n\t>\n\t\n\t\t\tPixel 8 Pro fotocamera fisica di sicurezza\n\t\t<\/h2>\n\t\t\t\t\t\t\t\t<p class=\"e-13926e43-8f56798 paragraph-small text-balance e-paragraph-base\" data-interaction-id=\"13926e43\"  data-e-type=\"widget\" data-id=\"13926e43\">\n\t\t\t\t\t\t\t\tIl Pixel 8 Pro ha l'hardware della fotocamera pi\u00f9 avanzato di Google. CamShield ti offre un interruttore fisico e visibile: quando il cursore \u00e8 chiuso, la fotocamera posteriore non pu\u00f2 catturare nulla. Abbinalo a GrapheneOS per un controllo completo della fotocamera.  \n\t\t\t\t\t<\/p>\n\t\t\t\t\t<\/div>\n\t\t\t\t<\/div>\n\t\t\t\t<\/div>\n\t\t","protected":false},"excerpt":{"rendered":"<p>Custodia Nillkin CamShield per Google Pixel 8 Pro con copertura scorrevole per il sistema a tripla fotocamera. Il retro rigido in PC assorbe l&#8217;usura della superficie, mentre il telaio in TPU attutisce gli urti. Un unico cursore copre tutti e tre gli obiettivi posteriori.  <\/p>\n<p>\u2713 La cover scorrevole protegge l&#8217;intera configurazione a tre fotocamere<br \/>\n\u2713 Il retro rigido in PC con protezione flessibile dei bordi in TPU<br \/>\n\u2713 Le cornici rialzate proteggono i sensori della fotocamera e lo schermo<br \/>\n\u2713 La superficie opaca anti-impronta con una presa confortevole<br \/>\n\u2713 Ritagli su misura per il Google Pixel 8 Pro<\/p>\n","protected":false},"featured_media":21478,"comment_status":"closed","ping_status":"closed","template":"","meta":[],"product_brand":[],"product_cat":[1876],"product_tag":[],"class_list":{"0":"post-65675","1":"product","2":"type-product","3":"status-publish","4":"has-post-thumbnail","6":"product_cat-caso","7":"product_shipping_class-pacchetto-mailbox-strumenti-per-la-privacy","9":"first","10":"onbackorder","11":"taxable","12":"shipping-taxable","13":"purchasable","14":"product-type-simple"},"_links":{"self":[{"href":"https:\/\/www.cryptvice.com\/it\/wp-json\/wp\/v2\/product\/65675","targetHints":{"allow":["GET"]}}],"collection":[{"href":"https:\/\/www.cryptvice.com\/it\/wp-json\/wp\/v2\/product"}],"about":[{"href":"https:\/\/www.cryptvice.com\/it\/wp-json\/wp\/v2\/types\/product"}],"replies":[{"embeddable":true,"href":"https:\/\/www.cryptvice.com\/it\/wp-json\/wp\/v2\/comments?post=65675"}],"version-history":[{"count":0,"href":"https:\/\/www.cryptvice.com\/it\/wp-json\/wp\/v2\/product\/65675\/revisions"}],"wp:featuredmedia":[{"embeddable":true,"href":"https:\/\/www.cryptvice.com\/it\/wp-json\/wp\/v2\/media\/21478"}],"wp:attachment":[{"href":"https:\/\/www.cryptvice.com\/it\/wp-json\/wp\/v2\/media?parent=65675"}],"wp:term":[{"taxonomy":"product_brand","embeddable":true,"href":"https:\/\/www.cryptvice.com\/it\/wp-json\/wp\/v2\/product_brand?post=65675"},{"taxonomy":"product_cat","embeddable":true,"href":"https:\/\/www.cryptvice.com\/it\/wp-json\/wp\/v2\/product_cat?post=65675"},{"taxonomy":"product_tag","embeddable":true,"href":"https:\/\/www.cryptvice.com\/it\/wp-json\/wp\/v2\/product_tag?post=65675"}],"curies":[{"name":"wp","href":"https:\/\/api.w.org\/{rel}","templated":true}]}}