{"id":68332,"date":"2026-03-16T13:32:15","date_gmt":"2026-03-16T11:32:15","guid":{"rendered":"https:\/\/www.cryptvice.com\/?post_type=product&#038;p=68332"},"modified":"2026-04-02T13:45:34","modified_gmt":"2026-04-02T11:45:34","slug":"google-pixel-9a-grapheneos-vpn-criptata","status":"publish","type":"product","link":"https:\/\/www.cryptvice.com\/it\/shop\/google-pixel-9a-grapheneos-vpn-criptata\/","title":{"rendered":"Google Pixel 10a GrapheneOS VPN criptata"},"content":{"rendered":"\t\t<div data-elementor-type=\"product-post\" data-elementor-id=\"68332\" class=\"elementor elementor-68332 elementor-68302\" data-elementor-post-type=\"product\">\n\t\t\t\t<div class=\"wd-negative-gap elementor-element elementor-element-3cda95f6 e-flex e-con-boxed e-con e-parent\" data-id=\"3cda95f6\" data-element_type=\"container\" data-e-type=\"container\">\n\t\t\t\t\t<div class=\"e-con-inner\">\n\t\t\t\t\t\t\t<h2 \n\t\tdata-interaction-id=\"65471633\" \n\t\tclass=\"text-balance e-65471633-a1dbfa1 e-heading-base\" \n\t\t \n\t\tdata-e-type=\"widget\" data-id=\"65471633\"\n\t>\n\t\n\t\t\tPer chi \u00e8 il Google Pixel 10a GrapheneOS?\n\t\t<\/h2>\n\t\t\t\t\t\t\t\t<p class=\"paragraph-small e-paragraph-base\" data-interaction-id=\"f7f7851\"  data-e-type=\"widget\" data-id=\"f7f7851\">\n\t\t\t\t\t\t\t\tIl Google Pixel 10a GrapheneOS VPN Encrypted \u00e8 pensato per gli utenti che desiderano una privacy seria senza il prezzo di un'ammiraglia:<br><br>- Utenti di GrapheneOS che passano per la prima volta da Android stock<br>- Studenti, freelance e professionisti indipendenti che gestiscono lavori sensibili<br>- Persone attente alla privacy che vogliono lo stesso sistema operativo e lo stesso stack di sicurezza dei nostri dispositivi di alto livello<br>- Chiunque capisca che il livello di hardware non cambia ci\u00f2 che GrapheneOS protegge<br><br>Il Pixel 10a monta lo stesso processore Tensor G5 e lo stesso chip di sicurezza Titan M2 del Pixel 10. La protezione che applichiamo \u00e8 identica. Il prezzo \u00e8 pi\u00f9 basso perch\u00e9 il sistema della fotocamera \u00e8 pi\u00f9 semplice, non perch\u00e9 lo sia la sicurezza.  \n\t\t\t\t\t<\/p>\n\t\t\t\t\t\t\t<h2 \n\t\tdata-interaction-id=\"67c46f93\" \n\t\tclass=\"text-balance e-67c46f93-1bdd616 e-heading-base\" \n\t\t \n\t\tdata-e-type=\"widget\" data-id=\"67c46f93\"\n\t>\n\t\n\t\t\tGrapheneOS su Pixel 10a\n\t\t<\/h2>\n\t\t\t\t\t\t\t\t<p class=\"paragraph-small e-paragraph-base\" data-interaction-id=\"3169cfd2\"  data-e-type=\"widget\" data-id=\"3169cfd2\">\n\t\t\t\t\t\t\t\tL'installazione \u00e8 identica a quella di tutti gli altri dispositivi della nostra linea:<br><br>- Build GrapheneOS verificata da fonti ufficiali firmate crittograficamente<br>- Bootloader bloccato dopo l'installazione per l'avvio verificato via hardware<br>- Tutti i servizi Google sono stati rimossi - niente Play Services, niente telemetria, niente eccezioni<br>- Sistema rinforzato contro i vettori di attacco mobile documentati<br>- Configurato per prestazioni stabili ed efficienti sull'hardware Tensor G5<br><br>Pixel 10a \u00e8 supportato con aggiornamenti di sicurezza fino al 2032.\n\t\t\t\t\t<\/p>\n\t\t\t\t\t\t\t<h2 \n\t\tdata-interaction-id=\"7596d27f\" \n\t\tclass=\"text-balance e-7596d27f-841ab4e e-heading-base\" \n\t\t \n\t\tdata-e-type=\"widget\" data-id=\"7596d27f\"\n\t>\n\t\n\t\t\tIndurimento dell'applicazione su Pixel 10a\n\t\t<\/h2>\n\t\t\t\t\t\t\t\t<p class=\"paragraph-small e-paragraph-base\" data-interaction-id=\"29655ed6\"  data-e-type=\"widget\" data-id=\"29655ed6\">\n\t\t\t\t\t\t\t\tOgni applicazione \u00e8 configurata individualmente - lo stesso standard applicato al nostro dispositivo pi\u00f9 costoso:<br><br>- Permessi ridotti al minimo funzionale per applicazione<br>- Processi in background limitati per prevenire la trasmissione silenziosa di dati<br>- Accesso alla rete limitato per applicazione - non concesso a livello globale<br>- Sandboxing di GrapheneOS applicato tra tutte le applicazioni installate<br>- Accesso allo storage isolato per prevenire l'esposizione dei dati tra applicazioni diverse\n\t\t\t\t\t<\/p>\n\t\t\t\t\t\t\t<h2 \n\t\tdata-interaction-id=\"724c0e34\" \n\t\tclass=\"text-balance e-724c0e34-b526a74 e-heading-base\" \n\t\t \n\t\tdata-e-type=\"widget\" data-id=\"724c0e34\"\n\t>\n\t\n\t\t\tConnettivit\u00e0 VPN criptata\n\t\t<\/h2>\n\t\t\t\t\t\t\t\t<p class=\"paragraph-small e-paragraph-base\" data-interaction-id=\"3f3ebf6\"  data-e-type=\"widget\" data-id=\"3f3ebf6\">\n\t\t\t\t\t\t\t\tSeleziona il tuo provider durante il checkout - installato, configurato e testato prima della spedizione:<br><br>- Mullvad - nessun account richiesto, pagamento anonimo, giurisdizione svedese<br>- iVPN - client open-source verificato, routing multi-hop, sede a Gibilterra<br>- ProtonVPN - protezione legale svizzera, routing server Secure Core<br><br>La VPN \u00e8 attiva dal momento in cui la accendi. Non \u00e8 richiesta alcuna configurazione. \n\t\t\t\t\t<\/p>\n\t\t\t\t\t\t\t<h2 \n\t\tdata-interaction-id=\"11f53c5f\" \n\t\tclass=\"text-balance e-11f53c5f-af4afa2 e-heading-base\" \n\t\t \n\t\tdata-e-type=\"widget\" data-id=\"11f53c5f\"\n\t>\n\t\n\t\t\tStrumenti per la privacy preinstallati su Google Pixel 10a\n\t\t<\/h2>\n\t\t\t\t\t\t\t\t<p class=\"paragraph-small e-paragraph-base\" data-interaction-id=\"43be036f\"  data-e-type=\"widget\" data-id=\"43be036f\">\n\t\t\t\t\t\t\t\tRete sicura<br>- Orbot - Routing di rete Tor per casi d'uso ad alto tasso di anonimato<br>- VPN Premium - il provider da te scelto, preconfigurato e testato<br><br>Navigazione privata<br>- Firefox Focus - nessun tracker, nessuna cronologia di sessione persistente<br><br>Accesso alle app<br>- Aurora Store - applicazioni del Play Store senza un account Google<br>- F-Droid - repository di applicazioni open-source<br><br>Comunicazioni sicure<br>- Molly - fork di Signal temprato con un'architettura di sicurezza rafforzata<br>- Threema - messaggistica crittografata end-to-end sviluppata in Svizzera, conforme al GDPR<br>- SimpleX - decentralizzata, senza numero di telefono, senza ID utente<br><br>Produttivit\u00e0<br>- Standard Notes - crittografia end-to-end, senza bisogno di cloud<br>- eM Client - email senza tracciamento o monetizzazione dei dati\n\t\t\t\t\t<\/p>\n\t\t\t\t\t\t\t<h2 \n\t\tdata-interaction-id=\"474c4def\" \n\t\tclass=\"text-balance e-474c4def-b0b5a73 e-heading-base\" \n\t\t \n\t\tdata-e-type=\"widget\" data-id=\"474c4def\"\n\t>\n\t\n\t\t\tChe cosa rende Cryptvice diversa\n\t\t<\/h2>\n\t\t\t\t\t\t\t\t<p class=\"paragraph-small e-paragraph-base\" data-interaction-id=\"529eb46\"  data-e-type=\"widget\" data-id=\"529eb46\">\n\t\t\t\t\t\t\t\t- Configurazione individuale - ogni dispositivo viene preparato a mano prima della spedizione<br>- Verifica pre-spedizione - controllo di sicurezza su ogni ordine<br>- Imballaggio discreto - neutro, nessun marchio visibile alla consegna<br>- Pagamenti in criptovaluta - sono disponibili opzioni di acquisto anonimo<br>- Operazioni basate nell'UE - spedizioni da Marbella, Spagna con tracciabilit\u00e0 completa<br>- Supporto di esperti - 30 giorni da parte degli utenti quotidiani di GrapheneOS\n\t\t\t\t\t<\/p>\n\t\t\t\t\t\t\t<h2 \n\t\tdata-interaction-id=\"5f61cf8a\" \n\t\tclass=\"text-balance e-5f61cf8a-28a75e6 e-heading-base\" \n\t\t \n\t\tdata-e-type=\"widget\" data-id=\"5f61cf8a\"\n\t>\n\t\n\t\t\tSpedizione e garanzia\n\t\t<\/h2>\n\t\t\t\t\t\t\t\t<p class=\"paragraph-small e-paragraph-base\" data-interaction-id=\"79aa73cf\"  data-e-type=\"widget\" data-id=\"79aa73cf\">\n\t\t\t\t\t\t\t\tGli ordini vengono spediti entro 1 giorno lavorativo. I dettagli sulla tracciabilit\u00e0 sono forniti al momento della spedizione. <br><br>Si accettano resi per dispositivi difettosi in Spagna. I resi non difettosi sono soggetti alle spese di spedizione. Si applica la garanzia hardware standard di Google. La configurazione del software \u00e8 inclusa come servizio professionale.   \n\t\t\t\t\t<\/p>\n\t\t\t\t\t\t\t\t<p class=\"paragraph-small button-dark-icon e-12b64e54-10faba0 e-paragraph-base\" data-interaction-id=\"12b64e54\"  data-e-type=\"widget\" data-id=\"12b64e54\">\n\t\t\t\t\t\t\t<a\n\t\t\t\t\t\t\t\t\t\thref=\"https:\/\/www.cryptvice.com\/it\/help-and-support\/\"\n\t\t\t\t\ttarget=\"_self\"\n\t\t\t\t\tclass=\"e-paragraph-link-base\"\n\t\t\t\t>\n\t\t\t\t\t\tHai domande? Consulta le nostre FAQ di aiuto e supporto \n\t\t\t\t<\/a>\n\t\t\t\t\t<\/p>\n\t\t\t\t\t<\/div>\n\t\t\t\t<\/div>\n\t\t\t\t<\/div>\n\t\t","protected":false},"excerpt":{"rendered":"<p>Il Google Pixel 10a GrapheneOS \u00e8 dotato dello stesso processore Tensor G5 e dello stesso chip di sicurezza Titan M2 del Pixel 10 &#8211; a un prezzo pi\u00f9 accessibile, senza rinunciare alla protezione.<\/p>\n<p>\u2713 Preinstallato con GrapheneOS &#8211; niente Google, niente tracciamento<br \/>\n\u2713 Segnale, Molly e Threema attivati con numero virtuale<br \/>\n\u2713 VPN Premium + doppio profilo con hardening completo<br \/>\n\u2713 Blocco dei dati USB e cancellazione per costrizione attivati<\/p>\n","protected":false},"featured_media":0,"comment_status":"closed","ping_status":"closed","template":"","meta":[],"product_brand":[],"product_cat":[108],"product_tag":[],"class_list":{"0":"post-68332","1":"product","2":"type-product","3":"status-publish","5":"product_cat-accessoires","7":"first","8":"instock","9":"featured","10":"taxable","11":"shipping-taxable","12":"purchasable","13":"product-type-variable"},"_links":{"self":[{"href":"https:\/\/www.cryptvice.com\/it\/wp-json\/wp\/v2\/product\/68332","targetHints":{"allow":["GET"]}}],"collection":[{"href":"https:\/\/www.cryptvice.com\/it\/wp-json\/wp\/v2\/product"}],"about":[{"href":"https:\/\/www.cryptvice.com\/it\/wp-json\/wp\/v2\/types\/product"}],"replies":[{"embeddable":true,"href":"https:\/\/www.cryptvice.com\/it\/wp-json\/wp\/v2\/comments?post=68332"}],"version-history":[{"count":2,"href":"https:\/\/www.cryptvice.com\/it\/wp-json\/wp\/v2\/product\/68332\/revisions"}],"predecessor-version":[{"id":71813,"href":"https:\/\/www.cryptvice.com\/it\/wp-json\/wp\/v2\/product\/68332\/revisions\/71813"}],"wp:attachment":[{"href":"https:\/\/www.cryptvice.com\/it\/wp-json\/wp\/v2\/media?parent=68332"}],"wp:term":[{"taxonomy":"product_brand","embeddable":true,"href":"https:\/\/www.cryptvice.com\/it\/wp-json\/wp\/v2\/product_brand?post=68332"},{"taxonomy":"product_cat","embeddable":true,"href":"https:\/\/www.cryptvice.com\/it\/wp-json\/wp\/v2\/product_cat?post=68332"},{"taxonomy":"product_tag","embeddable":true,"href":"https:\/\/www.cryptvice.com\/it\/wp-json\/wp\/v2\/product_tag?post=68332"}],"curies":[{"name":"wp","href":"https:\/\/api.w.org\/{rel}","templated":true}]}}