{"id":61517,"date":"2024-05-15T20:46:22","date_gmt":"2024-05-15T18:46:22","guid":{"rendered":"https:\/\/www.cryptvice.com\/shop\/iphone-13-pro-case-nillkin-camshield-camera-slider\/"},"modified":"2026-03-13T10:26:49","modified_gmt":"2026-03-13T08:26:49","slug":"iphone-13-pro-case-nillkin-camshield-camera-slider","status":"publish","type":"product","link":"https:\/\/www.cryptvice.com\/nl\/shop\/iphone-13-pro-case-nillkin-camshield-camera-slider\/","title":{"rendered":"iPhone 13 Pro hoesje &#8211; Nillkin CamShield Camera Slider"},"content":{"rendered":"\t\t<div data-elementor-type=\"product-post\" data-elementor-id=\"61517\" class=\"elementor elementor-61517 elementor-11149\" data-elementor-post-type=\"product\">\n\t\t\t\t<div class=\"wd-negative-gap elementor-element elementor-element-3999d8d5 e-flex e-con-boxed e-con e-parent\" data-id=\"3999d8d5\" data-element_type=\"container\" data-e-type=\"container\">\n\t\t\t\t\t<div class=\"e-con-inner\">\n\t\t\t\t\t\t\t<h2 \n\t\tdata-interaction-id=\"306b353a\" \n\t\tclass=\"text-balance e-306b353a-5783330 e-heading-base\" \n\t\t \n\t\tdata-e-type=\"widget\" data-id=\"306b353a\"\n\t>\n\t\n\t\t\tCamShield hoesje van Nillkin voor iPhone 13 Pro\n\t\t<\/h2>\n\t\t\t\t\t\t\t\t<p class=\"e-647310f-ad559c4 paragraph-small text-balance e-paragraph-base\" data-interaction-id=\"647310f\"  data-e-type=\"widget\" data-id=\"647310f\">\n\t\t\t\t\t\t\t\tDe Nillkin CamShield voor iPhone 13 Pro heeft een schuifdeksel dat het volledige drievoudige camerasysteem plus de LiDAR-scanner beschermt. E\u00e9n beweging bedekt alle lenzen. Met \u00e9\u00e9n beweging worden ze belicht voor foto's.  \n\t\t\t\t\t<\/p>\n\t\t\t\t\t\t\t<h2 \n\t\tdata-interaction-id=\"7bb49aab\" \n\t\tclass=\"text-balance e-7bb49aab-d9288d3 e-heading-base\" \n\t\t \n\t\tdata-e-type=\"widget\" data-id=\"7bb49aab\"\n\t>\n\t\n\t\t\tiPhone 13 Pro CamShield-constructie\n\t\t<\/h2>\n\t\t\t\t\t\t\t\t<p class=\"e-2c1a323e-47b7550 paragraph-small text-balance e-paragraph-base\" data-interaction-id=\"2c1a323e\"  data-e-type=\"widget\" data-id=\"2c1a323e\">\n\t\t\t\t\t\t\t\tStijve pc-achterkant gebonden aan een flexibel TPU-omtrekframe. De drievoudige cameramodule heeft een verhoogde rand om alle lenzen vrij te houden van vlakke oppervlakken. Het matte oppervlak is bestand tegen olie en vingerafdrukken. Alle poorten, knoppen en de mute-schakelaar zijn toegankelijk via nauwkeurige uitsparingen.   \n\t\t\t\t\t<\/p>\n\t\t\t\t\t\t\t\t<p class=\"e-26c5b87a-e8190cc paragraph-small text-balance e-paragraph-base\" data-interaction-id=\"26c5b87a\"  data-e-type=\"widget\" data-id=\"26c5b87a\">\n\t\t\t\t\t\t\t\t- Volledig driedubbele camera + LiDAR schuifdeksel\n- Versterkte PC + TPU hybride constructie\n- Cameramodule verhoogde rand\n- Schermrand verhoogde lip\n- Anti-olie matte coating\n- Alle poorten en schakelaars toegankelijk\n\t\t\t\t\t<\/p>\n\t\t\t\t\t\t\t<h2 \n\t\tdata-interaction-id=\"738ceb16\" \n\t\tclass=\"text-balance e-738ceb16-1e114e9 e-heading-base\" \n\t\t \n\t\tdata-e-type=\"widget\" data-id=\"738ceb16\"\n\t>\n\t\n\t\t\tHardware camerablok voor iPhone 13 Pro\n\t\t<\/h2>\n\t\t\t\t\t\t\t\t<p class=\"e-1b426483-ce531fb paragraph-small text-balance e-paragraph-base\" data-interaction-id=\"1b426483\"  data-e-type=\"widget\" data-id=\"1b426483\">\n\t\t\t\t\t\t\t\tDe iPhone 13 Pro heeft drie camera's en een LiDAR-scanner - vier potenti\u00eble opnamepunten. Het CamShield bedekt ze allemaal met \u00e9\u00e9n schuifknop. Als het gesloten is, kan geen enkele sensor aan de achterkant iets vastleggen, ongeacht welke softwaremachtigingen zijn ingesteld.  \n\t\t\t\t\t<\/p>\n\t\t\t\t\t<\/div>\n\t\t\t\t<\/div>\n\t\t\t\t<\/div>\n\t\t","protected":false},"excerpt":{"rendered":"<p>iPhone 13 Pro Case &#8211; Nillkin CamShield Camera Slider met ge\u00efntegreerde schuifklep die de volledige drievoudige camerarray en LiDAR-scanner afschermt. Dubbele constructie van PC en TPU beschermt tegen vallen. <\/p>\n<p>\u2713 Schuifdeksel schermt alle drie de lenzen en LiDAR af<br \/>\n\u2713 Polycarbonaat achterkant met TPU stootlijst<br \/>\n\u2713 Verhoogde randen rond scherm en cameramodule<br \/>\n\u2713 Matte grip afwerking weerstaat oli\u00ebn en vingerafdrukken<br \/>\n\u2713 Ontworpen voor de iPhone 13 Pro<\/p>\n","protected":false},"featured_media":21506,"comment_status":"closed","ping_status":"closed","template":"","meta":{"_acf_changed":false},"product_brand":[],"product_cat":[6615],"product_tag":[],"class_list":{"0":"post-61517","1":"product","2":"type-product","3":"status-publish","4":"has-post-thumbnail","6":"product_cat-hoesjes","7":"product_shipping_class-mailbox-pakket-privacy-tools","8":"pa_accessory-type-achterkant","9":"pa_accessory-type-achterkant-2","10":"pa_brand-nillkin","12":"pa_color-zwart-2","13":"pa_color-zwart","14":"pa_manufacturer-guarantee-12-maanden","15":"pa_manufacturer-guarantee-12-maanden-2","16":"pa_material-hard-plastic","17":"pa_material-hard-plastic-2","18":"pa_material-tpu","21":"first","22":"instock","23":"taxable","24":"shipping-taxable","25":"purchasable","26":"product-type-simple"},"acf":[],"_links":{"self":[{"href":"https:\/\/www.cryptvice.com\/nl\/wp-json\/wp\/v2\/product\/61517","targetHints":{"allow":["GET"]}}],"collection":[{"href":"https:\/\/www.cryptvice.com\/nl\/wp-json\/wp\/v2\/product"}],"about":[{"href":"https:\/\/www.cryptvice.com\/nl\/wp-json\/wp\/v2\/types\/product"}],"replies":[{"embeddable":true,"href":"https:\/\/www.cryptvice.com\/nl\/wp-json\/wp\/v2\/comments?post=61517"}],"version-history":[{"count":0,"href":"https:\/\/www.cryptvice.com\/nl\/wp-json\/wp\/v2\/product\/61517\/revisions"}],"wp:featuredmedia":[{"embeddable":true,"href":"https:\/\/www.cryptvice.com\/nl\/wp-json\/wp\/v2\/media\/21506"}],"wp:attachment":[{"href":"https:\/\/www.cryptvice.com\/nl\/wp-json\/wp\/v2\/media?parent=61517"}],"wp:term":[{"taxonomy":"product_brand","embeddable":true,"href":"https:\/\/www.cryptvice.com\/nl\/wp-json\/wp\/v2\/product_brand?post=61517"},{"taxonomy":"product_cat","embeddable":true,"href":"https:\/\/www.cryptvice.com\/nl\/wp-json\/wp\/v2\/product_cat?post=61517"},{"taxonomy":"product_tag","embeddable":true,"href":"https:\/\/www.cryptvice.com\/nl\/wp-json\/wp\/v2\/product_tag?post=61517"}],"curies":[{"name":"wp","href":"https:\/\/api.w.org\/{rel}","templated":true}]}}