{"id":59587,"date":"2026-01-11T15:16:15","date_gmt":"2026-01-11T13:16:15","guid":{"rendered":"https:\/\/www.cryptvice.com\/legal\/"},"modified":"2026-03-13T05:40:16","modified_gmt":"2026-03-13T03:40:16","slug":"legal","status":"publish","type":"page","link":"https:\/\/www.cryptvice.com\/pl\/legal\/","title":{"rendered":"Prawny"},"content":{"rendered":"\t\t<div data-elementor-type=\"wp-page\" data-elementor-id=\"59587\" class=\"elementor elementor-59587 elementor-52231\" data-elementor-post-type=\"page\">\n\t\t\t\t<header class=\"wd-negative-gap elementor-element elementor-element-2c3ef65 wd-section-stretch e-flex e-con-boxed e-con e-parent\" data-id=\"2c3ef65\" data-element_type=\"container\" data-e-type=\"container\" data-settings=\"{&quot;background_background&quot;:&quot;classic&quot;}\">\n\t\t\t\t\t<div class=\"e-con-inner\">\n\t\t\t\t<div class=\"elementor-element elementor-element-5d53cb6 elementor-widget__width-initial elementor-widget-laptop__width-inherit text-balance elementor-widget elementor-widget-heading\" data-id=\"5d53cb6\" data-element_type=\"widget\" data-e-type=\"widget\" data-widget_type=\"heading.default\">\n\t\t\t\t\t<h2 class=\"elementor-heading-title elementor-size-default\">Nasze przepisy prawne i zgodno\u015b\u0107 z przepisami, kt\u00f3re s\u0105 zwi\u0105zane z us\u0142ugami i\/lub produktami<\/h2>\t\t\t\t<\/div>\n\t\t\t\t<div class=\"elementor-element elementor-element-a487c27 elementor-widget-mobile__width-inherit text-balance color-scheme-inherit text-left elementor-widget elementor-widget-text-editor\" data-id=\"a487c27\" data-element_type=\"widget\" data-e-type=\"widget\" data-widget_type=\"text-editor.default\">\n\t\t\t\t\t\t\t\t\t<p>Ta strona zapewnia dost\u0119p do dokument\u00f3w prawnych reguluj\u0105cych korzystanie z witryny, produkt\u00f3w i us\u0142ug Cryptvice.<br data-start=\"398\" data-end=\"401\">Ka\u017cdy dokument dotyczy okre\u015blonego tematu prawnego. Zalecamy zapoznanie si\u0119 z sekcjami istotnymi dla Twojej interakcji z Cryptvice. <\/p>\t\t\t\t\t\t\t\t<\/div>\n\t\t\t\t\t<\/div>\n\t\t\t\t<\/header>\n\t\t<div class=\"elementor-element elementor-element-ac52a25 wd-section-stretch e-flex e-con-boxed e-con e-parent\" data-id=\"ac52a25\" data-element_type=\"container\" data-e-type=\"container\">\n\t\t\t\t\t<div class=\"e-con-inner\">\n\t\t\t\t<div class=\"elementor-element elementor-element-fb182ce box-shadow color-scheme-inherit text-left elementor-widget elementor-widget-text-editor\" data-id=\"fb182ce\" data-element_type=\"widget\" data-e-type=\"widget\" data-widget_type=\"text-editor.default\">\n\t\t\t\t\t\t\t\t\t<p>T\u0142umaczenia niniejszych Warunk\u00f3w mog\u0105 by\u0107 dostarczane wy\u0142\u0105cznie dla wygody. W przypadku jakichkolwiek rozbie\u017cno\u015bci, wersja angielska b\u0119dzie rozstrzygaj\u0105ca. <\/p>\t\t\t\t\t\t\t\t<\/div>\n\t\t\t\t\t<\/div>\n\t\t\t\t<\/div>\n\t\t<div class=\"wd-negative-gap elementor-element elementor-element-b8aabd9 wd-section-stretch e-flex e-con-boxed e-con e-parent\" data-id=\"b8aabd9\" data-element_type=\"container\" data-e-type=\"container\">\n\t\t\t\t\t<div class=\"e-con-inner\">\n\t\t<div class=\"elementor-element elementor-element-983fd03 e-con-full e-grid e-con e-child\" data-id=\"983fd03\" data-element_type=\"container\" data-e-type=\"container\">\n\t\t<div class=\"elementor-element elementor-element-93c98f6 box-shadow e-con-full e-flex e-con e-child\" data-id=\"93c98f6\" data-element_type=\"container\" data-e-type=\"container\" data-settings=\"{&quot;background_background&quot;:&quot;classic&quot;}\">\n\t\t\t\t<div class=\"elementor-element elementor-element-d7558fb elementor-widget elementor-widget-heading\" data-id=\"d7558fb\" data-element_type=\"widget\" data-e-type=\"widget\" data-widget_type=\"heading.default\">\n\t\t\t\t\t<h5 class=\"elementor-heading-title elementor-size-default\">Regulamin<\/h5>\t\t\t\t<\/div>\n\t\t\t\t<div class=\"elementor-element elementor-element-ddeba60 color-scheme-inherit text-left elementor-widget elementor-widget-text-editor\" data-id=\"ddeba60\" data-element_type=\"widget\" data-e-type=\"widget\" data-widget_type=\"text-editor.default\">\n\t\t\t\t\t\t\t\t\t<p>Regulamin okre\u015bla stosunek umowny mi\u0119dzy Tob\u0105 a Cryptvice, w tym warunki zakupu, warunki p\u0142atno\u015bci, dostawy, zwroty, gwarancje i ograniczenia odpowiedzialno\u015bci.<\/p><p>Zobacz t\u0119 sekcj\u0119, je\u015bli sk\u0142adasz zam\u00f3wienie lub korzystasz z produkt\u00f3w lub us\u0142ug Cryptvice.<\/p>\t\t\t\t\t\t\t\t<\/div>\n\t\t\t\t<div class=\"elementor-element elementor-element-778b551 elementor-tablet-align-justify elementor-align-left elementor-widget elementor-widget-button\" data-id=\"778b551\" data-element_type=\"widget\" data-e-type=\"widget\" data-widget_type=\"button.default\">\n\t\t\t\t\t\t\t\t\t\t<a class=\"elementor-button elementor-button-link elementor-size-sm\" href=\"https:\/\/www.cryptvice.com\/legal\/terms-and-conditions\/\" alt=\"download disclaimer as pdf\" id=\"btn\">\n\t\t\t\t\t\t<span class=\"elementor-button-content-wrapper\">\n\t\t\t\t\t\t<span class=\"elementor-button-icon\">\n\t\t\t\t<i aria-hidden=\"true\" class=\"far fa-long-arrow-right\"><\/i>\t\t\t<\/span>\n\t\t\t\t\t\t\t\t\t<span class=\"elementor-button-text\">Dowiedz si\u0119 wi\u0119cej<\/span>\n\t\t\t\t\t<\/span>\n\t\t\t\t\t<\/a>\n\t\t\t\t\t\t\t\t<\/div>\n\t\t\t\t<\/div>\n\t\t<div class=\"elementor-element elementor-element-2a15397 box-shadow e-con-full e-flex e-con e-child\" data-id=\"2a15397\" data-element_type=\"container\" data-e-type=\"container\" data-settings=\"{&quot;background_background&quot;:&quot;classic&quot;}\">\n\t\t\t\t<div class=\"elementor-element elementor-element-c1be665 elementor-widget elementor-widget-heading\" data-id=\"c1be665\" data-element_type=\"widget\" data-e-type=\"widget\" data-widget_type=\"heading.default\">\n\t\t\t\t\t<h5 class=\"elementor-heading-title elementor-size-default\">Polityka prywatno\u015bci<\/h5>\t\t\t\t<\/div>\n\t\t\t\t<div class=\"elementor-element elementor-element-f14d243 color-scheme-inherit text-left elementor-widget elementor-widget-text-editor\" data-id=\"f14d243\" data-element_type=\"widget\" data-e-type=\"widget\" data-widget_type=\"text-editor.default\">\n\t\t\t\t\t\t\t\t\t<p>Nasza Polityka prywatno\u015bci wyja\u015bnia, w jaki spos\u00f3b Cryptvice przetwarza dane osobowe zgodnie z og\u00f3lnym rozporz\u0105dzeniem UE o ochronie danych (RODO), w tym jakie dane gromadzimy, dlaczego je gromadzimy, jak d\u0142ugo s\u0105 one przechowywane oraz jakie masz prawa jako osoba, kt\u00f3rej dane dotycz\u0105.<\/p><p>Zapoznaj si\u0119 z t\u0105 sekcj\u0105, aby dowiedzie\u0107 si\u0119, w jaki spos\u00f3b przetwarzane s\u0105 Twoje dane osobowe.<\/p>\t\t\t\t\t\t\t\t<\/div>\n\t\t\t\t<div class=\"elementor-element elementor-element-071f706 elementor-tablet-align-justify elementor-align-left elementor-widget elementor-widget-button\" data-id=\"071f706\" data-element_type=\"widget\" data-e-type=\"widget\" data-widget_type=\"button.default\">\n\t\t\t\t\t\t\t\t\t\t<a class=\"elementor-button elementor-button-link elementor-size-sm\" href=\"https:\/\/www.cryptvice.com\/legal\/privacy-policy\/\" alt=\"download disclaimer as pdf\" id=\"btn\">\n\t\t\t\t\t\t<span class=\"elementor-button-content-wrapper\">\n\t\t\t\t\t\t<span class=\"elementor-button-icon\">\n\t\t\t\t<i aria-hidden=\"true\" class=\"far fa-long-arrow-right\"><\/i>\t\t\t<\/span>\n\t\t\t\t\t\t\t\t\t<span class=\"elementor-button-text\">Dowiedz si\u0119 wi\u0119cej<\/span>\n\t\t\t\t\t<\/span>\n\t\t\t\t\t<\/a>\n\t\t\t\t\t\t\t\t<\/div>\n\t\t\t\t<\/div>\n\t\t<div class=\"elementor-element elementor-element-672f47e box-shadow e-con-full e-flex e-con e-child\" data-id=\"672f47e\" data-element_type=\"container\" data-e-type=\"container\" data-settings=\"{&quot;background_background&quot;:&quot;classic&quot;}\">\n\t\t\t\t<div class=\"elementor-element elementor-element-60c97cb elementor-widget elementor-widget-heading\" data-id=\"60c97cb\" data-element_type=\"widget\" data-e-type=\"widget\" data-widget_type=\"heading.default\">\n\t\t\t\t\t<h5 class=\"elementor-heading-title elementor-size-default\">Polityka dotycz\u0105ca plik\u00f3w cookie<\/h5>\t\t\t\t<\/div>\n\t\t\t\t<div class=\"elementor-element elementor-element-65513ac color-scheme-inherit text-left elementor-widget elementor-widget-text-editor\" data-id=\"65513ac\" data-element_type=\"widget\" data-e-type=\"widget\" data-widget_type=\"text-editor.default\">\n\t\t\t\t\t\t\t\t\t<p>Polityka dotycz\u0105ca plik\u00f3w cookie wyja\u015bnia, czy i w jaki spos\u00f3b pliki cookie lub podobne technologie s\u0105 wykorzystywane w witrynie Cryptvice, w tym \u015bci\u015ble niezb\u0119dne pliki cookie i dost\u0119pne opcje wyboru.<\/p><p>Zobacz t\u0119 sekcj\u0119, aby dowiedzie\u0107 si\u0119, w jaki spos\u00f3b wykorzystywane s\u0105 technologie internetowe.<\/p>\t\t\t\t\t\t\t\t<\/div>\n\t\t\t\t<div class=\"elementor-element elementor-element-44df6e8 elementor-tablet-align-justify elementor-align-left elementor-widget elementor-widget-button\" data-id=\"44df6e8\" data-element_type=\"widget\" data-e-type=\"widget\" data-widget_type=\"button.default\">\n\t\t\t\t\t\t\t\t\t\t<a class=\"elementor-button elementor-button-link elementor-size-sm\" href=\"https:\/\/www.cryptvice.com\/legal\/cookie-policy\/\" alt=\"download disclaimer as pdf\" id=\"btn\">\n\t\t\t\t\t\t<span class=\"elementor-button-content-wrapper\">\n\t\t\t\t\t\t<span class=\"elementor-button-icon\">\n\t\t\t\t<i aria-hidden=\"true\" class=\"far fa-long-arrow-right\"><\/i>\t\t\t<\/span>\n\t\t\t\t\t\t\t\t\t<span class=\"elementor-button-text\">Dowiedz si\u0119 wi\u0119cej<\/span>\n\t\t\t\t\t<\/span>\n\t\t\t\t\t<\/a>\n\t\t\t\t\t\t\t\t<\/div>\n\t\t\t\t<\/div>\n\t\t<div class=\"elementor-element elementor-element-7c01e48 box-shadow e-con-full e-flex e-con e-child\" data-id=\"7c01e48\" data-element_type=\"container\" data-e-type=\"container\" data-settings=\"{&quot;background_background&quot;:&quot;classic&quot;}\">\n\t\t\t\t<div class=\"elementor-element elementor-element-4d9ee29 elementor-widget elementor-widget-heading\" data-id=\"4d9ee29\" data-element_type=\"widget\" data-e-type=\"widget\" data-widget_type=\"heading.default\">\n\t\t\t\t\t<h5 class=\"elementor-heading-title elementor-size-default\">Zastrze\u017cenie prawne<\/h5>\t\t\t\t<\/div>\n\t\t\t\t<div class=\"elementor-element elementor-element-c99f8df color-scheme-inherit text-left elementor-widget elementor-widget-text-editor\" data-id=\"c99f8df\" data-element_type=\"widget\" data-e-type=\"widget\" data-widget_type=\"text-editor.default\">\n\t\t\t\t\t\t\t\t\t<p>Wy\u0142\u0105czenie odpowiedzialno\u015bci reguluje korzystanie ze strony internetowej Cryptvice, w tym tre\u015bci informacyjne, prawa w\u0142asno\u015bci intelektualnej, linki stron trzecich i ograniczenia odpowiedzialno\u015bci.<\/p><p>Zobacz t\u0119 sekcj\u0119, aby zapozna\u0107 si\u0119 z warunkami zwi\u0105zanymi z dost\u0119pem do witryny i korzystaniem z tre\u015bci.<\/p>\t\t\t\t\t\t\t\t<\/div>\n\t\t\t\t<div class=\"elementor-element elementor-element-bdb9e47 elementor-tablet-align-justify elementor-align-left elementor-widget elementor-widget-button\" data-id=\"bdb9e47\" data-element_type=\"widget\" data-e-type=\"widget\" data-widget_type=\"button.default\">\n\t\t\t\t\t\t\t\t\t\t<a class=\"elementor-button elementor-button-link elementor-size-sm\" href=\"https:\/\/www.cryptvice.com\/legal\/disclaimer\/\" alt=\"download disclaimer as pdf\" id=\"btn\">\n\t\t\t\t\t\t<span class=\"elementor-button-content-wrapper\">\n\t\t\t\t\t\t<span class=\"elementor-button-icon\">\n\t\t\t\t<i aria-hidden=\"true\" class=\"far fa-long-arrow-right\"><\/i>\t\t\t<\/span>\n\t\t\t\t\t\t\t\t\t<span class=\"elementor-button-text\">Dowiedz si\u0119 wi\u0119cej<\/span>\n\t\t\t\t\t<\/span>\n\t\t\t\t\t<\/a>\n\t\t\t\t\t\t\t\t<\/div>\n\t\t\t\t<\/div>\n\t\t\t\t<\/div>\n\t\t\t\t\t<\/div>\n\t\t\t\t<\/div>\n\t\t<div class=\"wd-negative-gap elementor-element elementor-element-ba7c970 wd-section-stretch e-flex e-con-boxed e-con e-parent\" data-id=\"ba7c970\" data-element_type=\"container\" data-e-type=\"container\">\n\t\t\t\t\t<div class=\"e-con-inner\">\n\t\t\t\t<div class=\"elementor-element elementor-element-d36b39f elementor-widget elementor-widget-heading\" data-id=\"d36b39f\" data-element_type=\"widget\" data-e-type=\"widget\" data-widget_type=\"heading.default\">\n\t\t\t\t\t<h3 class=\"elementor-heading-title elementor-size-default\">Pytania lub pro\u015bby<\/h3>\t\t\t\t<\/div>\n\t\t\t\t<div class=\"elementor-element elementor-element-d4f50ba color-scheme-inherit text-left elementor-widget elementor-widget-text-editor\" data-id=\"d4f50ba\" data-element_type=\"widget\" data-e-type=\"widget\" data-widget_type=\"text-editor.default\">\n\t\t\t\t\t\t\t\t\t<p>Je\u015bli masz pytania dotycz\u0105ce jakiegokolwiek dokumentu prawnego lub chcesz skorzysta\u0107 ze swoich praw wynikaj\u0105cych z obowi\u0105zuj\u0105cego prawa, skontaktuj si\u0119 z nami za po\u015brednictwem danych podanych w odpowiedniej polityce.<\/p>\t\t\t\t\t\t\t\t<\/div>\n\t\t\t\t<div class=\"elementor-element elementor-element-b60cbe1 elementor-widget elementor-widget-n-accordion\" data-id=\"b60cbe1\" data-element_type=\"widget\" data-e-type=\"widget\" data-settings=\"{&quot;default_state&quot;:&quot;all_collapsed&quot;,&quot;max_items_expended&quot;:&quot;one&quot;,&quot;n_accordion_animation_duration&quot;:{&quot;unit&quot;:&quot;ms&quot;,&quot;size&quot;:400,&quot;sizes&quot;:[]}}\" data-widget_type=\"nested-accordion.default\">\n\t\t\t\t\t\t\t<div class=\"e-n-accordion\" aria-label=\"Accordion. Open links with Enter or Space, close with Escape, and navigate with Arrow Keys\">\n\t\t\t\t\t\t<details id=\"e-n-accordion-item-1900\" class=\"e-n-accordion-item\" >\n\t\t\t\t<summary class=\"e-n-accordion-item-title\" data-accordion-index=\"1\" tabindex=\"0\" aria-expanded=\"false\" aria-controls=\"e-n-accordion-item-1900\" >\n\t\t\t\t\t<span class='e-n-accordion-item-title-header'><h3 class=\"e-n-accordion-item-title-text\"> Jaki jest cel strony prawnej? <\/h3><\/span>\n\t\t\t\t\t\t\t<span class='e-n-accordion-item-title-icon'>\n\t\t\t<span class='e-opened' ><i aria-hidden=\"true\" class=\"far fa-angle-up\"><\/i><\/span>\n\t\t\t<span class='e-closed'><i aria-hidden=\"true\" class=\"far fa-angle-down\"><\/i><\/span>\n\t\t<\/span>\n\n\t\t\t\t\t\t<\/summary>\n\t\t\t\t<div role=\"region\" aria-labelledby=\"e-n-accordion-item-1900\" class=\"elementor-element elementor-element-232e2e8 e-con-full e-flex e-con e-child\" data-id=\"232e2e8\" data-element_type=\"container\" data-e-type=\"container\">\n\t\t\t\t<div class=\"elementor-element elementor-element-f30a22c color-scheme-inherit text-left elementor-widget elementor-widget-text-editor\" data-id=\"f30a22c\" data-element_type=\"widget\" data-e-type=\"widget\" data-widget_type=\"text-editor.default\">\n\t\t\t\t\t\t\t\t\t<p>Strona prawna zapewnia dost\u0119p do wszystkich oficjalnych dokument\u00f3w prawnych reguluj\u0105cych korzystanie z witryny, produkt\u00f3w i us\u0142ug Cryptvice. Ka\u017cdy dokument obejmuje okre\u015blony temat prawny. <\/p>\t\t\t\t\t\t\t\t<\/div>\n\t\t\t\t<\/div>\n\t\t\t\t\t<\/details>\n\t\t\t\t\t\t<details id=\"e-n-accordion-item-1901\" class=\"e-n-accordion-item\" >\n\t\t\t\t<summary class=\"e-n-accordion-item-title\" data-accordion-index=\"2\" tabindex=\"-1\" aria-expanded=\"false\" aria-controls=\"e-n-accordion-item-1901\" >\n\t\t\t\t\t<span class='e-n-accordion-item-title-header'><h3 class=\"e-n-accordion-item-title-text\"> Z jakim dokumentem prawnym powinienem si\u0119 zapozna\u0107 przed z\u0142o\u017ceniem zam\u00f3wienia? <\/h3><\/span>\n\t\t\t\t\t\t\t<span class='e-n-accordion-item-title-icon'>\n\t\t\t<span class='e-opened' ><i aria-hidden=\"true\" class=\"far fa-angle-up\"><\/i><\/span>\n\t\t\t<span class='e-closed'><i aria-hidden=\"true\" class=\"far fa-angle-down\"><\/i><\/span>\n\t\t<\/span>\n\n\t\t\t\t\t\t<\/summary>\n\t\t\t\t<div role=\"region\" aria-labelledby=\"e-n-accordion-item-1901\" class=\"elementor-element elementor-element-e0df3c6 e-con-full e-flex e-con e-child\" data-id=\"e0df3c6\" data-element_type=\"container\" data-e-type=\"container\">\n\t\t\t\t<div class=\"elementor-element elementor-element-efd80ff color-scheme-inherit text-left elementor-widget elementor-widget-text-editor\" data-id=\"efd80ff\" data-element_type=\"widget\" data-e-type=\"widget\" data-widget_type=\"text-editor.default\">\n\t\t\t\t\t\t\t\t\t<p>Przed z\u0142o\u017ceniem zam\u00f3wienia zapoznaj si\u0119 z Regulaminem i Polityk\u0105 prywatno\u015bci. Wyja\u015bniaj\u0105 one warunki zakupu, p\u0142atno\u015bci, dostawy, zwrot\u00f3w oraz spos\u00f3b przetwarzania danych osobowych. <\/p>\t\t\t\t\t\t\t\t<\/div>\n\t\t\t\t<\/div>\n\t\t\t\t\t<\/details>\n\t\t\t\t\t\t<details id=\"e-n-accordion-item-1902\" class=\"e-n-accordion-item\" >\n\t\t\t\t<summary class=\"e-n-accordion-item-title\" data-accordion-index=\"3\" tabindex=\"-1\" aria-expanded=\"false\" aria-controls=\"e-n-accordion-item-1902\" >\n\t\t\t\t\t<span class='e-n-accordion-item-title-header'><h3 class=\"e-n-accordion-item-title-text\"> Gdzie mog\u0119 znale\u017a\u0107 informacje na temat ochrony danych i RODO? <\/h3><\/span>\n\t\t\t\t\t\t\t<span class='e-n-accordion-item-title-icon'>\n\t\t\t<span class='e-opened' ><i aria-hidden=\"true\" class=\"far fa-angle-up\"><\/i><\/span>\n\t\t\t<span class='e-closed'><i aria-hidden=\"true\" class=\"far fa-angle-down\"><\/i><\/span>\n\t\t<\/span>\n\n\t\t\t\t\t\t<\/summary>\n\t\t\t\t<div role=\"region\" aria-labelledby=\"e-n-accordion-item-1902\" class=\"elementor-element elementor-element-5cea1d4 e-con-full e-flex e-con e-child\" data-id=\"5cea1d4\" data-element_type=\"container\" data-e-type=\"container\">\n\t\t\t\t<div class=\"elementor-element elementor-element-17a255a color-scheme-inherit text-left elementor-widget elementor-widget-text-editor\" data-id=\"17a255a\" data-element_type=\"widget\" data-e-type=\"widget\" data-widget_type=\"text-editor.default\">\n\t\t\t\t\t\t\t\t\t<p>Wszystkie informacje zwi\u0105zane z przetwarzaniem danych osobowych, zgodno\u015bci\u0105 z RODO, przechowywaniem danych i Twoimi prawami jako osoby, kt\u00f3rej dane dotycz\u0105, zosta\u0142y wyja\u015bnione w Polityce prywatno\u015bci.<\/p>\t\t\t\t\t\t\t\t<\/div>\n\t\t\t\t<\/div>\n\t\t\t\t\t<\/details>\n\t\t\t\t\t\t<details id=\"e-n-accordion-item-1903\" class=\"e-n-accordion-item\" >\n\t\t\t\t<summary class=\"e-n-accordion-item-title\" data-accordion-index=\"4\" tabindex=\"-1\" aria-expanded=\"false\" aria-controls=\"e-n-accordion-item-1903\" >\n\t\t\t\t\t<span class='e-n-accordion-item-title-header'><h3 class=\"e-n-accordion-item-title-text\"> Jaki dokument wyja\u015bnia korzystanie z plik\u00f3w cookie? <\/h3><\/span>\n\t\t\t\t\t\t\t<span class='e-n-accordion-item-title-icon'>\n\t\t\t<span class='e-opened' ><i aria-hidden=\"true\" class=\"far fa-angle-up\"><\/i><\/span>\n\t\t\t<span class='e-closed'><i aria-hidden=\"true\" class=\"far fa-angle-down\"><\/i><\/span>\n\t\t<\/span>\n\n\t\t\t\t\t\t<\/summary>\n\t\t\t\t<div role=\"region\" aria-labelledby=\"e-n-accordion-item-1903\" class=\"elementor-element elementor-element-0fd04f7 e-con-full e-flex e-con e-child\" data-id=\"0fd04f7\" data-element_type=\"container\" data-e-type=\"container\">\n\t\t\t\t<div class=\"elementor-element elementor-element-ed335ec color-scheme-inherit text-left elementor-widget elementor-widget-text-editor\" data-id=\"ed335ec\" data-element_type=\"widget\" data-e-type=\"widget\" data-widget_type=\"text-editor.default\">\n\t\t\t\t\t\t\t\t\t<p>Szczeg\u00f3\u0142y dotycz\u0105ce plik\u00f3w cookie i podobnych technologii wykorzystywanych na stronie internetowej Cryptvice zosta\u0142y opisane w Polityce plik\u00f3w cookie.<\/p>\t\t\t\t\t\t\t\t<\/div>\n\t\t\t\t<\/div>\n\t\t\t\t\t<\/details>\n\t\t\t\t\t\t<details id=\"e-n-accordion-item-1904\" class=\"e-n-accordion-item\" >\n\t\t\t\t<summary class=\"e-n-accordion-item-title\" data-accordion-index=\"5\" tabindex=\"-1\" aria-expanded=\"false\" aria-controls=\"e-n-accordion-item-1904\" >\n\t\t\t\t\t<span class='e-n-accordion-item-title-header'><h3 class=\"e-n-accordion-item-title-text\"> Do czego s\u0142u\u017cy zastrze\u017cenie prawne? <\/h3><\/span>\n\t\t\t\t\t\t\t<span class='e-n-accordion-item-title-icon'>\n\t\t\t<span class='e-opened' ><i aria-hidden=\"true\" class=\"far fa-angle-up\"><\/i><\/span>\n\t\t\t<span class='e-closed'><i aria-hidden=\"true\" class=\"far fa-angle-down\"><\/i><\/span>\n\t\t<\/span>\n\n\t\t\t\t\t\t<\/summary>\n\t\t\t\t<div role=\"region\" aria-labelledby=\"e-n-accordion-item-1904\" class=\"elementor-element elementor-element-72dc3d4 e-con-full e-flex e-con e-child\" data-id=\"72dc3d4\" data-element_type=\"container\" data-e-type=\"container\">\n\t\t\t\t<div class=\"elementor-element elementor-element-5adb0ce color-scheme-inherit text-left elementor-widget elementor-widget-text-editor\" data-id=\"5adb0ce\" data-element_type=\"widget\" data-e-type=\"widget\" data-widget_type=\"text-editor.default\">\n\t\t\t\t\t\t\t\t\t<p data-start=\"1164\" data-end=\"1351\"><strong data-start=\"1168\" data-end=\"1182\">Zastrze\u017cenie<\/strong> wyja\u015bnia warunki korzystania z witryny Cryptvice, w tym tre\u015bci informacyjne, prawa w\u0142asno\u015bci intelektualnej, linki stron trzecich i ograniczenia odpowiedzialno\u015bci.<\/p>\t\t\t\t\t\t\t\t<\/div>\n\t\t\t\t<\/div>\n\t\t\t\t\t<\/details>\n\t\t\t\t\t\t<details id=\"e-n-accordion-item-1905\" class=\"e-n-accordion-item\" >\n\t\t\t\t<summary class=\"e-n-accordion-item-title\" data-accordion-index=\"6\" tabindex=\"-1\" aria-expanded=\"false\" aria-controls=\"e-n-accordion-item-1905\" >\n\t\t\t\t\t<span class='e-n-accordion-item-title-header'><h3 class=\"e-n-accordion-item-title-text\"> Czy te dokumenty prawne s\u0105 prawnie wi\u0105\u017c\u0105ce? <\/h3><\/span>\n\t\t\t\t\t\t\t<span class='e-n-accordion-item-title-icon'>\n\t\t\t<span class='e-opened' ><i aria-hidden=\"true\" class=\"far fa-angle-up\"><\/i><\/span>\n\t\t\t<span class='e-closed'><i aria-hidden=\"true\" class=\"far fa-angle-down\"><\/i><\/span>\n\t\t<\/span>\n\n\t\t\t\t\t\t<\/summary>\n\t\t\t\t<div role=\"region\" aria-labelledby=\"e-n-accordion-item-1905\" class=\"elementor-element elementor-element-238b6f8 e-con-full e-flex e-con e-child\" data-id=\"238b6f8\" data-element_type=\"container\" data-e-type=\"container\">\n\t\t\t\t<div class=\"elementor-element elementor-element-5c6ab05 color-scheme-inherit text-left elementor-widget elementor-widget-text-editor\" data-id=\"5c6ab05\" data-element_type=\"widget\" data-e-type=\"widget\" data-widget_type=\"text-editor.default\">\n\t\t\t\t\t\t\t\t\t<p>Tak. Dokumenty prawne opublikowane w sekcji \/legal\/ stanowi\u0105 cz\u0119\u015b\u0107 ram umownych i prawnych reguluj\u0105cych Twoj\u0105 interakcj\u0119 z Cryptvice. <\/p>\t\t\t\t\t\t\t\t<\/div>\n\t\t\t\t<\/div>\n\t\t\t\t\t<\/details>\n\t\t\t\t\t\t<details id=\"e-n-accordion-item-1906\" class=\"e-n-accordion-item\" >\n\t\t\t\t<summary class=\"e-n-accordion-item-title\" data-accordion-index=\"7\" tabindex=\"-1\" aria-expanded=\"false\" aria-controls=\"e-n-accordion-item-1906\" >\n\t\t\t\t\t<span class='e-n-accordion-item-title-header'><h3 class=\"e-n-accordion-item-title-text\"> Czy Cryptvice mo\u017ce aktualizowa\u0107 swoje dokumenty prawne? <\/h3><\/span>\n\t\t\t\t\t\t\t<span class='e-n-accordion-item-title-icon'>\n\t\t\t<span class='e-opened' ><i aria-hidden=\"true\" class=\"far fa-angle-up\"><\/i><\/span>\n\t\t\t<span class='e-closed'><i aria-hidden=\"true\" class=\"far fa-angle-down\"><\/i><\/span>\n\t\t<\/span>\n\n\t\t\t\t\t\t<\/summary>\n\t\t\t\t<div role=\"region\" aria-labelledby=\"e-n-accordion-item-1906\" class=\"elementor-element elementor-element-0bb3a63 e-con-full e-flex e-con e-child\" data-id=\"0bb3a63\" data-element_type=\"container\" data-e-type=\"container\">\n\t\t\t\t<div class=\"elementor-element elementor-element-c85820f color-scheme-inherit text-left elementor-widget elementor-widget-text-editor\" data-id=\"c85820f\" data-element_type=\"widget\" data-e-type=\"widget\" data-widget_type=\"text-editor.default\">\n\t\t\t\t\t\t\t\t\t<p>Tak. Cryptvice mo\u017ce od czasu do czasu aktualizowa\u0107 swoje dokumenty prawne. Zaktualizowane wersje s\u0105 publikowane w sekcji \/legal\/ i obowi\u0105zuj\u0105 od podanej daty wej\u015bcia w \u017cycie.  <\/p>\t\t\t\t\t\t\t\t<\/div>\n\t\t\t\t<\/div>\n\t\t\t\t\t<\/details>\n\t\t\t\t\t\t<details id=\"e-n-accordion-item-1907\" class=\"e-n-accordion-item\" >\n\t\t\t\t<summary class=\"e-n-accordion-item-title\" data-accordion-index=\"8\" tabindex=\"-1\" aria-expanded=\"false\" aria-controls=\"e-n-accordion-item-1907\" >\n\t\t\t\t\t<span class='e-n-accordion-item-title-header'><h3 class=\"e-n-accordion-item-title-text\"> Gdzie mog\u0119 skorzysta\u0107 z moich praw wynikaj\u0105cych z RODO lub praw do prywatno\u015bci? <\/h3><\/span>\n\t\t\t\t\t\t\t<span class='e-n-accordion-item-title-icon'>\n\t\t\t<span class='e-opened' ><i aria-hidden=\"true\" class=\"far fa-angle-up\"><\/i><\/span>\n\t\t\t<span class='e-closed'><i aria-hidden=\"true\" class=\"far fa-angle-down\"><\/i><\/span>\n\t\t<\/span>\n\n\t\t\t\t\t\t<\/summary>\n\t\t\t\t<div role=\"region\" aria-labelledby=\"e-n-accordion-item-1907\" class=\"elementor-element elementor-element-c789f18 e-con-full e-flex e-con e-child\" data-id=\"c789f18\" data-element_type=\"container\" data-e-type=\"container\">\n\t\t\t\t<div class=\"elementor-element elementor-element-96de361 color-scheme-inherit text-left elementor-widget elementor-widget-text-editor\" data-id=\"96de361\" data-element_type=\"widget\" data-e-type=\"widget\" data-widget_type=\"text-editor.default\">\n\t\t\t\t\t\t\t\t\t<p>Instrukcje dotycz\u0105ce korzystania z praw do prywatno\u015bci i ochrony danych s\u0105 dost\u0119pne w Polityce prywatno\u015bci, w tym dane kontaktowe dla wniosk\u00f3w dotycz\u0105cych danych.<\/p>\t\t\t\t\t\t\t\t<\/div>\n\t\t\t\t<\/div>\n\t\t\t\t\t<\/details>\n\t\t\t\t\t<\/div>\n\t\t\t\t\t\t<\/div>\n\t\t\t\t\t<\/div>\n\t\t\t\t<\/div>\n\t\t\t\t<\/div>\n\t\t","protected":false},"excerpt":{"rendered":"<p>Nasze przepisy prawne i zgodno\u015b\u0107 z przepisami, kt\u00f3re s\u0105 zwi\u0105zane z us\u0142ugami i\/lub produktami Ta strona zapewnia dost\u0119p do dokument\u00f3w<\/p>\n","protected":false},"author":590,"featured_media":0,"parent":0,"menu_order":99,"comment_status":"closed","ping_status":"closed","template":"","meta":{"footnotes":""},"class_list":["post-59587","page","type-page","status-publish","hentry"],"_links":{"self":[{"href":"https:\/\/www.cryptvice.com\/pl\/wp-json\/wp\/v2\/pages\/59587","targetHints":{"allow":["GET"]}}],"collection":[{"href":"https:\/\/www.cryptvice.com\/pl\/wp-json\/wp\/v2\/pages"}],"about":[{"href":"https:\/\/www.cryptvice.com\/pl\/wp-json\/wp\/v2\/types\/page"}],"author":[{"embeddable":true,"href":"https:\/\/www.cryptvice.com\/pl\/wp-json\/wp\/v2\/users\/590"}],"replies":[{"embeddable":true,"href":"https:\/\/www.cryptvice.com\/pl\/wp-json\/wp\/v2\/comments?post=59587"}],"version-history":[{"count":0,"href":"https:\/\/www.cryptvice.com\/pl\/wp-json\/wp\/v2\/pages\/59587\/revisions"}],"wp:attachment":[{"href":"https:\/\/www.cryptvice.com\/pl\/wp-json\/wp\/v2\/media?parent=59587"}],"curies":[{"name":"wp","href":"https:\/\/api.w.org\/{rel}","templated":true}]}}