{"id":61497,"date":"2024-05-15T20:46:22","date_gmt":"2024-05-15T18:46:22","guid":{"rendered":"https:\/\/www.cryptvice.com\/shop\/iphone-13-pro-case-nillkin-camshield-camera-slider\/"},"modified":"2026-03-13T10:26:48","modified_gmt":"2026-03-13T08:26:48","slug":"iphone-13-pro-case-nillkin-camshield-camera-slider","status":"publish","type":"product","link":"https:\/\/www.cryptvice.com\/pl\/shop\/iphone-13-pro-case-nillkin-camshield-camera-slider\/","title":{"rendered":"Etui iPhone 13 Pro &#8211; Nillkin CamShield Camera Slider"},"content":{"rendered":"\t\t<div data-elementor-type=\"product-post\" data-elementor-id=\"61497\" class=\"elementor elementor-61497 elementor-11149\" data-elementor-post-type=\"product\">\n\t\t\t\t<div class=\"wd-negative-gap elementor-element elementor-element-3999d8d5 e-flex e-con-boxed e-con e-parent\" data-id=\"3999d8d5\" data-element_type=\"container\" data-e-type=\"container\">\n\t\t\t\t\t<div class=\"e-con-inner\">\n\t\t\t\t\t\t\t<h2 \n\t\tdata-interaction-id=\"306b353a\" \n\t\tclass=\"text-balance e-306b353a-5783330 e-heading-base\" \n\t\t \n\t\tdata-e-type=\"widget\" data-id=\"306b353a\"\n\t>\n\t\n\t\t\tEtui CamShield firmy Nillkin do iPhone'a 13 Pro\n\t\t<\/h2>\n\t\t\t\t\t\t\t\t<p class=\"e-647310f-ad559c4 paragraph-small text-balance e-paragraph-base\" data-interaction-id=\"647310f\"  data-e-type=\"widget\" data-id=\"647310f\">\n\t\t\t\t\t\t\t\tNillkin CamShield dla iPhone'a 13 Pro posiada przesuwan\u0105 os\u0142on\u0119, kt\u00f3ra chroni ca\u0142y potr\u00f3jny system kamer oraz skaner LiDAR. Jeden ruch zakrywa wszystkie obiektywy. Jeden ruch ods\u0142ania je do zdj\u0119\u0107.  \n\t\t\t\t\t<\/p>\n\t\t\t\t\t\t\t<h2 \n\t\tdata-interaction-id=\"7bb49aab\" \n\t\tclass=\"text-balance e-7bb49aab-d9288d3 e-heading-base\" \n\t\t \n\t\tdata-e-type=\"widget\" data-id=\"7bb49aab\"\n\t>\n\t\n\t\t\tKonstrukcja iPhone 13 Pro CamShield\n\t\t<\/h2>\n\t\t\t\t\t\t\t\t<p class=\"e-2c1a323e-47b7550 paragraph-small text-balance e-paragraph-base\" data-interaction-id=\"2c1a323e\"  data-e-type=\"widget\" data-id=\"2c1a323e\">\n\t\t\t\t\t\t\t\tSztywny ty\u0142 z PC po\u0142\u0105czony z elastyczn\u0105 ramk\u0105 obwodow\u0105 z TPU. Obszar potr\u00f3jnego modu\u0142u kamery ma podniesion\u0105 ramk\u0119, aby utrzyma\u0107 wszystkie soczewki z dala od p\u0142askich powierzchni. Matowa powierzchnia jest odporna na olej i odciski palc\u00f3w. Wszystkie porty, przyciski i prze\u0142\u0105cznik wyciszenia s\u0105 dost\u0119pne dzi\u0119ki precyzyjnym wyci\u0119ciom.   \n\t\t\t\t\t<\/p>\n\t\t\t\t\t\t\t\t<p class=\"e-26c5b87a-e8190cc paragraph-small text-balance e-paragraph-base\" data-interaction-id=\"26c5b87a\"  data-e-type=\"widget\" data-id=\"26c5b87a\">\n\t\t\t\t\t\t\t\t- W pe\u0142ni potr\u00f3jna kamera + przesuwana pokrywa LiDAR\n- Wzmocniona hybrydowa konstrukcja PC + TPU\n- Uniesiona ramka modu\u0142u kamery\n- Uniesiona kraw\u0119d\u017a ekranu\n- Matowa pow\u0142oka przeciwt\u0142uszczowa\n- Dost\u0119p do wszystkich port\u00f3w i prze\u0142\u0105cznik\u00f3w\n\t\t\t\t\t<\/p>\n\t\t\t\t\t\t\t<h2 \n\t\tdata-interaction-id=\"738ceb16\" \n\t\tclass=\"text-balance e-738ceb16-1e114e9 e-heading-base\" \n\t\t \n\t\tdata-e-type=\"widget\" data-id=\"738ceb16\"\n\t>\n\t\n\t\t\tSprz\u0119towa blokada kamery dla iPhone'a 13 Pro\n\t\t<\/h2>\n\t\t\t\t\t\t\t\t<p class=\"e-1b426483-ce531fb paragraph-small text-balance e-paragraph-base\" data-interaction-id=\"1b426483\"  data-e-type=\"widget\" data-id=\"1b426483\">\n\t\t\t\t\t\t\t\tiPhone 13 Pro ma trzy kamery i skaner LiDAR - cztery potencjalne punkty przechwytywania. CamShield zakrywa je wszystkie jednym suwakiem. Po zamkni\u0119ciu \u017caden tylny czujnik nie mo\u017ce niczego przechwyci\u0107, niezale\u017cnie od ustawionych uprawnie\u0144 oprogramowania.  \n\t\t\t\t\t<\/p>\n\t\t\t\t\t<\/div>\n\t\t\t\t<\/div>\n\t\t\t\t<\/div>\n\t\t","protected":false},"excerpt":{"rendered":"<p>Etui na iPhone&#8217;a 13 Pro &#8211; Nillkin CamShield Camera Slider ze zintegrowan\u0105 przesuwan\u0105 pokryw\u0105, kt\u00f3ra os\u0142ania ca\u0142y potr\u00f3jny uk\u0142ad kamer i skaner LiDAR. Podw\u00f3jna konstrukcja z PC i TPU chroni przed upadkami. <\/p>\n<p>\u2713 Przesuwana pokrywa os\u0142ania wszystkie trzy obiektywy i LiDAR<br \/>\n\u2713 Poliw\u0119glanowy ty\u0142 z ramk\u0105 z TPU<br \/>\n\u2713 Uniesione ramki wok\u00f3\u0142 ekranu i modu\u0142u kamery<br \/>\n\u2713 Matowe wyko\u0144czenie uchwytu odporne na oleje i odciski palc\u00f3w<br \/>\n\u2713 Zaprojektowany dla iPhone&#8217;a 13 Pro<\/p>\n","protected":false},"featured_media":21506,"comment_status":"closed","ping_status":"closed","template":"","meta":{"_acf_changed":false},"product_brand":[],"product_cat":[6613],"product_tag":[],"class_list":{"0":"post-61497","1":"product","2":"type-product","3":"status-publish","4":"has-post-thumbnail","6":"product_cat-etui","7":"product_shipping_class-pakiet-skrzynki-pocztowej-narzedzia-ochrony-prywatnosci","8":"pa_accessory-type-tylna-okladka-2","9":"pa_accessory-type-tylna-okladka","10":"pa_brand-nillkin","12":"pa_color-czarny-2","13":"pa_color-czarny","14":"pa_manufacturer-guarantee-12-miesiecy","15":"pa_manufacturer-guarantee-12-miesiecy-2","16":"pa_material-twardy-plastik-2","17":"pa_material-tpu","19":"pa_material-twardy-plastik","21":"first","22":"instock","23":"taxable","24":"shipping-taxable","25":"purchasable","26":"product-type-simple"},"acf":[],"_links":{"self":[{"href":"https:\/\/www.cryptvice.com\/pl\/wp-json\/wp\/v2\/product\/61497","targetHints":{"allow":["GET"]}}],"collection":[{"href":"https:\/\/www.cryptvice.com\/pl\/wp-json\/wp\/v2\/product"}],"about":[{"href":"https:\/\/www.cryptvice.com\/pl\/wp-json\/wp\/v2\/types\/product"}],"replies":[{"embeddable":true,"href":"https:\/\/www.cryptvice.com\/pl\/wp-json\/wp\/v2\/comments?post=61497"}],"version-history":[{"count":0,"href":"https:\/\/www.cryptvice.com\/pl\/wp-json\/wp\/v2\/product\/61497\/revisions"}],"wp:featuredmedia":[{"embeddable":true,"href":"https:\/\/www.cryptvice.com\/pl\/wp-json\/wp\/v2\/media\/21506"}],"wp:attachment":[{"href":"https:\/\/www.cryptvice.com\/pl\/wp-json\/wp\/v2\/media?parent=61497"}],"wp:term":[{"taxonomy":"product_brand","embeddable":true,"href":"https:\/\/www.cryptvice.com\/pl\/wp-json\/wp\/v2\/product_brand?post=61497"},{"taxonomy":"product_cat","embeddable":true,"href":"https:\/\/www.cryptvice.com\/pl\/wp-json\/wp\/v2\/product_cat?post=61497"},{"taxonomy":"product_tag","embeddable":true,"href":"https:\/\/www.cryptvice.com\/pl\/wp-json\/wp\/v2\/product_tag?post=61497"}],"curies":[{"name":"wp","href":"https:\/\/api.w.org\/{rel}","templated":true}]}}