{"id":63524,"date":"2025-06-09T08:57:40","date_gmt":"2025-06-09T06:57:40","guid":{"rendered":"https:\/\/www.cryptvice.com\/shop\/google-pixel-9-pro-grapheneos-vpn-encrypted\/"},"modified":"2026-04-16T13:16:36","modified_gmt":"2026-04-16T11:16:36","slug":"google-pixel-9-pro-grapheneos-vpn-encrypted","status":"publish","type":"product","link":"https:\/\/www.cryptvice.com\/pl\/shop\/google-pixel-9-pro-grapheneos-vpn-encrypted\/","title":{"rendered":"Google Pixel 9 Pro GrapheneOS VPN szyfrowany"},"content":{"rendered":"\t\t<div data-elementor-type=\"product-post\" data-elementor-id=\"63524\" class=\"elementor elementor-63524 elementor-42913\" data-elementor-post-type=\"product\">\n\t\t\t\t<div class=\"wd-negative-gap elementor-element elementor-element-1699cf26 e-flex e-con-boxed e-con e-parent\" data-id=\"1699cf26\" data-element_type=\"container\" data-e-type=\"container\">\n\t\t\t\t\t<div class=\"e-con-inner\">\n\t\t\t\t\t\t\t<h2 \n\t\tdata-interaction-id=\"2af3da93\" \n\t\tclass=\"text-balance e-2af3da93-1e0f6dd e-heading-base\" \n\t\t \n\t\tdata-e-type=\"widget\" data-id=\"2af3da93\"\n\t>\n\t\n\t\t\tDla kogo przeznaczony jest Google Pixel 9 Pro GrapheneOS?\n\t\t<\/h2>\n\t\t\t\t\t\t\t\t<p class=\"paragraph-small e-paragraph-base\" data-interaction-id=\"c38bf93\"  data-e-type=\"widget\" data-id=\"c38bf93\">\n\t\t\t\t\t\t\t\tGoogle Pixel 9 Pro GrapheneOS VPN Encrypted jest skonfigurowany dla u\u017cytkownik\u00f3w, kt\u00f3rzy wymagaj\u0105 flagowej wydajno\u015bci i bezkompromisowej prywatno\u015bci:<br><br>- Dziennikarze chroni\u0105cy \u017ar\u00f3d\u0142a i poufn\u0105 komunikacj\u0119<br>- Kierownictwo przetwarzaj\u0105ce poufne informacje biznesowe<br>- Aktywi\u015bci dzia\u0142aj\u0105cy w \u015brodowiskach o wysokim stopniu inwigilacji<br>- Prawnicy wymagaj\u0105cy poufno\u015bci klienta<br>- Badacze bezpiecze\u0144stwa potrzebuj\u0105cy zaufanej platformy mobilnej<br><br>Pixel 9 Pro \u0142\u0105czy najnowszy procesor Tensor G4 z zabezpieczeniami Titan M2, zapewniaj\u0105c najwy\u017csz\u0105 wydajno\u015b\u0107 bez kompromis\u00f3w w zakresie prywatno\u015bci.\n\t\t\t\t\t<\/p>\n\t\t\t\t\t\t\t<h2 \n\t\tdata-interaction-id=\"29431187\" \n\t\tclass=\"text-balance e-29431187-a8ba576 e-heading-base\" \n\t\t \n\t\tdata-e-type=\"widget\" data-id=\"29431187\"\n\t>\n\t\n\t\t\tGrapheneOS na Pixelu 9 Pro\n\t\t<\/h2>\n\t\t\t\t\t\t\t\t<p class=\"paragraph-small e-paragraph-base\" data-interaction-id=\"770fcff7\"  data-e-type=\"widget\" data-id=\"770fcff7\">\n\t\t\t\t\t\t\t\tKa\u017cdy Pixel 9 Pro jest przygotowany ze zweryfikowan\u0105 instalacj\u0105 GrapheneOS:<br><br>- \u015awie\u017ca instalacja z kontrol\u0105 integralno\u015bci kryptograficznej<br>- Bootloader zabezpieczony do zweryfikowanego rozruchu<br>- Wszystkie telemetria i us\u0142ugi Google usuni\u0119te<br>- System zabezpieczony przed znanymi wektorami atak\u00f3w<br>- Wydajno\u015b\u0107 dostosowana do mo\u017cliwo\u015bci flagowego sprz\u0119tu<br><br>GrapheneOS otrzymuje ci\u0105g\u0142e aktualizacje, a Pixel 9 Pro b\u0119dzie obs\u0142ugiwany do 2031 roku.\n\t\t\t\t\t<\/p>\n\t\t\t\t\t\t\t<h2 \n\t\tdata-interaction-id=\"33f01f74\" \n\t\tclass=\"text-balance e-33f01f74-326a4e7 e-heading-base\" \n\t\t \n\t\tdata-e-type=\"widget\" data-id=\"33f01f74\"\n\t>\n\t\n\t\t\tWzmocnienie aplikacji na Pixel 9 Pro\n\t\t<\/h2>\n\t\t\t\t\t\t\t\t<p class=\"paragraph-small e-paragraph-base\" data-interaction-id=\"61a6d5ba\"  data-e-type=\"widget\" data-id=\"61a6d5ba\">\n\t\t\t\t\t\t\t\tAplikacje zapewniaj\u0105ce prywatno\u015b\u0107 podlegaj\u0105 indywidualnej konfiguracji na ka\u017cdym urz\u0105dzeniu:<br><br>- Struktury uprawnie\u0144 zminimalizowane dla ka\u017cdej aplikacji<br>- Procesy dzia\u0142aj\u0105ce w tle ograniczone, aby zapobiec wyciekowi danych<br>- Zachowanie sieci kontrolowane na poziomie aplikacji<br>- Piaskownica wymuszona mi\u0119dzy aplikacjami<br>- Dost\u0119p do pami\u0119ci masowej odizolowany w celu ochrony wra\u017cliwych danych<br><br>To praktyczne podej\u015bcie zapewnia, \u017ce ka\u017cdy Pixel 9 Pro spe\u0142nia profesjonalne wymagania bezpiecze\u0144stwa.\n\t\t\t\t\t<\/p>\n\t\t\t\t\t\t\t<h2 \n\t\tdata-interaction-id=\"1c2e0f9e\" \n\t\tclass=\"text-balance e-1c2e0f9e-2dc8eb1 e-heading-base\" \n\t\t \n\t\tdata-e-type=\"widget\" data-id=\"1c2e0f9e\"\n\t>\n\t\n\t\t\tSzyfrowana \u0142\u0105czno\u015b\u0107 VPN\n\t\t<\/h2>\n\t\t\t\t\t\t\t\t<p class=\"paragraph-small e-paragraph-base\" data-interaction-id=\"447c11ae\"  data-e-type=\"widget\" data-id=\"447c11ae\">\n\t\t\t\t\t\t\t\tWybierz preferowanego dostawc\u0119 podczas p\u0142atno\u015bci:<br><br>- Mullvad - anonimowe konta, brak rejestracji e-mail, szwedzka jurysdykcja<br>- iVPN - routing multi-hop, audytowany klient open-source, siedziba na Gibraltarze<br>- ProtonVPN - szwajcarska ochrona prawna, routing Secure Core Network<br><br>Twoja sie\u0107 VPN jest instalowana, konfigurowana i weryfikowana przed wysy\u0142k\u0105. Szyfrowanie aktywuje si\u0119 automatycznie przy wszystkich po\u0142\u0105czeniach sieciowych. \n\t\t\t\t\t<\/p>\n\t\t\t\t\t\t\t<h2 \n\t\tdata-interaction-id=\"6d18f55\" \n\t\tclass=\"text-balance e-6d18f55-223e341 e-heading-base\" \n\t\t \n\t\tdata-e-type=\"widget\" data-id=\"6d18f55\"\n\t>\n\t\n\t\t\tPreinstalowane narz\u0119dzia do ochrony prywatno\u015bci w Google Pixel 9 Pro\n\t\t<\/h2>\n\t\t\t\t\t\t\t\t<p class=\"paragraph-small e-paragraph-base\" data-interaction-id=\"3e8ff1\"  data-e-type=\"widget\" data-id=\"3e8ff1\">\n\t\t\t\t\t\t\t\tBezpieczna sie\u0107<br>- Orbot - kieruje ruch przez sie\u0107 Tor, gdy wymagana jest anonimowo\u015b\u0107<br>- Premium VPN - wybrany przez Ciebie dostawca, skonfigurowany i przetestowany<br><br>Prywatne przegl\u0105danie<br>- Firefox Focus - domy\u015blnie blokuje trackery, automatycznie czy\u015bci dane sesji.<br><br>Dost\u0119p do aplikacji<br>- Aurora Store - pobieraj aplikacje ze Sklepu Play bez konta Google<br>- F-Droid - wyselekcjonowane repozytorium aplikacji open-source<br><br>Bezpieczna komunikacja<br>- Molly - wzmocniony fork Signal z ulepszonymi funkcjami bezpiecze\u0144stwa<br>- Threema - szwajcarski komunikator zgodny z RODO<br>- SimpleX - zdecentralizowany komunikator bez numer\u00f3w telefon\u00f3w i identyfikator\u00f3w u\u017cytkownik\u00f3w<br><br>Produktywno\u015b\u0107<br>- Standard Notes - kompleksowe szyfrowanie notatek<br>- eM Client - zarz\u0105dzanie poczt\u0105 e-mail bez \u015bledzenia platformy\n\t\t\t\t\t<\/p>\n\t\t\t\t\t\t\t<h2 \n\t\tdata-interaction-id=\"3ff338e7\" \n\t\tclass=\"text-balance e-3ff338e7-7cdda18 e-heading-base\" \n\t\t \n\t\tdata-e-type=\"widget\" data-id=\"3ff338e7\"\n\t>\n\t\n\t\t\tCo wyr\u00f3\u017cnia Cryptvice na tle innych firm?\n\t\t<\/h2>\n\t\t\t\t\t\t\t\t<p class=\"paragraph-small e-paragraph-base\" data-interaction-id=\"71d3584c\"  data-e-type=\"widget\" data-id=\"71d3584c\">\n\t\t\t\t\t\t\t\t- Indywidualna konfiguracja urz\u0105dzenia - ka\u017cdy telefon przygotowywany r\u0119cznie<br>- Weryfikacja bezpiecze\u0144stwa - testowane przed ka\u017cd\u0105 wysy\u0142k\u0105<br>- Dyskretne opakowanie - brak widocznego brandingu przy dostawie<br>- P\u0142atno\u015bci kryptowalutowe - dost\u0119pne opcje anonimowego zakupu<br>- Operacje w UE - wysy\u0142ane z Hiszpanii z mo\u017cliwo\u015bci\u0105 \u015bledzenia<br>- Wsparcie ekspert\u00f3w - 30-dniowa pomoc od codziennych u\u017cytkownik\u00f3w GrapheneOS\n\t\t\t\t\t<\/p>\n\t\t\t\t\t\t\t<h2 \n\t\tdata-interaction-id=\"3e84da4f\" \n\t\tclass=\"text-balance e-3e84da4f-4ea571e e-heading-base\" \n\t\t \n\t\tdata-e-type=\"widget\" data-id=\"3e84da4f\"\n\t>\n\t\n\t\t\tWysy\u0142ka i gwarancja\n\t\t<\/h2>\n\t\t\t\t\t\t\t\t<p class=\"paragraph-small e-paragraph-base\" data-interaction-id=\"5c59526a\"  data-e-type=\"widget\" data-id=\"5c59526a\">\n\t\t\t\t\t\t\t\tZam\u00f3wienia s\u0105 wysy\u0142ane w ci\u0105gu 1 dnia roboczego. Szczeg\u00f3\u0142y \u015bledzenia przesy\u0142ek otrzymasz w wiadomo\u015bci e-mail. <br><br>Zwroty wadliwych urz\u0105dze\u0144 s\u0105 akceptowane na terenie Hiszpanii. Zwroty innych ni\u017c wadliwe urz\u0105dze\u0144 podlegaj\u0105 kosztom wysy\u0142ki zwrotnej. Obowi\u0105zuje standardowa gwarancja sprz\u0119towa Google. Konfiguracja oprogramowania jest obj\u0119ta profesjonaln\u0105 us\u0142ug\u0105.   \n\t\t\t\t\t<\/p>\n\t\t\t\t\t\t\t\t<p class=\"paragraph-small button-dark-icon e-52cb4785-8979a70 e-paragraph-base\" data-interaction-id=\"52cb4785\"  data-e-type=\"widget\" data-id=\"52cb4785\">\n\t\t\t\t\t\t\t<a\n\t\t\t\t\t\t\t\t\t\thref=\"https:\/\/www.cryptvice.com\/pl\/help-and-support\/\"\n\t\t\t\t\ttarget=\"_self\"\n\t\t\t\t\tclass=\"e-paragraph-link-base\"\n\t\t\t\t>\n\t\t\t\t\t\tMasz pytania? Zobacz najcz\u0119\u015bciej zadawane pytania dotycz\u0105ce pomocy i wsparcia \n\t\t\t\t<\/a>\n\t\t\t\t\t<\/p>\n\t\t\t\t\t<\/div>\n\t\t\t\t<\/div>\n\t\t\t\t<\/div>\n\t\t","protected":false},"excerpt":{"rendered":"<p>Google Pixel 9 Pro GrapheneOS to nasza najbardziej kompletna wersja Pixela 9. Tensor G4, 16 GB pami\u0119ci RAM, potr\u00f3jny aparat - i ten sam stos zabezpiecze\u0144 na ca\u0142ej p\u0142ycie. Je\u015bli chcesz uzyska\u0107 pe\u0142ny pakiet od generacji Pixel 9, to jest to.  <\/p>\n<p>\u2713 Preinstalowany GrapheneOS - bez Google, bez \u015bledzenia<br \/>\n\u2713 Aktywowane Signal, Molly i Threema z wirtualnym numerem<br \/>\n\u2713 Premium VPN + podw\u00f3jny profil z pe\u0142nym hartowaniem<br \/>\n\u2713 W\u0142\u0105czona blokada danych USB i wymazywanie danych pod przymusem<\/p>\n","protected":false},"featured_media":63531,"comment_status":"closed","ping_status":"closed","template":"","meta":[],"product_brand":[],"product_cat":[108],"product_tag":[],"class_list":{"0":"post-63524","1":"product","2":"type-product","3":"status-publish","4":"has-post-thumbnail","6":"product_cat-accessoires","8":"first","9":"instock","10":"featured","11":"taxable","12":"shipping-taxable","13":"purchasable","14":"product-type-variable"},"_links":{"self":[{"href":"https:\/\/www.cryptvice.com\/pl\/wp-json\/wp\/v2\/product\/63524","targetHints":{"allow":["GET"]}}],"collection":[{"href":"https:\/\/www.cryptvice.com\/pl\/wp-json\/wp\/v2\/product"}],"about":[{"href":"https:\/\/www.cryptvice.com\/pl\/wp-json\/wp\/v2\/types\/product"}],"replies":[{"embeddable":true,"href":"https:\/\/www.cryptvice.com\/pl\/wp-json\/wp\/v2\/comments?post=63524"}],"version-history":[{"count":2,"href":"https:\/\/www.cryptvice.com\/pl\/wp-json\/wp\/v2\/product\/63524\/revisions"}],"predecessor-version":[{"id":71420,"href":"https:\/\/www.cryptvice.com\/pl\/wp-json\/wp\/v2\/product\/63524\/revisions\/71420"}],"wp:featuredmedia":[{"embeddable":true,"href":"https:\/\/www.cryptvice.com\/pl\/wp-json\/wp\/v2\/media\/63531"}],"wp:attachment":[{"href":"https:\/\/www.cryptvice.com\/pl\/wp-json\/wp\/v2\/media?parent=63524"}],"wp:term":[{"taxonomy":"product_brand","embeddable":true,"href":"https:\/\/www.cryptvice.com\/pl\/wp-json\/wp\/v2\/product_brand?post=63524"},{"taxonomy":"product_cat","embeddable":true,"href":"https:\/\/www.cryptvice.com\/pl\/wp-json\/wp\/v2\/product_cat?post=63524"},{"taxonomy":"product_tag","embeddable":true,"href":"https:\/\/www.cryptvice.com\/pl\/wp-json\/wp\/v2\/product_tag?post=63524"}],"curies":[{"name":"wp","href":"https:\/\/api.w.org\/{rel}","templated":true}]}}