{"id":63641,"date":"2025-06-09T05:57:24","date_gmt":"2025-06-09T03:57:24","guid":{"rendered":"https:\/\/www.cryptvice.com\/shop\/google-pixel-9a-grapheneos-vpn-encrypted\/"},"modified":"2026-04-02T10:43:48","modified_gmt":"2026-04-02T08:43:48","slug":"google-pixel-9a-grapheneos-vpn-encrypted","status":"publish","type":"product","link":"https:\/\/www.cryptvice.com\/pl\/shop\/google-pixel-9a-grapheneos-vpn-encrypted\/","title":{"rendered":"Google Pixel 9a szyfrowany przez GrapheneOS VPN"},"content":{"rendered":"\t\t<div data-elementor-type=\"product-post\" data-elementor-id=\"63641\" class=\"elementor elementor-63641 elementor-42911\" data-elementor-post-type=\"product\">\n\t\t\t\t<div class=\"wd-negative-gap elementor-element elementor-element-2d482aa e-flex e-con-boxed e-con e-parent\" data-id=\"2d482aa\" data-element_type=\"container\" data-e-type=\"container\">\n\t\t\t\t\t<div class=\"e-con-inner\">\n\t\t\t\t\t<\/div>\n\t\t\t\t<\/div>\n\t\t\t\t<\/div>\n\t\t","protected":false},"excerpt":{"rendered":"<p>Google Pixel 9a GrapheneOS ma ten sam uk\u0142ad Tensor G4 i uk\u0142ad zabezpieczaj\u0105cy Titan M2, co Pixel 9 Pro &#8211; w znacznie ni\u017cszej cenie. Kompromisem jest sprz\u0119t aparatu i pami\u0119\u0107 RAM, a nie bezpiecze\u0144stwo. Hartowanie jest identyczne w ca\u0142ej linii Pixel 9.  <\/p>\n<p>\u2713 Preinstalowany GrapheneOS &#8211; bez Google, bez \u015bledzenia<br \/>\n\u2713 Aktywowane Signal, Molly i Threema z wirtualnym numerem<br \/>\n\u2713 Premium VPN + podw\u00f3jny profil z pe\u0142nym hartowaniem<br \/>\n\u2713 W\u0142\u0105czona blokada danych USB i wymazywanie danych pod przymusem<\/p>\n","protected":false},"featured_media":63643,"comment_status":"closed","ping_status":"closed","template":"","meta":[],"product_brand":[],"product_cat":[108],"product_tag":[],"class_list":{"0":"post-63641","1":"product","2":"type-product","3":"status-publish","4":"has-post-thumbnail","6":"product_cat-accessoires","8":"first","9":"instock","10":"featured","11":"taxable","12":"shipping-taxable","13":"purchasable","14":"product-type-variable"},"_links":{"self":[{"href":"https:\/\/www.cryptvice.com\/pl\/wp-json\/wp\/v2\/product\/63641","targetHints":{"allow":["GET"]}}],"collection":[{"href":"https:\/\/www.cryptvice.com\/pl\/wp-json\/wp\/v2\/product"}],"about":[{"href":"https:\/\/www.cryptvice.com\/pl\/wp-json\/wp\/v2\/types\/product"}],"replies":[{"embeddable":true,"href":"https:\/\/www.cryptvice.com\/pl\/wp-json\/wp\/v2\/comments?post=63641"}],"version-history":[{"count":3,"href":"https:\/\/www.cryptvice.com\/pl\/wp-json\/wp\/v2\/product\/63641\/revisions"}],"predecessor-version":[{"id":71372,"href":"https:\/\/www.cryptvice.com\/pl\/wp-json\/wp\/v2\/product\/63641\/revisions\/71372"}],"wp:featuredmedia":[{"embeddable":true,"href":"https:\/\/www.cryptvice.com\/pl\/wp-json\/wp\/v2\/media\/63643"}],"wp:attachment":[{"href":"https:\/\/www.cryptvice.com\/pl\/wp-json\/wp\/v2\/media?parent=63641"}],"wp:term":[{"taxonomy":"product_brand","embeddable":true,"href":"https:\/\/www.cryptvice.com\/pl\/wp-json\/wp\/v2\/product_brand?post=63641"},{"taxonomy":"product_cat","embeddable":true,"href":"https:\/\/www.cryptvice.com\/pl\/wp-json\/wp\/v2\/product_cat?post=63641"},{"taxonomy":"product_tag","embeddable":true,"href":"https:\/\/www.cryptvice.com\/pl\/wp-json\/wp\/v2\/product_tag?post=63641"}],"curies":[{"name":"wp","href":"https:\/\/api.w.org\/{rel}","templated":true}]}}