{"id":64072,"date":"2025-08-07T15:16:13","date_gmt":"2025-08-07T13:16:13","guid":{"rendered":"https:\/\/www.cryptvice.com\/shop\/iphone-14-case-nillkin-camshield-camera-slider\/"},"modified":"2026-03-13T10:40:20","modified_gmt":"2026-03-13T08:40:20","slug":"iphone-14-case-nillkin-camshield-camera-slider","status":"publish","type":"product","link":"https:\/\/www.cryptvice.com\/pl\/shop\/iphone-14-case-nillkin-camshield-camera-slider\/","title":{"rendered":"Etui na iPhone&#8217;a 14 &#8211; Nillkin CamShield Camera Slider"},"content":{"rendered":"\t\t<div data-elementor-type=\"product-post\" data-elementor-id=\"64072\" class=\"elementor elementor-64072 elementor-48357\" data-elementor-post-type=\"product\">\n\t\t\t\t<div class=\"wd-negative-gap elementor-element elementor-element-13bea9be e-flex e-con-boxed e-con e-parent\" data-id=\"13bea9be\" data-element_type=\"container\" data-e-type=\"container\">\n\t\t\t\t\t<div class=\"e-con-inner\">\n\t\t\t\t\t<\/div>\n\t\t\t\t<\/div>\n\t\t\t\t<\/div>\n\t\t","protected":false},"excerpt":{"rendered":"<p>Etui Nillkin do iPhone&#8217;a 14 z wbudowan\u0105 przesuwan\u0105 pokryw\u0105, kt\u00f3ra fizycznie blokuje oba tylne obiektywy po zamkni\u0119ciu. Ty\u0142 z poliw\u0119glanu i zderzak z TPU radz\u0105 sobie z codziennymi uderzeniami i zadrapaniami. <\/p>\n<p>\u2713 Wbudowana rozsuwana os\u0142ona chroni\u0105ca podw\u00f3jny aparat<br \/>\n\u2713 Tylny panel z PC z kraw\u0119dziami z TPU amortyzuj\u0105cymi wstrz\u0105sy<br \/>\n\u2713 Uniesione ramki aparatu i ekranu<br \/>\n\u2713 G\u0142adkie matowe wyko\u0144czenie &#8211; odporne na olej i odciski palc\u00f3w<br \/>\n\u2713 Dopasowanie do iPhone&#8217;a 14<\/p>\n","protected":false},"featured_media":11145,"comment_status":"closed","ping_status":"closed","template":"","meta":[],"product_brand":[],"product_cat":[1858],"product_tag":[],"class_list":{"0":"post-64072","1":"product","2":"type-product","3":"status-publish","4":"has-post-thumbnail","6":"product_cat-przypadek","7":"product_shipping_class-pakiet-skrzynki-pocztowej-narzedzia-ochrony-prywatnosci","9":"first","10":"instock","11":"taxable","12":"shipping-taxable","13":"purchasable","14":"product-type-simple"},"_links":{"self":[{"href":"https:\/\/www.cryptvice.com\/pl\/wp-json\/wp\/v2\/product\/64072","targetHints":{"allow":["GET"]}}],"collection":[{"href":"https:\/\/www.cryptvice.com\/pl\/wp-json\/wp\/v2\/product"}],"about":[{"href":"https:\/\/www.cryptvice.com\/pl\/wp-json\/wp\/v2\/types\/product"}],"replies":[{"embeddable":true,"href":"https:\/\/www.cryptvice.com\/pl\/wp-json\/wp\/v2\/comments?post=64072"}],"version-history":[{"count":0,"href":"https:\/\/www.cryptvice.com\/pl\/wp-json\/wp\/v2\/product\/64072\/revisions"}],"wp:featuredmedia":[{"embeddable":true,"href":"https:\/\/www.cryptvice.com\/pl\/wp-json\/wp\/v2\/media\/11145"}],"wp:attachment":[{"href":"https:\/\/www.cryptvice.com\/pl\/wp-json\/wp\/v2\/media?parent=64072"}],"wp:term":[{"taxonomy":"product_brand","embeddable":true,"href":"https:\/\/www.cryptvice.com\/pl\/wp-json\/wp\/v2\/product_brand?post=64072"},{"taxonomy":"product_cat","embeddable":true,"href":"https:\/\/www.cryptvice.com\/pl\/wp-json\/wp\/v2\/product_cat?post=64072"},{"taxonomy":"product_tag","embeddable":true,"href":"https:\/\/www.cryptvice.com\/pl\/wp-json\/wp\/v2\/product_tag?post=64072"}],"curies":[{"name":"wp","href":"https:\/\/api.w.org\/{rel}","templated":true}]}}