{"id":64975,"date":"2025-06-13T11:30:17","date_gmt":"2025-06-13T09:30:17","guid":{"rendered":"https:\/\/www.cryptvice.com\/shop\/iphone-14-plus-privacy-screen-protector\/"},"modified":"2026-03-13T10:44:26","modified_gmt":"2026-03-13T08:44:26","slug":"iphone-14-plus-privacy-screen-protector","status":"publish","type":"product","link":"https:\/\/www.cryptvice.com\/pl\/shop\/iphone-14-plus-privacy-screen-protector\/","title":{"rendered":"iPhone 14 Plus &#8211; os\u0142ona ekranu zapewniaj\u0105ca prywatno\u015b\u0107"},"content":{"rendered":"\t\t<div data-elementor-type=\"product-post\" data-elementor-id=\"64975\" class=\"elementor elementor-64975 elementor-43608\" data-elementor-post-type=\"product\">\n\t\t\t\t<div class=\"wd-negative-gap elementor-element elementor-element-761e2ec7 e-flex e-con-boxed e-con e-parent\" data-id=\"761e2ec7\" data-element_type=\"container\" data-e-type=\"container\">\n\t\t\t\t\t<div class=\"e-con-inner\">\n\t\t\t\t\t<\/div>\n\t\t\t\t<\/div>\n\t\t\t\t<\/div>\n\t\t","protected":false},"excerpt":{"rendered":"<p>iPhone 14 Plus &#8211; ochrona ekranu z filtrem antyszpiegowskim i wysuwan\u0105 os\u0142on\u0105 przedniego aparatu. Du\u017cy 6,7-calowy wy\u015bwietlacz jest \u0142atwy do odczytania pod szerokim k\u0105tem &#8211; to szk\u0142o to naprawia. Suwak aparatu fizycznie blokuje przedni obiektyw. Face ID dzia\u0142a normalnie.   <\/p>\n<p>\u2713 Szk\u0142o hartowane 9H z warstw\u0105 zapewniaj\u0105c\u0105 prywatno\u015b\u0107 z mikro-\u017caluzjami<br \/>\n\u2713 Suwak przedniej kamery wbudowany w szk\u0142o<br \/>\n\u2713 Brak wp\u0142ywu na rozpoznawanie twarzy<br \/>\n\u2713 Odporna na odciski palc\u00f3w oleofobowa powierzchnia<br \/>\n\u2713 Precyzyjne dopasowanie do iPhone&#8217;a 14 Plus<\/p>\n","protected":false},"featured_media":45916,"comment_status":"closed","ping_status":"closed","template":"","meta":[],"product_brand":[],"product_cat":[2445],"product_tag":[],"class_list":{"0":"post-64975","1":"product","2":"type-product","3":"status-publish","4":"has-post-thumbnail","6":"product_cat-ochraniacze-ekranu","7":"product_shipping_class-pakiet-skrzynki-pocztowej-narzedzia-ochrony-prywatnosci","9":"first","10":"instock","11":"taxable","12":"shipping-taxable","13":"purchasable","14":"product-type-simple"},"_links":{"self":[{"href":"https:\/\/www.cryptvice.com\/pl\/wp-json\/wp\/v2\/product\/64975","targetHints":{"allow":["GET"]}}],"collection":[{"href":"https:\/\/www.cryptvice.com\/pl\/wp-json\/wp\/v2\/product"}],"about":[{"href":"https:\/\/www.cryptvice.com\/pl\/wp-json\/wp\/v2\/types\/product"}],"replies":[{"embeddable":true,"href":"https:\/\/www.cryptvice.com\/pl\/wp-json\/wp\/v2\/comments?post=64975"}],"version-history":[{"count":0,"href":"https:\/\/www.cryptvice.com\/pl\/wp-json\/wp\/v2\/product\/64975\/revisions"}],"wp:featuredmedia":[{"embeddable":true,"href":"https:\/\/www.cryptvice.com\/pl\/wp-json\/wp\/v2\/media\/45916"}],"wp:attachment":[{"href":"https:\/\/www.cryptvice.com\/pl\/wp-json\/wp\/v2\/media?parent=64975"}],"wp:term":[{"taxonomy":"product_brand","embeddable":true,"href":"https:\/\/www.cryptvice.com\/pl\/wp-json\/wp\/v2\/product_brand?post=64975"},{"taxonomy":"product_cat","embeddable":true,"href":"https:\/\/www.cryptvice.com\/pl\/wp-json\/wp\/v2\/product_cat?post=64975"},{"taxonomy":"product_tag","embeddable":true,"href":"https:\/\/www.cryptvice.com\/pl\/wp-json\/wp\/v2\/product_tag?post=64975"}],"curies":[{"name":"wp","href":"https:\/\/api.w.org\/{rel}","templated":true}]}}