{"id":65024,"date":"2025-03-25T11:15:56","date_gmt":"2025-03-25T09:15:56","guid":{"rendered":"https:\/\/www.cryptvice.com\/shop\/pixel-9-privacy-screen-protector\/"},"modified":"2026-03-13T10:44:52","modified_gmt":"2026-03-13T08:44:52","slug":"pixel-9-privacy-screen-protector","status":"publish","type":"product","link":"https:\/\/www.cryptvice.com\/pl\/shop\/pixel-9-privacy-screen-protector\/","title":{"rendered":"Pixel 9 &#8211; Ochrona ekranu zapewniaj\u0105ca prywatno\u015b\u0107"},"content":{"rendered":"\t\t<div data-elementor-type=\"product-post\" data-elementor-id=\"65024\" class=\"elementor elementor-65024 elementor-42253\" data-elementor-post-type=\"product\">\n\t\t\t\t<div class=\"wd-negative-gap elementor-element elementor-element-405438c1 e-flex e-con-boxed e-con e-parent\" data-id=\"405438c1\" data-element_type=\"container\" data-e-type=\"container\">\n\t\t\t\t\t<div class=\"e-con-inner\">\n\t\t\t\t\t<\/div>\n\t\t\t\t<\/div>\n\t\t\t\t<\/div>\n\t\t","protected":false},"excerpt":{"rendered":"<p>Ochrona prywatno\u015bci ekranu Google Pixel 9 ogranicza widoczno\u015b\u0107 ekranu do oko\u0142o 28 stopni. Tw\u00f3j wy\u015bwietlacz wygl\u0105da normalnie z przodu i staje si\u0119 ciemny z bok\u00f3w. Wsp\u00f3\u0142pracuje z ultrad\u017awi\u0119kowym czujnikiem odcisk\u00f3w palc\u00f3w i Face Unlock &#8211; nie zak\u0142\u00f3ca biometrii.  <\/p>\n<p>\u2713 Szk\u0142o hartowane 9H z filtrem prywatno\u015bci z mikro-\u017caluzj\u0105<br \/>\n\u2713 Obs\u0142uga ultrad\u017awi\u0119kowych linii papilarnych i Face Unlock<br \/>\n\u2713 Pow\u0142oka oleofobowa zapobiegaj\u0105ca powstawaniu smug<br \/>\n\u2713 Czysty monta\u017c bez p\u0119cherzyk\u00f3w powietrza<br \/>\n\u2713 Precyzyjne dopasowanie do Google Pixel 9<\/p>\n","protected":false},"featured_media":45908,"comment_status":"open","ping_status":"closed","template":"","meta":[],"product_brand":[],"product_cat":[2445],"product_tag":[],"class_list":{"0":"post-65024","1":"product","2":"type-product","3":"status-publish","4":"has-post-thumbnail","6":"product_cat-ochraniacze-ekranu","7":"product_shipping_class-pakiet-skrzynki-pocztowej-narzedzia-ochrony-prywatnosci","9":"first","10":"onbackorder","11":"taxable","12":"shipping-taxable","13":"purchasable","14":"product-type-simple"},"_links":{"self":[{"href":"https:\/\/www.cryptvice.com\/pl\/wp-json\/wp\/v2\/product\/65024","targetHints":{"allow":["GET"]}}],"collection":[{"href":"https:\/\/www.cryptvice.com\/pl\/wp-json\/wp\/v2\/product"}],"about":[{"href":"https:\/\/www.cryptvice.com\/pl\/wp-json\/wp\/v2\/types\/product"}],"replies":[{"embeddable":true,"href":"https:\/\/www.cryptvice.com\/pl\/wp-json\/wp\/v2\/comments?post=65024"}],"version-history":[{"count":0,"href":"https:\/\/www.cryptvice.com\/pl\/wp-json\/wp\/v2\/product\/65024\/revisions"}],"wp:featuredmedia":[{"embeddable":true,"href":"https:\/\/www.cryptvice.com\/pl\/wp-json\/wp\/v2\/media\/45908"}],"wp:attachment":[{"href":"https:\/\/www.cryptvice.com\/pl\/wp-json\/wp\/v2\/media?parent=65024"}],"wp:term":[{"taxonomy":"product_brand","embeddable":true,"href":"https:\/\/www.cryptvice.com\/pl\/wp-json\/wp\/v2\/product_brand?post=65024"},{"taxonomy":"product_cat","embeddable":true,"href":"https:\/\/www.cryptvice.com\/pl\/wp-json\/wp\/v2\/product_cat?post=65024"},{"taxonomy":"product_tag","embeddable":true,"href":"https:\/\/www.cryptvice.com\/pl\/wp-json\/wp\/v2\/product_tag?post=65024"}],"curies":[{"name":"wp","href":"https:\/\/api.w.org\/{rel}","templated":true}]}}