{"id":65084,"date":"2025-03-25T11:13:08","date_gmt":"2025-03-25T09:13:08","guid":{"rendered":"https:\/\/www.cryptvice.com\/shop\/pixel-9a-privacy-screen-protector\/"},"modified":"2026-03-13T10:45:17","modified_gmt":"2026-03-13T08:45:17","slug":"pixel-9a-privacy-screen-protector","status":"publish","type":"product","link":"https:\/\/www.cryptvice.com\/pl\/shop\/pixel-9a-privacy-screen-protector\/","title":{"rendered":"Pixel 9a &#8211; Ochrona ekranu zapewniaj\u0105ca prywatno\u015b\u0107"},"content":{"rendered":"\t\t<div data-elementor-type=\"product-post\" data-elementor-id=\"65084\" class=\"elementor elementor-65084 elementor-42246\" data-elementor-post-type=\"product\">\n\t\t\t\t<div class=\"wd-negative-gap elementor-element elementor-element-2dda6ce e-flex e-con-boxed e-con e-parent\" data-id=\"2dda6ce\" data-element_type=\"container\" data-e-type=\"container\">\n\t\t\t\t\t<div class=\"e-con-inner\">\n\t\t\t\t\t<\/div>\n\t\t\t\t<\/div>\n\t\t\t\t<\/div>\n\t\t","protected":false},"excerpt":{"rendered":"<p>Ochraniacz ekranu Google Pixel 9a sprawia, \u017ce Tw\u00f3j ekran jest nieczytelny z bok\u00f3w dzi\u0119ki technologii mikro-\u017caluzji. Przejrzysto\u015b\u0107 ekranu jest w pe\u0142ni zachowana. Wszystkie funkcje biometryczne, w tym czytnik linii papilarnych i Face Unlock, dzia\u0142aj\u0105 przez szk\u0142o bez op\u00f3\u017anie\u0144.  <\/p>\n<p>\u2713 Szk\u0142o hartowane 9H z filtrem antyszpiegowskim ~28\u00b0<br \/>\n\u2713 Czujnik linii papilarnych i Face Unlock w pe\u0142ni kompatybilne<br \/>\n\u2713 Odporna na odciski palc\u00f3w oleofobowa powierzchnia<br \/>\n\u2713 Bezb\u0105belkowa instalacja po wyj\u0119ciu z pude\u0142ka<br \/>\n\u2713 Zaprojektowany dla Google Pixel 9a<\/p>\n","protected":false},"featured_media":45882,"comment_status":"open","ping_status":"closed","template":"","meta":[],"product_brand":[],"product_cat":[2445],"product_tag":[],"class_list":{"0":"post-65084","1":"product","2":"type-product","3":"status-publish","4":"has-post-thumbnail","6":"product_cat-ochraniacze-ekranu","7":"product_shipping_class-pakiet-skrzynki-pocztowej-narzedzia-ochrony-prywatnosci","9":"first","10":"onbackorder","11":"taxable","12":"shipping-taxable","13":"purchasable","14":"product-type-simple"},"_links":{"self":[{"href":"https:\/\/www.cryptvice.com\/pl\/wp-json\/wp\/v2\/product\/65084","targetHints":{"allow":["GET"]}}],"collection":[{"href":"https:\/\/www.cryptvice.com\/pl\/wp-json\/wp\/v2\/product"}],"about":[{"href":"https:\/\/www.cryptvice.com\/pl\/wp-json\/wp\/v2\/types\/product"}],"replies":[{"embeddable":true,"href":"https:\/\/www.cryptvice.com\/pl\/wp-json\/wp\/v2\/comments?post=65084"}],"version-history":[{"count":0,"href":"https:\/\/www.cryptvice.com\/pl\/wp-json\/wp\/v2\/product\/65084\/revisions"}],"wp:featuredmedia":[{"embeddable":true,"href":"https:\/\/www.cryptvice.com\/pl\/wp-json\/wp\/v2\/media\/45882"}],"wp:attachment":[{"href":"https:\/\/www.cryptvice.com\/pl\/wp-json\/wp\/v2\/media?parent=65084"}],"wp:term":[{"taxonomy":"product_brand","embeddable":true,"href":"https:\/\/www.cryptvice.com\/pl\/wp-json\/wp\/v2\/product_brand?post=65084"},{"taxonomy":"product_cat","embeddable":true,"href":"https:\/\/www.cryptvice.com\/pl\/wp-json\/wp\/v2\/product_cat?post=65084"},{"taxonomy":"product_tag","embeddable":true,"href":"https:\/\/www.cryptvice.com\/pl\/wp-json\/wp\/v2\/product_tag?post=65084"}],"curies":[{"name":"wp","href":"https:\/\/api.w.org\/{rel}","templated":true}]}}