{"id":65169,"date":"2024-08-05T23:11:27","date_gmt":"2024-08-05T21:11:27","guid":{"rendered":"https:\/\/www.cryptvice.com\/shop\/google-pixel-8-pro-grapheneos-vpn-encrypted\/"},"modified":"2026-03-13T10:46:25","modified_gmt":"2026-03-13T08:46:25","slug":"google-pixel-8-pro-grapheneos-vpn-encrypted","status":"publish","type":"product","link":"https:\/\/www.cryptvice.com\/pl\/shop\/google-pixel-8-pro-grapheneos-vpn-encrypted\/","title":{"rendered":"Google Pixel 8 Pro GrapheneOS VPN Szyfrowany"},"content":{"rendered":"\t\t<div data-elementor-type=\"product-post\" data-elementor-id=\"65169\" class=\"elementor elementor-65169 elementor-20936\" data-elementor-post-type=\"product\">\n\t\t\t\t<div class=\"wd-negative-gap elementor-element elementor-element-3ce95c01 e-flex e-con-boxed e-con e-parent\" data-id=\"3ce95c01\" data-element_type=\"container\" data-e-type=\"container\">\n\t\t\t\t\t<div class=\"e-con-inner\">\n\t\t\t\t\t<\/div>\n\t\t\t\t<\/div>\n\t\t\t\t<\/div>\n\t\t","protected":false},"excerpt":{"rendered":"<p><em>Profesjonalnie skonfigurowany smartfon do ochrony prywatno\u015bci<\/em><\/p>\n<p>Google Pixel 8 Pro z systemem GrapheneOS zapewnia\u0142 flagow\u0105 wydajno\u015b\u0107 w po\u0142\u0105czeniu z systemem operacyjnym chroni\u0105cym prywatno\u015b\u0107. Model ten zosta\u0142 zast\u0105piony przez Pixel 9 Pro w naszej obecnej ofercie. <\/p>\n<p>\u2713 Sprz\u0119t Google Pixel 8 Pro<br \/>\n\u2713 Preinstalowany i skonfigurowany system GrapheneOS<br \/>\n\u2713 Aktywowana i gotowa subskrypcja VPN<br \/>\n\u2713 Zastosowane zabezpieczenia<br \/>\n\u2713 Aktualizacje zabezpiecze\u0144 do 2030 r.<\/p>\n<p><a href=\"https:\/\/www.cryptvice.com\/pl\/shop\/google-pixel-9-pro-grapheneos-vpn-encrypted\/\"><button>Google Pixel 9 Pro  <i class=\"fa-sharp fa-regular fa-arrow-right-long\"><\/i><\/button><\/a><\/p>\n<p>Szukasz opcji bud\u017cetowej? Pixel 9a oferuje identyczne bezpiecze\u0144stwo w ni\u017cszej cenie. <\/p>\n<p><a href=\"https:\/\/www.cryptvice.com\/shop\/google-pixel-9-a-grapheneos-vpn-encrypted\/\"><button>Google Pixel 9a  <i class=\"fa-sharp fa-regular fa-arrow-right-long\"><\/i><\/button><\/a><\/p>\n","protected":false},"featured_media":43918,"comment_status":"closed","ping_status":"closed","template":"","meta":[],"product_brand":[],"product_cat":[1285],"product_tag":[],"class_list":{"0":"post-65169","1":"product","2":"type-product","3":"status-publish","4":"has-post-thumbnail","6":"product_cat-cryptphoney","7":"product_shipping_class-maly-pakiet-telefon-router","9":"first","10":"outofstock","11":"taxable","12":"shipping-taxable","13":"purchasable","14":"product-type-variable","15":"has-default-attributes"},"_links":{"self":[{"href":"https:\/\/www.cryptvice.com\/pl\/wp-json\/wp\/v2\/product\/65169","targetHints":{"allow":["GET"]}}],"collection":[{"href":"https:\/\/www.cryptvice.com\/pl\/wp-json\/wp\/v2\/product"}],"about":[{"href":"https:\/\/www.cryptvice.com\/pl\/wp-json\/wp\/v2\/types\/product"}],"replies":[{"embeddable":true,"href":"https:\/\/www.cryptvice.com\/pl\/wp-json\/wp\/v2\/comments?post=65169"}],"version-history":[{"count":0,"href":"https:\/\/www.cryptvice.com\/pl\/wp-json\/wp\/v2\/product\/65169\/revisions"}],"wp:featuredmedia":[{"embeddable":true,"href":"https:\/\/www.cryptvice.com\/pl\/wp-json\/wp\/v2\/media\/43918"}],"wp:attachment":[{"href":"https:\/\/www.cryptvice.com\/pl\/wp-json\/wp\/v2\/media?parent=65169"}],"wp:term":[{"taxonomy":"product_brand","embeddable":true,"href":"https:\/\/www.cryptvice.com\/pl\/wp-json\/wp\/v2\/product_brand?post=65169"},{"taxonomy":"product_cat","embeddable":true,"href":"https:\/\/www.cryptvice.com\/pl\/wp-json\/wp\/v2\/product_cat?post=65169"},{"taxonomy":"product_tag","embeddable":true,"href":"https:\/\/www.cryptvice.com\/pl\/wp-json\/wp\/v2\/product_tag?post=65169"}],"curies":[{"name":"wp","href":"https:\/\/api.w.org\/{rel}","templated":true}]}}