{"id":65801,"date":"2024-06-25T17:56:00","date_gmt":"2024-06-25T15:56:00","guid":{"rendered":"https:\/\/www.cryptvice.com\/shop\/pixel-8a-case-nillkin-camshield-camera-slider\/"},"modified":"2026-03-13T12:40:45","modified_gmt":"2026-03-13T10:40:45","slug":"pixel-8a-case-nillkin-camshield-camera-slider","status":"publish","type":"product","link":"https:\/\/www.cryptvice.com\/pl\/shop\/pixel-8a-case-nillkin-camshield-camera-slider\/","title":{"rendered":"Etui na Pixel 8a &#8211; Nillkin CamShield Camera Slider"},"content":{"rendered":"\t\t<div data-elementor-type=\"product-post\" data-elementor-id=\"65801\" class=\"elementor elementor-65801 elementor-15855\" data-elementor-post-type=\"product\">\n\t\t\t\t<div class=\"wd-negative-gap elementor-element elementor-element-7c2e7037 e-flex e-con-boxed e-con e-parent\" data-id=\"7c2e7037\" data-element_type=\"container\" data-e-type=\"container\">\n\t\t\t\t\t<div class=\"e-con-inner\">\n\t\t\t\t\t<\/div>\n\t\t\t\t<\/div>\n\t\t\t\t<\/div>\n\t\t","protected":false},"excerpt":{"rendered":"<p>Etui Nillkin CamShield do Google Pixel 8a ze zintegrowan\u0105 przesuwan\u0105 os\u0142on\u0105 aparatu. Konstrukcja z PC i TPU chroni przed codziennymi upadkami i zu\u017cyciem. Przesu\u0144 pokryw\u0119, aby zablokowa\u0107 lub ods\u0142oni\u0107 tyln\u0105 kamer\u0119 jednym ruchem.  <\/p>\n<p>\u2713 Przesuwana os\u0142ona aparatu dla fizycznej ochrony obiektywu<br \/>\n\u2713 Twardy ty\u0142 PC w po\u0142\u0105czeniu z kraw\u0119dziami zderzaka TPU<br \/>\n\u2713 Uniesione kraw\u0119dzie aparatu i ekranu zapobiegaj\u0105 kontaktowi z powierzchni\u0105<br \/>\n\u2713 G\u0142adkie matowe wyko\u0144czenie &#8211; odporne na oleje i odciski palc\u00f3w<br \/>\n\u2713 Przeznaczony dla Google Pixel 8a<\/p>\n","protected":false},"featured_media":21486,"comment_status":"closed","ping_status":"closed","template":"","meta":[],"product_brand":[],"product_cat":[1858],"product_tag":[],"class_list":{"0":"post-65801","1":"product","2":"type-product","3":"status-publish","4":"has-post-thumbnail","6":"product_cat-przypadek","7":"product_shipping_class-pakiet-skrzynki-pocztowej-narzedzia-ochrony-prywatnosci","9":"first","10":"onbackorder","11":"taxable","12":"shipping-taxable","13":"purchasable","14":"product-type-simple"},"_links":{"self":[{"href":"https:\/\/www.cryptvice.com\/pl\/wp-json\/wp\/v2\/product\/65801","targetHints":{"allow":["GET"]}}],"collection":[{"href":"https:\/\/www.cryptvice.com\/pl\/wp-json\/wp\/v2\/product"}],"about":[{"href":"https:\/\/www.cryptvice.com\/pl\/wp-json\/wp\/v2\/types\/product"}],"replies":[{"embeddable":true,"href":"https:\/\/www.cryptvice.com\/pl\/wp-json\/wp\/v2\/comments?post=65801"}],"version-history":[{"count":0,"href":"https:\/\/www.cryptvice.com\/pl\/wp-json\/wp\/v2\/product\/65801\/revisions"}],"wp:featuredmedia":[{"embeddable":true,"href":"https:\/\/www.cryptvice.com\/pl\/wp-json\/wp\/v2\/media\/21486"}],"wp:attachment":[{"href":"https:\/\/www.cryptvice.com\/pl\/wp-json\/wp\/v2\/media?parent=65801"}],"wp:term":[{"taxonomy":"product_brand","embeddable":true,"href":"https:\/\/www.cryptvice.com\/pl\/wp-json\/wp\/v2\/product_brand?post=65801"},{"taxonomy":"product_cat","embeddable":true,"href":"https:\/\/www.cryptvice.com\/pl\/wp-json\/wp\/v2\/product_cat?post=65801"},{"taxonomy":"product_tag","embeddable":true,"href":"https:\/\/www.cryptvice.com\/pl\/wp-json\/wp\/v2\/product_tag?post=65801"}],"curies":[{"name":"wp","href":"https:\/\/api.w.org\/{rel}","templated":true}]}}