{"id":65849,"date":"2024-06-25T17:55:23","date_gmt":"2024-06-25T15:55:23","guid":{"rendered":"https:\/\/www.cryptvice.com\/shop\/pixel-8-case-nillkin-camshield-camera-slider\/"},"modified":"2026-03-13T12:41:10","modified_gmt":"2026-03-13T10:41:10","slug":"pixel-8-case-nillkin-camshield-camera-slider","status":"publish","type":"product","link":"https:\/\/www.cryptvice.com\/pl\/shop\/pixel-8-case-nillkin-camshield-camera-slider\/","title":{"rendered":"Etui na Pixel 8 &#8211; Nillkin CamShield Camera Slider"},"content":{"rendered":"\t\t<div data-elementor-type=\"product-post\" data-elementor-id=\"65849\" class=\"elementor elementor-65849 elementor-15852\" data-elementor-post-type=\"product\">\n\t\t\t\t<div class=\"wd-negative-gap elementor-element elementor-element-34eca94a e-flex e-con-boxed e-con e-parent\" data-id=\"34eca94a\" data-element_type=\"container\" data-e-type=\"container\">\n\t\t\t\t\t<div class=\"e-con-inner\">\n\t\t\t\t\t<\/div>\n\t\t\t\t<\/div>\n\t\t\t\t<\/div>\n\t\t","protected":false},"excerpt":{"rendered":"<p>Etui Nillkin CamShield do Google Pixel 8 z wbudowan\u0105 przesuwan\u0105 os\u0142on\u0105 aparatu. Twardy ty\u0142 z poliw\u0119glanu i ramka amortyzuj\u0105ca z TPU chroni\u0105 przed upadkami i zadrapaniami. Zamknij suwak, aby fizycznie zablokowa\u0107 tylne kamery.  <\/p>\n<p>\u2713 Suwak aparatu zakrywa jednocze\u015bnie oba tylne obiektywy<br \/>\n\u2713 Tylny panel z PC z absorbuj\u0105cymi wstrz\u0105sy kraw\u0119dziami z TPU<br \/>\n\u2713 Uniesiona kraw\u0119d\u017a chroni ekran i aparat przed p\u0142askimi upadkami<br \/>\n\u2713 Matowe wyko\u0144czenie &#8211; powierzchnia odporna na olej i odciski palc\u00f3w<br \/>\n\u2713 Precyzyjnie uformowany dla Google Pixel 8<\/p>\n","protected":false},"featured_media":21428,"comment_status":"closed","ping_status":"closed","template":"","meta":[],"product_brand":[],"product_cat":[1858],"product_tag":[],"class_list":{"0":"post-65849","1":"product","2":"type-product","3":"status-publish","4":"has-post-thumbnail","6":"product_cat-przypadek","7":"product_shipping_class-pakiet-skrzynki-pocztowej-narzedzia-ochrony-prywatnosci","9":"first","10":"onbackorder","11":"taxable","12":"shipping-taxable","13":"purchasable","14":"product-type-simple"},"_links":{"self":[{"href":"https:\/\/www.cryptvice.com\/pl\/wp-json\/wp\/v2\/product\/65849","targetHints":{"allow":["GET"]}}],"collection":[{"href":"https:\/\/www.cryptvice.com\/pl\/wp-json\/wp\/v2\/product"}],"about":[{"href":"https:\/\/www.cryptvice.com\/pl\/wp-json\/wp\/v2\/types\/product"}],"replies":[{"embeddable":true,"href":"https:\/\/www.cryptvice.com\/pl\/wp-json\/wp\/v2\/comments?post=65849"}],"version-history":[{"count":0,"href":"https:\/\/www.cryptvice.com\/pl\/wp-json\/wp\/v2\/product\/65849\/revisions"}],"wp:featuredmedia":[{"embeddable":true,"href":"https:\/\/www.cryptvice.com\/pl\/wp-json\/wp\/v2\/media\/21428"}],"wp:attachment":[{"href":"https:\/\/www.cryptvice.com\/pl\/wp-json\/wp\/v2\/media?parent=65849"}],"wp:term":[{"taxonomy":"product_brand","embeddable":true,"href":"https:\/\/www.cryptvice.com\/pl\/wp-json\/wp\/v2\/product_brand?post=65849"},{"taxonomy":"product_cat","embeddable":true,"href":"https:\/\/www.cryptvice.com\/pl\/wp-json\/wp\/v2\/product_cat?post=65849"},{"taxonomy":"product_tag","embeddable":true,"href":"https:\/\/www.cryptvice.com\/pl\/wp-json\/wp\/v2\/product_tag?post=65849"}],"curies":[{"name":"wp","href":"https:\/\/api.w.org\/{rel}","templated":true}]}}