{"id":66083,"date":"2024-05-15T20:46:57","date_gmt":"2024-05-15T19:46:57","guid":{"rendered":"https:\/\/www.cryptvice.com\/shop\/google-pixel-6a-grapheneos-vpn-encrypted\/"},"modified":"2026-04-02T10:43:04","modified_gmt":"2026-04-02T08:43:04","slug":"google-pixel-6a-grapheneos-vpn-encrypted","status":"publish","type":"product","link":"https:\/\/www.cryptvice.com\/pl\/shop\/google-pixel-6a-grapheneos-vpn-encrypted\/","title":{"rendered":"Google Pixel 6a GrapheneOS VPN szyfrowany"},"content":{"rendered":"\t\t<div data-elementor-type=\"product-post\" data-elementor-id=\"66083\" class=\"elementor elementor-66083 elementor-11326\" data-elementor-post-type=\"product\">\n\t\t\t\t<div class=\"wd-negative-gap elementor-element elementor-element-6629b222 e-flex e-con-boxed e-con e-parent\" data-id=\"6629b222\" data-element_type=\"container\" data-e-type=\"container\">\n\t\t\t\t\t<div class=\"e-con-inner\">\n\t\t\t\t\t\t\t<h2 \n\t\tdata-interaction-id=\"74b53546\" \n\t\tclass=\"e-74b53546-cd1330f e-heading-base\" \n\t\t \n\t\tdata-e-type=\"widget\" data-id=\"74b53546\"\n\t>\n\t\n\t\t\tInformacje o smartfonie Google Pixel 6a GrapheneOS\n\t\t<\/h2>\n\t\t\t\t\t\t\t\t<p class=\"paragraph-small e-paragraph-base\" data-interaction-id=\"5d2a4cc5\"  data-e-type=\"widget\" data-id=\"5d2a4cc5\">\n\t\t\t\t\t\t\t\tGoogle Pixel 6a GrapheneOS VPN Encrypted zapewnia prywatno\u015b\u0107 opart\u0105 na technologii Tensor w przyst\u0119pnej cenie. Skonfigurowany dla: <br><br>- Pierwsi u\u017cytkownicy GrapheneOS szukaj\u0105cy dost\u0119pnego punktu wej\u015bcia<br>- Nabywcy dbaj\u0105cy o bud\u017cet, wymagaj\u0105cy prawdziwej ochrony<br>- Studenci i naukowcy przetwarzaj\u0105cy poufne informacje<br>- U\u017cytkownicy urz\u0105dze\u0144 drugorz\u0119dnych potrzebuj\u0105cy dedykowanej bezpiecznej komunikacji<br>- Organizacje wdra\u017caj\u0105ce sprz\u0119t do ochrony prywatno\u015bci na du\u017c\u0105 skal\u0119<br><br>Pixel 6a zapewnia bezpiecze\u0144stwo Titan M2 w najbardziej przyst\u0119pnej cenie w naszej ofercie.\n\t\t\t\t\t<\/p>\n\t\t\t\t\t\t\t<h2 \n\t\tdata-interaction-id=\"1c1f9272\" \n\t\tclass=\"e-1c1f9272-14fb9d6 e-heading-base\" \n\t\t \n\t\tdata-e-type=\"widget\" data-id=\"1c1f9272\"\n\t>\n\t\n\t\t\tGrapheneOS na Pixelu 6a\n\t\t<\/h2>\n\t\t\t\t\t\t\t\t<p class=\"paragraph-small e-paragraph-base\" data-interaction-id=\"288c61c9\"  data-e-type=\"widget\" data-id=\"288c61c9\">\n\t\t\t\t\t\t\t\tKa\u017cdy Pixel 6a jest dostarczany z zainstalowanym i zweryfikowanym systemem GrapheneOS:<br><br>- Czysta instalacja z weryfikacj\u0105 integralno\u015bci<br>- Bootloader skonfigurowany do bezpiecznego dzia\u0142ania<br>- Us\u0142ugi Google ca\u0142kowicie usuni\u0119te<br>- System zabezpieczony przed typowymi lukami<br>- Bateria i wydajno\u015b\u0107 zoptymalizowane do codziennego u\u017cytku<br><br>Aktualizacje GrapheneOS b\u0119d\u0105 kontynuowane do 2027 roku, zapewniaj\u0105c ci\u0105g\u0142e ulepszenia bezpiecze\u0144stwa.\n\t\t\t\t\t<\/p>\n\t\t\t\t\t\t\t<h2 \n\t\tdata-interaction-id=\"5d24f95a\" \n\t\tclass=\"e-5d24f95a-d4f2a7a e-heading-base\" \n\t\t \n\t\tdata-e-type=\"widget\" data-id=\"5d24f95a\"\n\t>\n\t\n\t\t\tKonfiguracja zabezpiecze\u0144 na Pixelu 6a\n\t\t<\/h2>\n\t\t\t\t\t\t\t\t<p class=\"paragraph-small e-paragraph-base\" data-interaction-id=\"3d564f91\"  data-e-type=\"widget\" data-id=\"3d564f91\">\n\t\t\t\t\t\t\t\tAplikacje zapewniaj\u0105ce prywatno\u015b\u0107 s\u0105 konfigurowane indywidualnie na ka\u017cdym urz\u0105dzeniu:<br><br>- Uprawnienia s\u0105 sprawdzane i minimalizowane dla ka\u017cdej aplikacji<br>- Aktywno\u015b\u0107 w tle jest ograniczona do niezb\u0119dnych proces\u00f3w<br>- Dost\u0119p do sieci jest kontrolowany dla ka\u017cdej aplikacji<br>- Pami\u0119\u0107 masowa jest izolowana mi\u0119dzy aplikacjami<br><br>To r\u0119czne podej\u015bcie zapewnia sp\u00f3jn\u0105 ochron\u0119 na wszystkich przygotowywanych przez nas urz\u0105dzeniach Pixel 6a.\n\t\t\t\t\t<\/p>\n\t\t\t\t\t\t\t<h2 \n\t\tdata-interaction-id=\"6a302a3b\" \n\t\tclass=\"e-6a302a3b-8a9ccc9 e-heading-base\" \n\t\t \n\t\tdata-e-type=\"widget\" data-id=\"6a302a3b\"\n\t>\n\t\n\t\t\tOchrona VPN na Pixelu 6a\n\t\t<\/h2>\n\t\t\t\t\t\t\t\t<p class=\"paragraph-small e-paragraph-base\" data-interaction-id=\"3e540a97\"  data-e-type=\"widget\" data-id=\"3e540a97\">\n\t\t\t\t\t\t\t\tTw\u00f3j wybrany dostawca VPN zostanie zainstalowany i aktywowany:<br><br>- Mullvad - nie wymaga rejestracji, anonimowe p\u0142atno\u015bci<br>- iVPN - routing multi-hop, audytowana infrastruktura<br>- ProtonVPN - szwajcarskie prawa prywatno\u015bci, opcja Secure Core<br><br>Szyfrowanie ruchu rozpoczyna si\u0119 automatycznie, chroni\u0105c po\u0142\u0105czenia w dowolnej sieci.\n\t\t\t\t\t<\/p>\n\t\t\t\t\t\t\t<h2 \n\t\tdata-interaction-id=\"41c6b380\" \n\t\tclass=\"e-41c6b380-d02b63f e-heading-base\" \n\t\t \n\t\tdata-e-type=\"widget\" data-id=\"41c6b380\"\n\t>\n\t\n\t\t\tNarz\u0119dzia ochrony prywatno\u015bci w Google Pixel 6a\n\t\t<\/h2>\n\t\t\t\t\t\t\t\t<p class=\"paragraph-small e-paragraph-base\" data-interaction-id=\"d9df8ae\"  data-e-type=\"widget\" data-id=\"d9df8ae\">\n\t\t\t\t\t\t\t\tBezpieczna sie\u0107<br>- Orbot - anonimowe przegl\u0105danie przez Tor<br>- Premium VPN - skonfigurowany i zweryfikowany przed wysy\u0142k\u0105<br><br>Prywatne przegl\u0105danie<br>- Firefox Focus - ochrona przed \u015bledzeniem z automatycznym czyszczeniem<br><br>Dost\u0119p do aplikacji<br>- Aurora Store - anonimowe pobieranie aplikacji<br>- F-Droid - biblioteka aplikacji open-source<br><br>Bezpieczna komunikacja<br>- Molly - ulepszony komunikator Signal<br>- Threema - szwajcarski szyfrowany komunikator<br>- SimpleX - nie wymaga identyfikator\u00f3w<br><br>Produktywno\u015b\u0107<br>- Standard Notes - szyfrowane przechowywanie notatek<br>- eM Client - zarz\u0105dzanie prywatn\u0105 poczt\u0105 e-mail\n\t\t\t\t\t<\/p>\n\t\t\t\t\t\t\t<h2 \n\t\tdata-interaction-id=\"76208a41\" \n\t\tclass=\"e-76208a41-1618295 e-heading-base\" \n\t\t \n\t\tdata-e-type=\"widget\" data-id=\"76208a41\"\n\t>\n\t\n\t\t\tUs\u0142uga Cryptvice\n\t\t<\/h2>\n\t\t\t\t\t\t\t\t<p class=\"paragraph-small e-paragraph-base\" data-interaction-id=\"2ea6da98\"  data-e-type=\"widget\" data-id=\"2ea6da98\">\n\t\t\t\t\t\t\t\t- Ka\u017cde urz\u0105dzenie przygotowywane indywidualnie<br>- Bezpiecze\u0144stwo weryfikowane przed wysy\u0142k\u0105<br>- Opakowanie bez brandingu<br>- Mo\u017cliwo\u015b\u0107 p\u0142atno\u015bci kryptowalut\u0105<br>- Wysy\u0142ka z Hiszpanii<br>- Wsparcie u\u017cytkownik\u00f3w GrapheneOS\n\t\t\t\t\t<\/p>\n\t\t\t\t\t\t\t<h2 \n\t\tdata-interaction-id=\"5a63cc9f\" \n\t\tclass=\"e-5a63cc9f-19a71ae e-heading-base\" \n\t\t \n\t\tdata-e-type=\"widget\" data-id=\"5a63cc9f\"\n\t>\n\t\n\t\t\tWysy\u0142ka i zwroty\n\t\t<\/h2>\n\t\t\t\t\t\t\t\t<p class=\"paragraph-small e-paragraph-base\" data-interaction-id=\"822fea5\"  data-e-type=\"widget\" data-id=\"822fea5\">\n\t\t\t\t\t\t\t\tZam\u00f3wienia wysy\u0142ane s\u0105 w ci\u0105gu 1 dnia roboczego ze \u015bledzeniem.<br><br>Zwroty wadliwych urz\u0105dze\u0144 s\u0105 akceptowane na terenie Hiszpanii. W przypadku zwrot\u00f3w innych ni\u017c wadliwe wymagana jest op\u0142ata za przesy\u0142k\u0119 zwrotn\u0105. Gwarancja Google dotyczy sprz\u0119tu. Konfiguracja obj\u0119ta us\u0142ug\u0105.   \n\t\t\t\t\t<\/p>\n\t\t\t\t\t\t\t\t<p class=\"paragraph-small button-dark-icon e-7c98491f-a04e666 e-paragraph-base\" data-interaction-id=\"7c98491f\"  data-e-type=\"widget\" data-id=\"7c98491f\">\n\t\t\t\t\t\t\t<a\n\t\t\t\t\thref=\"https:\/\/www.cryptvice.com\/pl\/help-and-support\/\" target=\"_self\"\n\t\t\t\t\tclass=\"e-paragraph-link-base\"\n\t\t\t\t>\n\t\t\t\t\t\tMasz pytania? Zobacz najcz\u0119\u015bciej zadawane pytania dotycz\u0105ce pomocy i wsparcia \n\t\t\t\t<\/a>\n\t\t\t\t\t<\/p>\n\t\t\t\t\t<\/div>\n\t\t\t\t<\/div>\n\t\t\t\t<\/div>\n\t\t","protected":false},"excerpt":{"rendered":"<p>Google Pixel 6a GrapheneOS to najbardziej przyst\u0119pne cenowo urz\u0105dzenie w naszej ofercie z procesorem Tensor G1 i uk\u0142adem zabezpieczaj\u0105cym Titan M2. Starszy sprz\u0119t, ta sama enklawa bezpiecze\u0144stwa, to samo pe\u0142ne hartowanie GrapheneOS. W\u0142a\u015bciwy wyb\u00f3r, je\u015bli chcesz wyj\u015b\u0107 z ekosystemu nadzoru bez wydawania wi\u0119cej ni\u017c to konieczne.  <\/p>\n<p>\u2713 Preinstalowany GrapheneOS &#8211; bez Google, bez \u015bledzenia<br \/>\n\u2713 Aktywowane Signal, Molly i Threema z wirtualnym numerem<br \/>\n\u2713 Premium VPN + podw\u00f3jny profil z pe\u0142nym hartowaniem<br \/>\n\u2713 W\u0142\u0105czona blokada danych USB i wymazywanie danych pod przymusem<\/p>\n","protected":false},"featured_media":66086,"comment_status":"open","ping_status":"closed","template":"","meta":[],"product_brand":[],"product_cat":[6649,6570],"product_tag":[],"class_list":{"0":"post-66083","1":"product","2":"type-product","3":"status-publish","4":"has-post-thumbnail","6":"product_cat-cryptphones","7":"product_cat-accessoires","8":"pa_audio-connection-usb-c","9":"pa_battery-capacity-4410-mah","10":"pa_bluetooth-5-2","11":"pa_brand-google","12":"pa_camera-back-12-mp-ultra-wide","13":"pa_camera-back-12-2-mp-ois-pdaf","14":"pa_camera-front-8-mp-dual-camera","15":"pa_color-czarny-2","16":"pa_graphics-series-mali-g78-mp20","17":"pa_guaranteed-security-updates-27-jul-2027","18":"pa_manufacturer-guarantee-12-miesiecy-2","19":"pa_model-pixel-6a","20":"pa_operating-system-grapheneos","21":"pa_processor-hexa-core-2x-2-80-ghz","22":"pa_ram-size-6-gb","23":"pa_ram-type-lpddr5","24":"pa_release-years-21-jul-2022","25":"pa_resolution-2400-x-1080-pixels","26":"pa_screen-diagonal-6-1","27":"pa_screen-ppi-431-ppi","28":"pa_screen-ratio-wspolczynnik-proporcji-209-2","29":"pa_screen-refresh-rate-60hz","30":"pa_screen-type-oled","31":"pa_security-features-odblokowanie-oem-2","32":"pa_security-features-szyfrowana-siec-vpn-2","33":"pa_storage-128-gb","34":"pa_system-chip-google-tensor-5nm","35":"pa_vpn-cover-ivpn-12m","36":"pa_vpn-cover-ivpn-6m","37":"pa_vpn-cover-mullvad-12m","38":"pa_vpn-cover-mullvad-6m","39":"pa_vpn-cover-protonvpn-12m","41":"first","42":"instock","43":"taxable","44":"shipping-taxable","45":"purchasable","46":"product-type-variable"},"_links":{"self":[{"href":"https:\/\/www.cryptvice.com\/pl\/wp-json\/wp\/v2\/product\/66083","targetHints":{"allow":["GET"]}}],"collection":[{"href":"https:\/\/www.cryptvice.com\/pl\/wp-json\/wp\/v2\/product"}],"about":[{"href":"https:\/\/www.cryptvice.com\/pl\/wp-json\/wp\/v2\/types\/product"}],"replies":[{"embeddable":true,"href":"https:\/\/www.cryptvice.com\/pl\/wp-json\/wp\/v2\/comments?post=66083"}],"version-history":[{"count":2,"href":"https:\/\/www.cryptvice.com\/pl\/wp-json\/wp\/v2\/product\/66083\/revisions"}],"predecessor-version":[{"id":71338,"href":"https:\/\/www.cryptvice.com\/pl\/wp-json\/wp\/v2\/product\/66083\/revisions\/71338"}],"wp:featuredmedia":[{"embeddable":true,"href":"https:\/\/www.cryptvice.com\/pl\/wp-json\/wp\/v2\/media\/66086"}],"wp:attachment":[{"href":"https:\/\/www.cryptvice.com\/pl\/wp-json\/wp\/v2\/media?parent=66083"}],"wp:term":[{"taxonomy":"product_brand","embeddable":true,"href":"https:\/\/www.cryptvice.com\/pl\/wp-json\/wp\/v2\/product_brand?post=66083"},{"taxonomy":"product_cat","embeddable":true,"href":"https:\/\/www.cryptvice.com\/pl\/wp-json\/wp\/v2\/product_cat?post=66083"},{"taxonomy":"product_tag","embeddable":true,"href":"https:\/\/www.cryptvice.com\/pl\/wp-json\/wp\/v2\/product_tag?post=66083"}],"curies":[{"name":"wp","href":"https:\/\/api.w.org\/{rel}","templated":true}]}}