{"id":66433,"date":"2024-05-15T20:55:49","date_gmt":"2024-05-15T18:55:49","guid":{"rendered":"https:\/\/www.cryptvice.com\/shop\/google-pixel-7a-grapheneos-vpn-encrypted\/"},"modified":"2026-04-02T10:43:03","modified_gmt":"2026-04-02T08:43:03","slug":"google-pixel-7a-grapheneos-vpn-encrypted","status":"publish","type":"product","link":"https:\/\/www.cryptvice.com\/pl\/shop\/google-pixel-7a-grapheneos-vpn-encrypted\/","title":{"rendered":"Google Pixel 7a szyfrowany przez GrapheneOS VPN"},"content":{"rendered":"\t\t<div data-elementor-type=\"product-post\" data-elementor-id=\"66433\" class=\"elementor elementor-66433 elementor-11253\" data-elementor-post-type=\"product\">\n\t\t\t\t<div class=\"wd-negative-gap elementor-element elementor-element-7ec8d3af e-flex e-con-boxed e-con e-parent\" data-id=\"7ec8d3af\" data-element_type=\"container\" data-e-type=\"container\">\n\t\t\t\t\t<div class=\"e-con-inner\">\n\t\t\t\t\t\t\t<h2 \n\t\tdata-interaction-id=\"165001e9\" \n\t\tclass=\"e-165001e9-b430510 e-heading-base\" \n\t\t \n\t\tdata-e-type=\"widget\" data-id=\"165001e9\"\n\t>\n\t\n\t\t\tRozpocz\u0119cie pracy z Google Pixel 7a GrapheneOS\n\t\t<\/h2>\n\t\t\t\t\t\t\t\t<p class=\"paragraph-small e-paragraph-base\" data-interaction-id=\"3dcfc744\"  data-e-type=\"widget\" data-id=\"3dcfc744\">\n\t\t\t\t\t\t\t\tGoogle Pixel 7a GrapheneOS VPN Encrypted zapewnia przyst\u0119pny punkt wej\u015bcia do mobilnej prywatno\u015bci. Skonfigurowany dla: <br><br>- Pierwsi u\u017cytkownicy GrapheneOS szukaj\u0105cy bezpiecznych alternatyw<br>- Nabywcy dbaj\u0105cy o bud\u017cet, wymagaj\u0105cy prawdziwej ochrony<br>- Studenci i naukowcy przetwarzaj\u0105cy poufne informacje<br>- U\u017cytkownicy urz\u0105dze\u0144 drugorz\u0119dnych potrzebuj\u0105cy dedykowanej bezpiecznej komunikacji<br>- Organizacje wyposa\u017caj\u0105ce zespo\u0142y w sprz\u0119t do ochrony prywatno\u015bci<br><br>Pixel 7a zapewnia bezpiecze\u0144stwo Titan M2 w ni\u017cszej cenie ni\u017c flagowe modele.\n\t\t\t\t\t<\/p>\n\t\t\t\t\t\t\t<h2 \n\t\tdata-interaction-id=\"4f8be935\" \n\t\tclass=\"e-4f8be935-fa14783 e-heading-base\" \n\t\t \n\t\tdata-e-type=\"widget\" data-id=\"4f8be935\"\n\t>\n\t\n\t\t\tDo\u015bwiadczenie z GrapheneOS na Pixelu 7a\n\t\t<\/h2>\n\t\t\t\t\t\t\t\t<p class=\"paragraph-small e-paragraph-base\" data-interaction-id=\"7b76444\"  data-e-type=\"widget\" data-id=\"7b76444\">\n\t\t\t\t\t\t\t\tKa\u017cdy Pixel 7a jest dostarczany z zainstalowanym i zweryfikowanym systemem GrapheneOS:<br><br>- Czysta instalacja z weryfikacj\u0105 integralno\u015bci<br>- Bootloader skonfigurowany do bezpiecznego dzia\u0142ania<br>- Us\u0142ugi Google ca\u0142kowicie usuni\u0119te<br>- System zabezpieczony przed typowymi lukami w zabezpieczeniach<br>- Bateria i wydajno\u015b\u0107 zoptymalizowane pod k\u0105tem codziennego u\u017cytkowania<br><br>System operacyjny otrzymuje bie\u017c\u0105ce aktualizacje, podczas gdy Google utrzymuje wsparcie dla Pixela 7a.\n\t\t\t\t\t<\/p>\n\t\t\t\t\t\t\t<h2 \n\t\tdata-interaction-id=\"760a88b4\" \n\t\tclass=\"e-760a88b4-c6d72c5 e-heading-base\" \n\t\t \n\t\tdata-e-type=\"widget\" data-id=\"760a88b4\"\n\t>\n\t\n\t\t\tBezpiecze\u0144stwo aplikacji na Pixelu 7a\n\t\t<\/h2>\n\t\t\t\t\t\t\t\t<p class=\"paragraph-small e-paragraph-base\" data-interaction-id=\"392661c4\"  data-e-type=\"widget\" data-id=\"392661c4\">\n\t\t\t\t\t\t\t\tAplikacje zapewniaj\u0105ce prywatno\u015b\u0107 s\u0105 konfigurowane indywidualnie na ka\u017cdym urz\u0105dzeniu:<br><br>- Uprawnienia s\u0105 sprawdzane i minimalizowane dla ka\u017cdej aplikacji<br>- Aktywno\u015b\u0107 w tle jest ograniczona do niezb\u0119dnych proces\u00f3w<br>- Dost\u0119p do sieci jest kontrolowany dla ka\u017cdej aplikacji<br>- Pami\u0119\u0107 masowa jest izolowana mi\u0119dzy aplikacjami<br><br>To r\u0119czne podej\u015bcie zapewnia sp\u00f3jn\u0105 ochron\u0119 na wszystkich przygotowywanych przez nas urz\u0105dzeniach Pixel 7a.\n\t\t\t\t\t<\/p>\n\t\t\t\t\t\t\t<h2 \n\t\tdata-interaction-id=\"a29a29e\" \n\t\tclass=\"e-a29a29e-328cc0b e-heading-base\" \n\t\t \n\t\tdata-e-type=\"widget\" data-id=\"a29a29e\"\n\t>\n\t\n\t\t\tOchrona sieci na Pixelu 7a\n\t\t<\/h2>\n\t\t\t\t\t\t\t\t<p class=\"paragraph-small e-paragraph-base\" data-interaction-id=\"6ff39b66\"  data-e-type=\"widget\" data-id=\"6ff39b66\">\n\t\t\t\t\t\t\t\tTw\u00f3j wybrany dostawca VPN zostanie zainstalowany i aktywowany:<br><br>- Mullvad - nie wymaga rejestracji, anonimowe p\u0142atno\u015bci<br>- iVPN - routing multi-hop, audytowana infrastruktura<br>- ProtonVPN - szwajcarskie prawa prywatno\u015bci, opcja Secure Core<br><br>Szyfrowanie ruchu rozpoczyna si\u0119 automatycznie, chroni\u0105c po\u0142\u0105czenia w dowolnej sieci.\n\t\t\t\t\t<\/p>\n\t\t\t\t\t\t\t<h2 \n\t\tdata-interaction-id=\"4677b3ea\" \n\t\tclass=\"e-4677b3ea-1f126dc e-heading-base\" \n\t\t \n\t\tdata-e-type=\"widget\" data-id=\"4677b3ea\"\n\t>\n\t\n\t\t\tWst\u0119pnie skonfigurowane narz\u0119dzia w Google Pixel 7a\n\t\t<\/h2>\n\t\t\t\t\t\t\t\t<p class=\"paragraph-small e-paragraph-base\" data-interaction-id=\"30cb8bbe\"  data-e-type=\"widget\" data-id=\"30cb8bbe\">\n\t\t\t\t\t\t\t\tNetworking<br>- Orbot - anonimowe przegl\u0105danie przez Tor<br>- Premium VPN - skonfigurowany i zweryfikowany przed wysy\u0142k\u0105<br><br>Przegl\u0105danie<br>- Firefox Focus - ochrona przed \u015bledzeniem z automatycznym czyszczeniem<br><br>\u0179r\u00f3d\u0142a aplikacji<br>- Aurora Store - anonimowe pobieranie aplikacji<br>- F-Droid - biblioteka aplikacji open-source<br><br>Komunikacja<br>- Molly - ulepszony komunikator Signal<br>- Threema - szwajcarski szyfrowany komunikator<br>- SimpleX - nie wymaga identyfikator\u00f3w<br><br>Produktywno\u015b\u0107<br>- Standard Notes - szyfrowane przechowywanie notatek<br>- eM Client - zarz\u0105dzanie prywatn\u0105 poczt\u0105 e-mail\n\t\t\t\t\t<\/p>\n\t\t\t\t\t\t\t<h2 \n\t\tdata-interaction-id=\"449df99a\" \n\t\tclass=\"e-449df99a-88bfea1 e-heading-base\" \n\t\t \n\t\tdata-e-type=\"widget\" data-id=\"449df99a\"\n\t>\n\t\n\t\t\tProfesjonalna konfiguracja Cryptvice\n\t\t<\/h2>\n\t\t\t\t\t\t\t\t<p class=\"paragraph-small e-paragraph-base\" data-interaction-id=\"710d12d7\"  data-e-type=\"widget\" data-id=\"710d12d7\">\n\t\t\t\t\t\t\t\t- Ka\u017cde urz\u0105dzenie przygotowywane indywidualnie<br>- Bezpiecze\u0144stwo weryfikowane przed wysy\u0142k\u0105<br>- Opakowanie bez brandingu<br>- Mo\u017cliwo\u015b\u0107 p\u0142atno\u015bci kryptowalut\u0105<br>- Wysy\u0142ka z Hiszpanii<br>- Wsparcie u\u017cytkownik\u00f3w GrapheneOS\n\t\t\t\t\t<\/p>\n\t\t\t\t\t\t\t<h2 \n\t\tdata-interaction-id=\"6b8f2a7a\" \n\t\tclass=\"e-6b8f2a7a-9564c3a e-heading-base\" \n\t\t \n\t\tdata-e-type=\"widget\" data-id=\"6b8f2a7a\"\n\t>\n\t\n\t\t\tWysy\u0142ka i zwroty\n\t\t<\/h2>\n\t\t\t\t\t\t\t\t<p class=\"paragraph-small e-paragraph-base\" data-interaction-id=\"50864ef0\"  data-e-type=\"widget\" data-id=\"50864ef0\">\n\t\t\t\t\t\t\t\tZam\u00f3wienia wysy\u0142ane s\u0105 w ci\u0105gu 1 dnia roboczego ze \u015bledzeniem.<br><br>Zwroty wadliwych urz\u0105dze\u0144 s\u0105 akceptowane na terenie Hiszpanii. W przypadku zwrot\u00f3w innych ni\u017c wadliwe wymagana jest op\u0142ata za przesy\u0142k\u0119 zwrotn\u0105. Gwarancja Google dotyczy sprz\u0119tu. Konfiguracja obj\u0119ta us\u0142ug\u0105.   \n\t\t\t\t\t<\/p>\n\t\t\t\t\t\t\t\t<p class=\"paragraph-small button-dark-icon e-7ce22a50-1df941b e-paragraph-base\" data-interaction-id=\"7ce22a50\"  data-e-type=\"widget\" data-id=\"7ce22a50\">\n\t\t\t\t\t\t\t<a\n\t\t\t\t\thref=\"https:\/\/www.cryptvice.com\/pl\/help-and-support\/\" target=\"_self\"\n\t\t\t\t\tclass=\"e-paragraph-link-base\"\n\t\t\t\t>\n\t\t\t\t\t\tMasz pytania? Zobacz najcz\u0119\u015bciej zadawane pytania dotycz\u0105ce pomocy i wsparcia \n\t\t\t\t<\/a>\n\t\t\t\t\t<\/p>\n\t\t\t\t\t<\/div>\n\t\t\t\t<\/div>\n\t\t\t\t<\/div>\n\t\t","protected":false},"excerpt":{"rendered":"<p>Google Pixel 7a GrapheneOS dzia\u0142a na Tensor G2 z uk\u0142adem zabezpieczaj\u0105cym Titan M2 &#8211; tej samej bezpiecznej enklawie chroni\u0105cej Twoje dane, co nowsze modele Pixel. Dwie generacje za moc\u0105 obliczeniow\u0105, takie same zabezpieczenia sprz\u0119towe. Solidny wyb\u00f3r, je\u015bli priorytetem jest bud\u017cet, a nie wydajno\u015b\u0107.  <\/p>\n<p>\u2713 Preinstalowany GrapheneOS &#8211; bez Google, bez \u015bledzenia<br \/>\n\u2713 Aktywowane Signal, Molly i Threema z wirtualnym numerem<br \/>\n\u2713 Premium VPN + podw\u00f3jny profil z pe\u0142nym hartowaniem<br \/>\n\u2713 W\u0142\u0105czona blokada danych USB i wymazywanie danych pod przymusem<\/p>\n","protected":false},"featured_media":66437,"comment_status":"open","ping_status":"closed","template":"","meta":[],"product_brand":[],"product_cat":[6649,6570],"product_tag":[],"class_list":{"0":"post-66433","1":"product","2":"type-product","3":"status-publish","4":"has-post-thumbnail","6":"product_cat-cryptphones","7":"product_cat-accessoires","8":"pa_audio-connection-usb-c","9":"pa_battery-capacity-4385-mah","10":"pa_bluetooth-5-3","11":"pa_brand-google","12":"pa_camera-back-13-mp-ultra-wide","13":"pa_camera-back-64-mp","14":"pa_camera-front-13-mp","15":"pa_color-black","16":"pa_graphics-series-mali-g710-mp7","17":"pa_guaranteed-security-updates-07-may-2028","18":"pa_manufacturer-guarantee-24-months","19":"pa_model-pixel-7a","20":"pa_operating-system-grapheneos","21":"pa_processor-octa-core-2-85-ghz","22":"pa_ram-size-8-gb","23":"pa_ram-type-lpddr5","24":"pa_release-years-10-may-2023","25":"pa_resolution-2400-x-1080-pixels","26":"pa_screen-diagonal-6-1","27":"pa_screen-ppi-431-ppi","28":"pa_screen-ratio-209-ratio","29":"pa_screen-refresh-rate-90hz","30":"pa_screen-type-oled","31":"pa_security-features-oem-unlock","32":"pa_security-features-vpn-encrypted","33":"pa_storage-128-gb","34":"pa_system-chip-google-tensor-g2-5-nm","35":"pa_vpn-cover-ivpn-12m","36":"pa_vpn-cover-ivpn-6m","37":"pa_vpn-cover-mullvad-12m","38":"pa_vpn-cover-mullvad-6m","39":"pa_vpn-cover-protonvpn-12m","41":"first","42":"instock","43":"taxable","44":"shipping-taxable","45":"purchasable","46":"product-type-variable"},"_links":{"self":[{"href":"https:\/\/www.cryptvice.com\/pl\/wp-json\/wp\/v2\/product\/66433","targetHints":{"allow":["GET"]}}],"collection":[{"href":"https:\/\/www.cryptvice.com\/pl\/wp-json\/wp\/v2\/product"}],"about":[{"href":"https:\/\/www.cryptvice.com\/pl\/wp-json\/wp\/v2\/types\/product"}],"replies":[{"embeddable":true,"href":"https:\/\/www.cryptvice.com\/pl\/wp-json\/wp\/v2\/comments?post=66433"}],"version-history":[{"count":2,"href":"https:\/\/www.cryptvice.com\/pl\/wp-json\/wp\/v2\/product\/66433\/revisions"}],"predecessor-version":[{"id":71342,"href":"https:\/\/www.cryptvice.com\/pl\/wp-json\/wp\/v2\/product\/66433\/revisions\/71342"}],"wp:featuredmedia":[{"embeddable":true,"href":"https:\/\/www.cryptvice.com\/pl\/wp-json\/wp\/v2\/media\/66437"}],"wp:attachment":[{"href":"https:\/\/www.cryptvice.com\/pl\/wp-json\/wp\/v2\/media?parent=66433"}],"wp:term":[{"taxonomy":"product_brand","embeddable":true,"href":"https:\/\/www.cryptvice.com\/pl\/wp-json\/wp\/v2\/product_brand?post=66433"},{"taxonomy":"product_cat","embeddable":true,"href":"https:\/\/www.cryptvice.com\/pl\/wp-json\/wp\/v2\/product_cat?post=66433"},{"taxonomy":"product_tag","embeddable":true,"href":"https:\/\/www.cryptvice.com\/pl\/wp-json\/wp\/v2\/product_tag?post=66433"}],"curies":[{"name":"wp","href":"https:\/\/api.w.org\/{rel}","templated":true}]}}