{"id":66517,"date":"2024-06-25T18:08:24","date_gmt":"2024-06-25T16:08:24","guid":{"rendered":"https:\/\/www.cryptvice.com\/shop\/pixel-6-privacy-screen-protector\/"},"modified":"2026-03-13T13:01:15","modified_gmt":"2026-03-13T11:01:15","slug":"pixel-6-privacy-screen-protector","status":"publish","type":"product","link":"https:\/\/www.cryptvice.com\/pl\/shop\/pixel-6-privacy-screen-protector\/","title":{"rendered":"Pixel 6 &#8211; Ochrona ekranu zapewniaj\u0105ca prywatno\u015b\u0107"},"content":{"rendered":"\t\t<div data-elementor-type=\"product-post\" data-elementor-id=\"66517\" class=\"elementor elementor-66517 elementor-15880\" data-elementor-post-type=\"product\">\n\t\t\t\t<div class=\"wd-negative-gap elementor-element elementor-element-53e0e41a e-flex e-con-boxed e-con e-parent\" data-id=\"53e0e41a\" data-element_type=\"container\" data-e-type=\"container\">\n\t\t\t\t\t<div class=\"e-con-inner\">\n\t\t\t\t\t<\/div>\n\t\t\t\t<\/div>\n\t\t\t\t<\/div>\n\t\t","protected":false},"excerpt":{"rendered":"<p>Ochraniacz ekranu Google Pixel 6 ogranicza k\u0105t widzenia z boku dzi\u0119ki filtrowi z mikro-\u017caluzj\u0105. Wyra\u017any wy\u015bwietlacz z przodu, ciemny z bok\u00f3w. Czytnik linii papilarnych i Face Unlock dzia\u0142aj\u0105 przez szk\u0142o bez zak\u0142\u00f3ce\u0144.  <\/p>\n<p>\u2713 Szk\u0142o hartowane 9H z k\u0105tem widzenia ~28\u00b0 zapobiegaj\u0105cym szpiegowaniu<br \/>\n\u2713 Czytnik linii papilarnych pod wy\u015bwietlaczem w pe\u0142ni kompatybilny<br \/>\n\u2713 Face Unlock dzia\u0142a normalnie przez szk\u0142o<br \/>\n\u2713 Oleofobowa pow\u0142oka zapobiegaj\u0105ca odciskom palc\u00f3w<br \/>\n\u2713 Precyzyjne ci\u0119cie dla Google Pixel 6<\/p>\n","protected":false},"featured_media":45912,"comment_status":"closed","ping_status":"closed","template":"","meta":[],"product_brand":[],"product_cat":[2445],"product_tag":[],"class_list":{"0":"post-66517","1":"product","2":"type-product","3":"status-publish","4":"has-post-thumbnail","6":"product_cat-ochraniacze-ekranu","7":"product_shipping_class-pakiet-skrzynki-pocztowej-narzedzia-ochrony-prywatnosci","9":"first","10":"instock","11":"taxable","12":"shipping-taxable","13":"purchasable","14":"product-type-simple"},"_links":{"self":[{"href":"https:\/\/www.cryptvice.com\/pl\/wp-json\/wp\/v2\/product\/66517","targetHints":{"allow":["GET"]}}],"collection":[{"href":"https:\/\/www.cryptvice.com\/pl\/wp-json\/wp\/v2\/product"}],"about":[{"href":"https:\/\/www.cryptvice.com\/pl\/wp-json\/wp\/v2\/types\/product"}],"replies":[{"embeddable":true,"href":"https:\/\/www.cryptvice.com\/pl\/wp-json\/wp\/v2\/comments?post=66517"}],"version-history":[{"count":0,"href":"https:\/\/www.cryptvice.com\/pl\/wp-json\/wp\/v2\/product\/66517\/revisions"}],"wp:featuredmedia":[{"embeddable":true,"href":"https:\/\/www.cryptvice.com\/pl\/wp-json\/wp\/v2\/media\/45912"}],"wp:attachment":[{"href":"https:\/\/www.cryptvice.com\/pl\/wp-json\/wp\/v2\/media?parent=66517"}],"wp:term":[{"taxonomy":"product_brand","embeddable":true,"href":"https:\/\/www.cryptvice.com\/pl\/wp-json\/wp\/v2\/product_brand?post=66517"},{"taxonomy":"product_cat","embeddable":true,"href":"https:\/\/www.cryptvice.com\/pl\/wp-json\/wp\/v2\/product_cat?post=66517"},{"taxonomy":"product_tag","embeddable":true,"href":"https:\/\/www.cryptvice.com\/pl\/wp-json\/wp\/v2\/product_tag?post=66517"}],"curies":[{"name":"wp","href":"https:\/\/api.w.org\/{rel}","templated":true}]}}