{"id":66882,"date":"2024-07-09T11:34:26","date_gmt":"2024-07-09T09:34:26","guid":{"rendered":"https:\/\/www.cryptvice.com\/shop\/crypthub-v3-portable-4g-vpn-encrypted-router\/"},"modified":"2026-03-13T13:06:43","modified_gmt":"2026-03-13T11:06:43","slug":"crypthub-v3-portable-4g-vpn-encrypted-router","status":"publish","type":"product","link":"https:\/\/www.cryptvice.com\/pl\/shop\/crypthub-v3-portable-4g-vpn-encrypted-router\/","title":{"rendered":"Przeno\u015bny router szyfruj\u0105cy 4G VPN CryptHub V3"},"content":{"rendered":"\t\t<div data-elementor-type=\"product-post\" data-elementor-id=\"66882\" class=\"elementor elementor-66882 elementor-17118\" data-elementor-post-type=\"product\">\n\t\t\t\t<div class=\"wd-negative-gap elementor-element elementor-element-5098dcc9 e-flex e-con-boxed e-con e-parent\" data-id=\"5098dcc9\" data-element_type=\"container\" data-e-type=\"container\">\n\t\t\t\t\t<div class=\"e-con-inner\">\n\t\t\t\t\t\t\t<h2 \n\t\tdata-interaction-id=\"6b302e94\" \n\t\tclass=\"e-6b302e94-2d81314 e-heading-base\" \n\t\t \n\t\tdata-e-type=\"widget\" data-id=\"6b302e94\"\n\t>\n\t\n\t\t\tDla kogo przeznaczony jest CryptHub V3?\n\t\t<\/h2>\n\t\t\t\t\t\t\t\t<p class=\"paragraph-small e-paragraph-base\" data-interaction-id=\"6451090b\"  data-e-type=\"widget\" data-id=\"6451090b\">\n\t\t\t\t\t\t\t\tPrzeno\u015bny szyfrowany router 4G VPN CryptHub V3 zapewnia bezpieczn\u0105 przeno\u015bn\u0105 \u0142\u0105czno\u015b\u0107 w domu, podr\u00f3\u017cy i \u015brodowisku zawodowym. Skonfigurowany dla: <br><br>- Podr\u00f3\u017cni wymagaj\u0105cy szyfrowanego dost\u0119pu do Internetu w sieciach globalnych<br>- Pracownicy zdalni i konsultanci potrzebuj\u0105cy bezpiecznej \u0142\u0105czno\u015bci mobilnej<br>- Osoby dbaj\u0105ce o prywatno\u015b\u0107 unikaj\u0105ce publicznej infrastruktury Wi-Fi<br>- Organizacje zarz\u0105dzaj\u0105ce \u0142\u0105czno\u015bci\u0105 mobiln\u0105 w wielu lokalizacjach<br>- Wdro\u017cenia terenowe wymagaj\u0105ce zasilania bateryjnego<br><br>Ka\u017cde urz\u0105dzenie jest dostarczane w pe\u0142ni przygotowane przez Cryptvice, z fabrycznie zainstalowan\u0105 i aktywowan\u0105 szyfrowan\u0105 \u0142\u0105czno\u015bci\u0105 VPN.\n\t\t\t\t\t<\/p>\n\t\t\t\t\t\t\t<h2 \n\t\tdata-interaction-id=\"70f31d4c\" \n\t\tclass=\"e-70f31d4c-01cb1d1 e-heading-base\" \n\t\t \n\t\tdata-e-type=\"widget\" data-id=\"70f31d4c\"\n\t>\n\t\n\t\t\tSzyfrowanie w ca\u0142ej sieci na CryptHub V3\n\t\t<\/h2>\n\t\t\t\t\t\t\t\t<p class=\"paragraph-small e-paragraph-base\" data-interaction-id=\"c7e179a\"  data-e-type=\"widget\" data-id=\"c7e179a\">\n\t\t\t\t\t\t\t\tCryptHub V3 zapewnia szyfrowan\u0105 \u0142\u0105czno\u015b\u0107 4G LTE w obs\u0142ugiwanych sieciach globalnych. Wszystkie pod\u0142\u0105czone urz\u0105dzenia s\u0105 chronione:<br><br>- Smartfony, laptopy i tablety<br>- Urz\u0105dzenia IoT i inteligentny sprz\u0119t<br>- Dowolny sprz\u0119t obs\u0142uguj\u0105cy Wi-Fi<br><br>Ca\u0142y wychodz\u0105cy ruch sieciowy jest kierowany przez szyfrowany tunel przed dotarciem do Internetu, co pomaga zmniejszy\u0107 nara\u017cenie na metadane i chroni\u0107 komunikacj\u0119 w sieciach wsp\u00f3\u0142dzielonych lub mobilnych.\n\t\t\t\t\t<\/p>\n\t\t\t\t\t\t\t<h2 \n\t\tdata-interaction-id=\"29320dc2\" \n\t\tclass=\"e-29320dc2-35791d3 e-heading-base\" \n\t\t \n\t\tdata-e-type=\"widget\" data-id=\"29320dc2\"\n\t>\n\t\n\t\t\tVPN i bezpiecze\u0144stwo na CryptHub V3\n\t\t<\/h2>\n\t\t\t\t\t\t\t\t<p class=\"paragraph-small e-paragraph-base\" data-interaction-id=\"572cdfdc\"  data-e-type=\"widget\" data-id=\"572cdfdc\">\n\t\t\t\t\t\t\t\tCryptHub V3 zawiera wzmocnion\u0105 zapor\u0119 sieciow\u0105 i obs\u0142uguje nowoczesne technologie VPN:<br><br>- protoko\u0142y WireGuard i OpenVPN<br>- tryb klienta VPN - szyfruje ca\u0142y ruch wychodz\u0105cy<br>- tryb serwera VPN - bezpieczny zdalny dost\u0119p do Twojej sieci<br>- szyfrowanie DNS - chroni wyszukiwanie domen przed przechwyceniem<br><br>Szyfrowane po\u0142\u0105czenie VPN jest preinstalowane, aktywowane i weryfikowane przed wysy\u0142k\u0105.\n\t\t\t\t\t<\/p>\n\t\t\t\t\t\t\t<h2 \n\t\tdata-interaction-id=\"31228af7\" \n\t\tclass=\"e-31228af7-bc46c6b e-heading-base\" \n\t\t \n\t\tdata-e-type=\"widget\" data-id=\"31228af7\"\n\t>\n\t\n\t\t\tFunkcje niezawodno\u015bci w CryptHub V3\n\t\t<\/h2>\n\t\t\t\t\t\t\t\t<p class=\"paragraph-small e-paragraph-base\" data-interaction-id=\"160fa0bb\"  data-e-type=\"widget\" data-id=\"160fa0bb\">\n\t\t\t\t\t\t\t\tZaawansowane funkcje sieciowe zapewniaj\u0105 ci\u0105g\u0142\u0105 \u0142\u0105czno\u015b\u0107:<br><br>- Obs\u0142uga trybu awaryjnego - automatycznie prze\u0142\u0105cza si\u0119 mi\u0119dzy dost\u0119pnymi po\u0142\u0105czeniami<br>- R\u00f3wnowa\u017cenie obci\u0105\u017cenia - rozk\u0142ada ruch na wiele sieci<br>- Zintegrowany akumulator - dzia\u0142a niezale\u017cnie przez d\u0142u\u017cszy czas<br><br>Te cechy sprawiaj\u0105, \u017ce CryptHub V3 nadaje si\u0119 do pracy mobilnej, podr\u00f3\u017cy i zdalnych wdro\u017ce\u0144, w kt\u00f3rych niezawodna \u0142\u0105czno\u015b\u0107 jest niezb\u0119dna.\n\t\t\t\t\t<\/p>\n\t\t\t\t\t\t\t<h2 \n\t\tdata-interaction-id=\"4df465cc\" \n\t\tclass=\"e-4df465cc-e38fe45 e-heading-base\" \n\t\t \n\t\tdata-e-type=\"widget\" data-id=\"4df465cc\"\n\t>\n\t\n\t\t\tPrzeno\u015bna konstrukcja i elastyczna \u0142\u0105czno\u015b\u0107\n\t\t<\/h2>\n\t\t\t\t\t\t\t\t<p class=\"paragraph-small e-paragraph-base\" data-interaction-id=\"18e42c28\"  data-e-type=\"widget\" data-id=\"18e42c28\">\n\t\t\t\t\t\t\t\tCryptHub V3 jest kompaktowy i \u0142atwy do wdro\u017cenia wsz\u0119dzie tam, gdzie dost\u0119pne jest po\u0142\u0105czenie internetowe oparte na karcie SIM:<br><br>- Fizyczna obs\u0142uga kart SIM<br>- Wbudowana obs\u0142uga kart SIM (eSIM)<br>- Wymienne modu\u0142y kom\u00f3rkowe (CAT4 \/ CAT6)<br>- Obs\u0142uga globalnych operator\u00f3w<br><br>Elastyczny wyb\u00f3r operatora i zdalna konfiguracja sieci sprawiaj\u0105, \u017ce CryptHub V3 jest odpowiedni dla podr\u00f3\u017cnik\u00f3w, konsultant\u00f3w i organizacji zarz\u0105dzaj\u0105cych \u0142\u0105czno\u015bci\u0105 mobiln\u0105 w wielu lokalizacjach.\n\t\t\t\t\t<\/p>\n\t\t\t\t\t\t\t<h2 \n\t\tdata-interaction-id=\"9124aff\" \n\t\tclass=\"e-9124aff-05490bd e-heading-base\" \n\t\t \n\t\tdata-e-type=\"widget\" data-id=\"9124aff\"\n\t>\n\t\n\t\t\tOchrona to\u017csamo\u015bci urz\u0105dze\u0144 w CryptHub V3\n\t\t<\/h2>\n\t\t\t\t\t\t\t\t<p class=\"paragraph-small e-paragraph-base\" data-interaction-id=\"3cb416b4\"  data-e-type=\"widget\" data-id=\"3cb416b4\">\n\t\t\t\t\t\t\t\tCryptHub V3 zawiera obs\u0142ug\u0119 identyfikator\u00f3w sieciowych z uwzgl\u0119dnieniem prywatno\u015bci:<br><br>- Klonowanie i randomizacja adres\u00f3w MAC<br>- Konfiguracja identyfikatora urz\u0105dzenia z uwzgl\u0119dnieniem prywatno\u015bci (IMEI)<br><br>Aby ograniczy\u0107 d\u0142ugoterminow\u0105 identyfikacj\u0119 na poziomie sieci, urz\u0105dzenie mo\u017cna skonfigurowa\u0107 z identyfikatorem uwzgl\u0119dniaj\u0105cym prywatno\u015b\u0107 zamiast domy\u015blnych ustawie\u0144 fabrycznych. Ta funkcja jest stosowana ostro\u017cnie i podlega lokalnym przepisom i regulacjom. Cryptvice konfiguruje t\u0119 funkcj\u0119 tylko tam, gdzie jest obs\u0142ugiwana i odpowiednia.  \n\t\t\t\t\t<\/p>\n\t\t\t\t\t\t\t<h2 \n\t\tdata-interaction-id=\"3a908416\" \n\t\tclass=\"e-3a908416-edc21c4 e-heading-base\" \n\t\t \n\t\tdata-e-type=\"widget\" data-id=\"3a908416\"\n\t>\n\t\n\t\t\tPrzegl\u0105d najwa\u017cniejszych funkcji\n\t\t<\/h2>\n\t\t\t\t\t\t\t\t<p class=\"paragraph-small e-paragraph-base\" data-interaction-id=\"24fa7cd6\"  data-e-type=\"widget\" data-id=\"24fa7cd6\">\n\t\t\t\t\t\t\t\t- Bezpieczny przeno\u015bny router 4G LTE z obs\u0142ug\u0105 globalnych operator\u00f3w<br>- Wst\u0119pnie zainstalowana szyfrowana \u0142\u0105czno\u015b\u0107 VPN (klient i serwer)<br>- Obs\u0142uga wymiennych modu\u0142\u00f3w kom\u00f3rkowych (CAT4 \/ CAT6)<br>- Klonowanie i randomizacja adres\u00f3w MAC<br>- Domy\u015blnie w\u0142\u0105czone szyfrowanie DNS<br>- Wbudowana zapora sieciowa z zaawansowanymi opcjami routinguWbudowana zapora sieciowa z zaawansowanymi opcjami routingu<br>- Obs\u0142uga prze\u0142\u0105czania awaryjnego i r\u00f3wnowa\u017cenia obci\u0105\u017cenia<br>- Zasilanie bateryjne do u\u017cytku mobilnego<br>- Zgodno\u015b\u0107 z fizycznymi kartami SIM i eSIM<br>- Oficjalna konfiguracja i wsparcie Cryptvice\n\t\t\t\t\t<\/p>\n\t\t\t\t\t\t\t<h2 \n\t\tdata-interaction-id=\"8de6950\" \n\t\tclass=\"e-8de6950-21abd64 e-heading-base\" \n\t\t \n\t\tdata-e-type=\"widget\" data-id=\"8de6950\"\n\t>\n\t\n\t\t\tDlaczego warto zam\u00f3wi\u0107 w Cryptvice?\n\t\t<\/h2>\n\t\t\t\t\t\t\t\t<p class=\"paragraph-small e-paragraph-base\" data-interaction-id=\"4fddae23\"  data-e-type=\"widget\" data-id=\"4fddae23\">\n\t\t\t\t\t\t\t\t- Ka\u017cde urz\u0105dzenie konfigurowane indywidualnie<br>- Bezpiecze\u0144stwo weryfikowane przed ka\u017cd\u0105 wysy\u0142k\u0105<br>- Dyskretne opakowanie bez brandingu<br>- Akceptowane p\u0142atno\u015bci kryptowalutowe<br>- Wysy\u0142ki z Hiszpanii ze \u015bledzeniem<br>- Fachowe wsparcie specjalist\u00f3w ds. prywatno\u015bci\n\t\t\t\t\t<\/p>\n\t\t\t\t\t\t\t<h2 \n\t\tdata-interaction-id=\"41c25560\" \n\t\tclass=\"e-41c25560-5298cd5 e-heading-base\" \n\t\t \n\t\tdata-e-type=\"widget\" data-id=\"41c25560\"\n\t>\n\t\n\t\t\tWysy\u0142ka i gwarancja\n\t\t<\/h2>\n\t\t\t\t\t\t\t\t<p class=\"paragraph-small e-paragraph-base\" data-interaction-id=\"1bc39558\"  data-e-type=\"widget\" data-id=\"1bc39558\">\n\t\t\t\t\t\t\t\tZam\u00f3wienia s\u0105 wysy\u0142ane w ci\u0105gu 1 dnia roboczego. \u015aledzenie przesy\u0142ek odbywa si\u0119 za po\u015brednictwem poczty e-mail. <br><br>Zwroty wadliwych urz\u0105dze\u0144 s\u0105 akceptowane na terenie Hiszpanii. Wysy\u0142ka zwrotna dotyczy nieuszkodzonych przedmiot\u00f3w. Konfiguracja jest \u015bwiadczona jako profesjonalna us\u0142uga.  \n\t\t\t\t\t<\/p>\n\t\t\t\t\t\t\t\t<p class=\"paragraph-small button-dark-icon e-4f6d052e-0e6695b e-paragraph-base\" data-interaction-id=\"4f6d052e\"  data-e-type=\"widget\" data-id=\"4f6d052e\">\n\t\t\t\t\t\t\t<a\n\t\t\t\t\thref=\"https:\/\/www.cryptvice.com\/pl\/help-and-support\/\" target=\"_self\"\n\t\t\t\t\tclass=\"e-paragraph-link-base\"\n\t\t\t\t>\n\t\t\t\t\t\tMasz pytania? Zobacz najcz\u0119\u015bciej zadawane pytania dotycz\u0105ce pomocy i wsparcia \n\t\t\t\t<\/a>\n\t\t\t\t\t<\/p>\n\t\t\t\t\t<\/div>\n\t\t\t\t<\/div>\n\t\t<div class=\"wd-negative-gap elementor-element elementor-element-79573244 elementor-hidden-widescreen elementor-hidden-desktop elementor-hidden-laptop elementor-hidden-tablet elementor-hidden-mobile e-flex e-con-boxed e-con e-parent\" data-id=\"79573244\" data-element_type=\"container\" data-e-type=\"container\">\n\t\t\t\t\t<div class=\"e-con-inner\">\n\t\t\t\t\t\t\t<h2 \n\t\tdata-interaction-id=\"473b730c\" \n\t\tclass=\"e-473b730c-b85ee2f e-heading-base\" \n\t\t \n\t\tdata-e-type=\"widget\" data-id=\"473b730c\"\n\t>\n\t\n\t\t\tInformacje o sprz\u0119cie GL.iNet Puli XE300\n\t\t<\/h2>\n\t\t\t\t\t\t\t\t<p class=\"paragraph-small e-paragraph-base\" data-interaction-id=\"7ec1a6\"  data-e-type=\"widget\" data-id=\"7ec1a6\">\n\t\t\t\t\t\t\t\tCryptHub V3 bazuje na GL.iNet Puli (GL-XE300), przeno\u015bnym routerze bezprzewodowym 4G LTE produkowanym przez GL.iNet. GLiNet Puli XE300 jest znany z obs\u0142ugi oprogramowania uk\u0142adowego typu open source, kompaktowej konstrukcji i niezawodnej \u0142\u0105czno\u015bci mobilnej. \n\t\t\t\t\t<\/p>\n\t\t\t\t\t\t\t<h2 \n\t\tdata-interaction-id=\"d64b943\" \n\t\tclass=\"e-d64b943-00a60dd e-heading-base\" \n\t\t \n\t\tdata-e-type=\"widget\" data-id=\"d64b943\"\n\t>\n\t\n\t\t\tSpecyfikacja GL.iNet GL-XE300 Puli\n\t\t<\/h2>\n\t\t\t\t\t\t\t\t<p class=\"paragraph-small e-paragraph-base\" data-interaction-id=\"37b91635\"  data-e-type=\"widget\" data-id=\"37b91635\">\n\t\t\t\t\t\t\t\t- Procesor: QCA9531 @ 650MHz<br>- Pami\u0119\u0107: 128MB RAM<br>- Pami\u0119\u0107: 16MB NOR + 128MB NAND Flash<br>- Rozszerzenie: MicroSD do 512GB<br>- Bateria: Wbudowany akumulator 5000mAh<br>- Wi-Fi: 300 Mbps (2.4GHz), WPA3<br>- Ethernet: 2 porty 10\/100M<br>- USB: port 2.0 do tetheringu<br>- Cellular: Gniazdo Nano-SIM, kompatybilne z eSIM<br>- Modu\u0142y: Wymienne CAT4 \/ CAT6<br>- Protoko\u0142y: IPv6, WireGuard, OpenVPN<br>- Firmware: OpenWrt preinstalowany\n\t\t\t\t\t<\/p>\n\t\t\t\t\t\t\t<h2 \n\t\tdata-interaction-id=\"152da802\" \n\t\tclass=\"e-152da802-cc0af33 e-heading-base\" \n\t\t \n\t\tdata-e-type=\"widget\" data-id=\"152da802\"\n\t>\n\t\n\t\t\tDlaczego warto kupi\u0107 wst\u0119pnie skonfigurowany GL.iNet Puli XE300?\n\t\t<\/h2>\n\t\t\t\t\t\t\t\t<p class=\"paragraph-small e-paragraph-base\" data-interaction-id=\"58a9b47e\"  data-e-type=\"widget\" data-id=\"58a9b47e\">\n\t\t\t\t\t\t\t\tBezpo\u015bredni zakup GLiNet Puli XE300 wymaga r\u0119cznej konfiguracji VPN, regu\u0142 zapory sieciowej, szyfrowania DNS i ustawie\u0144 prywatno\u015bci. CryptHub V3 dostarcza GL-XE300 Puli gotowy do u\u017cycia z profesjonaln\u0105 konfiguracj\u0105 zabezpiecze\u0144 ju\u017c zastosowan\u0105 i przetestowan\u0105. <br><br>Cryptvice dodaje do GL.iNet GL-XE300:<br><br>- Preinstalowany i aktywowany Premium VPN<br>- Skonfigurowany DNS przez TLS<br>- W\u0142\u0105czona randomizacja adres\u00f3w MAC<br>- Zastosowane regu\u0142y zapory sieciowej<br>- Konfiguracja identyfikatora uwzgl\u0119dniaj\u0105cego prywatno\u015b\u0107<br>- Weryfikacja zabezpiecze\u0144 przed wysy\u0142k\u0105<br><br>GL.iNet Puli XE300 w po\u0142\u0105czeniu z konfiguracj\u0105 Cryptvice zapewnia kompletne przeno\u015bne rozwi\u0105zanie do ochrony prywatno\u015bci bez konieczno\u015bci konfiguracji technicznej wymaganej przy zakupie standardowego routera GLiNet Puli XE300.\n\t\t\t\t\t<\/p>\n\t\t\t\t\t<\/div>\n\t\t\t\t<\/div>\n\t\t\t\t<\/div>\n\t\t","protected":false},"excerpt":{"rendered":"<p><em>Profesjonalnie skonfigurowany przeno\u015bny router 4G z fachow\u0105 pomoc\u0105 techniczn\u0105<\/em><\/p>\n<p>Bezpieczna \u0142\u0105czno\u015b\u0107 mobilna - kompaktowa prywatno\u015b\u0107 w domu, podr\u00f3\u017cy i \u015brodowisku zawodowym.<\/p>\n<p>Zbudowany na niezawodnym sprz\u0119cie 4G LTE, wst\u0119pnie skonfigurowany z OpenWRT, szyfrowan\u0105 sieci\u0105 VPN i zaawansowanymi funkcjami prywatno\u015bci. Twoja prywatna sie\u0107, gdziekolwiek si\u0119 \u0142\u0105czysz. <\/p>\n<p>\u2713 \u0141\u0105czno\u015b\u0107 4G LTE z preinstalowanym OpenWRT<br \/>\n\u2713 Aktywowany i skonfigurowany VPN<br \/>\n\u2713 W\u0142\u0105czone klonowanie i randomizacja MAC<br \/>\n\u2713 Skonfigurowane szyfrowanie DNS<br \/>\n\u2713 Funkcjonalno\u015b\u0107 klienta i serwera VPN<br \/>\n\u2713 Konfiguracja identyfikatora urz\u0105dzenia z uwzgl\u0119dnieniem prywatno\u015bci<br \/>\n\u2713 Oficjalna dystrybucja Cryptvice<\/p>\n","protected":false},"featured_media":17124,"comment_status":"closed","ping_status":"closed","template":"","meta":[],"product_brand":[],"product_cat":[6600],"product_tag":[],"class_list":{"0":"post-66882","1":"product","2":"type-product","3":"status-publish","4":"has-post-thumbnail","6":"product_cat-crypthub","7":"product_shipping_class-maly-pakiet-telefon-router","8":"pa_battery-capacity-5000-mah","10":"pa_brand-gl-inet","12":"pa_card-slot-1x-gniazdo-kart-microsd-do-512-gb","13":"pa_card-slot-1x-gniazdo-karty-nano-sim","14":"pa_card-slot-1x-microsd-card-slot-up-to-512gb","15":"pa_card-slot-1x-nano-sim-card-slot","16":"pa_color-bialy","17":"pa_color-white","18":"pa_ethernet-port-1x-lan-ethernet-port","19":"pa_ethernet-port-1x-port-ethernet-lan","20":"pa_ethernet-port-1x-port-ethernet-wan","21":"pa_ethernet-port-1x-wan-ethernet-port","22":"pa_manufacturer-guarantee-12-miesiecy","23":"pa_manufacturer-guarantee-12-months","24":"pa_model-ep06-e","26":"pa_model-puli-gl-xe300v2","28":"pa_operating-system-openwrt","30":"pa_processor-qca9531-650mhz-soc","32":"pa_ram-size-128-mb","34":"pa_ram-type-ddr2","36":"pa_release-years-12-oct-2023","37":"pa_release-years-12-pazdziernika-2023-r","38":"pa_security-features-szyfrowana-siec-vpn","39":"pa_security-features-vpn-encrypted","40":"pa_storage-nor-flash-16mb-nand-flash-128mb","42":"pa_vpn-cover-ivpn-12m","44":"pa_vpn-cover-ivpn-6m","46":"pa_vpn-cover-mullvad-12m","48":"pa_vpn-cover-mullvad-6m","50":"pa_vpn-cover-protonvpn-12m","53":"first","54":"instock","55":"taxable","56":"shipping-taxable","57":"purchasable","58":"product-type-variable","59":"has-default-attributes"},"_links":{"self":[{"href":"https:\/\/www.cryptvice.com\/pl\/wp-json\/wp\/v2\/product\/66882","targetHints":{"allow":["GET"]}}],"collection":[{"href":"https:\/\/www.cryptvice.com\/pl\/wp-json\/wp\/v2\/product"}],"about":[{"href":"https:\/\/www.cryptvice.com\/pl\/wp-json\/wp\/v2\/types\/product"}],"replies":[{"embeddable":true,"href":"https:\/\/www.cryptvice.com\/pl\/wp-json\/wp\/v2\/comments?post=66882"}],"version-history":[{"count":0,"href":"https:\/\/www.cryptvice.com\/pl\/wp-json\/wp\/v2\/product\/66882\/revisions"}],"wp:featuredmedia":[{"embeddable":true,"href":"https:\/\/www.cryptvice.com\/pl\/wp-json\/wp\/v2\/media\/17124"}],"wp:attachment":[{"href":"https:\/\/www.cryptvice.com\/pl\/wp-json\/wp\/v2\/media?parent=66882"}],"wp:term":[{"taxonomy":"product_brand","embeddable":true,"href":"https:\/\/www.cryptvice.com\/pl\/wp-json\/wp\/v2\/product_brand?post=66882"},{"taxonomy":"product_cat","embeddable":true,"href":"https:\/\/www.cryptvice.com\/pl\/wp-json\/wp\/v2\/product_cat?post=66882"},{"taxonomy":"product_tag","embeddable":true,"href":"https:\/\/www.cryptvice.com\/pl\/wp-json\/wp\/v2\/product_tag?post=66882"}],"curies":[{"name":"wp","href":"https:\/\/api.w.org\/{rel}","templated":true}]}}