{"id":66955,"date":"2024-06-25T18:14:47","date_gmt":"2024-06-25T16:14:47","guid":{"rendered":"https:\/\/www.cryptvice.com\/shop\/pixel-7-pro-privacy-screen-protector\/"},"modified":"2026-03-13T13:07:08","modified_gmt":"2026-03-13T11:07:08","slug":"pixel-7-pro-privacy-screen-protector","status":"publish","type":"product","link":"https:\/\/www.cryptvice.com\/pl\/shop\/pixel-7-pro-privacy-screen-protector\/","title":{"rendered":"Pixel 7 Pro &#8211; Ochrona ekranu zapewniaj\u0105ca prywatno\u015b\u0107"},"content":{"rendered":"\t\t<div data-elementor-type=\"product-post\" data-elementor-id=\"66955\" class=\"elementor elementor-66955 elementor-15900\" data-elementor-post-type=\"product\">\n\t\t\t\t<div class=\"wd-negative-gap elementor-element elementor-element-22e8e4e2 e-flex e-con-boxed e-con e-parent\" data-id=\"22e8e4e2\" data-element_type=\"container\" data-e-type=\"container\">\n\t\t\t\t\t<div class=\"e-con-inner\">\n\t\t\t\t\t<\/div>\n\t\t\t\t<\/div>\n\t\t\t\t<\/div>\n\t\t","protected":false},"excerpt":{"rendered":"<p>Os\u0142ona ekranu Google Pixel 7 Pro ogranicza widoczno\u015b\u0107 ekranu do oko\u0142o 28 stopni. Wyra\u017any na wprost, ciemny z bok\u00f3w. Zaprojektowany dla 6,7-calowego wy\u015bwietlacza QHD + z pe\u0142n\u0105 obs\u0142ug\u0105 biometryczn\u0105 &#8211; odcisk palca i Face Unlock dzia\u0142aj\u0105 normalnie.  <\/p>\n<p>\u2713 Szk\u0142o hartowane 9H ze zintegrowanym filtrem antyszpiegowskim<br \/>\n\u2713 Optyczny czytnik linii papilarnych i kompatybilno\u015b\u0107 z Face Unlock<br \/>\n\u2713 Pow\u0142oka oleofobowa redukuje smugi i odciski palc\u00f3w<br \/>\n\u2713 G\u0142adka instalacja bez p\u0119cherzyk\u00f3w powietrza<br \/>\n\u2713 Zbudowany specjalnie dla Google Pixel 7 Pro<\/p>\n","protected":false},"featured_media":45896,"comment_status":"closed","ping_status":"closed","template":"","meta":[],"product_brand":[],"product_cat":[2445],"product_tag":[],"class_list":{"0":"post-66955","1":"product","2":"type-product","3":"status-publish","4":"has-post-thumbnail","6":"product_cat-ochraniacze-ekranu","7":"product_shipping_class-pakiet-skrzynki-pocztowej-narzedzia-ochrony-prywatnosci","9":"first","10":"instock","11":"taxable","12":"shipping-taxable","13":"purchasable","14":"product-type-simple"},"_links":{"self":[{"href":"https:\/\/www.cryptvice.com\/pl\/wp-json\/wp\/v2\/product\/66955","targetHints":{"allow":["GET"]}}],"collection":[{"href":"https:\/\/www.cryptvice.com\/pl\/wp-json\/wp\/v2\/product"}],"about":[{"href":"https:\/\/www.cryptvice.com\/pl\/wp-json\/wp\/v2\/types\/product"}],"replies":[{"embeddable":true,"href":"https:\/\/www.cryptvice.com\/pl\/wp-json\/wp\/v2\/comments?post=66955"}],"version-history":[{"count":0,"href":"https:\/\/www.cryptvice.com\/pl\/wp-json\/wp\/v2\/product\/66955\/revisions"}],"wp:featuredmedia":[{"embeddable":true,"href":"https:\/\/www.cryptvice.com\/pl\/wp-json\/wp\/v2\/media\/45896"}],"wp:attachment":[{"href":"https:\/\/www.cryptvice.com\/pl\/wp-json\/wp\/v2\/media?parent=66955"}],"wp:term":[{"taxonomy":"product_brand","embeddable":true,"href":"https:\/\/www.cryptvice.com\/pl\/wp-json\/wp\/v2\/product_brand?post=66955"},{"taxonomy":"product_cat","embeddable":true,"href":"https:\/\/www.cryptvice.com\/pl\/wp-json\/wp\/v2\/product_cat?post=66955"},{"taxonomy":"product_tag","embeddable":true,"href":"https:\/\/www.cryptvice.com\/pl\/wp-json\/wp\/v2\/product_tag?post=66955"}],"curies":[{"name":"wp","href":"https:\/\/api.w.org\/{rel}","templated":true}]}}