{"id":67239,"date":"2024-06-25T18:09:21","date_gmt":"2024-06-25T16:09:21","guid":{"rendered":"https:\/\/www.cryptvice.com\/shop\/pixel-7-privacy-screen-protector\/"},"modified":"2026-03-13T13:09:40","modified_gmt":"2026-03-13T11:09:40","slug":"pixel-7-privacy-screen-protector","status":"publish","type":"product","link":"https:\/\/www.cryptvice.com\/pl\/shop\/pixel-7-privacy-screen-protector\/","title":{"rendered":"Pixel 7 &#8211; Ochrona ekranu zapewniaj\u0105ca prywatno\u015b\u0107"},"content":{"rendered":"\t\t<div data-elementor-type=\"product-post\" data-elementor-id=\"67239\" class=\"elementor elementor-67239 elementor-15884\" data-elementor-post-type=\"product\">\n\t\t\t\t<div class=\"wd-negative-gap elementor-element elementor-element-38fca0ba e-flex e-con-boxed e-con e-parent\" data-id=\"38fca0ba\" data-element_type=\"container\" data-e-type=\"container\">\n\t\t\t\t\t<div class=\"e-con-inner\">\n\t\t\t\t\t<\/div>\n\t\t\t\t<\/div>\n\t\t\t\t<\/div>\n\t\t","protected":false},"excerpt":{"rendered":"<p>Os\u0142ona prywatno\u015bci ekranu Google Pixel 7 sprawia, \u017ce Tw\u00f3j wy\u015bwietlacz jest niewidoczny z boku. Filtr z mikro-\u017caluzj\u0105 przyciemnia ekran dla ka\u017cdego, kto nie znajduje si\u0119 bezpo\u015brednio przed nim. W pe\u0142ni kompatybilny z czujnikiem linii papilarnych Pixel 7 i wszystkimi funkcjami biometrycznymi.  <\/p>\n<p>\u2713 Szk\u0142o hartowane 9H z warstw\u0105 zapewniaj\u0105c\u0105 prywatno\u015b\u0107 z mikro-\u017caluzjami<br \/>\n\u2713 Czytnik linii papilarnych pod wy\u015bwietlaczem dzia\u0142a bez zarzutu<br \/>\n\u2713 Oleofobowa powierzchnia zapobiegaj\u0105ca pozostawianiu odcisk\u00f3w palc\u00f3w<br \/>\n\u2713 \u0141atwa aplikacja &#8211; brak p\u0119cherzyk\u00f3w powietrza<br \/>\n\u2713 Dopasowany do Google Pixel 7<\/p>\n","protected":false},"featured_media":45900,"comment_status":"closed","ping_status":"closed","template":"","meta":[],"product_brand":[],"product_cat":[2445],"product_tag":[],"class_list":{"0":"post-67239","1":"product","2":"type-product","3":"status-publish","4":"has-post-thumbnail","6":"product_cat-ochraniacze-ekranu","7":"product_shipping_class-pakiet-skrzynki-pocztowej-narzedzia-ochrony-prywatnosci","9":"first","10":"instock","11":"taxable","12":"shipping-taxable","13":"purchasable","14":"product-type-simple"},"_links":{"self":[{"href":"https:\/\/www.cryptvice.com\/pl\/wp-json\/wp\/v2\/product\/67239","targetHints":{"allow":["GET"]}}],"collection":[{"href":"https:\/\/www.cryptvice.com\/pl\/wp-json\/wp\/v2\/product"}],"about":[{"href":"https:\/\/www.cryptvice.com\/pl\/wp-json\/wp\/v2\/types\/product"}],"replies":[{"embeddable":true,"href":"https:\/\/www.cryptvice.com\/pl\/wp-json\/wp\/v2\/comments?post=67239"}],"version-history":[{"count":0,"href":"https:\/\/www.cryptvice.com\/pl\/wp-json\/wp\/v2\/product\/67239\/revisions"}],"wp:featuredmedia":[{"embeddable":true,"href":"https:\/\/www.cryptvice.com\/pl\/wp-json\/wp\/v2\/media\/45900"}],"wp:attachment":[{"href":"https:\/\/www.cryptvice.com\/pl\/wp-json\/wp\/v2\/media?parent=67239"}],"wp:term":[{"taxonomy":"product_brand","embeddable":true,"href":"https:\/\/www.cryptvice.com\/pl\/wp-json\/wp\/v2\/product_brand?post=67239"},{"taxonomy":"product_cat","embeddable":true,"href":"https:\/\/www.cryptvice.com\/pl\/wp-json\/wp\/v2\/product_cat?post=67239"},{"taxonomy":"product_tag","embeddable":true,"href":"https:\/\/www.cryptvice.com\/pl\/wp-json\/wp\/v2\/product_tag?post=67239"}],"curies":[{"name":"wp","href":"https:\/\/api.w.org\/{rel}","templated":true}]}}