{"id":68344,"date":"2026-03-16T13:32:15","date_gmt":"2026-03-16T11:32:15","guid":{"rendered":"https:\/\/www.cryptvice.com\/?post_type=product&#038;p=68344"},"modified":"2026-04-02T13:45:36","modified_gmt":"2026-04-02T11:45:36","slug":"google-pixel-9a-szyfrowany-przez-grapheneos-vpn","status":"publish","type":"product","link":"https:\/\/www.cryptvice.com\/pl\/shop\/google-pixel-9a-szyfrowany-przez-grapheneos-vpn\/","title":{"rendered":"Google Pixel 10a GrapheneOS VPN szyfrowany"},"content":{"rendered":"\t\t<div data-elementor-type=\"product-post\" data-elementor-id=\"68344\" class=\"elementor elementor-68344 elementor-68302\" data-elementor-post-type=\"product\">\n\t\t\t\t<div class=\"wd-negative-gap elementor-element elementor-element-3cda95f6 e-flex e-con-boxed e-con e-parent\" data-id=\"3cda95f6\" data-element_type=\"container\" data-e-type=\"container\">\n\t\t\t\t\t<div class=\"e-con-inner\">\n\t\t\t\t\t\t\t<h2 \n\t\tdata-interaction-id=\"65471633\" \n\t\tclass=\"text-balance e-65471633-a1dbfa1 e-heading-base\" \n\t\t \n\t\tdata-e-type=\"widget\" data-id=\"65471633\"\n\t>\n\t\n\t\t\tDla kogo przeznaczony jest Google Pixel 10a GrapheneOS?\n\t\t<\/h2>\n\t\t\t\t\t\t\t\t<p class=\"paragraph-small e-paragraph-base\" data-interaction-id=\"f7f7851\"  data-e-type=\"widget\" data-id=\"f7f7851\">\n\t\t\t\t\t\t\t\tGoogle Pixel 10a GrapheneOS VPN Encrypted jest przeznaczony dla u\u017cytkownik\u00f3w, kt\u00f3rzy chc\u0105 powa\u017cnej prywatno\u015bci bez flagowej ceny:<br><br>- Pocz\u0105tkuj\u0105cy u\u017cytkownicy GrapheneOS przechodz\u0105cy ze standardowego Androida<br>- Studenci, freelancerzy i niezale\u017cni profesjonali\u015bci wykonuj\u0105cy poufne zadania<br>- Osoby dbaj\u0105ce o prywatno\u015b\u0107, kt\u00f3re chc\u0105 mie\u0107 taki sam system operacyjny i stos zabezpiecze\u0144 jak nasze urz\u0105dzenia z najwy\u017cszej p\u00f3\u0142ki<br>- Ka\u017cdy, kto rozumie, \u017ce warstwa sprz\u0119towa nie zmienia tego, co chroni GrapheneOS<br><br>Pixel 10a ma ten sam procesor Tensor G5 i uk\u0142ad zabezpieczaj\u0105cy Titan M2, co Pixel 10. Stosowane przez nas zabezpieczenia s\u0105 identyczne. Cena jest ni\u017csza, poniewa\u017c system kamer jest prostszy - nie dlatego, \u017ce zabezpieczenia s\u0105 takie same.  \n\t\t\t\t\t<\/p>\n\t\t\t\t\t\t\t<h2 \n\t\tdata-interaction-id=\"67c46f93\" \n\t\tclass=\"text-balance e-67c46f93-1bdd616 e-heading-base\" \n\t\t \n\t\tdata-e-type=\"widget\" data-id=\"67c46f93\"\n\t>\n\t\n\t\t\tGrapheneOS na Pixelu 10a\n\t\t<\/h2>\n\t\t\t\t\t\t\t\t<p class=\"paragraph-small e-paragraph-base\" data-interaction-id=\"3169cfd2\"  data-e-type=\"widget\" data-id=\"3169cfd2\">\n\t\t\t\t\t\t\t\tInstalacja jest identyczna jak w przypadku ka\u017cdego innego urz\u0105dzenia z naszej oferty:<br><br>- Zweryfikowana kompilacja GrapheneOS z oficjalnych \u017ar\u00f3de\u0142 podpisanych kryptograficznie<br>- Bootloader zablokowany po instalacji w celu wymuszonego sprz\u0119towo zweryfikowanego rozruchu<br>- Usuni\u0119to wszystkie us\u0142ugi Google - bez us\u0142ug Play, bez telemetrii, bez wyj\u0105tk\u00f3w<br>- System zabezpieczony przed udokumentowanymi wektorami atak\u00f3w mobilnych<br>- Skonfigurowany pod k\u0105tem stabilnej, wydajnej wydajno\u015bci na sprz\u0119cie Tensor G5<br><br>Pixel 10a jest obs\u0142ugiwany przez aktualizacje zabezpiecze\u0144 do 2032 roku.\n\t\t\t\t\t<\/p>\n\t\t\t\t\t\t\t<h2 \n\t\tdata-interaction-id=\"7596d27f\" \n\t\tclass=\"text-balance e-7596d27f-841ab4e e-heading-base\" \n\t\t \n\t\tdata-e-type=\"widget\" data-id=\"7596d27f\"\n\t>\n\t\n\t\t\tUtwardzanie aplikacji na Pixel 10a\n\t\t<\/h2>\n\t\t\t\t\t\t\t\t<p class=\"paragraph-small e-paragraph-base\" data-interaction-id=\"29655ed6\"  data-e-type=\"widget\" data-id=\"29655ed6\">\n\t\t\t\t\t\t\t\tKa\u017cda aplikacja jest konfigurowana indywidualnie - ten sam standard zastosowany do naszego najdro\u017cszego urz\u0105dzenia:<br><br>- Uprawnienia ograniczone do funkcjonalnego minimum dla ka\u017cdej aplikacji<br>- Procesy dzia\u0142aj\u0105ce w tle ograniczone, aby zapobiec cichej transmisji danych<br>- Dost\u0119p do sieci podzielony na aplikacje - nie przyznawany globalnie<br>- Piaskownica GrapheneOS wymuszona mi\u0119dzy wszystkimi zainstalowanymi aplikacjami<br>- Dost\u0119p do pami\u0119ci masowej odizolowany, aby zapobiec ekspozycji danych mi\u0119dzy aplikacjami\n\t\t\t\t\t<\/p>\n\t\t\t\t\t\t\t<h2 \n\t\tdata-interaction-id=\"724c0e34\" \n\t\tclass=\"text-balance e-724c0e34-b526a74 e-heading-base\" \n\t\t \n\t\tdata-e-type=\"widget\" data-id=\"724c0e34\"\n\t>\n\t\n\t\t\tSzyfrowana \u0142\u0105czno\u015b\u0107 VPN\n\t\t<\/h2>\n\t\t\t\t\t\t\t\t<p class=\"paragraph-small e-paragraph-base\" data-interaction-id=\"3f3ebf6\"  data-e-type=\"widget\" data-id=\"3f3ebf6\">\n\t\t\t\t\t\t\t\tWybierz dostawc\u0119 podczas p\u0142atno\u015bci - zainstalowany, skonfigurowany i przetestowany przed wysy\u0142k\u0105:<br><br>- Mullvad - nie wymaga konta, anonimowe p\u0142atno\u015bci, szwedzka jurysdykcja<br>- iVPN - audytowany klient open-source, routing multi-hop, oparty na Gibraltarze<br>- ProtonVPN - szwajcarska ochrona prawna, routing serwer\u00f3w Secure Core<br><br>VPN jest aktywny od momentu, gdy go w\u0142\u0105czysz. Nie jest wymagana \u017cadna konfiguracja. \n\t\t\t\t\t<\/p>\n\t\t\t\t\t\t\t<h2 \n\t\tdata-interaction-id=\"11f53c5f\" \n\t\tclass=\"text-balance e-11f53c5f-af4afa2 e-heading-base\" \n\t\t \n\t\tdata-e-type=\"widget\" data-id=\"11f53c5f\"\n\t>\n\t\n\t\t\tPreinstalowane narz\u0119dzia do ochrony prywatno\u015bci w Google Pixel 10a\n\t\t<\/h2>\n\t\t\t\t\t\t\t\t<p class=\"paragraph-small e-paragraph-base\" data-interaction-id=\"43be036f\"  data-e-type=\"widget\" data-id=\"43be036f\">\n\t\t\t\t\t\t\t\tBezpieczna sie\u0107<br>- Orbot - Routing sieci Tor dla zastosowa\u0144 wymagaj\u0105cych wysokiej anonimowo\u015bci<br>- Premium VPN - wybrany przez Ciebie dostawca, wst\u0119pnie skonfigurowany i przetestowany<br><br>Prywatne przegl\u0105danie<br>- Firefox Focus - bez tracker\u00f3w, bez trwa\u0142ej historii sesji<br><br>Dost\u0119p do aplikacji<br>- Aurora Store - aplikacje Play Store bez konta Google<br>- F-Droid - repozytorium aplikacji open-source<br><br>Bezpieczna komunikacja<br>- Molly - wzmocniony fork Signal ze wzmocnion\u0105 architektur\u0105 bezpiecze\u0144stwa<br>- Threema - opracowana w Szwajcarii szyfrowana wiadomo\u015b\u0107 typu end-to-end, zgodna z RODO<br>- SimpleX - zdecentralizowana, bez numeru telefonu, bez identyfikatora u\u017cytkownika<br><br>Produktywno\u015b\u0107<br>- Standard Notes - szyfrowanie end-to-end, bez konieczno\u015bci korzystania z chmury<br>- eM Client - poczta e-mail bez \u015bledzenia i monetyzacji danych\n\t\t\t\t\t<\/p>\n\t\t\t\t\t\t\t<h2 \n\t\tdata-interaction-id=\"474c4def\" \n\t\tclass=\"text-balance e-474c4def-b0b5a73 e-heading-base\" \n\t\t \n\t\tdata-e-type=\"widget\" data-id=\"474c4def\"\n\t>\n\t\n\t\t\tCo wyr\u00f3\u017cnia Cryptvice na tle innych firm?\n\t\t<\/h2>\n\t\t\t\t\t\t\t\t<p class=\"paragraph-small e-paragraph-base\" data-interaction-id=\"529eb46\"  data-e-type=\"widget\" data-id=\"529eb46\">\n\t\t\t\t\t\t\t\t- Indywidualna konfiguracja - ka\u017cde urz\u0105dzenie przygotowywane r\u0119cznie przed wysy\u0142k\u0105<br>- Weryfikacja przed wysy\u0142k\u0105 - bezpiecze\u0144stwo sprawdzane przy ka\u017cdym zam\u00f3wieniu<br>- Dyskretne opakowanie - neutralne, bez brandingu widocznego przy dostawie<br>- P\u0142atno\u015bci kryptowalut\u0105 - dost\u0119pne opcje anonimowego zakupu<br>- Operacje w UE - wysy\u0142ki z Marbelli w Hiszpanii z pe\u0142nym \u015bledzeniem<br>- Wsparcie ekspert\u00f3w - 30 dni od codziennych u\u017cytkownik\u00f3w GrapheneOS\n\t\t\t\t\t<\/p>\n\t\t\t\t\t\t\t<h2 \n\t\tdata-interaction-id=\"5f61cf8a\" \n\t\tclass=\"text-balance e-5f61cf8a-28a75e6 e-heading-base\" \n\t\t \n\t\tdata-e-type=\"widget\" data-id=\"5f61cf8a\"\n\t>\n\t\n\t\t\tWysy\u0142ka i gwarancja\n\t\t<\/h2>\n\t\t\t\t\t\t\t\t<p class=\"paragraph-small e-paragraph-base\" data-interaction-id=\"79aa73cf\"  data-e-type=\"widget\" data-id=\"79aa73cf\">\n\t\t\t\t\t\t\t\tZam\u00f3wienia s\u0105 wysy\u0142ane w ci\u0105gu 1 dnia roboczego. Szczeg\u00f3\u0142y \u015bledzenia przesy\u0142ek otrzymasz w momencie wysy\u0142ki. <br><br>Zwroty wadliwych urz\u0105dze\u0144 s\u0105 akceptowane na terenie Hiszpanii. Zwroty innych ni\u017c wadliwe urz\u0105dze\u0144 podlegaj\u0105 kosztom wysy\u0142ki zwrotnej. Obowi\u0105zuje standardowa gwarancja sprz\u0119towa Google. Konfiguracja oprogramowania jest obj\u0119ta profesjonaln\u0105 us\u0142ug\u0105.   \n\t\t\t\t\t<\/p>\n\t\t\t\t\t\t\t\t<p class=\"paragraph-small button-dark-icon e-12b64e54-10faba0 e-paragraph-base\" data-interaction-id=\"12b64e54\"  data-e-type=\"widget\" data-id=\"12b64e54\">\n\t\t\t\t\t\t\t<a\n\t\t\t\t\t\t\t\t\t\thref=\"https:\/\/www.cryptvice.com\/pl\/help-and-support\/\"\n\t\t\t\t\ttarget=\"_self\"\n\t\t\t\t\tclass=\"e-paragraph-link-base\"\n\t\t\t\t>\n\t\t\t\t\t\tMasz pytania? Zobacz najcz\u0119\u015bciej zadawane pytania dotycz\u0105ce pomocy i wsparcia \n\t\t\t\t<\/a>\n\t\t\t\t\t<\/p>\n\t\t\t\t\t<\/div>\n\t\t\t\t<\/div>\n\t\t\t\t<\/div>\n\t\t","protected":false},"excerpt":{"rendered":"<p>Google Pixel 10a GrapheneOS dzia\u0142a z tym samym procesorem Tensor G5 i uk\u0142adem zabezpieczaj\u0105cym Titan M2, co Pixel 10 &#8211; w bardziej przyst\u0119pnej cenie, bez kompromis\u00f3w w zakresie ochrony.<\/p>\n<p>\u2713 Preinstalowany GrapheneOS &#8211; bez Google, bez \u015bledzenia<br \/>\n\u2713 Aktywowane Signal, Molly i Threema z wirtualnym numerem<br \/>\n\u2713 Premium VPN + podw\u00f3jny profil z pe\u0142nym hartowaniem<br \/>\n\u2713 W\u0142\u0105czona blokada danych USB i wymazywanie pod przymusem<\/p>\n","protected":false},"featured_media":0,"comment_status":"closed","ping_status":"closed","template":"","meta":[],"product_brand":[],"product_cat":[108],"product_tag":[],"class_list":{"0":"post-68344","1":"product","2":"type-product","3":"status-publish","5":"product_cat-accessoires","7":"first","8":"instock","9":"featured","10":"taxable","11":"shipping-taxable","12":"purchasable","13":"product-type-variable"},"_links":{"self":[{"href":"https:\/\/www.cryptvice.com\/pl\/wp-json\/wp\/v2\/product\/68344","targetHints":{"allow":["GET"]}}],"collection":[{"href":"https:\/\/www.cryptvice.com\/pl\/wp-json\/wp\/v2\/product"}],"about":[{"href":"https:\/\/www.cryptvice.com\/pl\/wp-json\/wp\/v2\/types\/product"}],"replies":[{"embeddable":true,"href":"https:\/\/www.cryptvice.com\/pl\/wp-json\/wp\/v2\/comments?post=68344"}],"version-history":[{"count":2,"href":"https:\/\/www.cryptvice.com\/pl\/wp-json\/wp\/v2\/product\/68344\/revisions"}],"predecessor-version":[{"id":71820,"href":"https:\/\/www.cryptvice.com\/pl\/wp-json\/wp\/v2\/product\/68344\/revisions\/71820"}],"wp:attachment":[{"href":"https:\/\/www.cryptvice.com\/pl\/wp-json\/wp\/v2\/media?parent=68344"}],"wp:term":[{"taxonomy":"product_brand","embeddable":true,"href":"https:\/\/www.cryptvice.com\/pl\/wp-json\/wp\/v2\/product_brand?post=68344"},{"taxonomy":"product_cat","embeddable":true,"href":"https:\/\/www.cryptvice.com\/pl\/wp-json\/wp\/v2\/product_cat?post=68344"},{"taxonomy":"product_tag","embeddable":true,"href":"https:\/\/www.cryptvice.com\/pl\/wp-json\/wp\/v2\/product_tag?post=68344"}],"curies":[{"name":"wp","href":"https:\/\/api.w.org\/{rel}","templated":true}]}}