{"id":59691,"date":"2025-11-24T15:23:13","date_gmt":"2025-11-24T13:23:13","guid":{"rendered":"https:\/\/www.cryptvice.com\/lets-keep-in-touch\/"},"modified":"2025-11-24T15:23:13","modified_gmt":"2025-11-24T13:23:13","slug":"lets-keep-in-touch","status":"publish","type":"page","link":"https:\/\/www.cryptvice.com\/pt-pt\/lets-keep-in-touch\/","title":{"rendered":"Mant\u00e9m-te em contacto"},"content":{"rendered":"<p>Hi  [bwfan_subscriber_name] <\/p>\n<p>Ajuda-nos a melhorar a tua experi\u00eancia connosco atrav\u00e9s de uma melhor comunica\u00e7\u00e3o. Por favor, ajusta as tuas prefer\u00eancias para o e-mail [bwfan_subscriber_recipient].   <\/p>\n<p>[bwfan_unsubscribe_button label=&#8221;Atualizar a minha prefer\u00eancia&#8221;].<\/p>\n","protected":false},"excerpt":{"rendered":"<p>Hi [bwfan_subscriber_name] Ajuda-nos a melhorar a tua experi\u00eancia connosco atrav\u00e9s de uma melhor comunica\u00e7\u00e3o. Por favor, ajusta as tuas prefer\u00eancias<\/p>\n","protected":false},"author":590,"featured_media":0,"parent":0,"menu_order":99,"comment_status":"closed","ping_status":"closed","template":"","meta":{"footnotes":""},"class_list":["post-59691","page","type-page","status-publish","hentry"],"_links":{"self":[{"href":"https:\/\/www.cryptvice.com\/pt-pt\/wp-json\/wp\/v2\/pages\/59691","targetHints":{"allow":["GET"]}}],"collection":[{"href":"https:\/\/www.cryptvice.com\/pt-pt\/wp-json\/wp\/v2\/pages"}],"about":[{"href":"https:\/\/www.cryptvice.com\/pt-pt\/wp-json\/wp\/v2\/types\/page"}],"author":[{"embeddable":true,"href":"https:\/\/www.cryptvice.com\/pt-pt\/wp-json\/wp\/v2\/users\/590"}],"replies":[{"embeddable":true,"href":"https:\/\/www.cryptvice.com\/pt-pt\/wp-json\/wp\/v2\/comments?post=59691"}],"version-history":[{"count":0,"href":"https:\/\/www.cryptvice.com\/pt-pt\/wp-json\/wp\/v2\/pages\/59691\/revisions"}],"wp:attachment":[{"href":"https:\/\/www.cryptvice.com\/pt-pt\/wp-json\/wp\/v2\/media?parent=59691"}],"curies":[{"name":"wp","href":"https:\/\/api.w.org\/{rel}","templated":true}]}}