{"id":63502,"date":"2025-06-09T08:57:40","date_gmt":"2025-06-09T06:57:40","guid":{"rendered":"https:\/\/www.cryptvice.com\/shop\/google-pixel-9-pro-grapheneos-vpn-encrypted\/"},"modified":"2026-04-16T13:16:36","modified_gmt":"2026-04-16T11:16:36","slug":"google-pixel-9-pro-grapheneos-vpn-encrypted","status":"publish","type":"product","link":"https:\/\/www.cryptvice.com\/pt-pt\/shop\/google-pixel-9-pro-grapheneos-vpn-encrypted\/","title":{"rendered":"Google Pixel 9 Pro GrapheneOS VPN encriptada"},"content":{"rendered":"\t\t<div data-elementor-type=\"product-post\" data-elementor-id=\"63502\" class=\"elementor elementor-63502 elementor-42913\" data-elementor-post-type=\"product\">\n\t\t\t\t<div class=\"wd-negative-gap elementor-element elementor-element-1699cf26 e-flex e-con-boxed e-con e-parent\" data-id=\"1699cf26\" data-element_type=\"container\" data-e-type=\"container\">\n\t\t\t\t\t<div class=\"e-con-inner\">\n\t\t\t\t\t\t\t<h2 \n\t\tdata-interaction-id=\"2af3da93\" \n\t\tclass=\"text-balance e-2af3da93-1e0f6dd e-heading-base\" \n\t\t \n\t\tdata-e-type=\"widget\" data-id=\"2af3da93\"\n\t>\n\t\n\t\t\tA quem se destina o Google Pixel 9 Pro GrapheneOS?\n\t\t<\/h2>\n\t\t\t\t\t\t\t\t<p class=\"paragraph-small e-paragraph-base\" data-interaction-id=\"c38bf93\"  data-e-type=\"widget\" data-id=\"c38bf93\">\n\t\t\t\t\t\t\t\tO Google Pixel 9 Pro GrapheneOS VPN Encrypted est\u00e1 configurado para utilizadores que exigem um desempenho de topo e uma privacidade intransigente:<br><br>- Jornalistas que protegem fontes e comunica\u00e7\u00f5es sens\u00edveis<br>- Executivos que lidam com informa\u00e7\u00f5es comerciais confidenciais<br>- Activistas que operam em ambientes de alta vigil\u00e2ncia<br>- Profissionais da \u00e1rea jur\u00eddica que exigem confidencialidade do cliente<br>- Investigadores de seguran\u00e7a que precisam de uma plataforma m\u00f3vel de confian\u00e7a<br><br>O Pixel 9 Pro combina o mais recente processador Tensor G4 com a seguran\u00e7a Titan M2, proporcionando um desempenho premium sem comprometer a privacidade.\n\t\t\t\t\t<\/p>\n\t\t\t\t\t\t\t<h2 \n\t\tdata-interaction-id=\"29431187\" \n\t\tclass=\"text-balance e-29431187-a8ba576 e-heading-base\" \n\t\t \n\t\tdata-e-type=\"widget\" data-id=\"29431187\"\n\t>\n\t\n\t\t\tGrapheneOS no Pixel 9 Pro\n\t\t<\/h2>\n\t\t\t\t\t\t\t\t<p class=\"paragraph-small e-paragraph-base\" data-interaction-id=\"770fcff7\"  data-e-type=\"widget\" data-id=\"770fcff7\">\n\t\t\t\t\t\t\t\tCada Pixel 9 Pro est\u00e1 preparado com uma instala\u00e7\u00e3o verificada do GrapheneOS:<br><br>- Instala\u00e7\u00e3o nova com verifica\u00e7\u00f5es de integridade criptogr\u00e1fica<br>- Carregador de arranque protegido para opera\u00e7\u00e3o de arranque verificada<br>- Todos os servi\u00e7os e telemetria da Google removidos<br>- Sistema refor\u00e7ado contra vectores de ataque conhecidos<br>- Desempenho ajustado para capacidades de hardware emblem\u00e1ticas<br><br>O GrapheneOS recebe actualiza\u00e7\u00f5es cont\u00ednuas, com suporte para o Pixel 9 Pro at\u00e9 2031.\n\t\t\t\t\t<\/p>\n\t\t\t\t\t\t\t<h2 \n\t\tdata-interaction-id=\"33f01f74\" \n\t\tclass=\"text-balance e-33f01f74-326a4e7 e-heading-base\" \n\t\t \n\t\tdata-e-type=\"widget\" data-id=\"33f01f74\"\n\t>\n\t\n\t\t\tRefor\u00e7o da aplica\u00e7\u00e3o no Pixel 9 Pro\n\t\t<\/h2>\n\t\t\t\t\t\t\t\t<p class=\"paragraph-small e-paragraph-base\" data-interaction-id=\"61a6d5ba\"  data-e-type=\"widget\" data-id=\"61a6d5ba\">\n\t\t\t\t\t\t\t\tAs aplica\u00e7\u00f5es de privacidade s\u00e3o configuradas individualmente em cada dispositivo:<br><br>- Estruturas de permiss\u00f5es minimizadas por aplica\u00e7\u00e3o<br>- Processos em segundo plano restringidos para evitar fugas de dados<br>- Comportamento de rede controlado ao n\u00edvel da aplica\u00e7\u00e3o<br>- Sandboxing aplicado entre aplica\u00e7\u00f5es<br>- Acesso ao armazenamento isolado para prote\u00e7\u00e3o de dados sens\u00edveis<br><br>Esta abordagem pr\u00e1tica garante que cada Pixel 9 Pro cumpre os requisitos de seguran\u00e7a profissionais.\n\t\t\t\t\t<\/p>\n\t\t\t\t\t\t\t<h2 \n\t\tdata-interaction-id=\"1c2e0f9e\" \n\t\tclass=\"text-balance e-1c2e0f9e-2dc8eb1 e-heading-base\" \n\t\t \n\t\tdata-e-type=\"widget\" data-id=\"1c2e0f9e\"\n\t>\n\t\n\t\t\tConectividade VPN encriptada\n\t\t<\/h2>\n\t\t\t\t\t\t\t\t<p class=\"paragraph-small e-paragraph-base\" data-interaction-id=\"447c11ae\"  data-e-type=\"widget\" data-id=\"447c11ae\">\n\t\t\t\t\t\t\t\tSeleciona o teu fornecedor preferido durante o checkout:<br><br>- Mullvad - contas an\u00f3nimas, sem registo de e-mail, jurisdi\u00e7\u00e3o sueca<br>- iVPN - encaminhamento multi-hop, cliente open-source auditado, sedeado em Gibraltar<br>- ProtonVPN - prote\u00e7\u00e3o jur\u00eddica su\u00ed\u00e7a, encaminhamento de rede Secure Core<br><br>A tua VPN \u00e9 instalada, configurada e verificada antes do envio. A encripta\u00e7\u00e3o \u00e9 activada automaticamente em todas as liga\u00e7\u00f5es de rede. \n\t\t\t\t\t<\/p>\n\t\t\t\t\t\t\t<h2 \n\t\tdata-interaction-id=\"6d18f55\" \n\t\tclass=\"text-balance e-6d18f55-223e341 e-heading-base\" \n\t\t \n\t\tdata-e-type=\"widget\" data-id=\"6d18f55\"\n\t>\n\t\n\t\t\tFerramentas de privacidade pr\u00e9-instaladas no Google Pixel 9 Pro\n\t\t<\/h2>\n\t\t\t\t\t\t\t\t<p class=\"paragraph-small e-paragraph-base\" data-interaction-id=\"3e8ff1\"  data-e-type=\"widget\" data-id=\"3e8ff1\">\n\t\t\t\t\t\t\t\tRede segura<br>- Orbot - encaminha o tr\u00e1fego atrav\u00e9s da rede Tor quando o anonimato \u00e9 necess\u00e1rio<br>- VPN Premium - o teu fornecedor selecionado, configurado e testado<br><br>Navega\u00e7\u00e3o privada<br>- Firefox Focus - bloqueia os rastreadores por defeito, limpa automaticamente os dados da sess\u00e3o<br><br>Acesso a aplica\u00e7\u00f5es<br>- Aurora Store - transfere aplica\u00e7\u00f5es da Play Store sem uma conta Google<br>- F-Droid - reposit\u00f3rio com curadoria de aplica\u00e7\u00f5es de c\u00f3digo aberto<br><br>Comunica\u00e7\u00e3o segura<br>- Molly - fork refor\u00e7ado do Signal com funcionalidades de seguran\u00e7a melhoradas<br>- Threema - servi\u00e7o de mensagens desenvolvido na Su\u00ed\u00e7a em conformidade com o RGPD<br>- SimpleX - servi\u00e7o de mensagens descentralizado sem n\u00fameros de telefone ou IDs de utilizador<br><br>Produtividade<br>- Standard Notes - notas encriptadas de ponta a ponta<br>- eM Client - gest\u00e3o de correio eletr\u00f3nico sem rastreio de plataforma\n\t\t\t\t\t<\/p>\n\t\t\t\t\t\t\t<h2 \n\t\tdata-interaction-id=\"3ff338e7\" \n\t\tclass=\"text-balance e-3ff338e7-7cdda18 e-heading-base\" \n\t\t \n\t\tdata-e-type=\"widget\" data-id=\"3ff338e7\"\n\t>\n\t\n\t\t\tO que torna a Cryptvice diferente\n\t\t<\/h2>\n\t\t\t\t\t\t\t\t<p class=\"paragraph-small e-paragraph-base\" data-interaction-id=\"71d3584c\"  data-e-type=\"widget\" data-id=\"71d3584c\">\n\t\t\t\t\t\t\t\t- Configura\u00e7\u00e3o individual do dispositivo - cada telefone \u00e9 preparado \u00e0 m\u00e3o<br>- Verifica\u00e7\u00e3o de seguran\u00e7a - testado antes de cada envio<br>- Embalagem discreta - nenhuma marca vis\u00edvel na entrega<br>- Pagamentos em criptomoeda - op\u00e7\u00f5es de compra an\u00f3nimas dispon\u00edveis<br>- Opera\u00e7\u00f5es baseadas na UE - envios a partir de Espanha com rastreio<br>- Suporte especializado - 30 dias de assist\u00eancia de utilizadores di\u00e1rios de GrapheneOS\n\t\t\t\t\t<\/p>\n\t\t\t\t\t\t\t<h2 \n\t\tdata-interaction-id=\"3e84da4f\" \n\t\tclass=\"text-balance e-3e84da4f-4ea571e e-heading-base\" \n\t\t \n\t\tdata-e-type=\"widget\" data-id=\"3e84da4f\"\n\t>\n\t\n\t\t\tEnvio e garantia\n\t\t<\/h2>\n\t\t\t\t\t\t\t\t<p class=\"paragraph-small e-paragraph-base\" data-interaction-id=\"5c59526a\"  data-e-type=\"widget\" data-id=\"5c59526a\">\n\t\t\t\t\t\t\t\tAs encomendas s\u00e3o enviadas no prazo de 1 dia \u00fatil. Recebe os detalhes de rastreamento por e-mail. <br><br>Aceitam-se devolu\u00e7\u00f5es de aparelhos com defeito em Espanha. As devolu\u00e7\u00f5es n\u00e3o defeituosas est\u00e3o sujeitas a custos de envio. Aplica-se a garantia padr\u00e3o de hardware da Google. Configura\u00e7\u00e3o de software inclu\u00edda como servi\u00e7o profissional.   \n\t\t\t\t\t<\/p>\n\t\t\t\t\t\t\t\t<p class=\"paragraph-small button-dark-icon e-52cb4785-8979a70 e-paragraph-base\" data-interaction-id=\"52cb4785\"  data-e-type=\"widget\" data-id=\"52cb4785\">\n\t\t\t\t\t\t\t<a\n\t\t\t\t\thref=\"https:\/\/www.cryptvice.com\/pt-pt\/help-and-support\/\" target=\"_self\"\n\t\t\t\t\tclass=\"e-paragraph-link-base\"\n\t\t\t\t>\n\t\t\t\t\t\tTens d\u00favidas? V\u00ea as nossas FAQs de Ajuda e Suporte \n\t\t\t\t<\/a>\n\t\t\t\t\t<\/p>\n\t\t\t\t\t<\/div>\n\t\t\t\t<\/div>\n\t\t\t\t<\/div>\n\t\t","protected":false},"excerpt":{"rendered":"<p>O Google Pixel 9 Pro GrapheneOS \u00e9 a nossa vers\u00e3o mais completa do Pixel 9. Tensor G4, 16GB de RAM, c\u00e2mara tripla &#8211; e a mesma pilha de seguran\u00e7a em toda a linha. Se queres o pacote completo da gera\u00e7\u00e3o Pixel 9, \u00e9 este.  <\/p>\n<p>\u2713 Pr\u00e9-instalado com GrapheneOS &#8211; sem Google, sem rastreio<br \/>\n\u2713 Signal, Molly e Threema activados com n\u00famero virtual<br \/>\n\u2713 VPN Premium + perfil duplo com endurecimento total<br \/>\n\u2713 Bloqueador de dados USB e limpeza de coa\u00e7\u00e3o activados<\/p>\n","protected":false},"featured_media":63510,"comment_status":"closed","ping_status":"closed","template":"","meta":[],"product_brand":[],"product_cat":[6648,6569],"product_tag":[],"class_list":{"0":"post-63502","1":"product","2":"type-product","3":"status-publish","4":"has-post-thumbnail","6":"product_cat-cryptphones-2","7":"product_cat-accessoires","8":"pa_audio-connection-nao-2","9":"pa_battery-capacity-4700-mah","10":"pa_bluetooth-5-3","11":"pa_brand-google","12":"pa_camera-back-48-mp-f-2-8-113mm-periscope-telephoto","13":"pa_camera-back-50-mp-f-1-7-25mm-wide","14":"pa_camera-front-42-mp-f-2-2-17mm-ultrawide","15":"pa_color-preto-2","16":"pa_graphics-series-mali-g715-mc7","17":"pa_guaranteed-security-updates-01-sep-2031","18":"pa_manufacturer-guarantee-12-months","19":"pa_model-pixel-9-pro","20":"pa_operating-system-grapheneos","21":"pa_processor-octa-core","22":"pa_ram-size-16-gb","23":"pa_release-years-04-sep-2024","24":"pa_resolution-1280-x-2856-pixels","25":"pa_screen-diagonal-6-3-2","26":"pa_screen-ppi-495-ppi","27":"pa_screen-ratio-relacao-209-2","28":"pa_screen-refresh-rate-120hz","29":"pa_screen-type-p-oled","30":"pa_security-features-desbloqueio-oem-2","31":"pa_security-features-vpn-encrypted","32":"pa_storage-128-gb","33":"pa_system-chip-google-tensor-g4","34":"pa_vpn-cover-ivpn-12m","35":"pa_vpn-cover-ivpn-6m","36":"pa_vpn-cover-mullvad-12m","37":"pa_vpn-cover-mullvad-6m","38":"pa_vpn-cover-protonvpn-12m","40":"first","41":"instock","42":"featured","43":"taxable","44":"shipping-taxable","45":"purchasable","46":"product-type-variable"},"_links":{"self":[{"href":"https:\/\/www.cryptvice.com\/pt-pt\/wp-json\/wp\/v2\/product\/63502","targetHints":{"allow":["GET"]}}],"collection":[{"href":"https:\/\/www.cryptvice.com\/pt-pt\/wp-json\/wp\/v2\/product"}],"about":[{"href":"https:\/\/www.cryptvice.com\/pt-pt\/wp-json\/wp\/v2\/types\/product"}],"replies":[{"embeddable":true,"href":"https:\/\/www.cryptvice.com\/pt-pt\/wp-json\/wp\/v2\/comments?post=63502"}],"version-history":[{"count":2,"href":"https:\/\/www.cryptvice.com\/pt-pt\/wp-json\/wp\/v2\/product\/63502\/revisions"}],"predecessor-version":[{"id":71416,"href":"https:\/\/www.cryptvice.com\/pt-pt\/wp-json\/wp\/v2\/product\/63502\/revisions\/71416"}],"wp:featuredmedia":[{"embeddable":true,"href":"https:\/\/www.cryptvice.com\/pt-pt\/wp-json\/wp\/v2\/media\/63510"}],"wp:attachment":[{"href":"https:\/\/www.cryptvice.com\/pt-pt\/wp-json\/wp\/v2\/media?parent=63502"}],"wp:term":[{"taxonomy":"product_brand","embeddable":true,"href":"https:\/\/www.cryptvice.com\/pt-pt\/wp-json\/wp\/v2\/product_brand?post=63502"},{"taxonomy":"product_cat","embeddable":true,"href":"https:\/\/www.cryptvice.com\/pt-pt\/wp-json\/wp\/v2\/product_cat?post=63502"},{"taxonomy":"product_tag","embeddable":true,"href":"https:\/\/www.cryptvice.com\/pt-pt\/wp-json\/wp\/v2\/product_tag?post=63502"}],"curies":[{"name":"wp","href":"https:\/\/api.w.org\/{rel}","templated":true}]}}