{"id":63613,"date":"2025-06-09T05:57:24","date_gmt":"2025-06-09T03:57:24","guid":{"rendered":"https:\/\/www.cryptvice.com\/shop\/google-pixel-9a-grapheneos-vpn-encrypted\/"},"modified":"2026-04-02T10:41:41","modified_gmt":"2026-04-02T08:41:41","slug":"google-pixel-9a-grapheneos-vpn-encrypted","status":"publish","type":"product","link":"https:\/\/www.cryptvice.com\/pt-pt\/shop\/google-pixel-9a-grapheneos-vpn-encrypted\/","title":{"rendered":"Google Pixel 9a GrapheneOS VPN encriptada"},"content":{"rendered":"\t\t<div data-elementor-type=\"product-post\" data-elementor-id=\"63613\" class=\"elementor elementor-63613 elementor-42911\" data-elementor-post-type=\"product\">\n\t\t\t\t<div class=\"wd-negative-gap elementor-element elementor-element-2d482aa e-flex e-con-boxed e-con e-parent\" data-id=\"2d482aa\" data-element_type=\"container\" data-e-type=\"container\">\n\t\t\t\t\t<div class=\"e-con-inner\">\n\t\t\t\t\t\t\t<h2 \n\t\tdata-interaction-id=\"5e0383d0\" \n\t\tclass=\"text-balance e-5e0383d0-cfb56e6 e-heading-base\" \n\t\t \n\t\tdata-e-type=\"widget\" data-id=\"5e0383d0\"\n\t>\n\t\n\t\t\tPorqu\u00ea escolher o Google Pixel 9a GrapheneOS\n\t\t<\/h2>\n\t\t\t\t\t\t\t\t<p class=\"paragraph-small e-paragraph-base\" data-interaction-id=\"23be8369\"  data-e-type=\"widget\" data-id=\"23be8369\">\n\t\t\t\t\t\t\t\tO Google Pixel 9a GrapheneOS VPN Encrypted oferece-te seguran\u00e7a de topo a um pre\u00e7o acess\u00edvel. Configurado para: <br><br>- Utilizadores de GrapheneOS pela primeira vez que procuram um ponto de entrada acess\u00edvel<br>- Defensores da privacidade que pretendem uma prote\u00e7\u00e3o da gera\u00e7\u00e3o atual<br>- Estudantes e activistas que necessitam de comunica\u00e7\u00f5es seguras<br>- Organiza\u00e7\u00f5es que implementam dispositivos seguros em escala<br>- Utilizadores de dispositivos secund\u00e1rios que necessitam de comunica\u00e7\u00f5es privadas dedicadas<br><br>O Pixel 9a partilha o mesmo chip de seguran\u00e7a Titan M2 e o compromisso de atualiza\u00e7\u00e3o de 7 anos do Pixel 9 Pro, por uma fra\u00e7\u00e3o do custo.\n\t\t\t\t\t<\/p>\n\t\t\t\t\t\t\t<h2 \n\t\tdata-interaction-id=\"5b11c343\" \n\t\tclass=\"text-balance e-5b11c343-e7326db e-heading-base\" \n\t\t \n\t\tdata-e-type=\"widget\" data-id=\"5b11c343\"\n\t>\n\t\n\t\t\tInstala\u00e7\u00e3o do GrapheneOS no Pixel 9a\n\t\t<\/h2>\n\t\t\t\t\t\t\t\t<p class=\"paragraph-small e-paragraph-base\" data-interaction-id=\"45676fa9\"  data-e-type=\"widget\" data-id=\"45676fa9\">\n\t\t\t\t\t\t\t\tCada Pixel 9a recebe uma instala\u00e7\u00e3o verificada do GrapheneOS:<br><br>- Sistema novo com verifica\u00e7\u00e3o da integridade criptogr\u00e1fica<br>- Carregador de arranque protegido para uma prote\u00e7\u00e3o de arranque verificada<br>- Servi\u00e7os e telemetria da Google completamente removidos<br>- Fortalecimento ao n\u00edvel do sistema configurado em<br>- Efici\u00eancia da bateria mantida juntamente com a seguran\u00e7a<br><br>As actualiza\u00e7\u00f5es do GrapheneOS continuam at\u00e9 2032, proporcionando uma garantia de seguran\u00e7a a longo prazo.\n\t\t\t\t\t<\/p>\n\t\t\t\t\t\t\t<h2 \n\t\tdata-interaction-id=\"334d37cf\" \n\t\tclass=\"text-balance e-334d37cf-cf93d99 e-heading-base\" \n\t\t \n\t\tdata-e-type=\"widget\" data-id=\"334d37cf\"\n\t>\n\t\n\t\t\tConfigura\u00e7\u00e3o de seguran\u00e7a no Pixel 9a\n\t\t<\/h2>\n\t\t\t\t\t\t\t\t<p class=\"paragraph-small e-paragraph-base\" data-interaction-id=\"452431fe\"  data-e-type=\"widget\" data-id=\"452431fe\">\n\t\t\t\t\t\t\t\tAs aplica\u00e7\u00f5es de privacidade recebem aten\u00e7\u00e3o individual em cada dispositivo:<br><br>- As permiss\u00f5es s\u00e3o revistas e minimizadas por aplica\u00e7\u00e3o<br>- A atividade em segundo plano \u00e9 restrita para evitar a recolha de dados<br>- O acesso \u00e0 rede \u00e9 controlado ao n\u00edvel da aplica\u00e7\u00e3o<br>- A utiliza\u00e7\u00e3o de uma caixa de areia \u00e9 aplicada entre todas as aplica\u00e7\u00f5es<br>- Os dados sens\u00edveis s\u00e3o isolados em armazenamento protegido<br><br>Esta abordagem cuidadosa garante que cada Pixel 9a cumpre normas de seguran\u00e7a consistentes.\n\t\t\t\t\t<\/p>\n\t\t\t\t\t\t\t<h2 \n\t\tdata-interaction-id=\"3ce4c48\" \n\t\tclass=\"text-balance e-3ce4c48-8941aef e-heading-base\" \n\t\t \n\t\tdata-e-type=\"widget\" data-id=\"3ce4c48\"\n\t>\n\t\n\t\t\tVPN encriptada no Pixel 9a\n\t\t<\/h2>\n\t\t\t\t\t\t\t\t<p class=\"paragraph-small e-paragraph-base\" data-interaction-id=\"390c2b44\"  data-e-type=\"widget\" data-id=\"390c2b44\">\n\t\t\t\t\t\t\t\tEscolhe o teu fornecedor no checkout:<br><br>- Mullvad - contas an\u00f3nimas, sem registo, jurisdi\u00e7\u00e3o sueca<br>- iVPN - encaminhamento multi-hop, infraestrutura auditada, com base em Gibraltar<br>- ProtonVPN - prote\u00e7\u00e3o jur\u00eddica su\u00ed\u00e7a, servidores Secure Core<br><br>A tua VPN est\u00e1 configurada, testada e pronta a utilizar. A encripta\u00e7\u00e3o \u00e9 activada automaticamente em cada liga\u00e7\u00e3o. \n\t\t\t\t\t<\/p>\n\t\t\t\t\t\t\t<h2 \n\t\tdata-interaction-id=\"183805e8\" \n\t\tclass=\"text-balance e-183805e8-0730eea e-heading-base\" \n\t\t \n\t\tdata-e-type=\"widget\" data-id=\"183805e8\"\n\t>\n\t\n\t\t\tSoftware inclu\u00eddo no Google Pixel 9a\n\t\t<\/h2>\n\t\t\t\t\t\t\t\t<p class=\"paragraph-small e-paragraph-base\" data-interaction-id=\"26b1de8\"  data-e-type=\"widget\" data-id=\"26b1de8\">\n\t\t\t\t\t\t\t\tRede segura<br>- Orbot - Acesso Tor quando o anonimato \u00e9 necess\u00e1rio<br>- VPN Premium - o teu fornecedor selecionado, configurado e testado<br><br>Navega\u00e7\u00e3o privada<br>- Firefox Focus - bloqueia os rastreadores, limpa as sess\u00f5es automaticamente<br><br>Acesso a aplica\u00e7\u00f5es<br>- Aurora Store - Aplica\u00e7\u00f5es da Play Store sem conta Google<br>- F-Droid - aplica\u00e7\u00f5es de c\u00f3digo aberto selecionadas<br><br>Comunica\u00e7\u00e3o segura<br>- Molly - fork refor\u00e7ado do Signal com seguran\u00e7a melhorada<br>- Threema - mensagens desenvolvidas na Su\u00ed\u00e7a e compat\u00edveis com o RGPD<br>- SimpleX - n\u00e3o s\u00e3o necess\u00e1rios n\u00fameros de telefone ou identificadores<br><br>Produtividade<br>- Standard Notes - notas encriptadas de ponta a ponta<br>- eM Client - e-mail sem rastreio de plataforma\n\t\t\t\t\t<\/p>\n\t\t\t\t\t\t\t<h2 \n\t\tdata-interaction-id=\"93d968b\" \n\t\tclass=\"text-balance e-93d968b-f432278 e-heading-base\" \n\t\t \n\t\tdata-e-type=\"widget\" data-id=\"93d968b\"\n\t>\n\t\n\t\t\tEncomenda na Cryptvice\n\t\t<\/h2>\n\t\t\t\t\t\t\t\t<p class=\"paragraph-small e-paragraph-base\" data-interaction-id=\"734473ea\"  data-e-type=\"widget\" data-id=\"734473ea\">\n\t\t\t\t\t\t\t\t- Cada dispositivo configurado individualmente<br>- Seguran\u00e7a verificada antes de cada envio<br>- Embalagem discreta sem marca<br>- Pagamentos em criptomoeda aceites<br>- Envio de Espanha com rastreio<br>- 30 dias de apoio dos utilizadores GrapheneOS\n\t\t\t\t\t<\/p>\n\t\t\t\t\t\t\t<h2 \n\t\tdata-interaction-id=\"21fe7634\" \n\t\tclass=\"text-balance e-21fe7634-9d503f9 e-heading-base\" \n\t\t \n\t\tdata-e-type=\"widget\" data-id=\"21fe7634\"\n\t>\n\t\n\t\t\tExpedi\u00e7\u00e3o e assist\u00eancia\n\t\t<\/h2>\n\t\t\t\t\t\t\t\t<p class=\"paragraph-small e-paragraph-base\" data-interaction-id=\"19fd92f9\"  data-e-type=\"widget\" data-id=\"19fd92f9\">\n\t\t\t\t\t\t\t\tEnvio das encomendas no prazo de 1 dia \u00fatil. Acompanha a encomenda por correio eletr\u00f3nico. <br><br>Aceitam-se devolu\u00e7\u00f5es de aparelhos com defeito em Espanha. Os portes de devolu\u00e7\u00e3o aplicam-se a artigos n\u00e3o defeituosos. Inclui garantia de hardware da Google. A configura\u00e7\u00e3o \u00e9 fornecida como servi\u00e7o profissional.   \n\t\t\t\t\t<\/p>\n\t\t\t\t\t\t\t\t<p class=\"paragraph-small button-dark-icon e-2365b940-5e8402a e-paragraph-base\" data-interaction-id=\"2365b940\"  data-e-type=\"widget\" data-id=\"2365b940\">\n\t\t\t\t\t\t\t<a\n\t\t\t\t\thref=\"https:\/\/www.cryptvice.com\/pt-pt\/help-and-support\/\" target=\"_self\"\n\t\t\t\t\tclass=\"e-paragraph-link-base\"\n\t\t\t\t>\n\t\t\t\t\t\tTens d\u00favidas? V\u00ea as nossas FAQs de Ajuda e Suporte \n\t\t\t\t<\/a>\n\t\t\t\t\t<\/p>\n\t\t\t\t\t<\/div>\n\t\t\t\t<\/div>\n\t\t\t\t<\/div>\n\t\t","protected":false},"excerpt":{"rendered":"<p>O Google Pixel 9a GrapheneOS partilha o mesmo chip Tensor G4 e o chip de seguran\u00e7a Titan M2 que o Pixel 9 Pro &#8211; a um pre\u00e7o significativamente mais baixo. A contrapartida \u00e9 o hardware da c\u00e2mara e a RAM, n\u00e3o a seguran\u00e7a. A prote\u00e7\u00e3o \u00e9 id\u00eantica em toda a linha Pixel 9.  <\/p>\n<p>\u2713 Pr\u00e9-instalado com GrapheneOS &#8211; sem Google, sem rastreio<br \/>\n\u2713 Signal, Molly e Threema activados com n\u00famero virtual<br \/>\n\u2713 VPN Premium + perfil duplo com endurecimento total<br \/>\n\u2713 Bloqueador de dados USB e limpeza de coa\u00e7\u00e3o activados<\/p>\n","protected":false},"featured_media":63615,"comment_status":"closed","ping_status":"closed","template":"","meta":[],"product_brand":[],"product_cat":[6648,6569],"product_tag":[],"class_list":{"0":"post-63613","1":"product","2":"type-product","3":"status-publish","4":"has-post-thumbnail","6":"product_cat-cryptphones-2","7":"product_cat-accessoires","8":"pa_audio-connection-nao-2","9":"pa_battery-capacity-5100-mah","10":"pa_bluetooth-5-3","11":"pa_brand-google","12":"pa_camera-back-13-mp-f-2-2-120-ultrawide","13":"pa_camera-back-48-mp-f-1-7-25-mm-grande-angular","14":"pa_camera-front-13-mp-f-2-2-20-mm-ultra-largo","15":"pa_color-preto-2","16":"pa_graphics-series-arm-mali-g715-mp7","17":"pa_guaranteed-security-updates-01-de-abril-de-2032","18":"pa_manufacturer-guarantee-12-months","19":"pa_model-pixel-9a","20":"pa_operating-system-grapheneos","21":"pa_processor-octa-core-31-ghz","22":"pa_ram-size-8-gb","23":"pa_release-years-10-abr-2025","24":"pa_resolution-1080-x-2424-pixeis","25":"pa_screen-diagonal-6-3-2","26":"pa_screen-ppi-422-ppi","27":"pa_screen-ratio-relacao-209-2","28":"pa_screen-refresh-rate-120hz","29":"pa_screen-type-p-oled","30":"pa_security-features-desbloqueio-oem-2","31":"pa_security-features-vpn-encrypted","32":"pa_storage-128-gb","33":"pa_system-chip-google-tensor-g4","34":"pa_vpn-cover-ivpn-12m","35":"pa_vpn-cover-ivpn-6m","36":"pa_vpn-cover-mullvad-12m","37":"pa_vpn-cover-mullvad-6m","38":"pa_vpn-cover-protonvpn-12m","40":"first","41":"instock","42":"featured","43":"taxable","44":"shipping-taxable","45":"purchasable","46":"product-type-variable"},"_links":{"self":[{"href":"https:\/\/www.cryptvice.com\/pt-pt\/wp-json\/wp\/v2\/product\/63613","targetHints":{"allow":["GET"]}}],"collection":[{"href":"https:\/\/www.cryptvice.com\/pt-pt\/wp-json\/wp\/v2\/product"}],"about":[{"href":"https:\/\/www.cryptvice.com\/pt-pt\/wp-json\/wp\/v2\/types\/product"}],"replies":[{"embeddable":true,"href":"https:\/\/www.cryptvice.com\/pt-pt\/wp-json\/wp\/v2\/comments?post=63613"}],"version-history":[{"count":2,"href":"https:\/\/www.cryptvice.com\/pt-pt\/wp-json\/wp\/v2\/product\/63613\/revisions"}],"predecessor-version":[{"id":71308,"href":"https:\/\/www.cryptvice.com\/pt-pt\/wp-json\/wp\/v2\/product\/63613\/revisions\/71308"}],"wp:featuredmedia":[{"embeddable":true,"href":"https:\/\/www.cryptvice.com\/pt-pt\/wp-json\/wp\/v2\/media\/63615"}],"wp:attachment":[{"href":"https:\/\/www.cryptvice.com\/pt-pt\/wp-json\/wp\/v2\/media?parent=63613"}],"wp:term":[{"taxonomy":"product_brand","embeddable":true,"href":"https:\/\/www.cryptvice.com\/pt-pt\/wp-json\/wp\/v2\/product_brand?post=63613"},{"taxonomy":"product_cat","embeddable":true,"href":"https:\/\/www.cryptvice.com\/pt-pt\/wp-json\/wp\/v2\/product_cat?post=63613"},{"taxonomy":"product_tag","embeddable":true,"href":"https:\/\/www.cryptvice.com\/pt-pt\/wp-json\/wp\/v2\/product_tag?post=63613"}],"curies":[{"name":"wp","href":"https:\/\/api.w.org\/{rel}","templated":true}]}}