{"id":63984,"date":"2025-03-25T11:16:56","date_gmt":"2025-03-25T09:16:56","guid":{"rendered":"https:\/\/www.cryptvice.com\/shop\/pixel-9-pro-privacy-screen-protector\/"},"modified":"2026-03-13T10:39:12","modified_gmt":"2026-03-13T08:39:12","slug":"pixel-9-pro-privacy-screen-protector","status":"publish","type":"product","link":"https:\/\/www.cryptvice.com\/pt-pt\/shop\/pixel-9-pro-privacy-screen-protector\/","title":{"rendered":"Pixel 9 Pro &#8211; Protetor de ecr\u00e3 privado"},"content":{"rendered":"\t\t<div data-elementor-type=\"product-post\" data-elementor-id=\"63984\" class=\"elementor elementor-63984 elementor-42255\" data-elementor-post-type=\"product\">\n\t\t\t\t<div class=\"wd-negative-gap elementor-element elementor-element-65b2c358 e-flex e-con-boxed e-con e-parent\" data-id=\"65b2c358\" data-element_type=\"container\" data-e-type=\"container\">\n\t\t\t\t\t<div class=\"e-con-inner\">\n\t\t\t\t\t<\/div>\n\t\t\t\t<\/div>\n\t\t\t\t<\/div>\n\t\t","protected":false},"excerpt":{"rendered":"<p>O protetor de ecr\u00e3 de privacidade do Google Pixel 9 Pro bloqueia a visualiza\u00e7\u00e3o em \u00e2ngulo lateral no ecr\u00e3 Super Actua. O brilho de mais de 2.000 nits permanece totalmente vis\u00edvel para ti &#8211; completamente escuro para todos os outros. O sensor de impress\u00f5es digitais ultrass\u00f3nico e o Desbloqueio facial funcionam sem problemas.  <\/p>\n<p>\u2713 Vidro temperado 9H com pel\u00edcula anti-espionagem colada<br \/>\n\u2713 Compat\u00edvel com leitor de impress\u00f5es digitais ultrass\u00f3nico e Desbloqueio facial<br \/>\n\u2713 A superf\u00edcie oleof\u00f3bica resiste \u00e0s impress\u00f5es digitais<br \/>\n\u2713 Sem bolhas de ar &#8211; alinhamento de precis\u00e3o<br \/>\n\u2713 Criado especificamente para o Google Pixel 9 Pro<\/p>\n","protected":false},"featured_media":45904,"comment_status":"open","ping_status":"closed","template":"","meta":[],"product_brand":[],"product_cat":[2437],"product_tag":[],"class_list":{"0":"post-63984","1":"product","2":"type-product","3":"status-publish","4":"has-post-thumbnail","6":"product_cat-protectores-de-ecra","7":"product_shipping_class-pacote-da-caixa-de-correio-ferramentas-de-privacidade","9":"first","10":"onbackorder","11":"taxable","12":"shipping-taxable","13":"purchasable","14":"product-type-simple"},"_links":{"self":[{"href":"https:\/\/www.cryptvice.com\/pt-pt\/wp-json\/wp\/v2\/product\/63984","targetHints":{"allow":["GET"]}}],"collection":[{"href":"https:\/\/www.cryptvice.com\/pt-pt\/wp-json\/wp\/v2\/product"}],"about":[{"href":"https:\/\/www.cryptvice.com\/pt-pt\/wp-json\/wp\/v2\/types\/product"}],"replies":[{"embeddable":true,"href":"https:\/\/www.cryptvice.com\/pt-pt\/wp-json\/wp\/v2\/comments?post=63984"}],"version-history":[{"count":0,"href":"https:\/\/www.cryptvice.com\/pt-pt\/wp-json\/wp\/v2\/product\/63984\/revisions"}],"wp:featuredmedia":[{"embeddable":true,"href":"https:\/\/www.cryptvice.com\/pt-pt\/wp-json\/wp\/v2\/media\/45904"}],"wp:attachment":[{"href":"https:\/\/www.cryptvice.com\/pt-pt\/wp-json\/wp\/v2\/media?parent=63984"}],"wp:term":[{"taxonomy":"product_brand","embeddable":true,"href":"https:\/\/www.cryptvice.com\/pt-pt\/wp-json\/wp\/v2\/product_brand?post=63984"},{"taxonomy":"product_cat","embeddable":true,"href":"https:\/\/www.cryptvice.com\/pt-pt\/wp-json\/wp\/v2\/product_cat?post=63984"},{"taxonomy":"product_tag","embeddable":true,"href":"https:\/\/www.cryptvice.com\/pt-pt\/wp-json\/wp\/v2\/product_tag?post=63984"}],"curies":[{"name":"wp","href":"https:\/\/api.w.org\/{rel}","templated":true}]}}