{"id":64414,"date":"2025-06-30T13:08:09","date_gmt":"2025-06-30T11:08:09","guid":{"rendered":"https:\/\/www.cryptvice.com\/shop\/silent-circle-secure-communication-license\/"},"modified":"2026-03-13T10:42:58","modified_gmt":"2026-03-13T08:42:58","slug":"silent-circle-secure-communication-license","status":"publish","type":"product","link":"https:\/\/www.cryptvice.com\/pt-pt\/shop\/silent-circle-secure-communication-license\/","title":{"rendered":"Silent Circle &#8211; Licen\u00e7a de comunica\u00e7\u00e3o segura"},"content":{"rendered":"\t\t<div data-elementor-type=\"product-post\" data-elementor-id=\"64414\" class=\"elementor elementor-64414 elementor-44889\" data-elementor-post-type=\"product\">\n\t\t\t\t<div class=\"wd-negative-gap elementor-element elementor-element-1ad8ccf8 e-flex e-con-boxed e-con e-parent\" data-id=\"1ad8ccf8\" data-element_type=\"container\" data-e-type=\"container\">\n\t\t\t\t\t<div class=\"e-con-inner\">\n\t\t\t\t\t\t\t<h2 \n\t\tdata-interaction-id=\"6c950a61\" \n\t\tclass=\"text-balance e-6c950a61-569883a e-heading-base\" \n\t\t \n\t\tdata-e-type=\"widget\" data-id=\"6c950a61\"\n\t>\n\t\n\t\t\tPorqu\u00ea Silent Circle?\n\t\t<\/h2>\n\t\t\t\t\t\t\t\t<p class=\"e-2dd93db6-ef8fd72 paragraph-small text-balance e-paragraph-base\" data-interaction-id=\"2dd93db6\"  data-e-type=\"widget\" data-id=\"2dd93db6\">\n\t\t\t\t\t\t\t\tA maioria das aplica\u00e7\u00f5es de mensagens encriptadas s\u00e3o concebidas para os consumidores. A Silent Circle foi concebida para pessoas cujas comunica\u00e7\u00f5es n\u00e3o podem dar-se ao luxo de sofrer fugas - executivos, jornalistas, advogados, funcion\u00e1rios governamentais e profissionais de seguran\u00e7a. \n\t\t\t\t\t<\/p>\n\t\t\t\t\t\t\t\t<p class=\"e-5509532d-67e5f6d paragraph-small text-balance e-paragraph-base\" data-interaction-id=\"5509532d\"  data-e-type=\"widget\" data-id=\"5509532d\">\n\t\t\t\t\t\t\t\tA diferen\u00e7a n\u00e3o \u00e9 apenas a for\u00e7a da encripta\u00e7\u00e3o. \u00c9 a arquitetura. A Silent Circle opera a sua pr\u00f3pria infraestrutura segura, realiza auditorias regulares de terceiros e est\u00e1 sediada na Su\u00ed\u00e7a - fora da jurisdi\u00e7\u00e3o dos programas de vigil\u00e2ncia em massa.  \n\t\t\t\t\t<\/p>\n\t\t\t\t\t\t\t\t<p class=\"e-4408a22d-2809a88 paragraph-small text-balance e-paragraph-base\" data-interaction-id=\"4408a22d\"  data-e-type=\"widget\" data-id=\"4408a22d\">\n\t\t\t\t\t\t\t\t<strong>A Silent Circle tem a confian\u00e7a de:<\/strong><br>- Empresas da Fortune 500 para comunica\u00e7\u00f5es executivas<br>- Ag\u00eancias governamentais em mais de 100 pa\u00edses<br>- ONGs que operam em ambientes hostis<br>- Jornalistas que protegem fontes em regi\u00f5es de alto risco<br>- Em atividade desde 2003 com uma forte equipa de criptografia\n\t\t\t\t\t<\/p>\n\t\t\t\t\t\t\t<h2 \n\t\tdata-interaction-id=\"7e24ba51\" \n\t\tclass=\"text-balance e-7e24ba51-a4a913e e-heading-base\" \n\t\t \n\t\tdata-e-type=\"widget\" data-id=\"7e24ba51\"\n\t>\n\t\n\t\t\tCarater\u00edsticas principais\n\t\t<\/h2>\n\t\t\t\t\t\t\t\t<p class=\"e-4d9022ea-4620124 paragraph-small text-balance e-paragraph-base\" data-interaction-id=\"4d9022ea\"  data-e-type=\"widget\" data-id=\"4d9022ea\">\n\t\t\t\t\t\t\t\t<strong>Chamadas ilimitadas ponto a ponto<\/strong><br>Chamadas ilimitadas de conversa, texto, v\u00eddeo e confer\u00eancia entre membros do Silent Phone. Sem limites, sem taxas por minuto, sem compromissos. <br><br>\n\t\t\t\t\t<\/p>\n\t\t\t\t\t\t\t\t<p class=\"e-72cff219-ba85c25 paragraph-small text-balance e-paragraph-base\" data-interaction-id=\"72cff219\"  data-e-type=\"widget\" data-id=\"72cff219\">\n\t\t\t\t\t\t\t\t<strong>Encriptado e autenticado de ponta a ponta<\/strong><br>O Silent Phone garante que as tuas conversas s\u00e3o completamente privadas e apenas entre ti e a outra pessoa. Toda a encripta\u00e7\u00e3o acontece no teu dispositivo. Ningu\u00e9m pode escutar - nem mesmo o Silent Circle.  <br><br>\n\t\t\t\t\t<\/p>\n\t\t\t\t\t\t\t\t<p class=\"e-3598a02-969d0c6 paragraph-small text-balance e-paragraph-base\" data-interaction-id=\"3598a02\"  data-e-type=\"widget\" data-id=\"3598a02\">\n\t\t\t\t\t\t\t\t<strong>Minimiza\u00e7\u00e3o de dados<\/strong><br>Armazenar demasiados dados pode ser arriscado. Enquanto muitos fornecedores guardam dados extra \"por precau\u00e7\u00e3o\", a Silent Circle guarda apenas o que \u00e9 absolutamente necess\u00e1rio. N\u00e3o rastreia endere\u00e7os IP, nem registos de chamadas, nem registos de mensagens entre utilizadores.  <br><br>\n\t\t\t\t\t<\/p>\n\t\t\t\t\t\t\t<h2 \n\t\tdata-interaction-id=\"6d52c625\" \n\t\tclass=\"text-balance e-6d52c625-d514665 e-heading-base\" \n\t\t \n\t\tdata-e-type=\"widget\" data-id=\"6d52c625\"\n\t>\n\t\n\t\t\tO que est\u00e1 inclu\u00eddo\n\t\t<\/h2>\n\t\t\t\t\t\t\t\t<p class=\"e-3d3f9272-32d0671 paragraph-small text-balance e-paragraph-base\" data-interaction-id=\"3d3f9272\"  data-e-type=\"widget\" data-id=\"3d3f9272\">\n\t\t\t\t\t\t\t\t<strong>Chamadas de voz encriptadas<\/strong> - Chamadas cristalinas com encripta\u00e7\u00e3o de ponta a ponta. Sem grava\u00e7\u00f5es, sem registos, sem metadados. <br><br><strong>Chamadas de v\u00eddeo encriptadas<\/strong> - Reuni\u00f5es cara a cara sem riscos. Funciona a n\u00edvel mundial. <br><br><strong>Mensagens seguras<\/strong> - Mensagens de texto, mensagens de voz e partilha de ficheiros at\u00e9 100 MB com a funcionalidade Burn completa.<br><br>Chamadas <strong>em confer\u00eancia<\/strong> - Chamadas encriptadas multipartid\u00e1rias para coordena\u00e7\u00e3o de equipas.<br><br><strong>Transfer\u00eancia de ficheiros<\/strong> - Envia documentos e ficheiros com a mesma encripta\u00e7\u00e3o que as tuas chamadas.\n\t\t\t\t\t<\/p>\n\t\t\t\t\t\t\t<h2 \n\t\tdata-interaction-id=\"73c6aa41\" \n\t\tclass=\"text-balance e-73c6aa41-793f411 e-heading-base\" \n\t\t \n\t\tdata-e-type=\"widget\" data-id=\"73c6aa41\"\n\t>\n\t\n\t\t\tSilent Circle vs Signal\n\t\t<\/h2>\n\t\t\t\t\t\t\t\t<p class=\"e-1292be29-d0324e0 paragraph-small text-balance e-paragraph-base\" data-interaction-id=\"1292be29\"  data-e-type=\"widget\" data-id=\"1292be29\">\n\t\t\t\t\t\t\t\tO Signal \u00e9 excelente - e gratuito. Ent\u00e3o, porqu\u00ea pagar pelo Silent Circle? \n\t\t\t\t\t<\/p>\n\t\t\t\t\t\t\t\t<p class=\"e-7e173325-cc481ab paragraph-small text-balance e-paragraph-base\" data-interaction-id=\"7e173325\"  data-e-type=\"widget\" data-id=\"7e173325\">\n\t\t\t\t\t\t\t\t- <strong>Gest\u00e3o empresarial<\/strong> - Controlos administrativos, aprovisionamento de utilizadores, funcionalidades de conformidade<br>- <strong>Infraestrutura dedicada<\/strong> - A Silent Circle gere os seus pr\u00f3prios servidores<br>- <strong>Jurisdi\u00e7\u00e3o su\u00ed\u00e7a<\/strong> - Prote\u00e7\u00e3o jur\u00eddica mais forte do que a dos servi\u00e7os sediados nos EUA<br>- <strong>Apoio<\/strong> - Equipa de apoio real, n\u00e3o f\u00f3runs da comunidade<br>- <strong>Chamadas em confer\u00eancia<\/strong> - Chamadas de grupo encriptadas nativas\n\t\t\t\t\t<\/p>\n\t\t\t\t\t\t\t\t<p class=\"e-7fb61e3b-fac6f7b paragraph-small text-balance e-paragraph-base\" data-interaction-id=\"7fb61e3b\"  data-e-type=\"widget\" data-id=\"7fb61e3b\">\n\t\t\t\t\t\t\t\tPara uso pessoal, o Signal \u00e9 muitas vezes suficiente. Para uso profissional, onde as comunica\u00e7\u00f5es podem ser intimadas ou interceptadas, o Silent Circle \u00e9 o padr\u00e3o. \n\t\t\t\t\t<\/p>\n\t\t\t\t\t\t\t<h2 \n\t\tdata-interaction-id=\"2c538c3d\" \n\t\tclass=\"text-balance e-2c538c3d-cd568ff e-heading-base\" \n\t\t \n\t\tdata-e-type=\"widget\" data-id=\"2c538c3d\"\n\t>\n\t\n\t\t\tComo funciona\n\t\t<\/h2>\n\t\t\t\t\t\t\t\t<p class=\"e-115c02a0-f1adb71 paragraph-small text-balance e-paragraph-base\" data-interaction-id=\"115c02a0\"  data-e-type=\"widget\" data-id=\"115c02a0\">\n\t\t\t\t\t\t\t\t<strong>1.<\/strong> Escolhe <strong>o teu plano<\/strong> - Seleciona 3, 6 ou 12 meses.<br><br><strong>2. Entregamos a tua licen\u00e7a<\/strong> - C\u00f3digo do voucher enviado atrav\u00e9s do teu messenger preferido (Email, WhatsApp, Signal ou Telegram).<br><br><strong>3. Instalar e ativar<\/strong> - Descarrega o Silent Phone, introduz o teu c\u00f3digo. Funciona em Android, iOS, Silent OS e CryptPhones. <br><br><strong>4.<\/strong> Comunica <strong>de forma segura<\/strong> - Faz chamadas e envia mensagens com encripta\u00e7\u00e3o total.\n\t\t\t\t\t<\/p>\n\t\t\t\t\t\t\t<h2 \n\t\tdata-interaction-id=\"df6e15f\" \n\t\tclass=\"text-balance e-df6e15f-2952d09 e-heading-base\" \n\t\t \n\t\tdata-e-type=\"widget\" data-id=\"df6e15f\"\n\t>\n\t\n\t\t\tFunciona perfeitamente com o CryptPhones\n\t\t<\/h2>\n\t\t\t\t\t\t\t\t<p class=\"e-34ef8747-e87d15a paragraph-small text-balance e-paragraph-base\" data-interaction-id=\"34ef8747\"  data-e-type=\"widget\" data-id=\"34ef8747\">\n\t\t\t\t\t\t\t\tSilent Circle \u00e9 pr\u00e9-vetado para os nossos dispositivos GrapheneOS. Executar o Silent Phone num CryptPhone d\u00e1-te duas camadas de prote\u00e7\u00e3o: um sistema operativo que n\u00e3o te espia, e comunica\u00e7\u00f5es que n\u00e3o podem ser interceptadas. \n\t\t\t\t\t<\/p>\n\t\t\t\t\t\t\t\t<p class=\"e-14e149da-32566e8 paragraph-small text-balance e-paragraph-base\" data-interaction-id=\"14e149da\"  data-e-type=\"widget\" data-id=\"14e149da\">\n\t\t\t\t\t\t\t\tPodemos pr\u00e9-instalar e configurar o Silent Circle no teu CryptPhone antes do envio - basta pedir.\n\t\t\t\t\t<\/p>\n\t\t\t\t\t\t\t<h2 \n\t\tdata-interaction-id=\"4293c14b\" \n\t\tclass=\"text-balance e-4293c14b-aec1424 e-heading-base\" \n\t\t \n\t\tdata-e-type=\"widget\" data-id=\"4293c14b\"\n\t>\n\t\n\t\t\tPerguntas mais frequentes\n\t\t<\/h2>\n\t\t\t\t<div class=\"elementor-element elementor-element-2b4b5b9b elementor-widget elementor-widget-n-accordion\" data-id=\"2b4b5b9b\" data-element_type=\"widget\" data-e-type=\"widget\" data-settings=\"{&quot;default_state&quot;:&quot;expanded&quot;,&quot;max_items_expended&quot;:&quot;one&quot;,&quot;n_accordion_animation_duration&quot;:{&quot;unit&quot;:&quot;ms&quot;,&quot;size&quot;:400,&quot;sizes&quot;:[]}}\" data-widget_type=\"nested-accordion.default\">\n\t\t\t\t\t\t\t<div class=\"e-n-accordion\" aria-label=\"Accordion. Open links with Enter or Space, close with Escape, and navigate with Arrow Keys\">\n\t\t\t\t\t\t<details id=\"e-n-accordion-item-7260\" class=\"e-n-accordion-item\" open>\n\t\t\t\t<summary class=\"e-n-accordion-item-title\" data-accordion-index=\"1\" tabindex=\"0\" aria-expanded=\"true\" aria-controls=\"e-n-accordion-item-7260\" >\n\t\t\t\t\t<span class='e-n-accordion-item-title-header'><div class=\"e-n-accordion-item-title-text\"> Como \u00e9 que recebo a minha licen\u00e7a? <\/div><\/span>\n\t\t\t\t\t\t\t<span class='e-n-accordion-item-title-icon'>\n\t\t\t<span class='e-opened' ><svg aria-hidden=\"true\" class=\"e-font-icon-svg e-fas-minus\" viewBox=\"0 0 448 512\" xmlns=\"http:\/\/www.w3.org\/2000\/svg\"><path d=\"M416 208H32c-17.67 0-32 14.33-32 32v32c0 17.67 14.33 32 32 32h384c17.67 0 32-14.33 32-32v-32c0-17.67-14.33-32-32-32z\"><\/path><\/svg><\/span>\n\t\t\t<span class='e-closed'><svg aria-hidden=\"true\" class=\"e-font-icon-svg e-fas-plus\" viewBox=\"0 0 448 512\" xmlns=\"http:\/\/www.w3.org\/2000\/svg\"><path d=\"M416 208H272V64c0-17.67-14.33-32-32-32h-32c-17.67 0-32 14.33-32 32v144H32c-17.67 0-32 14.33-32 32v32c0 17.67 14.33 32 32 32h144v144c0 17.67 14.33 32 32 32h32c17.67 0 32-14.33 32-32V304h144c17.67 0 32-14.33 32-32v-32c0-17.67-14.33-32-32-32z\"><\/path><\/svg><\/span>\n\t\t<\/span>\n\n\t\t\t\t\t\t<\/summary>\n\t\t\t\t<div role=\"region\" aria-labelledby=\"e-n-accordion-item-7260\" class=\"elementor-element elementor-element-56c6432c e-con-full e-flex e-con e-child\" data-id=\"56c6432c\" data-element_type=\"container\" data-e-type=\"container\">\n\t\t\t\t\t\t\t\t<p class=\"paragraph-small e-paragraph-base\" data-interaction-id=\"223bc60d\"  data-e-type=\"widget\" data-id=\"223bc60d\">\n\t\t\t\t\t\t\t\tAp\u00f3s a compra, enviamos-te o c\u00f3digo do voucher Silent Circle atrav\u00e9s do mensageiro que escolheres - Email, WhatsApp, Signal ou Telegram. O c\u00f3digo pode ser usado para ativa\u00e7\u00e3o ou para recarregar a tua conta existente. N\u00e3o precisas de associar a tua conta \u00e0 Cryptvice, n\u00e3o h\u00e1 rasto de papel.  \n\t\t\t\t\t<\/p>\n\t\t\t\t<\/div>\n\t\t\t\t\t<\/details>\n\t\t\t\t\t\t<details id=\"e-n-accordion-item-7261\" class=\"e-n-accordion-item\" >\n\t\t\t\t<summary class=\"e-n-accordion-item-title\" data-accordion-index=\"2\" tabindex=\"-1\" aria-expanded=\"false\" aria-controls=\"e-n-accordion-item-7261\" >\n\t\t\t\t\t<span class='e-n-accordion-item-title-header'><div class=\"e-n-accordion-item-title-text\"> Posso telefonar a pessoas que n\u00e3o t\u00eam o Silent Circle? <\/div><\/span>\n\t\t\t\t\t\t\t<span class='e-n-accordion-item-title-icon'>\n\t\t\t<span class='e-opened' ><svg aria-hidden=\"true\" class=\"e-font-icon-svg e-fas-minus\" viewBox=\"0 0 448 512\" xmlns=\"http:\/\/www.w3.org\/2000\/svg\"><path d=\"M416 208H32c-17.67 0-32 14.33-32 32v32c0 17.67 14.33 32 32 32h384c17.67 0 32-14.33 32-32v-32c0-17.67-14.33-32-32-32z\"><\/path><\/svg><\/span>\n\t\t\t<span class='e-closed'><svg aria-hidden=\"true\" class=\"e-font-icon-svg e-fas-plus\" viewBox=\"0 0 448 512\" xmlns=\"http:\/\/www.w3.org\/2000\/svg\"><path d=\"M416 208H272V64c0-17.67-14.33-32-32-32h-32c-17.67 0-32 14.33-32 32v144H32c-17.67 0-32 14.33-32 32v32c0 17.67 14.33 32 32 32h144v144c0 17.67 14.33 32 32 32h32c17.67 0 32-14.33 32-32V304h144c17.67 0 32-14.33 32-32v-32c0-17.67-14.33-32-32-32z\"><\/path><\/svg><\/span>\n\t\t<\/span>\n\n\t\t\t\t\t\t<\/summary>\n\t\t\t\t<div role=\"region\" aria-labelledby=\"e-n-accordion-item-7261\" class=\"elementor-element elementor-element-409138f e-con-full e-flex e-con e-child\" data-id=\"409138f\" data-element_type=\"container\" data-e-type=\"container\">\n\t\t\t\t\t\t\t\t<p class=\"paragraph-small e-paragraph-base\" data-interaction-id=\"303a50bb\"  data-e-type=\"widget\" data-id=\"303a50bb\">\n\t\t\t\t\t\t\t\tSim. O Silent Circle suporta chamadas de sa\u00edda para n\u00fameros de telefone normais atrav\u00e9s de SRTP seguro. No entanto, apenas as chamadas entre utilizadores Silent Circle s\u00e3o totalmente encriptadas de ponta a ponta.  \n\t\t\t\t\t<\/p>\n\t\t\t\t<\/div>\n\t\t\t\t\t<\/details>\n\t\t\t\t\t\t<details id=\"e-n-accordion-item-7262\" class=\"e-n-accordion-item\" >\n\t\t\t\t<summary class=\"e-n-accordion-item-title\" data-accordion-index=\"3\" tabindex=\"-1\" aria-expanded=\"false\" aria-controls=\"e-n-accordion-item-7262\" >\n\t\t\t\t\t<span class='e-n-accordion-item-title-header'><div class=\"e-n-accordion-item-title-text\"> O Silent Circle funciona no iPhone? <\/div><\/span>\n\t\t\t\t\t\t\t<span class='e-n-accordion-item-title-icon'>\n\t\t\t<span class='e-opened' ><svg aria-hidden=\"true\" class=\"e-font-icon-svg e-fas-minus\" viewBox=\"0 0 448 512\" xmlns=\"http:\/\/www.w3.org\/2000\/svg\"><path d=\"M416 208H32c-17.67 0-32 14.33-32 32v32c0 17.67 14.33 32 32 32h384c17.67 0 32-14.33 32-32v-32c0-17.67-14.33-32-32-32z\"><\/path><\/svg><\/span>\n\t\t\t<span class='e-closed'><svg aria-hidden=\"true\" class=\"e-font-icon-svg e-fas-plus\" viewBox=\"0 0 448 512\" xmlns=\"http:\/\/www.w3.org\/2000\/svg\"><path d=\"M416 208H272V64c0-17.67-14.33-32-32-32h-32c-17.67 0-32 14.33-32 32v144H32c-17.67 0-32 14.33-32 32v32c0 17.67 14.33 32 32 32h144v144c0 17.67 14.33 32 32 32h32c17.67 0 32-14.33 32-32V304h144c17.67 0 32-14.33 32-32v-32c0-17.67-14.33-32-32-32z\"><\/path><\/svg><\/span>\n\t\t<\/span>\n\n\t\t\t\t\t\t<\/summary>\n\t\t\t\t<div role=\"region\" aria-labelledby=\"e-n-accordion-item-7262\" class=\"elementor-element elementor-element-35741c83 e-con-full e-flex e-con e-child\" data-id=\"35741c83\" data-element_type=\"container\" data-e-type=\"container\">\n\t\t\t\t\t\t\t\t<p class=\"paragraph-small e-paragraph-base\" data-interaction-id=\"f44aa2f\"  data-e-type=\"widget\" data-id=\"f44aa2f\">\n\t\t\t\t\t\t\t\tSim. O Silent Phone est\u00e1 dispon\u00edvel para iOS, Android e Silent OS. Para m\u00e1xima privacidade, recomendamos que o uses num CryptPhone onde o pr\u00f3prio SO n\u00e3o te rastreia.  \n\t\t\t\t\t<\/p>\n\t\t\t\t<\/div>\n\t\t\t\t\t<\/details>\n\t\t\t\t\t\t<details id=\"e-n-accordion-item-7263\" class=\"e-n-accordion-item\" >\n\t\t\t\t<summary class=\"e-n-accordion-item-title\" data-accordion-index=\"4\" tabindex=\"-1\" aria-expanded=\"false\" aria-controls=\"e-n-accordion-item-7263\" >\n\t\t\t\t\t<span class='e-n-accordion-item-title-header'><div class=\"e-n-accordion-item-title-text\"> O que acontece quando a minha licen\u00e7a caduca? <\/div><\/span>\n\t\t\t\t\t\t\t<span class='e-n-accordion-item-title-icon'>\n\t\t\t<span class='e-opened' ><svg aria-hidden=\"true\" class=\"e-font-icon-svg e-fas-minus\" viewBox=\"0 0 448 512\" xmlns=\"http:\/\/www.w3.org\/2000\/svg\"><path d=\"M416 208H32c-17.67 0-32 14.33-32 32v32c0 17.67 14.33 32 32 32h384c17.67 0 32-14.33 32-32v-32c0-17.67-14.33-32-32-32z\"><\/path><\/svg><\/span>\n\t\t\t<span class='e-closed'><svg aria-hidden=\"true\" class=\"e-font-icon-svg e-fas-plus\" viewBox=\"0 0 448 512\" xmlns=\"http:\/\/www.w3.org\/2000\/svg\"><path d=\"M416 208H272V64c0-17.67-14.33-32-32-32h-32c-17.67 0-32 14.33-32 32v144H32c-17.67 0-32 14.33-32 32v32c0 17.67 14.33 32 32 32h144v144c0 17.67 14.33 32 32 32h32c17.67 0 32-14.33 32-32V304h144c17.67 0 32-14.33 32-32v-32c0-17.67-14.33-32-32-32z\"><\/path><\/svg><\/span>\n\t\t<\/span>\n\n\t\t\t\t\t\t<\/summary>\n\t\t\t\t<div role=\"region\" aria-labelledby=\"e-n-accordion-item-7263\" class=\"elementor-element elementor-element-17c51616 e-con-full e-flex e-con e-child\" data-id=\"17c51616\" data-element_type=\"container\" data-e-type=\"container\">\n\t\t\t\t\t\t\t\t<p class=\"paragraph-small e-paragraph-base\" data-interaction-id=\"23b5c44b\"  data-e-type=\"widget\" data-id=\"23b5c44b\">\n\t\t\t\t\t\t\t\tA tua aplica\u00e7\u00e3o continua a funcionar para receberes chamadas e mensagens, mas n\u00e3o podes iniciar novas comunica\u00e7\u00f5es at\u00e9 renovares. O hist\u00f3rico de mensagens permanece encriptado no teu dispositivo. \n\t\t\t\t\t<\/p>\n\t\t\t\t<\/div>\n\t\t\t\t\t<\/details>\n\t\t\t\t\t\t<details id=\"e-n-accordion-item-7264\" class=\"e-n-accordion-item\" >\n\t\t\t\t<summary class=\"e-n-accordion-item-title\" data-accordion-index=\"5\" tabindex=\"-1\" aria-expanded=\"false\" aria-controls=\"e-n-accordion-item-7264\" >\n\t\t\t\t\t<span class='e-n-accordion-item-title-header'><div class=\"e-n-accordion-item-title-text\"> O Silent Circle \u00e9 an\u00f3nimo? <\/div><\/span>\n\t\t\t\t\t\t\t<span class='e-n-accordion-item-title-icon'>\n\t\t\t<span class='e-opened' ><svg aria-hidden=\"true\" class=\"e-font-icon-svg e-fas-minus\" viewBox=\"0 0 448 512\" xmlns=\"http:\/\/www.w3.org\/2000\/svg\"><path d=\"M416 208H32c-17.67 0-32 14.33-32 32v32c0 17.67 14.33 32 32 32h384c17.67 0 32-14.33 32-32v-32c0-17.67-14.33-32-32-32z\"><\/path><\/svg><\/span>\n\t\t\t<span class='e-closed'><svg aria-hidden=\"true\" class=\"e-font-icon-svg e-fas-plus\" viewBox=\"0 0 448 512\" xmlns=\"http:\/\/www.w3.org\/2000\/svg\"><path d=\"M416 208H272V64c0-17.67-14.33-32-32-32h-32c-17.67 0-32 14.33-32 32v144H32c-17.67 0-32 14.33-32 32v32c0 17.67 14.33 32 32 32h144v144c0 17.67 14.33 32 32 32h32c17.67 0 32-14.33 32-32V304h144c17.67 0 32-14.33 32-32v-32c0-17.67-14.33-32-32-32z\"><\/path><\/svg><\/span>\n\t\t<\/span>\n\n\t\t\t\t\t\t<\/summary>\n\t\t\t\t<div role=\"region\" aria-labelledby=\"e-n-accordion-item-7264\" class=\"elementor-element elementor-element-4787f53f e-con-full e-flex e-con e-child\" data-id=\"4787f53f\" data-element_type=\"container\" data-e-type=\"container\">\n\t\t\t\t\t\t\t\t<p class=\"paragraph-small e-paragraph-base\" data-interaction-id=\"4c64be07\"  data-e-type=\"widget\" data-id=\"4c64be07\">\n\t\t\t\t\t\t\t\tO Silent Circle n\u00e3o requer informa\u00e7\u00f5es pessoais para ser ativado. Combinado com a compra atrav\u00e9s da Cryptvice (aceita criptomoedas), podes utiliz\u00e1-lo com uma exposi\u00e7\u00e3o m\u00ednima da tua identidade. \n\t\t\t\t\t<\/p>\n\t\t\t\t<\/div>\n\t\t\t\t\t<\/details>\n\t\t\t\t\t\t<details id=\"e-n-accordion-item-7265\" class=\"e-n-accordion-item\" >\n\t\t\t\t<summary class=\"e-n-accordion-item-title\" data-accordion-index=\"6\" tabindex=\"-1\" aria-expanded=\"false\" aria-controls=\"e-n-accordion-item-7265\" >\n\t\t\t\t\t<span class='e-n-accordion-item-title-header'><div class=\"e-n-accordion-item-title-text\"> O que \u00e9 a funcionalidade Burn? <\/div><\/span>\n\t\t\t\t\t\t\t<span class='e-n-accordion-item-title-icon'>\n\t\t\t<span class='e-opened' ><svg aria-hidden=\"true\" class=\"e-font-icon-svg e-fas-minus\" viewBox=\"0 0 448 512\" xmlns=\"http:\/\/www.w3.org\/2000\/svg\"><path d=\"M416 208H32c-17.67 0-32 14.33-32 32v32c0 17.67 14.33 32 32 32h384c17.67 0 32-14.33 32-32v-32c0-17.67-14.33-32-32-32z\"><\/path><\/svg><\/span>\n\t\t\t<span class='e-closed'><svg aria-hidden=\"true\" class=\"e-font-icon-svg e-fas-plus\" viewBox=\"0 0 448 512\" xmlns=\"http:\/\/www.w3.org\/2000\/svg\"><path d=\"M416 208H272V64c0-17.67-14.33-32-32-32h-32c-17.67 0-32 14.33-32 32v144H32c-17.67 0-32 14.33-32 32v32c0 17.67 14.33 32 32 32h144v144c0 17.67 14.33 32 32 32h32c17.67 0 32-14.33 32-32V304h144c17.67 0 32-14.33 32-32v-32c0-17.67-14.33-32-32-32z\"><\/path><\/svg><\/span>\n\t\t<\/span>\n\n\t\t\t\t\t\t<\/summary>\n\t\t\t\t<div role=\"region\" aria-labelledby=\"e-n-accordion-item-7265\" class=\"elementor-element elementor-element-5b943559 e-con-full e-flex e-con e-child\" data-id=\"5b943559\" data-element_type=\"container\" data-e-type=\"container\">\n\t\t\t\t\t\t\t\t<p class=\"paragraph-small e-paragraph-base\" data-interaction-id=\"5c5bbe71\"  data-e-type=\"widget\" data-id=\"5c5bbe71\">\n\t\t\t\t\t\t\t\tO Burn permite-te definir mensagens e ficheiros para serem automaticamente eliminados ap\u00f3s um determinado per\u00edodo de tempo - de segundos a dias. Uma vez gravado, o conte\u00fado \u00e9 permanentemente eliminado de ambos os dispositivos. \n\t\t\t\t\t<\/p>\n\t\t\t\t<\/div>\n\t\t\t\t\t<\/details>\n\t\t\t\t\t<\/div>\n\t\t\t\t\t\t<\/div>\n\t\t\t\t\t<\/div>\n\t\t\t\t<\/div>\n\t\t\t\t<\/div>\n\t\t","protected":false},"excerpt":{"rendered":"<p>O sinal \u00e9 bom. Silent Circle \u00e9 o que os governos e as empresas da Fortune 500 usam quando o bom n\u00e3o \u00e9 suficiente. <\/p>\n<p>O Silent Circle fornece comunica\u00e7\u00f5es encriptados de n\u00edvel empresarial &#8211; chamadas de voz, chamadas de v\u00eddeo, mensagens, partilha de ficheiros e chamadas em confer\u00eancia. Cada transmiss\u00e3o \u00e9 encriptado de ponta a ponta, sem armazenamento de metadados. As tuas conversas n\u00e3o desaparecem simplesmente &#8211; elas nunca existiram em nenhum servidor.  <\/p>\n<p>\u2713 Chamadas de voz e v\u00eddeo encriptados ilimitadas<br \/>\n\u2713 Mensagens seguras e transfer\u00eancia de ficheiros<br \/>\n\u2713 Chamadas em confer\u00eancia com encripta\u00e7\u00e3o total<br \/>\n\u2713 Reten\u00e7\u00e3o zero de metadados<br \/>\n\u2713 Funciona em CryptPhones (GrapheneOS)<br \/>\n\u2713 Licen\u00e7a entregue atrav\u00e9s do teu messenger preferido<\/p>\n<p>Escolhe 3, 6 ou 12 meses. Enviamos o teu c\u00f3digo de ativa\u00e7\u00e3o diretamente &#8211; sem liga\u00e7\u00e3o \u00e0 conta, sem rasto de papel. <\/p>\n","protected":false},"featured_media":45963,"comment_status":"open","ping_status":"closed","template":"","meta":[],"product_brand":[],"product_cat":[],"product_tag":[],"class_list":{"0":"post-64414","1":"product","2":"type-product","3":"status-publish","4":"has-post-thumbnail","6":"product_shipping_class-digital","7":"pa_accessory-type-licenca-de-software","8":"pa_accessory-type-software-license","9":"pa_brand-silent-circle","11":"pa_supported-os-android","13":"pa_supported-os-ios","16":"first","17":"outofstock","18":"taxable","19":"shipping-taxable","20":"purchasable","21":"product-type-variable","22":"has-default-attributes"},"_links":{"self":[{"href":"https:\/\/www.cryptvice.com\/pt-pt\/wp-json\/wp\/v2\/product\/64414","targetHints":{"allow":["GET"]}}],"collection":[{"href":"https:\/\/www.cryptvice.com\/pt-pt\/wp-json\/wp\/v2\/product"}],"about":[{"href":"https:\/\/www.cryptvice.com\/pt-pt\/wp-json\/wp\/v2\/types\/product"}],"replies":[{"embeddable":true,"href":"https:\/\/www.cryptvice.com\/pt-pt\/wp-json\/wp\/v2\/comments?post=64414"}],"version-history":[{"count":0,"href":"https:\/\/www.cryptvice.com\/pt-pt\/wp-json\/wp\/v2\/product\/64414\/revisions"}],"wp:featuredmedia":[{"embeddable":true,"href":"https:\/\/www.cryptvice.com\/pt-pt\/wp-json\/wp\/v2\/media\/45963"}],"wp:attachment":[{"href":"https:\/\/www.cryptvice.com\/pt-pt\/wp-json\/wp\/v2\/media?parent=64414"}],"wp:term":[{"taxonomy":"product_brand","embeddable":true,"href":"https:\/\/www.cryptvice.com\/pt-pt\/wp-json\/wp\/v2\/product_brand?post=64414"},{"taxonomy":"product_cat","embeddable":true,"href":"https:\/\/www.cryptvice.com\/pt-pt\/wp-json\/wp\/v2\/product_cat?post=64414"},{"taxonomy":"product_tag","embeddable":true,"href":"https:\/\/www.cryptvice.com\/pt-pt\/wp-json\/wp\/v2\/product_tag?post=64414"}],"curies":[{"name":"wp","href":"https:\/\/api.w.org\/{rel}","templated":true}]}}