{"id":64952,"date":"2025-06-13T11:30:17","date_gmt":"2025-06-13T09:30:17","guid":{"rendered":"https:\/\/www.cryptvice.com\/shop\/iphone-14-plus-privacy-screen-protector\/"},"modified":"2026-03-13T10:44:26","modified_gmt":"2026-03-13T08:44:26","slug":"iphone-14-plus-privacy-screen-protector","status":"publish","type":"product","link":"https:\/\/www.cryptvice.com\/pt-pt\/shop\/iphone-14-plus-privacy-screen-protector\/","title":{"rendered":"iPhone 14 Plus &#8211; Protetor de ecr\u00e3 privado"},"content":{"rendered":"\t\t<div data-elementor-type=\"product-post\" data-elementor-id=\"64952\" class=\"elementor elementor-64952 elementor-43608\" data-elementor-post-type=\"product\">\n\t\t\t\t<div class=\"wd-negative-gap elementor-element elementor-element-761e2ec7 e-flex e-con-boxed e-con e-parent\" data-id=\"761e2ec7\" data-element_type=\"container\" data-e-type=\"container\">\n\t\t\t\t\t<div class=\"e-con-inner\">\n\t\t\t\t\t<\/div>\n\t\t\t\t<\/div>\n\t\t\t\t<\/div>\n\t\t","protected":false},"excerpt":{"rendered":"<p>iPhone 14 Plus &#8211; Protetor de ecr\u00e3 privado com filtro anti-spy e tampa deslizante para a c\u00e2mara frontal. O grande ecr\u00e3 de 6,7 polegadas \u00e9 f\u00e1cil de ler de \u00e2ngulos amplos &#8211; este vidro resolve o problema. A tampa deslizante da c\u00e2mara bloqueia fisicamente a lente frontal. O Face ID funciona normalmente.   <\/p>\n<p>\u2713 Vidro temperado 9H com camada de privacidade micro-louver<br \/>\n\u2713 C\u00e2mara frontal deslizante incorporada no vidro<br \/>\n\u2713 O reconhecimento do ID Facial n\u00e3o \u00e9 afetado<br \/>\n\u2713 Superf\u00edcie oleof\u00f3bica resistente a impress\u00f5es digitais<br \/>\n\u2713 Ajuste de precis\u00e3o para o iPhone 14 Plus<\/p>\n","protected":false},"featured_media":45916,"comment_status":"closed","ping_status":"closed","template":"","meta":[],"product_brand":[],"product_cat":[2437],"product_tag":[],"class_list":{"0":"post-64952","1":"product","2":"type-product","3":"status-publish","4":"has-post-thumbnail","6":"product_cat-protectores-de-ecra","7":"product_shipping_class-pacote-da-caixa-de-correio-ferramentas-de-privacidade","9":"first","10":"instock","11":"taxable","12":"shipping-taxable","13":"purchasable","14":"product-type-simple"},"_links":{"self":[{"href":"https:\/\/www.cryptvice.com\/pt-pt\/wp-json\/wp\/v2\/product\/64952","targetHints":{"allow":["GET"]}}],"collection":[{"href":"https:\/\/www.cryptvice.com\/pt-pt\/wp-json\/wp\/v2\/product"}],"about":[{"href":"https:\/\/www.cryptvice.com\/pt-pt\/wp-json\/wp\/v2\/types\/product"}],"replies":[{"embeddable":true,"href":"https:\/\/www.cryptvice.com\/pt-pt\/wp-json\/wp\/v2\/comments?post=64952"}],"version-history":[{"count":0,"href":"https:\/\/www.cryptvice.com\/pt-pt\/wp-json\/wp\/v2\/product\/64952\/revisions"}],"wp:featuredmedia":[{"embeddable":true,"href":"https:\/\/www.cryptvice.com\/pt-pt\/wp-json\/wp\/v2\/media\/45916"}],"wp:attachment":[{"href":"https:\/\/www.cryptvice.com\/pt-pt\/wp-json\/wp\/v2\/media?parent=64952"}],"wp:term":[{"taxonomy":"product_brand","embeddable":true,"href":"https:\/\/www.cryptvice.com\/pt-pt\/wp-json\/wp\/v2\/product_brand?post=64952"},{"taxonomy":"product_cat","embeddable":true,"href":"https:\/\/www.cryptvice.com\/pt-pt\/wp-json\/wp\/v2\/product_cat?post=64952"},{"taxonomy":"product_tag","embeddable":true,"href":"https:\/\/www.cryptvice.com\/pt-pt\/wp-json\/wp\/v2\/product_tag?post=64952"}],"curies":[{"name":"wp","href":"https:\/\/api.w.org\/{rel}","templated":true}]}}