{"id":65012,"date":"2025-03-25T11:15:56","date_gmt":"2025-03-25T09:15:56","guid":{"rendered":"https:\/\/www.cryptvice.com\/shop\/pixel-9-privacy-screen-protector\/"},"modified":"2026-03-13T10:44:51","modified_gmt":"2026-03-13T08:44:51","slug":"pixel-9-privacy-screen-protector","status":"publish","type":"product","link":"https:\/\/www.cryptvice.com\/pt-pt\/shop\/pixel-9-privacy-screen-protector\/","title":{"rendered":"Pixel 9 &#8211; Protetor de ecr\u00e3 privado"},"content":{"rendered":"\t\t<div data-elementor-type=\"product-post\" data-elementor-id=\"65012\" class=\"elementor elementor-65012 elementor-42253\" data-elementor-post-type=\"product\">\n\t\t\t\t<div class=\"wd-negative-gap elementor-element elementor-element-405438c1 e-flex e-con-boxed e-con e-parent\" data-id=\"405438c1\" data-element_type=\"container\" data-e-type=\"container\">\n\t\t\t\t\t<div class=\"e-con-inner\">\n\t\t\t\t\t<\/div>\n\t\t\t\t<\/div>\n\t\t\t\t<\/div>\n\t\t","protected":false},"excerpt":{"rendered":"<p>O protetor de ecr\u00e3 de privacidade do Google Pixel 9 limita a visibilidade do ecr\u00e3 a aproximadamente 28 graus. O teu ecr\u00e3 parece normal de frente e fica escuro dos lados. Funciona com o sensor de impress\u00f5es digitais ultrass\u00f3nico e o Desbloqueio facial &#8211; n\u00e3o interfere com a biometria.  <\/p>\n<p>\u2713 Vidro temperado 9H com filtro de privacidade micro-louver<br \/>\n\u2713 Suporte para impress\u00e3o digital ultrass\u00f3nica e Desbloqueio facial<br \/>\n\u2713 Revestimento oleof\u00f3bico anti-n\u00f3doas<br \/>\n\u2713 Instala\u00e7\u00e3o limpa e sem bolhas<br \/>\n\u2713 Ajuste de precis\u00e3o para o Google Pixel 9<\/p>\n","protected":false},"featured_media":45908,"comment_status":"open","ping_status":"closed","template":"","meta":[],"product_brand":[],"product_cat":[2437],"product_tag":[],"class_list":{"0":"post-65012","1":"product","2":"type-product","3":"status-publish","4":"has-post-thumbnail","6":"product_cat-protectores-de-ecra","7":"product_shipping_class-pacote-da-caixa-de-correio-ferramentas-de-privacidade","9":"first","10":"onbackorder","11":"taxable","12":"shipping-taxable","13":"purchasable","14":"product-type-simple"},"_links":{"self":[{"href":"https:\/\/www.cryptvice.com\/pt-pt\/wp-json\/wp\/v2\/product\/65012","targetHints":{"allow":["GET"]}}],"collection":[{"href":"https:\/\/www.cryptvice.com\/pt-pt\/wp-json\/wp\/v2\/product"}],"about":[{"href":"https:\/\/www.cryptvice.com\/pt-pt\/wp-json\/wp\/v2\/types\/product"}],"replies":[{"embeddable":true,"href":"https:\/\/www.cryptvice.com\/pt-pt\/wp-json\/wp\/v2\/comments?post=65012"}],"version-history":[{"count":0,"href":"https:\/\/www.cryptvice.com\/pt-pt\/wp-json\/wp\/v2\/product\/65012\/revisions"}],"wp:featuredmedia":[{"embeddable":true,"href":"https:\/\/www.cryptvice.com\/pt-pt\/wp-json\/wp\/v2\/media\/45908"}],"wp:attachment":[{"href":"https:\/\/www.cryptvice.com\/pt-pt\/wp-json\/wp\/v2\/media?parent=65012"}],"wp:term":[{"taxonomy":"product_brand","embeddable":true,"href":"https:\/\/www.cryptvice.com\/pt-pt\/wp-json\/wp\/v2\/product_brand?post=65012"},{"taxonomy":"product_cat","embeddable":true,"href":"https:\/\/www.cryptvice.com\/pt-pt\/wp-json\/wp\/v2\/product_cat?post=65012"},{"taxonomy":"product_tag","embeddable":true,"href":"https:\/\/www.cryptvice.com\/pt-pt\/wp-json\/wp\/v2\/product_tag?post=65012"}],"curies":[{"name":"wp","href":"https:\/\/api.w.org\/{rel}","templated":true}]}}