{"id":65435,"date":"2024-06-23T15:35:36","date_gmt":"2024-06-23T13:35:36","guid":{"rendered":"https:\/\/www.cryptvice.com\/shop\/google-pixel-8a-grapheneos-vpn-encrypted\/"},"modified":"2026-04-02T10:43:27","modified_gmt":"2026-04-02T08:43:27","slug":"google-pixel-8a-grapheneos-vpn-encrypted","status":"publish","type":"product","link":"https:\/\/www.cryptvice.com\/pt-pt\/shop\/google-pixel-8a-grapheneos-vpn-encrypted\/","title":{"rendered":"Google Pixel 8a GrapheneOS VPN encriptada"},"content":{"rendered":"\t\t<div data-elementor-type=\"product-post\" data-elementor-id=\"65435\" class=\"elementor elementor-65435 elementor-15498\" data-elementor-post-type=\"product\">\n\t\t\t\t<div class=\"wd-negative-gap elementor-element elementor-element-29d8395f e-flex e-con-boxed e-con e-parent\" data-id=\"29d8395f\" data-element_type=\"container\" data-e-type=\"container\">\n\t\t\t\t\t<div class=\"e-con-inner\">\n\t\t\t\t\t\t\t<h2 \n\t\tdata-interaction-id=\"7b7cb306\" \n\t\tclass=\"e-7b7cb306-9ef19fc e-heading-base\" \n\t\t \n\t\tdata-e-type=\"widget\" data-id=\"7b7cb306\"\n\t>\n\t\n\t\t\tVis\u00e3o geral do Google Pixel 8a GrapheneOS\n\t\t<\/h2>\n\t\t\t\t\t\t\t\t<p class=\"paragraph-small e-paragraph-base\" data-interaction-id=\"56d48f24\"  data-e-type=\"widget\" data-id=\"56d48f24\">\n\t\t\t\t\t\t\t\tO Google Pixel 8a GrapheneOS VPN Encrypted oferece-te seguran\u00e7a de \u00faltima gera\u00e7\u00e3o a um pre\u00e7o acess\u00edvel. Configurado para: <br><br>- Utilizadores preocupados com o or\u00e7amento que necessitam de uma prote\u00e7\u00e3o genu\u00edna da privacidade<br>- Organiza\u00e7\u00f5es que utilizam v\u00e1rios dispositivos seguros<br>- Utilizadores de GrapheneOS pela primeira vez que exploram alternativas privadas<br>- Estudantes e investigadores que lidam com dados sens\u00edveis<br>- Utilizadores de dispositivos secund\u00e1rios que necessitam de comunica\u00e7\u00f5es seguras dedicadas<br><br>O Pixel 8a inclui o mesmo chip de seguran\u00e7a Titan M2 presente nos modelos topo de gama, com suporte at\u00e9 2031.\n\t\t\t\t\t<\/p>\n\t\t\t\t\t\t\t<h2 \n\t\tdata-interaction-id=\"2f6eb22c\" \n\t\tclass=\"e-2f6eb22c-a765c05 e-heading-base\" \n\t\t \n\t\tdata-e-type=\"widget\" data-id=\"2f6eb22c\"\n\t>\n\t\n\t\t\tExecuta o GrapheneOS no Pixel 8a\n\t\t<\/h2>\n\t\t\t\t\t\t\t\t<p class=\"paragraph-small e-paragraph-base\" data-interaction-id=\"20b6359b\"  data-e-type=\"widget\" data-id=\"20b6359b\">\n\t\t\t\t\t\t\t\tCada Pixel 8a est\u00e1 preparado com uma instala\u00e7\u00e3o verificada do GrapheneOS:<br><br>- Instala\u00e7\u00e3o de sistema nova com verifica\u00e7\u00e3o de integridade<br>- Carregador de arranque bloqueado para prote\u00e7\u00e3o de arranque verificada<br>- Servi\u00e7os e telemetria da Google totalmente removidos<br>- Fortalecimento do sistema configurado para fiabilidade di\u00e1ria<br>- Otimiza\u00e7\u00e3o da bateria equilibrada com os requisitos de seguran\u00e7a<br><br>As actualiza\u00e7\u00f5es do GrapheneOS continuam at\u00e9 2031, correspondendo aos prazos de suporte do topo de gama.\n\t\t\t\t\t<\/p>\n\t\t\t\t\t\t\t<h2 \n\t\tdata-interaction-id=\"a6d0ed\" \n\t\tclass=\"e-a6d0ed-e5d2193 e-heading-base\" \n\t\t \n\t\tdata-e-type=\"widget\" data-id=\"a6d0ed\"\n\t>\n\t\n\t\t\tPermiss\u00f5es de aplica\u00e7\u00f5es no Pixel 8a\n\t\t<\/h2>\n\t\t\t\t\t\t\t\t<p class=\"paragraph-small e-paragraph-base\" data-interaction-id=\"174a2f6f\"  data-e-type=\"widget\" data-id=\"174a2f6f\">\n\t\t\t\t\t\t\t\tAs aplica\u00e7\u00f5es de privacidade s\u00e3o configuradas individualmente em cada dispositivo:<br><br>- As permiss\u00f5es s\u00e3o analisadas e restringidas aos requisitos m\u00ednimos<br>- Os processos em segundo plano s\u00e3o controlados para evitar a recolha silenciosa de dados<br>- O acesso \u00e0 rede \u00e9 limitado por aplica\u00e7\u00e3o<br>- A aplica\u00e7\u00e3o sandboxing \u00e9 aplicada para evitar a partilha de dados<br>- As permiss\u00f5es de armazenamento s\u00e3o isoladas para informa\u00e7\u00f5es confidenciais<br><br>Esta abordagem dispositivo a dispositivo garante normas de prote\u00e7\u00e3o consistentes.\n\t\t\t\t\t<\/p>\n\t\t\t\t\t\t\t<h2 \n\t\tdata-interaction-id=\"276b4aef\" \n\t\tclass=\"e-276b4aef-e492a06 e-heading-base\" \n\t\t \n\t\tdata-e-type=\"widget\" data-id=\"276b4aef\"\n\t>\n\t\n\t\t\tConfigura\u00e7\u00e3o VPN no Pixel 8a\n\t\t<\/h2>\n\t\t\t\t\t\t\t\t<p class=\"paragraph-small e-paragraph-base\" data-interaction-id=\"47f7feef\"  data-e-type=\"widget\" data-id=\"47f7feef\">\n\t\t\t\t\t\t\t\tSeleciona o teu fornecedor durante o checkout:<br><br>- Mullvad - registo an\u00f3nimo, n\u00e3o necessita de e-mail, jurisdi\u00e7\u00e3o sueca<br>- iVPN - multi-hop dispon\u00edvel, cliente open-source auditado, baseado em Gibraltar<br>- ProtonVPN - prote\u00e7\u00e3o de privacidade su\u00ed\u00e7a, servidores Secure Core<br><br>A tua VPN \u00e9 instalada, configurada e testada antes do envio. A encripta\u00e7\u00e3o \u00e9 activada automaticamente no arranque. \n\t\t\t\t\t<\/p>\n\t\t\t\t\t\t\t<h2 \n\t\tdata-interaction-id=\"4260d906\" \n\t\tclass=\"e-4260d906-18fcfc2 e-heading-base\" \n\t\t \n\t\tdata-e-type=\"widget\" data-id=\"4260d906\"\n\t>\n\t\n\t\t\tAplica\u00e7\u00f5es de privacidade no Google Pixel 8a\n\t\t<\/h2>\n\t\t\t\t\t\t\t\t<p class=\"paragraph-small e-paragraph-base\" data-interaction-id=\"2c30fb55\"  data-e-type=\"widget\" data-id=\"2c30fb55\">\n\t\t\t\t\t\t\t\tRede segura<br>- Orbot - encaminha o tr\u00e1fego atrav\u00e9s do Tor quando \u00e9 necess\u00e1rio o anonimato<br>- VPN Premium - o teu fornecedor configurado e verificado<br><br>Navega\u00e7\u00e3o privada<br>- Firefox Focus - bloqueia localizadores, limpa dados automaticamente<br><br>Acesso a aplica\u00e7\u00f5es<br>- Aurora Store - transferir aplica\u00e7\u00f5es sem conta Google<br>- F-Droid - reposit\u00f3rio de aplica\u00e7\u00f5es de privacidade de fonte aberta<br><br>Comunica\u00e7\u00e3o segura<br>- Molly - forquilha de sinal refor\u00e7ada com prote\u00e7\u00e3o melhorada<br>- Threema - mensagens desenvolvidas na Su\u00ed\u00e7a e compat\u00edveis com o RGPD<br>- SimpleX - n\u00e3o s\u00e3o necess\u00e1rios n\u00fameros de telefone ou identificadores<br><br>Produtividade<br>- Standard Notes - notas encriptadas de ponta a ponta<br>- eM Client - e-mail sem rastreio de plataforma\n\t\t\t\t\t<\/p>\n\t\t\t\t\t\t\t<h2 \n\t\tdata-interaction-id=\"2c830d78\" \n\t\tclass=\"e-2c830d78-7c2828d e-heading-base\" \n\t\t \n\t\tdata-e-type=\"widget\" data-id=\"2c830d78\"\n\t>\n\t\n\t\t\tServi\u00e7o de configura\u00e7\u00e3o do Cryptvice\n\t\t<\/h2>\n\t\t\t\t\t\t\t\t<p class=\"paragraph-small e-paragraph-base\" data-interaction-id=\"5c4b5287\"  data-e-type=\"widget\" data-id=\"5c4b5287\">\n\t\t\t\t\t\t\t\t- Cada dispositivo configurado \u00e0 m\u00e3o<br>- Seguran\u00e7a testada antes do envio<br>- Embalagem discreta sem marca<br>- Pagamentos em criptomoeda aceites<br>- Envio de Espanha com rastreio<br>- 30 dias de apoio dos utilizadores GrapheneOS\n\t\t\t\t\t<\/p>\n\t\t\t\t\t\t\t<h2 \n\t\tdata-interaction-id=\"46c9fb0a\" \n\t\tclass=\"e-46c9fb0a-52371a9 e-heading-base\" \n\t\t \n\t\tdata-e-type=\"widget\" data-id=\"46c9fb0a\"\n\t>\n\t\n\t\t\tEncomendas e garantia\n\t\t<\/h2>\n\t\t\t\t\t\t\t\t<p class=\"paragraph-small e-paragraph-base\" data-interaction-id=\"11067dd9\"  data-e-type=\"widget\" data-id=\"11067dd9\">\n\t\t\t\t\t\t\t\tEnvio no prazo de 1 dia \u00fatil. Acompanha a encomenda por correio eletr\u00f3nico. <br><br>Aceitam-se devolu\u00e7\u00f5es de aparelhos com defeito em Espanha. Os portes de devolu\u00e7\u00e3o aplicam-se a artigos n\u00e3o defeituosos. Inclui garantia de hardware da Google. A configura\u00e7\u00e3o \u00e9 fornecida como servi\u00e7o profissional.   \n\t\t\t\t\t<\/p>\n\t\t\t\t\t\t\t\t<p class=\"paragraph-small button-dark-icon e-1c7a008e-43c6eff e-paragraph-base\" data-interaction-id=\"1c7a008e\"  data-e-type=\"widget\" data-id=\"1c7a008e\">\n\t\t\t\t\t\t\t<a\n\t\t\t\t\thref=\"https:\/\/www.cryptvice.com\/pt-pt\/help-and-support\/\" target=\"_self\"\n\t\t\t\t\tclass=\"e-paragraph-link-base\"\n\t\t\t\t>\n\t\t\t\t\t\tTens d\u00favidas? V\u00ea as nossas FAQs de Ajuda e Suporte \n\t\t\t\t<\/a>\n\t\t\t\t\t<\/p>\n\t\t\t\t\t<\/div>\n\t\t\t\t<\/div>\n\t\t\t\t<\/div>\n\t\t","protected":false},"excerpt":{"rendered":"<p>O Google Pixel 8a GrapheneOS funciona com o processador Tensor G3 com o chip de seguran\u00e7a Titan M2 &#8211; a mesma base de seguran\u00e7a de hardware da linha Pixel 9. Uma gera\u00e7\u00e3o atr\u00e1s no processador principal, mas id\u00eantico no que importa para a privacidade: arranque verificado, enclave seguro, suporte completo para GrapheneOS. <\/p>\n<p>\u2713 Pr\u00e9-instalado com GrapheneOS &#8211; sem Google, sem rastreio<br \/>\n\u2713 Signal, Molly e Threema activados com n\u00famero virtual<br \/>\n\u2713 VPN Premium + perfil duplo com endurecimento total<br \/>\n\u2713 Bloqueador de dados USB e limpeza de coa\u00e7\u00e3o activados<\/p>\n","protected":false},"featured_media":65463,"comment_status":"closed","ping_status":"closed","template":"","meta":[],"product_brand":[],"product_cat":[6648,6569],"product_tag":[],"class_list":{"0":"post-65435","1":"product","2":"type-product","3":"status-publish","4":"has-post-thumbnail","6":"product_cat-cryptphones-2","7":"product_cat-accessoires","8":"pa_audio-connection-usb-c","9":"pa_battery-capacity-4492-mah","10":"pa_bluetooth-5-3","11":"pa_brand-google","12":"pa_camera-back-13-mp-f-2-2-120-ultrawide","13":"pa_camera-back-64-mp-f-1-9-26mm-wide-pdaf-ois","14":"pa_camera-front-13-mp-f-2-2-20-mm-ultra-largo","15":"pa_color-preto-2","16":"pa_graphics-series-immortalis-g715s-mc10","17":"pa_guaranteed-security-updates-01-may-2031","18":"pa_manufacturer-guarantee-24-months","19":"pa_model-pixel-8a","20":"pa_operating-system-grapheneos","21":"pa_processor-4x-2-15ghz-cortex-a510","22":"pa_processor-4x-2-45ghz-cortex-a715","23":"pa_processor-nona-core-1x-3-0ghz-cortex-x3","24":"pa_ram-size-8-gb","25":"pa_ram-type-lpddr5x","26":"pa_release-years-14-may-2024","27":"pa_resolution-1080-x-2400-pixels","28":"pa_screen-diagonal-6-1","29":"pa_screen-ppi-430-ppi","30":"pa_screen-ratio-relacao-209-2","31":"pa_screen-refresh-rate-120hz","32":"pa_screen-type-oled","33":"pa_security-features-desbloqueio-oem-2","34":"pa_security-features-vpn-encrypted","35":"pa_storage-128-gb","36":"pa_system-chip-google-tensor-g3-4-nm","37":"pa_vpn-cover-ivpn-12m","38":"pa_vpn-cover-ivpn-6m","39":"pa_vpn-cover-mullvad-12m","40":"pa_vpn-cover-mullvad-6m","41":"pa_vpn-cover-protonvpn-12m","43":"first","44":"instock","45":"taxable","46":"shipping-taxable","47":"purchasable","48":"product-type-variable"},"_links":{"self":[{"href":"https:\/\/www.cryptvice.com\/pt-pt\/wp-json\/wp\/v2\/product\/65435","targetHints":{"allow":["GET"]}}],"collection":[{"href":"https:\/\/www.cryptvice.com\/pt-pt\/wp-json\/wp\/v2\/product"}],"about":[{"href":"https:\/\/www.cryptvice.com\/pt-pt\/wp-json\/wp\/v2\/types\/product"}],"replies":[{"embeddable":true,"href":"https:\/\/www.cryptvice.com\/pt-pt\/wp-json\/wp\/v2\/comments?post=65435"}],"version-history":[{"count":2,"href":"https:\/\/www.cryptvice.com\/pt-pt\/wp-json\/wp\/v2\/product\/65435\/revisions"}],"predecessor-version":[{"id":71359,"href":"https:\/\/www.cryptvice.com\/pt-pt\/wp-json\/wp\/v2\/product\/65435\/revisions\/71359"}],"wp:featuredmedia":[{"embeddable":true,"href":"https:\/\/www.cryptvice.com\/pt-pt\/wp-json\/wp\/v2\/media\/65463"}],"wp:attachment":[{"href":"https:\/\/www.cryptvice.com\/pt-pt\/wp-json\/wp\/v2\/media?parent=65435"}],"wp:term":[{"taxonomy":"product_brand","embeddable":true,"href":"https:\/\/www.cryptvice.com\/pt-pt\/wp-json\/wp\/v2\/product_brand?post=65435"},{"taxonomy":"product_cat","embeddable":true,"href":"https:\/\/www.cryptvice.com\/pt-pt\/wp-json\/wp\/v2\/product_cat?post=65435"},{"taxonomy":"product_tag","embeddable":true,"href":"https:\/\/www.cryptvice.com\/pt-pt\/wp-json\/wp\/v2\/product_tag?post=65435"}],"curies":[{"name":"wp","href":"https:\/\/api.w.org\/{rel}","templated":true}]}}