{"id":66407,"date":"2024-05-15T20:55:49","date_gmt":"2024-05-15T18:55:49","guid":{"rendered":"https:\/\/www.cryptvice.com\/shop\/google-pixel-7a-grapheneos-vpn-encrypted\/"},"modified":"2026-04-02T10:43:03","modified_gmt":"2026-04-02T08:43:03","slug":"google-pixel-7a-grapheneos-vpn-encrypted","status":"publish","type":"product","link":"https:\/\/www.cryptvice.com\/pt-pt\/shop\/google-pixel-7a-grapheneos-vpn-encrypted\/","title":{"rendered":"Google Pixel 7a GrapheneOS VPN encriptada"},"content":{"rendered":"\t\t<div data-elementor-type=\"product-post\" data-elementor-id=\"66407\" class=\"elementor elementor-66407 elementor-11253\" data-elementor-post-type=\"product\">\n\t\t\t\t<div class=\"wd-negative-gap elementor-element elementor-element-7ec8d3af e-flex e-con-boxed e-con e-parent\" data-id=\"7ec8d3af\" data-element_type=\"container\" data-e-type=\"container\">\n\t\t\t\t\t<div class=\"e-con-inner\">\n\t\t\t\t\t\t\t<h2 \n\t\tdata-interaction-id=\"165001e9\" \n\t\tclass=\"e-165001e9-b430510 e-heading-base\" \n\t\t \n\t\tdata-e-type=\"widget\" data-id=\"165001e9\"\n\t>\n\t\n\t\t\tCome\u00e7a a utilizar o Google Pixel 7a GrapheneOS\n\t\t<\/h2>\n\t\t\t\t\t\t\t\t<p class=\"paragraph-small e-paragraph-base\" data-interaction-id=\"3dcfc744\"  data-e-type=\"widget\" data-id=\"3dcfc744\">\n\t\t\t\t\t\t\t\tO Google Pixel 7a GrapheneOS VPN Encrypted fornece-te um ponto de entrada acess\u00edvel para a privacidade m\u00f3vel. Configurado para: <br><br>- Utilizadores de GrapheneOS pela primeira vez a explorar alternativas seguras<br>- Compradores preocupados com o or\u00e7amento que necessitam de prote\u00e7\u00e3o genu\u00edna<br>- Estudantes e investigadores que lidam com informa\u00e7\u00f5es sens\u00edveis<br>- Utilizadores de dispositivos secund\u00e1rios que necessitam de comunica\u00e7\u00e3o segura dedicada<br>- Organiza\u00e7\u00f5es que equipam equipas com hardware de privacidade<br><br>O Pixel 7a oferece seguran\u00e7a Titan M2 a um pre\u00e7o inferior ao dos modelos topo de gama.\n\t\t\t\t\t<\/p>\n\t\t\t\t\t\t\t<h2 \n\t\tdata-interaction-id=\"4f8be935\" \n\t\tclass=\"e-4f8be935-fa14783 e-heading-base\" \n\t\t \n\t\tdata-e-type=\"widget\" data-id=\"4f8be935\"\n\t>\n\t\n\t\t\tExperimenta o GrapheneOS no Pixel 7a\n\t\t<\/h2>\n\t\t\t\t\t\t\t\t<p class=\"paragraph-small e-paragraph-base\" data-interaction-id=\"7b76444\"  data-e-type=\"widget\" data-id=\"7b76444\">\n\t\t\t\t\t\t\t\tCada Pixel 7a \u00e9 fornecido com o GrapheneOS instalado e verificado:<br><br>- Instala\u00e7\u00e3o limpa com verifica\u00e7\u00e3o de integridade<br>- Carregador de arranque configurado para funcionamento seguro<br>- Servi\u00e7os Google completamente removidos<br>- Sistema refor\u00e7ado contra vulnerabilidades comuns<br>- Bateria e desempenho optimizados para utiliza\u00e7\u00e3o di\u00e1ria<br><br>O sistema operativo recebe actualiza\u00e7\u00f5es cont\u00ednuas enquanto a Google mant\u00e9m o suporte para o Pixel 7a.\n\t\t\t\t\t<\/p>\n\t\t\t\t\t\t\t<h2 \n\t\tdata-interaction-id=\"760a88b4\" \n\t\tclass=\"e-760a88b4-c6d72c5 e-heading-base\" \n\t\t \n\t\tdata-e-type=\"widget\" data-id=\"760a88b4\"\n\t>\n\t\n\t\t\tSeguran\u00e7a das aplica\u00e7\u00f5es no Pixel 7a\n\t\t<\/h2>\n\t\t\t\t\t\t\t\t<p class=\"paragraph-small e-paragraph-base\" data-interaction-id=\"392661c4\"  data-e-type=\"widget\" data-id=\"392661c4\">\n\t\t\t\t\t\t\t\tAs aplica\u00e7\u00f5es de privacidade s\u00e3o configuradas individualmente em cada dispositivo:<br><br>- As permiss\u00f5es s\u00e3o revistas e minimizadas para cada aplica\u00e7\u00e3o<br>- A atividade em segundo plano \u00e9 limitada aos processos essenciais<br>- O acesso \u00e0 rede \u00e9 controlado por aplica\u00e7\u00e3o<br>- O armazenamento \u00e9 isolado entre aplica\u00e7\u00f5es<br><br>Esta abordagem manual garante uma prote\u00e7\u00e3o consistente em todos os dispositivos Pixel 7a que preparamos.\n\t\t\t\t\t<\/p>\n\t\t\t\t\t\t\t<h2 \n\t\tdata-interaction-id=\"a29a29e\" \n\t\tclass=\"e-a29a29e-328cc0b e-heading-base\" \n\t\t \n\t\tdata-e-type=\"widget\" data-id=\"a29a29e\"\n\t>\n\t\n\t\t\tProte\u00e7\u00e3o de rede no Pixel 7a\n\t\t<\/h2>\n\t\t\t\t\t\t\t\t<p class=\"paragraph-small e-paragraph-base\" data-interaction-id=\"6ff39b66\"  data-e-type=\"widget\" data-id=\"6ff39b66\">\n\t\t\t\t\t\t\t\tO teu fornecedor de VPN selecionado \u00e9 instalado e ativado:<br><br>- Mullvad - n\u00e3o \u00e9 necess\u00e1rio registo, pagamentos an\u00f3nimos<br>- iVPN - encaminhamento multi-hop, infraestrutura auditada<br>- ProtonVPN - leis de privacidade su\u00ed\u00e7as, op\u00e7\u00e3o Secure Core<br><br>A encripta\u00e7\u00e3o do tr\u00e1fego come\u00e7a automaticamente, protegendo as liga\u00e7\u00f5es em qualquer rede.\n\t\t\t\t\t<\/p>\n\t\t\t\t\t\t\t<h2 \n\t\tdata-interaction-id=\"4677b3ea\" \n\t\tclass=\"e-4677b3ea-1f126dc e-heading-base\" \n\t\t \n\t\tdata-e-type=\"widget\" data-id=\"4677b3ea\"\n\t>\n\t\n\t\t\tFerramentas pr\u00e9-configuradas no Google Pixel 7a\n\t\t<\/h2>\n\t\t\t\t\t\t\t\t<p class=\"paragraph-small e-paragraph-base\" data-interaction-id=\"30cb8bbe\"  data-e-type=\"widget\" data-id=\"30cb8bbe\">\n\t\t\t\t\t\t\t\tNetworking<br>- Orbot - navega\u00e7\u00e3o an\u00f3nima atrav\u00e9s do Tor<br>- VPN Premium - configurado e verificado antes do envio<br><br>Navega\u00e7\u00e3o<br>- Firefox Focus - prote\u00e7\u00e3o de rastreio com limpeza autom\u00e1tica<br><br>Fontes de aplica\u00e7\u00f5es<br>- Aurora Store - transfer\u00eancias an\u00f3nimas de aplica\u00e7\u00f5es<br>- F-Droid - biblioteca de aplica\u00e7\u00f5es de c\u00f3digo aberto<br><br>Comunica\u00e7\u00e3o<br>- Molly - mensageiro Signal melhorado<br>- Threema - Mensagens encriptadas de fabrico su\u00ed\u00e7o<br>- SimpleX - n\u00e3o s\u00e3o necess\u00e1rios identificadores<br><br>Produtividade<br>- Standard Notes - armazenamento encriptado de notas<br>- eM Client - gest\u00e3o de correio eletr\u00f3nico privado\n\t\t\t\t\t<\/p>\n\t\t\t\t\t\t\t<h2 \n\t\tdata-interaction-id=\"449df99a\" \n\t\tclass=\"e-449df99a-88bfea1 e-heading-base\" \n\t\t \n\t\tdata-e-type=\"widget\" data-id=\"449df99a\"\n\t>\n\t\n\t\t\tConfigura\u00e7\u00e3o profissional por Cryptvice\n\t\t<\/h2>\n\t\t\t\t\t\t\t\t<p class=\"paragraph-small e-paragraph-base\" data-interaction-id=\"710d12d7\"  data-e-type=\"widget\" data-id=\"710d12d7\">\n\t\t\t\t\t\t\t\t- Cada dispositivo preparado individualmente<br>- Seguran\u00e7a verificada antes do envio<br>- Embalagem sem marca<br>- Pagamento em criptomoeda dispon\u00edvel<br>- Envio a partir de Espanha<br>- Apoio de utilizadores GrapheneOS\n\t\t\t\t\t<\/p>\n\t\t\t\t\t\t\t<h2 \n\t\tdata-interaction-id=\"6b8f2a7a\" \n\t\tclass=\"e-6b8f2a7a-9564c3a e-heading-base\" \n\t\t \n\t\tdata-e-type=\"widget\" data-id=\"6b8f2a7a\"\n\t>\n\t\n\t\t\tEnvios e devolu\u00e7\u00f5es\n\t\t<\/h2>\n\t\t\t\t\t\t\t\t<p class=\"paragraph-small e-paragraph-base\" data-interaction-id=\"50864ef0\"  data-e-type=\"widget\" data-id=\"50864ef0\">\n\t\t\t\t\t\t\t\tAs encomendas s\u00e3o enviadas no prazo de 1 dia \u00fatil com rastreio.<br><br>Aceitam-se devolu\u00e7\u00f5es de aparelhos com defeito em Espanha. As devolu\u00e7\u00f5es de dispositivos n\u00e3o defeituosos requerem o pagamento do transporte de devolu\u00e7\u00e3o. A garantia da Google aplica-se ao hardware. A configura\u00e7\u00e3o est\u00e1 inclu\u00edda como servi\u00e7o.   \n\t\t\t\t\t<\/p>\n\t\t\t\t\t\t\t\t<p class=\"paragraph-small button-dark-icon e-7ce22a50-1df941b e-paragraph-base\" data-interaction-id=\"7ce22a50\"  data-e-type=\"widget\" data-id=\"7ce22a50\">\n\t\t\t\t\t\t\t<a\n\t\t\t\t\thref=\"https:\/\/www.cryptvice.com\/pt-pt\/help-and-support\/\" target=\"_self\"\n\t\t\t\t\tclass=\"e-paragraph-link-base\"\n\t\t\t\t>\n\t\t\t\t\t\tTens d\u00favidas? V\u00ea as nossas FAQs de Ajuda e Suporte \n\t\t\t\t<\/a>\n\t\t\t\t\t<\/p>\n\t\t\t\t\t<\/div>\n\t\t\t\t<\/div>\n\t\t\t\t<\/div>\n\t\t","protected":false},"excerpt":{"rendered":"<p>O Google Pixel 7a GrapheneOS funciona com o Tensor G2 e o chip de seguran\u00e7a Titan M2 &#8211; o mesmo enclave seguro que protege os teus dados que os modelos Pixel mais recentes. Duas gera\u00e7\u00f5es atr\u00e1s no poder de processamento, o mesmo na seguran\u00e7a apoiada por hardware. Uma escolha s\u00f3lida se o or\u00e7amento for a prioridade e o desempenho n\u00e3o.  <\/p>\n<p>\u2713 Pr\u00e9-instalado com GrapheneOS &#8211; sem Google, sem rastreio<br \/>\n\u2713 Signal, Molly e Threema activados com n\u00famero virtual<br \/>\n\u2713 VPN Premium + perfil duplo com endurecimento total<br \/>\n\u2713 Bloqueador de dados USB e limpeza de coa\u00e7\u00e3o activados<\/p>\n","protected":false},"featured_media":66411,"comment_status":"open","ping_status":"closed","template":"","meta":[],"product_brand":[],"product_cat":[6648,6569],"product_tag":[],"class_list":{"0":"post-66407","1":"product","2":"type-product","3":"status-publish","4":"has-post-thumbnail","6":"product_cat-cryptphones-2","7":"product_cat-accessoires","8":"pa_audio-connection-usb-c","9":"pa_battery-capacity-4385-mah","10":"pa_bluetooth-5-3","11":"pa_brand-google","12":"pa_camera-back-13-mp-ultra-wide","13":"pa_camera-back-64-mp","14":"pa_camera-front-13-mp","15":"pa_color-black","16":"pa_graphics-series-mali-g710-mp7","17":"pa_guaranteed-security-updates-07-may-2028","18":"pa_manufacturer-guarantee-24-months","19":"pa_model-pixel-7a","20":"pa_operating-system-grapheneos","21":"pa_processor-octa-core-2-85-ghz","22":"pa_ram-size-8-gb","23":"pa_ram-type-lpddr5","24":"pa_release-years-10-may-2023","25":"pa_resolution-2400-x-1080-pixels","26":"pa_screen-diagonal-6-1","27":"pa_screen-ppi-431-ppi","28":"pa_screen-ratio-209-ratio","29":"pa_screen-refresh-rate-90hz","30":"pa_screen-type-oled","31":"pa_security-features-oem-unlock","32":"pa_security-features-vpn-encrypted","33":"pa_storage-128-gb","34":"pa_system-chip-google-tensor-g2-5-nm","35":"pa_vpn-cover-ivpn-12m","36":"pa_vpn-cover-ivpn-6m","37":"pa_vpn-cover-mullvad-12m","38":"pa_vpn-cover-mullvad-6m","39":"pa_vpn-cover-protonvpn-12m","41":"first","42":"instock","43":"taxable","44":"shipping-taxable","45":"purchasable","46":"product-type-variable"},"_links":{"self":[{"href":"https:\/\/www.cryptvice.com\/pt-pt\/wp-json\/wp\/v2\/product\/66407","targetHints":{"allow":["GET"]}}],"collection":[{"href":"https:\/\/www.cryptvice.com\/pt-pt\/wp-json\/wp\/v2\/product"}],"about":[{"href":"https:\/\/www.cryptvice.com\/pt-pt\/wp-json\/wp\/v2\/types\/product"}],"replies":[{"embeddable":true,"href":"https:\/\/www.cryptvice.com\/pt-pt\/wp-json\/wp\/v2\/comments?post=66407"}],"version-history":[{"count":2,"href":"https:\/\/www.cryptvice.com\/pt-pt\/wp-json\/wp\/v2\/product\/66407\/revisions"}],"predecessor-version":[{"id":71334,"href":"https:\/\/www.cryptvice.com\/pt-pt\/wp-json\/wp\/v2\/product\/66407\/revisions\/71334"}],"wp:featuredmedia":[{"embeddable":true,"href":"https:\/\/www.cryptvice.com\/pt-pt\/wp-json\/wp\/v2\/media\/66411"}],"wp:attachment":[{"href":"https:\/\/www.cryptvice.com\/pt-pt\/wp-json\/wp\/v2\/media?parent=66407"}],"wp:term":[{"taxonomy":"product_brand","embeddable":true,"href":"https:\/\/www.cryptvice.com\/pt-pt\/wp-json\/wp\/v2\/product_brand?post=66407"},{"taxonomy":"product_cat","embeddable":true,"href":"https:\/\/www.cryptvice.com\/pt-pt\/wp-json\/wp\/v2\/product_cat?post=66407"},{"taxonomy":"product_tag","embeddable":true,"href":"https:\/\/www.cryptvice.com\/pt-pt\/wp-json\/wp\/v2\/product_tag?post=66407"}],"curies":[{"name":"wp","href":"https:\/\/api.w.org\/{rel}","templated":true}]}}