{"id":67046,"date":"2024-06-25T18:13:53","date_gmt":"2024-06-25T16:13:53","guid":{"rendered":"https:\/\/www.cryptvice.com\/shop\/pixel-8a-privacy-screen-protector\/"},"modified":"2026-03-13T13:08:33","modified_gmt":"2026-03-13T11:08:33","slug":"pixel-8a-privacy-screen-protector","status":"publish","type":"product","link":"https:\/\/www.cryptvice.com\/pt-pt\/shop\/pixel-8a-privacy-screen-protector\/","title":{"rendered":"Pixel 8a &#8211; Protetor de ecr\u00e3 privado"},"content":{"rendered":"\t\t<div data-elementor-type=\"product-post\" data-elementor-id=\"67046\" class=\"elementor elementor-67046 elementor-15896\" data-elementor-post-type=\"product\">\n\t\t\t\t<div class=\"wd-negative-gap elementor-element elementor-element-24367ace e-flex e-con-boxed e-con e-parent\" data-id=\"24367ace\" data-element_type=\"container\" data-e-type=\"container\">\n\t\t\t\t\t<div class=\"e-con-inner\">\n\t\t\t\t\t<\/div>\n\t\t\t\t<\/div>\n\t\t\t\t<\/div>\n\t\t","protected":false},"excerpt":{"rendered":"<p>O protetor de ecr\u00e3 de privacidade do Google Pixel 8a escurece o teu ecr\u00e3 de \u00e2ngulos laterais para que s\u00f3 tu o possas ler. O filtro micro-louver funciona de forma passiva &#8211; sem consumo de bateria, sem defini\u00e7\u00f5es. O leitor de impress\u00f5es digitais e o Desbloqueio facial funcionam normalmente atrav\u00e9s do vidro.  <\/p>\n<p>\u2713 Vidro temperado 9H com filtro anti-espionagem (\u00e2ngulo de ~28\u00b0)<br \/>\n\u2713 O leitor de impress\u00f5es digitais e o Desbloqueio facial funcionam atrav\u00e9s do vidro<br \/>\n\u2713 Revestimento oleof\u00f3bico resistente a impress\u00f5es digitais<br \/>\n\u2713 Instala\u00e7\u00e3o sem bolhas e amiga da caixa<br \/>\n\u2713 Cortado para caber no Google Pixel 8a<\/p>\n","protected":false},"featured_media":45877,"comment_status":"closed","ping_status":"closed","template":"","meta":[],"product_brand":[],"product_cat":[2437],"product_tag":[],"class_list":{"0":"post-67046","1":"product","2":"type-product","3":"status-publish","4":"has-post-thumbnail","6":"product_cat-protectores-de-ecra","7":"product_shipping_class-pacote-da-caixa-de-correio-ferramentas-de-privacidade","9":"first","10":"onbackorder","11":"taxable","12":"shipping-taxable","13":"purchasable","14":"product-type-simple"},"_links":{"self":[{"href":"https:\/\/www.cryptvice.com\/pt-pt\/wp-json\/wp\/v2\/product\/67046","targetHints":{"allow":["GET"]}}],"collection":[{"href":"https:\/\/www.cryptvice.com\/pt-pt\/wp-json\/wp\/v2\/product"}],"about":[{"href":"https:\/\/www.cryptvice.com\/pt-pt\/wp-json\/wp\/v2\/types\/product"}],"replies":[{"embeddable":true,"href":"https:\/\/www.cryptvice.com\/pt-pt\/wp-json\/wp\/v2\/comments?post=67046"}],"version-history":[{"count":0,"href":"https:\/\/www.cryptvice.com\/pt-pt\/wp-json\/wp\/v2\/product\/67046\/revisions"}],"wp:featuredmedia":[{"embeddable":true,"href":"https:\/\/www.cryptvice.com\/pt-pt\/wp-json\/wp\/v2\/media\/45877"}],"wp:attachment":[{"href":"https:\/\/www.cryptvice.com\/pt-pt\/wp-json\/wp\/v2\/media?parent=67046"}],"wp:term":[{"taxonomy":"product_brand","embeddable":true,"href":"https:\/\/www.cryptvice.com\/pt-pt\/wp-json\/wp\/v2\/product_brand?post=67046"},{"taxonomy":"product_cat","embeddable":true,"href":"https:\/\/www.cryptvice.com\/pt-pt\/wp-json\/wp\/v2\/product_cat?post=67046"},{"taxonomy":"product_tag","embeddable":true,"href":"https:\/\/www.cryptvice.com\/pt-pt\/wp-json\/wp\/v2\/product_tag?post=67046"}],"curies":[{"name":"wp","href":"https:\/\/api.w.org\/{rel}","templated":true}]}}