{"id":67107,"date":"2024-06-25T18:11:45","date_gmt":"2024-06-25T16:11:45","guid":{"rendered":"https:\/\/www.cryptvice.com\/shop\/pixel-8-privacy-screen-protector\/"},"modified":"2026-03-13T13:08:55","modified_gmt":"2026-03-13T11:08:55","slug":"pixel-8-privacy-screen-protector","status":"publish","type":"product","link":"https:\/\/www.cryptvice.com\/pt-pt\/shop\/pixel-8-privacy-screen-protector\/","title":{"rendered":"Pixel 8 &#8211; Protetor de ecr\u00e3 privado"},"content":{"rendered":"\t\t<div data-elementor-type=\"product-post\" data-elementor-id=\"67107\" class=\"elementor elementor-67107 elementor-15892\" data-elementor-post-type=\"product\">\n\t\t\t\t<div class=\"wd-negative-gap elementor-element elementor-element-34bee17e e-flex e-con-boxed e-con e-parent\" data-id=\"34bee17e\" data-element_type=\"container\" data-e-type=\"container\">\n\t\t\t\t\t<div class=\"e-con-inner\">\n\t\t\t\t\t<\/div>\n\t\t\t\t<\/div>\n\t\t\t\t<\/div>\n\t\t","protected":false},"excerpt":{"rendered":"<p>O protetor de ecr\u00e3 de privacidade do Google Pixel 8 torna o teu ecr\u00e3 ileg\u00edvel a partir de \u00e2ngulos laterais utilizando a tecnologia de micro-louver. A visibilidade em linha reta mant\u00e9m-se totalmente n\u00edtida. O sensor de impress\u00f5es digitais por baixo do ecr\u00e3 e o Desbloqueio facial funcionam atrav\u00e9s do vidro sem qualquer atraso.  <\/p>\n<p>\u2713 Vidro temperado 9H com \u00e2ngulo de vis\u00e3o de ~28\u00b0 de privacidade<br \/>\n\u2713 Sensor de impress\u00f5es digitais e Desbloqueio facial totalmente suportados<br \/>\n\u2713 Revestimento oleof\u00f3bico anti-impress\u00e3o digital<br \/>\n\u2713 Instala sem bolhas de ar<br \/>\n\u2713 Ajuste personalizado para o Google Pixel 8<\/p>\n","protected":false},"featured_media":45891,"comment_status":"closed","ping_status":"closed","template":"","meta":[],"product_brand":[],"product_cat":[2437],"product_tag":[],"class_list":{"0":"post-67107","1":"product","2":"type-product","3":"status-publish","4":"has-post-thumbnail","6":"product_cat-protectores-de-ecra","7":"product_shipping_class-pacote-da-caixa-de-correio-ferramentas-de-privacidade","9":"first","10":"instock","11":"taxable","12":"shipping-taxable","13":"purchasable","14":"product-type-simple"},"_links":{"self":[{"href":"https:\/\/www.cryptvice.com\/pt-pt\/wp-json\/wp\/v2\/product\/67107","targetHints":{"allow":["GET"]}}],"collection":[{"href":"https:\/\/www.cryptvice.com\/pt-pt\/wp-json\/wp\/v2\/product"}],"about":[{"href":"https:\/\/www.cryptvice.com\/pt-pt\/wp-json\/wp\/v2\/types\/product"}],"replies":[{"embeddable":true,"href":"https:\/\/www.cryptvice.com\/pt-pt\/wp-json\/wp\/v2\/comments?post=67107"}],"version-history":[{"count":0,"href":"https:\/\/www.cryptvice.com\/pt-pt\/wp-json\/wp\/v2\/product\/67107\/revisions"}],"wp:featuredmedia":[{"embeddable":true,"href":"https:\/\/www.cryptvice.com\/pt-pt\/wp-json\/wp\/v2\/media\/45891"}],"wp:attachment":[{"href":"https:\/\/www.cryptvice.com\/pt-pt\/wp-json\/wp\/v2\/media?parent=67107"}],"wp:term":[{"taxonomy":"product_brand","embeddable":true,"href":"https:\/\/www.cryptvice.com\/pt-pt\/wp-json\/wp\/v2\/product_brand?post=67107"},{"taxonomy":"product_cat","embeddable":true,"href":"https:\/\/www.cryptvice.com\/pt-pt\/wp-json\/wp\/v2\/product_cat?post=67107"},{"taxonomy":"product_tag","embeddable":true,"href":"https:\/\/www.cryptvice.com\/pt-pt\/wp-json\/wp\/v2\/product_tag?post=67107"}],"curies":[{"name":"wp","href":"https:\/\/api.w.org\/{rel}","templated":true}]}}