{"id":67226,"date":"2024-06-25T18:09:21","date_gmt":"2024-06-25T16:09:21","guid":{"rendered":"https:\/\/www.cryptvice.com\/shop\/pixel-7-privacy-screen-protector\/"},"modified":"2026-03-13T13:09:40","modified_gmt":"2026-03-13T11:09:40","slug":"pixel-7-privacy-screen-protector","status":"publish","type":"product","link":"https:\/\/www.cryptvice.com\/pt-pt\/shop\/pixel-7-privacy-screen-protector\/","title":{"rendered":"Pixel 7 &#8211; Protetor de ecr\u00e3 privado"},"content":{"rendered":"\t\t<div data-elementor-type=\"product-post\" data-elementor-id=\"67226\" class=\"elementor elementor-67226 elementor-15884\" data-elementor-post-type=\"product\">\n\t\t\t\t<div class=\"wd-negative-gap elementor-element elementor-element-38fca0ba e-flex e-con-boxed e-con e-parent\" data-id=\"38fca0ba\" data-element_type=\"container\" data-e-type=\"container\">\n\t\t\t\t\t<div class=\"e-con-inner\">\n\t\t\t\t\t<\/div>\n\t\t\t\t<\/div>\n\t\t\t\t<\/div>\n\t\t","protected":false},"excerpt":{"rendered":"<p>O protetor de ecr\u00e3 de privacidade do Google Pixel 7 mant\u00e9m o teu ecr\u00e3 invis\u00edvel de \u00e2ngulos laterais. O filtro micro-louver escurece o ecr\u00e3 para quem n\u00e3o estiver diretamente \u00e0 sua frente. Totalmente compat\u00edvel com o sensor de impress\u00f5es digitais do Pixel 7 e todas as funcionalidades biom\u00e9tricas.  <\/p>\n<p>\u2713 Vidro temperado 9H com camada de privacidade micro-louver<br \/>\n\u2713 O leitor de impress\u00f5es digitais por baixo do ecr\u00e3 funciona sem problemas<br \/>\n\u2713 Superf\u00edcie oleof\u00f3bica anti-impress\u00e3o digital<br \/>\n\u2713 Aplica\u00e7\u00e3o f\u00e1cil &#8211; sem bolhas de ar<br \/>\n\u2713 Feito para se adaptar ao Google Pixel 7<\/p>\n","protected":false},"featured_media":45900,"comment_status":"closed","ping_status":"closed","template":"","meta":[],"product_brand":[],"product_cat":[2437],"product_tag":[],"class_list":{"0":"post-67226","1":"product","2":"type-product","3":"status-publish","4":"has-post-thumbnail","6":"product_cat-protectores-de-ecra","7":"product_shipping_class-pacote-da-caixa-de-correio-ferramentas-de-privacidade","9":"first","10":"instock","11":"taxable","12":"shipping-taxable","13":"purchasable","14":"product-type-simple"},"_links":{"self":[{"href":"https:\/\/www.cryptvice.com\/pt-pt\/wp-json\/wp\/v2\/product\/67226","targetHints":{"allow":["GET"]}}],"collection":[{"href":"https:\/\/www.cryptvice.com\/pt-pt\/wp-json\/wp\/v2\/product"}],"about":[{"href":"https:\/\/www.cryptvice.com\/pt-pt\/wp-json\/wp\/v2\/types\/product"}],"replies":[{"embeddable":true,"href":"https:\/\/www.cryptvice.com\/pt-pt\/wp-json\/wp\/v2\/comments?post=67226"}],"version-history":[{"count":0,"href":"https:\/\/www.cryptvice.com\/pt-pt\/wp-json\/wp\/v2\/product\/67226\/revisions"}],"wp:featuredmedia":[{"embeddable":true,"href":"https:\/\/www.cryptvice.com\/pt-pt\/wp-json\/wp\/v2\/media\/45900"}],"wp:attachment":[{"href":"https:\/\/www.cryptvice.com\/pt-pt\/wp-json\/wp\/v2\/media?parent=67226"}],"wp:term":[{"taxonomy":"product_brand","embeddable":true,"href":"https:\/\/www.cryptvice.com\/pt-pt\/wp-json\/wp\/v2\/product_brand?post=67226"},{"taxonomy":"product_cat","embeddable":true,"href":"https:\/\/www.cryptvice.com\/pt-pt\/wp-json\/wp\/v2\/product_cat?post=67226"},{"taxonomy":"product_tag","embeddable":true,"href":"https:\/\/www.cryptvice.com\/pt-pt\/wp-json\/wp\/v2\/product_tag?post=67226"}],"curies":[{"name":"wp","href":"https:\/\/api.w.org\/{rel}","templated":true}]}}